{"id":6135,"date":"2026-04-15T09:40:59","date_gmt":"2026-04-15T08:40:59","guid":{"rendered":""},"modified":"2026-04-15T09:40:59","modified_gmt":"2026-04-15T08:40:59","slug":"kariera","status":"publish","type":"page","link":"https:\/\/www.etto.cz\/pl\/kariera\/","title":{"rendered":"Kariera"},"content":{"rendered":"\n<p><strong>Specjalista ds. kalkulacji i ofert<\/strong><\/p>\n\n\n\n<p><strong>Co Ci\u0119 czeka?<\/strong><\/p>\n\n\n\n<p>Opracowywanie kalkulacji cenowych.<br>Przygotowywanie ofert handlowo-technicznych.<br>Oferty i dokumentacja do przetarg\u00f3w.<br>Wsp\u00f3\u0142praca z produkcj\u0105 i dzia\u0142em konstrukcyjnym.<\/p>\n\n\n\n<p><strong>Jakie umiej\u0119tno\u015bci wymagamy?<\/strong><\/p>\n\n\n\n<p>Wykszta\u0142cenie \u015brednie\/wy\u017csze (elektrotechnika lub mechanika mile widziane).<br>Skuteczne umiej\u0119tno\u015bci komunikacyjne.<br>Dobra znajomo\u015b\u0107 obs\u0142ugi komputera.<br>Znajomo\u015b\u0107 MS Excel.<br>Umiej\u0119tno\u015b\u0107 czytania i interpretacji rysunk\u00f3w technicznych.<br>Proaktywne podej\u015bcie.<br>Dok\u0142adno\u015b\u0107, samodzielno\u015b\u0107, my\u015blenie analityczne i techniczne.<br>Do\u015bwiadczenie w bran\u017cy technicznej mile widziane.<\/p>\n\n\n\n<p><strong>Oferujemy:<\/strong><\/p>\n\n\n\n<p>Prac\u0119 w stabilnej firmie o czesko-skandynawskiej kulturze korporacyjnej.<br>Praca jednozmianowa, wolne weekendy i \u015bwi\u0119ta.<br>5 tygodni urlopu.<br>Praca w \u015bredniej wielko\u015bci zespole ok. 40 os\u00f3b.<br>Dofinansowanie dojazd\u00f3w.<br>Bonus za obecno\u015b\u0107.<br>Mo\u017cliwo\u015b\u0107 nadrabiania godzin.<br>Telefon s\u0142u\u017cbowy<\/p>\n\n\n\n<p>CV prosimy przesy\u0142a\u0107 na info@etto.cz<\/p>\n","protected":false},"excerpt":{"rendered":"<p>Specjalista ds. kalkulacji i ofert Co Ci\u0119 czeka? Opracowywanie kalkulacji cenowych.Przygotowywanie ofert handlowo-technicznych.Oferty i dokumentacja do przetarg\u00f3w.Wsp\u00f3\u0142praca z produkcj\u0105 i dzia\u0142em konstrukcyjnym. Jakie umiej\u0119tno\u015bci wymagamy? &#8230;<\/p>\n","protected":false},"author":1,"featured_media":0,"parent":0,"menu_order":0,"comment_status":"closed","ping_status":"closed","template":"_page-full.php","meta":{"_acf_changed":false,"ngg_post_thumbnail":0,"footnotes":"","_links_to":"","_links_to_target":""},"class_list":["post-6135","page","type-page","status-publish","hentry"],"acf":[],"yoast_head":"<!-- This site is optimized with the Yoast SEO plugin v27.3 - https:\/\/yoast.com\/product\/yoast-seo-wordpress\/ -->\n<title>Kariera - oferty pracy | ETTO<\/title>\n<meta name=\"description\" content=\"Aktualne oferty pracy w ELEKTRON-ETTO, s.r.o. Dolacz do naszego zespolu.\" \/>\n<meta name=\"robots\" content=\"index, follow, max-snippet:-1, max-image-preview:large, max-video-preview:-1\" \/>\n<link rel=\"canonical\" href=\"https:\/\/www.etto.cz\/pl\/kariera\/\" \/>\n<meta property=\"og:locale\" content=\"pl_PL\" \/>\n<meta property=\"og:type\" content=\"article\" \/>\n<meta property=\"og:title\" content=\"Kariera - oferty pracy | ETTO\" \/>\n<meta property=\"og:description\" content=\"Aktualne oferty pracy w ELEKTRON-ETTO, s.r.o. Dolacz do naszego zespolu.\" \/>\n<meta property=\"og:url\" content=\"https:\/\/www.etto.cz\/pl\/kariera\/\" \/>\n<meta property=\"og:site_name\" content=\"ETTO\" \/>\n<meta property=\"og:image\" content=\"https:\/\/www.etto.cz\/pl\/wp-content\/gallery\/prumyslova-telesa\/teleso-kotel.jpg\" \/>\n<meta name=\"twitter:card\" content=\"summary_large_image\" \/>\n<meta name=\"twitter:label1\" content=\"Est. reading time\" \/>\n\t<meta name=\"twitter:data1\" content=\"1 minute\" \/>\n<script type=\"application\/ld+json\" class=\"yoast-schema-graph\">{\"@context\":\"https:\\\/\\\/schema.org\",\"@graph\":[{\"@type\":\"WebPage\",\"@id\":\"https:\\\/\\\/www.etto.cz\\\/kariera\\\/\",\"url\":\"https:\\\/\\\/www.etto.cz\\\/kariera\\\/\",\"name\":\"Kariera - oferty pracy | ETTO\",\"isPartOf\":{\"@id\":\"https:\\\/\\\/www.etto.cz\\\/#website\"},\"datePublished\":\"2026-04-15T08:40:59+00:00\",\"description\":\"Aktualne oferty pracy w ELEKTRON-ETTO, s.r.o. Dolacz do naszego zespolu.\",\"breadcrumb\":{\"@id\":\"https:\\\/\\\/www.etto.cz\\\/kariera\\\/#breadcrumb\"},\"inLanguage\":\"pl-PL\",\"potentialAction\":[{\"@type\":\"ReadAction\",\"target\":[\"https:\\\/\\\/www.etto.cz\\\/kariera\\\/\"]}]},{\"@type\":\"BreadcrumbList\",\"@id\":\"https:\\\/\\\/www.etto.cz\\\/kariera\\\/#breadcrumb\",\"itemListElement\":[{\"@type\":\"ListItem\",\"position\":1,\"name\":\"Dom\u016f\",\"item\":\"https:\\\/\\\/www.etto.cz\\\/\"},{\"@type\":\"ListItem\",\"position\":2,\"name\":\"Kariera\"}]},{\"@type\":\"WebSite\",\"@id\":\"https:\\\/\\\/www.etto.cz\\\/#website\",\"url\":\"https:\\\/\\\/www.etto.cz\\\/\",\"name\":\"ETTO\",\"description\":\"V\u00fdroba elektrick\u00fdch topn\u00fdch t\u011bles\",\"potentialAction\":[{\"@type\":\"SearchAction\",\"target\":{\"@type\":\"EntryPoint\",\"urlTemplate\":\"https:\\\/\\\/www.etto.cz\\\/?s={search_term_string}\"},\"query-input\":{\"@type\":\"PropertyValueSpecification\",\"valueRequired\":true,\"valueName\":\"search_term_string\"}}],\"inLanguage\":\"pl-PL\"}]}<\/script>\n<!-- \/ Yoast SEO plugin. -->","yoast_head_json":{"title":"Kariera - oferty pracy | ETTO","description":"Aktualne oferty pracy w ELEKTRON-ETTO, s.r.o. Dolacz do naszego zespolu.","robots":{"index":"index","follow":"follow","max-snippet":"max-snippet:-1","max-image-preview":"max-image-preview:large","max-video-preview":"max-video-preview:-1"},"canonical":"https:\/\/www.etto.cz\/pl\/kariera\/","og_locale":"pl_PL","og_type":"article","og_title":"Kariera - oferty pracy | ETTO","og_description":"Aktualne oferty pracy w ELEKTRON-ETTO, s.r.o. Dolacz do naszego zespolu.","og_url":"https:\/\/www.etto.cz\/pl\/kariera\/","og_site_name":"ETTO","og_image":[{"url":"https:\/\/www.etto.cz\/pl\/wp-content\/gallery\/prumyslova-telesa\/teleso-kotel.jpg","type":"","width":"","height":""}],"twitter_card":"summary_large_image","twitter_misc":{"Est. reading time":"1 minute"},"schema":{"@context":"https:\/\/schema.org","@graph":[{"@type":"WebPage","@id":"https:\/\/www.etto.cz\/kariera\/","url":"https:\/\/www.etto.cz\/kariera\/","name":"Kariera - oferty pracy | ETTO","isPartOf":{"@id":"https:\/\/www.etto.cz\/#website"},"datePublished":"2026-04-15T08:40:59+00:00","description":"Aktualne oferty pracy w ELEKTRON-ETTO, s.r.o. Dolacz do naszego zespolu.","breadcrumb":{"@id":"https:\/\/www.etto.cz\/kariera\/#breadcrumb"},"inLanguage":"pl-PL","potentialAction":[{"@type":"ReadAction","target":["https:\/\/www.etto.cz\/kariera\/"]}]},{"@type":"BreadcrumbList","@id":"https:\/\/www.etto.cz\/kariera\/#breadcrumb","itemListElement":[{"@type":"ListItem","position":1,"name":"Dom\u016f","item":"https:\/\/www.etto.cz\/"},{"@type":"ListItem","position":2,"name":"Kariera"}]},{"@type":"WebSite","@id":"https:\/\/www.etto.cz\/#website","url":"https:\/\/www.etto.cz\/","name":"ETTO","description":"V\u00fdroba elektrick\u00fdch topn\u00fdch t\u011bles","potentialAction":[{"@type":"SearchAction","target":{"@type":"EntryPoint","urlTemplate":"https:\/\/www.etto.cz\/?s={search_term_string}"},"query-input":{"@type":"PropertyValueSpecification","valueRequired":true,"valueName":"search_term_string"}}],"inLanguage":"pl-PL"}]}},"_links":{"self":[{"href":"https:\/\/www.etto.cz\/pl\/wp-json\/wp\/v2\/pages\/6135","targetHints":{"allow":["GET"]}}],"collection":[{"href":"https:\/\/www.etto.cz\/pl\/wp-json\/wp\/v2\/pages"}],"about":[{"href":"https:\/\/www.etto.cz\/pl\/wp-json\/wp\/v2\/types\/page"}],"author":[{"embeddable":true,"href":"https:\/\/www.etto.cz\/pl\/wp-json\/wp\/v2\/users\/1"}],"replies":[{"embeddable":true,"href":"https:\/\/www.etto.cz\/pl\/wp-json\/wp\/v2\/comments?post=6135"}],"version-history":[{"count":0,"href":"https:\/\/www.etto.cz\/pl\/wp-json\/wp\/v2\/pages\/6135\/revisions"}],"wp:attachment":[{"href":"https:\/\/www.etto.cz\/pl\/wp-json\/wp\/v2\/media?parent=6135"}],"curies":[{"name":"wp","href":"https:\/\/api.w.org\/{rel}","templated":true}]}}