{"id":6222,"date":"2026-05-05T13:00:34","date_gmt":"2026-05-05T12:00:34","guid":{"rendered":"https:\/\/www.etto.cz\/cookies-2\/"},"modified":"2026-05-05T13:00:34","modified_gmt":"2026-05-05T12:00:34","slug":"cookies","status":"publish","type":"page","link":"https:\/\/www.etto.cz\/pl\/cookies\/","title":{"rendered":"Cookies"},"content":{"rendered":"<h2>Jakie pliki cookies u\u017cywamy<\/h2>\n<h3>Niezb\u0119dne cookies<\/h3>\n<p>Te pliki cookies s\u0105 konieczne do prawid\u0142owego dzia\u0142ania strony. Nie mo\u017cna ich wy\u0142\u0105czy\u0107.<\/p>\n<table>\n<thead>\n<tr>\n<th>Cookie<\/th>\n<th>Cel<\/th>\n<th>Wyga\u015bni\u0119cie<\/th>\n<\/tr>\n<\/thead>\n<tbody>\n<tr>\n<td><strong>wp-wpml_current_language<\/strong><\/td>\n<td>Przechowuje wybran\u0105 wersj\u0119 j\u0119zykow\u0105 strony.<\/td>\n<td>Sesja<\/td>\n<\/tr>\n<tr>\n<td><strong>etto_consent<\/strong><\/td>\n<td>Zapisuje wyb\u00f3r dotycz\u0105cy plik\u00f3w cookies.<\/td>\n<td>1 rok<\/td>\n<\/tr>\n<\/tbody>\n<\/table>\n<h3>Analityczne cookies<\/h3>\n<p>Te pliki cookies pomagaj\u0105 nam zrozumie\u0107, w jaki spos\u00f3b odwiedzaj\u0105cy korzystaj\u0105 ze strony. Dane s\u0105 anonimowe. S\u0105 ustawiane <strong>wy\u0142\u0105cznie za Twoj\u0105 zgod\u0105<\/strong>.<\/p>\n<table>\n<thead>\n<tr>\n<th>Cookie<\/th>\n<th>Cel<\/th>\n<th>Wyga\u015bni\u0119cie<\/th>\n<th>Dostawca<\/th>\n<\/tr>\n<\/thead>\n<tbody>\n<tr>\n<td><strong>_ga<\/strong><\/td>\n<td>Rozr\u00f3\u017cnia unikalnych odwiedzaj\u0105cych.<\/td>\n<td>2 lata<\/td>\n<td>Google Analytics<\/td>\n<\/tr>\n<tr>\n<td><strong>_gid<\/strong><\/td>\n<td>Rozr\u00f3\u017cnia odwiedzaj\u0105cych w ci\u0105gu jednego dnia.<\/td>\n<td>24 godziny<\/td>\n<td>Google Analytics<\/td>\n<\/tr>\n<tr>\n<td><strong>_ga_*<\/strong><\/td>\n<td>Przechowuje stan sesji GA4.<\/td>\n<td>2 lata<\/td>\n<td>Google Analytics<\/td>\n<\/tr>\n<\/tbody>\n<\/table>\n<h3>Reklamowe cookies<\/h3>\n<p>Nie u\u017cywamy \u017cadnych reklamowych plik\u00f3w cookies.<\/p>\n<h2>Jak zmieni\u0107 ustawienia<\/h2>\n<p>Sw\u00f3j wyb\u00f3r mo\u017cesz zmieni\u0107 w dowolnym momencie, usuwaj\u0105c pliki cookies w przegl\u0105darce \u2014 przy nast\u0119pnej wizycie baner pojawi si\u0119 ponownie.<\/p>\n<h2>Wi\u0119cej informacji<\/h2>\n<p>Szczeg\u00f3\u0142y dotycz\u0105ce przetwarzania danych osobowych znajdziesz w dokumencie <a href=\"\/wp-content\/uploads\/2026\/05\/GDPR_05.05.2026_CZ.pdf\" target=\"_blank\" rel=\"noopener\">Ochrona danych osobowych (RODO)<\/a>.<\/p>\n<p>W razie pyta\u0144 skontaktuj si\u0119 z nami: <a href=\"mailto:info@etto.cz\">info@etto.cz<\/a>.<\/p>\n","protected":false},"excerpt":{"rendered":"<p>Jakie pliki cookies u\u017cywamy Niezb\u0119dne cookies Te pliki cookies s\u0105 konieczne do prawid\u0142owego dzia\u0142ania strony. Nie mo\u017cna ich wy\u0142\u0105czy\u0107. Cookie Cel Wyga\u015bni\u0119cie wp-wpml_current_language Przechowuje wybran\u0105 &#8230;<\/p>\n","protected":false},"author":1,"featured_media":0,"parent":0,"menu_order":0,"comment_status":"closed","ping_status":"closed","template":"","meta":{"_acf_changed":false,"ngg_post_thumbnail":0,"footnotes":"","_links_to":"","_links_to_target":""},"class_list":["post-6222","page","type-page","status-publish","hentry"],"acf":[],"yoast_head":"<!-- This site is optimized with the Yoast SEO plugin v27.6 - https:\/\/yoast.com\/product\/yoast-seo-wordpress\/ -->\n<title>Cookies - ETTO<\/title>\n<meta name=\"robots\" content=\"index, follow, max-snippet:-1, max-image-preview:large, max-video-preview:-1\" \/>\n<link rel=\"canonical\" href=\"https:\/\/www.etto.cz\/pl\/cookies\/\" \/>\n<meta property=\"og:locale\" content=\"pl_PL\" \/>\n<meta property=\"og:type\" content=\"article\" \/>\n<meta property=\"og:title\" content=\"Cookies - ETTO\" \/>\n<meta property=\"og:description\" content=\"Jakie pliki cookies u\u017cywamy Niezb\u0119dne cookies Te pliki cookies s\u0105 konieczne do prawid\u0142owego dzia\u0142ania strony. Nie mo\u017cna ich wy\u0142\u0105czy\u0107. Cookie Cel Wyga\u015bni\u0119cie wp-wpml_current_language Przechowuje wybran\u0105 ...\" \/>\n<meta property=\"og:url\" content=\"https:\/\/www.etto.cz\/pl\/cookies\/\" \/>\n<meta property=\"og:site_name\" content=\"ETTO\" \/>\n<meta property=\"og:image\" content=\"https:\/\/www.etto.cz\/pl\/wp-content\/gallery\/prumyslova-telesa\/teleso-kotel.jpg\" \/>\n<meta name=\"twitter:card\" content=\"summary_large_image\" \/>\n<meta name=\"twitter:label1\" content=\"Est. reading time\" \/>\n\t<meta name=\"twitter:data1\" content=\"1 minute\" \/>\n<script type=\"application\/ld+json\" class=\"yoast-schema-graph\">{\"@context\":\"https:\\\/\\\/schema.org\",\"@graph\":[{\"@type\":\"WebPage\",\"@id\":\"https:\\\/\\\/www.etto.cz\\\/cookies-2\\\/\",\"url\":\"https:\\\/\\\/www.etto.cz\\\/cookies-2\\\/\",\"name\":\"Cookies - ETTO\",\"isPartOf\":{\"@id\":\"https:\\\/\\\/www.etto.cz\\\/#website\"},\"datePublished\":\"2026-05-05T12:00:34+00:00\",\"breadcrumb\":{\"@id\":\"https:\\\/\\\/www.etto.cz\\\/cookies-2\\\/#breadcrumb\"},\"inLanguage\":\"pl-PL\",\"potentialAction\":[{\"@type\":\"ReadAction\",\"target\":[\"https:\\\/\\\/www.etto.cz\\\/cookies-2\\\/\"]}]},{\"@type\":\"BreadcrumbList\",\"@id\":\"https:\\\/\\\/www.etto.cz\\\/cookies-2\\\/#breadcrumb\",\"itemListElement\":[{\"@type\":\"ListItem\",\"position\":1,\"name\":\"Dom\u016f\",\"item\":\"https:\\\/\\\/www.etto.cz\\\/\"},{\"@type\":\"ListItem\",\"position\":2,\"name\":\"Cookies\"}]},{\"@type\":\"WebSite\",\"@id\":\"https:\\\/\\\/www.etto.cz\\\/#website\",\"url\":\"https:\\\/\\\/www.etto.cz\\\/\",\"name\":\"ETTO\",\"description\":\"V\u00fdroba elektrick\u00fdch topn\u00fdch t\u011bles\",\"potentialAction\":[{\"@type\":\"SearchAction\",\"target\":{\"@type\":\"EntryPoint\",\"urlTemplate\":\"https:\\\/\\\/www.etto.cz\\\/?s={search_term_string}\"},\"query-input\":{\"@type\":\"PropertyValueSpecification\",\"valueRequired\":true,\"valueName\":\"search_term_string\"}}],\"inLanguage\":\"pl-PL\"}]}<\/script>\n<!-- \/ Yoast SEO plugin. -->","yoast_head_json":{"title":"Cookies - ETTO","robots":{"index":"index","follow":"follow","max-snippet":"max-snippet:-1","max-image-preview":"max-image-preview:large","max-video-preview":"max-video-preview:-1"},"canonical":"https:\/\/www.etto.cz\/pl\/cookies\/","og_locale":"pl_PL","og_type":"article","og_title":"Cookies - ETTO","og_description":"Jakie pliki cookies u\u017cywamy Niezb\u0119dne cookies Te pliki cookies s\u0105 konieczne do prawid\u0142owego dzia\u0142ania strony. Nie mo\u017cna ich wy\u0142\u0105czy\u0107. Cookie Cel Wyga\u015bni\u0119cie wp-wpml_current_language Przechowuje wybran\u0105 ...","og_url":"https:\/\/www.etto.cz\/pl\/cookies\/","og_site_name":"ETTO","og_image":[{"url":"https:\/\/www.etto.cz\/pl\/wp-content\/gallery\/prumyslova-telesa\/teleso-kotel.jpg","type":"","width":"","height":""}],"twitter_card":"summary_large_image","twitter_misc":{"Est. reading time":"1 minute"},"schema":{"@context":"https:\/\/schema.org","@graph":[{"@type":"WebPage","@id":"https:\/\/www.etto.cz\/cookies-2\/","url":"https:\/\/www.etto.cz\/cookies-2\/","name":"Cookies - ETTO","isPartOf":{"@id":"https:\/\/www.etto.cz\/#website"},"datePublished":"2026-05-05T12:00:34+00:00","breadcrumb":{"@id":"https:\/\/www.etto.cz\/cookies-2\/#breadcrumb"},"inLanguage":"pl-PL","potentialAction":[{"@type":"ReadAction","target":["https:\/\/www.etto.cz\/cookies-2\/"]}]},{"@type":"BreadcrumbList","@id":"https:\/\/www.etto.cz\/cookies-2\/#breadcrumb","itemListElement":[{"@type":"ListItem","position":1,"name":"Dom\u016f","item":"https:\/\/www.etto.cz\/"},{"@type":"ListItem","position":2,"name":"Cookies"}]},{"@type":"WebSite","@id":"https:\/\/www.etto.cz\/#website","url":"https:\/\/www.etto.cz\/","name":"ETTO","description":"V\u00fdroba elektrick\u00fdch topn\u00fdch t\u011bles","potentialAction":[{"@type":"SearchAction","target":{"@type":"EntryPoint","urlTemplate":"https:\/\/www.etto.cz\/?s={search_term_string}"},"query-input":{"@type":"PropertyValueSpecification","valueRequired":true,"valueName":"search_term_string"}}],"inLanguage":"pl-PL"}]}},"_links":{"self":[{"href":"https:\/\/www.etto.cz\/pl\/wp-json\/wp\/v2\/pages\/6222","targetHints":{"allow":["GET"]}}],"collection":[{"href":"https:\/\/www.etto.cz\/pl\/wp-json\/wp\/v2\/pages"}],"about":[{"href":"https:\/\/www.etto.cz\/pl\/wp-json\/wp\/v2\/types\/page"}],"author":[{"embeddable":true,"href":"https:\/\/www.etto.cz\/pl\/wp-json\/wp\/v2\/users\/1"}],"replies":[{"embeddable":true,"href":"https:\/\/www.etto.cz\/pl\/wp-json\/wp\/v2\/comments?post=6222"}],"version-history":[{"count":0,"href":"https:\/\/www.etto.cz\/pl\/wp-json\/wp\/v2\/pages\/6222\/revisions"}],"wp:attachment":[{"href":"https:\/\/www.etto.cz\/pl\/wp-json\/wp\/v2\/media?parent=6222"}],"curies":[{"name":"wp","href":"https:\/\/api.w.org\/{rel}","templated":true}]}}