{"id":3814,"date":"2018-08-24T12:58:38","date_gmt":"2018-08-24T11:58:38","guid":{"rendered":"http:\/\/www.etto.cz\/technologie-horkeho-vzduchu-serpentine\/"},"modified":"2026-05-11T14:05:02","modified_gmt":"2026-05-11T13:05:02","slug":"technologie-horuceho-vzduchu-serpentine","status":"publish","type":"page","link":"https:\/\/www.etto.cz\/sk\/telesa-podla-ucelu\/technologie-horuceho-vzduchu-serpentine\/","title":{"rendered":"Tutco SureHeat &#8211; technol\u00f3gie hor\u00faceho vzduchu"},"content":{"rendered":"<p style=\"text-align: justify;\">&nbsp; &nbsp;&nbsp; Patentovan\u00e1 technologie <strong>SERPENTINE\u2122<\/strong>, americk\u00e9 spole\u010dnosti <strong>Tutco SureHeat<\/strong>, sv\u00fdm origin\u00e1ln\u00edm \u0159e\u0161en\u00edm zaru\u010duje dokonal\u00fd kontakt oh\u0159\u00edvan\u00e9ho plynu s povrchem topn\u00e9ho dr\u00e1tu spolu s mechanickou podporou ka\u017ed\u00e9ho z\u00e1vitu topn\u00e9ho dr\u00e1tu. V\u00fdsledkem jsou parametry, tj. rychlost n\u00e1b\u011bhu na c\u00edlovou teplotu a ochlazen\u00ed, \u017eivotnost a odolnost i p\u0159i vertik\u00e1ln\u00edm um\u00edst\u011bn\u00ed, pohybu nebo vibrac\u00edch oh\u0159\u00edva\u010de a maxim\u00e1ln\u00ed v\u00fdstupn\u00ed teplota plynu, kter\u00e9 nemaj\u00ed konkurenci.<br \/>\nNa z\u00e1klad\u011b pades\u00e1ti let zku\u0161enost\u00ed z oblasti v\u00fdzkumu a v\u00fdvoje, letectv\u00ed, automotive, textiln\u00edho pr\u016fmyslu, bal\u00edc\u00ed techniky a jin\u00fdch pr\u016fmyslov\u00fdch odv\u011btv\u00ed nab\u00edz\u00edme \u0159adu standardn\u00edch skladov\u00fdch oh\u0159\u00edva\u010d\u016f vzduchu, regul\u00e1tor\u016f a dopl\u0148kov\u00fdch p\u0159\u00edslu\u0161enstv\u00ed, kter\u00e9 jsou osv\u011bd\u010den\u00e9 v cel\u00e9 \u0159ad\u011b n\u00e1ro\u010dn\u00fdch aplikac\u00ed, kde jin\u00e9 technologie nevyhovuj\u00ed nebo jsou problematick\u00e9. <b><br \/>\n<span style=\"color: #c00000;\">&nbsp; Zprost\u0159edkujeme i \u00fapravu &nbsp;standardn\u00edch oh\u0159\u00edva\u010d\u016f na m\u00edru dle specifikace z\u00e1kazn\u00edka, stejn\u011b jako realizace projekt\u016f dle po\u017eadavk\u016f z\u00e1kazn\u00edka a\u017e do v\u00fdkonu n\u011bkolika MW.<\/span><\/b><br \/>\nPokud V\u00e1mi pou\u017e\u00edvan\u00e1 technologie oh\u0159evu vzduchu vykazuje nedostatky, jako je pomal\u00fd n\u00e1b\u011bh na c\u00edlovou teplotu, kr\u00e1tk\u00e1 \u017eivotnost, nekonzistentn\u00ed v\u00fdstupn\u00ed teplota, n\u00edzk\u00e1 v\u00fdstupn\u00ed teplota nebo po\u017eadujete-li aby Va\u0161e za\u0159\u00edzen\u00ed m\u011blo v t\u011bchto ohledech prvot\u0159\u00eddn\u00ed parametry, je technologie <strong>SERPENTINE\u2122<\/strong> \u0159e\u0161en\u00edm.<\/p>\nngg_shortcode_0_placeholder\n<p>&nbsp;<\/p>\n","protected":false},"excerpt":{"rendered":"<p>&nbsp; &nbsp;&nbsp; Patentovan\u00e1 technologie SERPENTINE\u2122, americk\u00e9 spole\u010dnosti Tutco SureHeat, sv\u00fdm origin\u00e1ln\u00edm \u0159e\u0161en\u00edm zaru\u010duje dokonal\u00fd kontakt oh\u0159\u00edvan\u00e9ho plynu s povrchem topn\u00e9ho dr\u00e1tu spolu s mechanickou podporou &#8230;<\/p>\n","protected":false},"author":3,"featured_media":5543,"parent":3839,"menu_order":1,"comment_status":"closed","ping_status":"closed","template":"_page-menu.php","meta":{"_acf_changed":false,"ngg_post_thumbnail":0,"footnotes":"","_links_to":"","_links_to_target":""},"class_list":["post-3814","page","type-page","status-publish","has-post-thumbnail","hentry"],"acf":[],"yoast_head":"<!-- This site is optimized with the Yoast SEO plugin v27.6 - https:\/\/yoast.com\/product\/yoast-seo-wordpress\/ -->\n<title>Tutco SureHeat \u2013 hor\u00faci vzduch | ELEKTRON-ETTO<\/title>\n<meta name=\"description\" content=\"Tutco SureHeat technol\u00f3gia hor\u00faceho vzduchu. Priemyseln\u00e9 ohrieva\u010de vzduchu a procesn\u00e9 teplo. Distrib\u00fator ELEKTRON-ETTO.\" \/>\n<meta name=\"robots\" content=\"index, follow, max-snippet:-1, max-image-preview:large, max-video-preview:-1\" \/>\n<link rel=\"canonical\" href=\"https:\/\/www.etto.cz\/sk\/telesa-podla-ucelu\/technologie-horuceho-vzduchu-serpentine\/\" \/>\n<meta property=\"og:locale\" content=\"sk_SK\" \/>\n<meta property=\"og:type\" content=\"article\" \/>\n<meta property=\"og:title\" content=\"Tutco SureHeat \u2013 hor\u00faci vzduch | ELEKTRON-ETTO\" \/>\n<meta property=\"og:description\" content=\"Tutco SureHeat technol\u00f3gia hor\u00faceho vzduchu. Priemyseln\u00e9 ohrieva\u010de vzduchu a procesn\u00e9 teplo. Distrib\u00fator ELEKTRON-ETTO.\" \/>\n<meta property=\"og:url\" content=\"https:\/\/www.etto.cz\/sk\/telesa-podla-ucelu\/technologie-horuceho-vzduchu-serpentine\/\" \/>\n<meta property=\"og:site_name\" content=\"ETTO\" \/>\n<meta property=\"article:modified_time\" content=\"2026-05-11T13:05:02+00:00\" \/>\n<meta property=\"og:image\" content=\"https:\/\/www.etto.cz\/wp-content\/uploads\/2025\/04\/closedloopintelligentairheaters_360_267_int_s-1.png\" \/>\n\t<meta property=\"og:image:width\" content=\"431\" \/>\n\t<meta property=\"og:image:height\" content=\"383\" \/>\n\t<meta property=\"og:image:type\" content=\"image\/png\" \/>\n<meta name=\"twitter:card\" content=\"summary_large_image\" \/>\n<meta name=\"twitter:label1\" content=\"Predpokladan\u00fd \u010das \u010d\u00edtania\" \/>\n\t<meta name=\"twitter:data1\" content=\"2 min\u00faty\" \/>\n<script type=\"application\/ld+json\" class=\"yoast-schema-graph\">{\"@context\":\"https:\\\/\\\/schema.org\",\"@graph\":[{\"@type\":\"WebPage\",\"@id\":\"https:\\\/\\\/www.etto.cz\\\/telesa-podle-ucelu\\\/technologie-horkeho-vzduchu-serpentine\\\/\",\"url\":\"https:\\\/\\\/www.etto.cz\\\/telesa-podle-ucelu\\\/technologie-horkeho-vzduchu-serpentine\\\/\",\"name\":\"Tutco SureHeat \u2013 hor\u00faci vzduch | ELEKTRON-ETTO\",\"isPartOf\":{\"@id\":\"https:\\\/\\\/www.etto.cz\\\/#website\"},\"primaryImageOfPage\":{\"@id\":\"https:\\\/\\\/www.etto.cz\\\/telesa-podle-ucelu\\\/technologie-horkeho-vzduchu-serpentine\\\/#primaryimage\"},\"image\":{\"@id\":\"https:\\\/\\\/www.etto.cz\\\/telesa-podle-ucelu\\\/technologie-horkeho-vzduchu-serpentine\\\/#primaryimage\"},\"thumbnailUrl\":\"https:\\\/\\\/www.etto.cz\\\/wp-content\\\/uploads\\\/2025\\\/04\\\/closedloopintelligentairheaters_360_267_int_s-1.png\",\"datePublished\":\"2018-08-24T11:58:38+00:00\",\"dateModified\":\"2026-05-11T13:05:02+00:00\",\"description\":\"Tutco SureHeat technol\u00f3gia hor\u00faceho vzduchu. Priemyseln\u00e9 ohrieva\u010de vzduchu a procesn\u00e9 teplo. Distrib\u00fator ELEKTRON-ETTO.\",\"breadcrumb\":{\"@id\":\"https:\\\/\\\/www.etto.cz\\\/telesa-podle-ucelu\\\/technologie-horkeho-vzduchu-serpentine\\\/#breadcrumb\"},\"inLanguage\":\"sk-SK\",\"potentialAction\":[{\"@type\":\"ReadAction\",\"target\":[\"https:\\\/\\\/www.etto.cz\\\/telesa-podle-ucelu\\\/technologie-horkeho-vzduchu-serpentine\\\/\"]}]},{\"@type\":\"ImageObject\",\"inLanguage\":\"sk-SK\",\"@id\":\"https:\\\/\\\/www.etto.cz\\\/telesa-podle-ucelu\\\/technologie-horkeho-vzduchu-serpentine\\\/#primaryimage\",\"url\":\"https:\\\/\\\/www.etto.cz\\\/wp-content\\\/uploads\\\/2025\\\/04\\\/closedloopintelligentairheaters_360_267_int_s-1.png\",\"contentUrl\":\"https:\\\/\\\/www.etto.cz\\\/wp-content\\\/uploads\\\/2025\\\/04\\\/closedloopintelligentairheaters_360_267_int_s-1.png\",\"width\":431,\"height\":383},{\"@type\":\"BreadcrumbList\",\"@id\":\"https:\\\/\\\/www.etto.cz\\\/telesa-podle-ucelu\\\/technologie-horkeho-vzduchu-serpentine\\\/#breadcrumb\",\"itemListElement\":[{\"@type\":\"ListItem\",\"position\":1,\"name\":\"Dom\u016f\",\"item\":\"https:\\\/\\\/www.etto.cz\\\/\"},{\"@type\":\"ListItem\",\"position\":2,\"name\":\"Teles\u00e1 pod\u013ea \u00fa\u010delu\",\"item\":\"https:\\\/\\\/www.etto.cz\\\/telesa-podle-ucelu\\\/\"},{\"@type\":\"ListItem\",\"position\":3,\"name\":\"Tutco SureHeat &#8211; technol\u00f3gie hor\u00faceho vzduchu\"}]},{\"@type\":\"WebSite\",\"@id\":\"https:\\\/\\\/www.etto.cz\\\/#website\",\"url\":\"https:\\\/\\\/www.etto.cz\\\/\",\"name\":\"ETTO\",\"description\":\"V\u00fdroba elektrick\u00fdch topn\u00fdch t\u011bles\",\"potentialAction\":[{\"@type\":\"SearchAction\",\"target\":{\"@type\":\"EntryPoint\",\"urlTemplate\":\"https:\\\/\\\/www.etto.cz\\\/?s={search_term_string}\"},\"query-input\":{\"@type\":\"PropertyValueSpecification\",\"valueRequired\":true,\"valueName\":\"search_term_string\"}}],\"inLanguage\":\"sk-SK\"}]}<\/script>\n<!-- \/ Yoast SEO plugin. -->","yoast_head_json":{"title":"Tutco SureHeat \u2013 hor\u00faci vzduch | ELEKTRON-ETTO","description":"Tutco SureHeat technol\u00f3gia hor\u00faceho vzduchu. Priemyseln\u00e9 ohrieva\u010de vzduchu a procesn\u00e9 teplo. Distrib\u00fator ELEKTRON-ETTO.","robots":{"index":"index","follow":"follow","max-snippet":"max-snippet:-1","max-image-preview":"max-image-preview:large","max-video-preview":"max-video-preview:-1"},"canonical":"https:\/\/www.etto.cz\/sk\/telesa-podla-ucelu\/technologie-horuceho-vzduchu-serpentine\/","og_locale":"sk_SK","og_type":"article","og_title":"Tutco SureHeat \u2013 hor\u00faci vzduch | ELEKTRON-ETTO","og_description":"Tutco SureHeat technol\u00f3gia hor\u00faceho vzduchu. Priemyseln\u00e9 ohrieva\u010de vzduchu a procesn\u00e9 teplo. Distrib\u00fator ELEKTRON-ETTO.","og_url":"https:\/\/www.etto.cz\/sk\/telesa-podla-ucelu\/technologie-horuceho-vzduchu-serpentine\/","og_site_name":"ETTO","article_modified_time":"2026-05-11T13:05:02+00:00","og_image":[{"width":431,"height":383,"url":"https:\/\/www.etto.cz\/wp-content\/uploads\/2025\/04\/closedloopintelligentairheaters_360_267_int_s-1.png","type":"image\/png"}],"twitter_card":"summary_large_image","twitter_misc":{"Predpokladan\u00fd \u010das \u010d\u00edtania":"2 min\u00faty"},"schema":{"@context":"https:\/\/schema.org","@graph":[{"@type":"WebPage","@id":"https:\/\/www.etto.cz\/telesa-podle-ucelu\/technologie-horkeho-vzduchu-serpentine\/","url":"https:\/\/www.etto.cz\/telesa-podle-ucelu\/technologie-horkeho-vzduchu-serpentine\/","name":"Tutco SureHeat \u2013 hor\u00faci vzduch | ELEKTRON-ETTO","isPartOf":{"@id":"https:\/\/www.etto.cz\/#website"},"primaryImageOfPage":{"@id":"https:\/\/www.etto.cz\/telesa-podle-ucelu\/technologie-horkeho-vzduchu-serpentine\/#primaryimage"},"image":{"@id":"https:\/\/www.etto.cz\/telesa-podle-ucelu\/technologie-horkeho-vzduchu-serpentine\/#primaryimage"},"thumbnailUrl":"https:\/\/www.etto.cz\/wp-content\/uploads\/2025\/04\/closedloopintelligentairheaters_360_267_int_s-1.png","datePublished":"2018-08-24T11:58:38+00:00","dateModified":"2026-05-11T13:05:02+00:00","description":"Tutco SureHeat technol\u00f3gia hor\u00faceho vzduchu. Priemyseln\u00e9 ohrieva\u010de vzduchu a procesn\u00e9 teplo. Distrib\u00fator ELEKTRON-ETTO.","breadcrumb":{"@id":"https:\/\/www.etto.cz\/telesa-podle-ucelu\/technologie-horkeho-vzduchu-serpentine\/#breadcrumb"},"inLanguage":"sk-SK","potentialAction":[{"@type":"ReadAction","target":["https:\/\/www.etto.cz\/telesa-podle-ucelu\/technologie-horkeho-vzduchu-serpentine\/"]}]},{"@type":"ImageObject","inLanguage":"sk-SK","@id":"https:\/\/www.etto.cz\/telesa-podle-ucelu\/technologie-horkeho-vzduchu-serpentine\/#primaryimage","url":"https:\/\/www.etto.cz\/wp-content\/uploads\/2025\/04\/closedloopintelligentairheaters_360_267_int_s-1.png","contentUrl":"https:\/\/www.etto.cz\/wp-content\/uploads\/2025\/04\/closedloopintelligentairheaters_360_267_int_s-1.png","width":431,"height":383},{"@type":"BreadcrumbList","@id":"https:\/\/www.etto.cz\/telesa-podle-ucelu\/technologie-horkeho-vzduchu-serpentine\/#breadcrumb","itemListElement":[{"@type":"ListItem","position":1,"name":"Dom\u016f","item":"https:\/\/www.etto.cz\/"},{"@type":"ListItem","position":2,"name":"Teles\u00e1 pod\u013ea \u00fa\u010delu","item":"https:\/\/www.etto.cz\/telesa-podle-ucelu\/"},{"@type":"ListItem","position":3,"name":"Tutco SureHeat &#8211; technol\u00f3gie hor\u00faceho vzduchu"}]},{"@type":"WebSite","@id":"https:\/\/www.etto.cz\/#website","url":"https:\/\/www.etto.cz\/","name":"ETTO","description":"V\u00fdroba elektrick\u00fdch topn\u00fdch t\u011bles","potentialAction":[{"@type":"SearchAction","target":{"@type":"EntryPoint","urlTemplate":"https:\/\/www.etto.cz\/?s={search_term_string}"},"query-input":{"@type":"PropertyValueSpecification","valueRequired":true,"valueName":"search_term_string"}}],"inLanguage":"sk-SK"}]}},"_links":{"self":[{"href":"https:\/\/www.etto.cz\/sk\/wp-json\/wp\/v2\/pages\/3814","targetHints":{"allow":["GET"]}}],"collection":[{"href":"https:\/\/www.etto.cz\/sk\/wp-json\/wp\/v2\/pages"}],"about":[{"href":"https:\/\/www.etto.cz\/sk\/wp-json\/wp\/v2\/types\/page"}],"author":[{"embeddable":true,"href":"https:\/\/www.etto.cz\/sk\/wp-json\/wp\/v2\/users\/3"}],"replies":[{"embeddable":true,"href":"https:\/\/www.etto.cz\/sk\/wp-json\/wp\/v2\/comments?post=3814"}],"version-history":[{"count":8,"href":"https:\/\/www.etto.cz\/sk\/wp-json\/wp\/v2\/pages\/3814\/revisions"}],"predecessor-version":[{"id":5556,"href":"https:\/\/www.etto.cz\/sk\/wp-json\/wp\/v2\/pages\/3814\/revisions\/5556"}],"up":[{"embeddable":true,"href":"https:\/\/www.etto.cz\/sk\/wp-json\/wp\/v2\/pages\/3839"}],"wp:featuredmedia":[{"embeddable":true,"href":"https:\/\/www.etto.cz\/sk\/wp-json\/wp\/v2\/media\/5543"}],"wp:attachment":[{"href":"https:\/\/www.etto.cz\/sk\/wp-json\/wp\/v2\/media?parent=3814"}],"curies":[{"name":"wp","href":"https:\/\/api.w.org\/{rel}","templated":true}]}}