{"id":3818,"date":"2018-08-24T13:22:14","date_gmt":"2018-08-24T12:22:14","guid":{"rendered":"http:\/\/www.etto.cz\/katalog-teles-na-ohrev-kapalin\/"},"modified":"2025-06-10T08:37:09","modified_gmt":"2025-06-10T07:37:09","slug":"katalog-teles-na-ohrev-kapalin","status":"publish","type":"page","link":"https:\/\/www.etto.cz\/sk\/ohrev-latek\/ohrev-kvapalin\/katalog-teles-na-ohrev-kapalin\/","title":{"rendered":"Katal\u00f3g telies na ohrev kvapal\u00edn"},"content":{"rendered":"<p><a href=\"http:\/\/www.etto.cz\/wp-content\/uploads\/2017\/06\/katalog_ohrev_kapalin.pdf\" target=\"_blank\" rel=\"noopener\"><img loading=\"lazy\" decoding=\"async\" class=\"alignnone wp-image-3254 size-full\" src=\"http:\/\/www.etto.cz\/wp-content\/uploads\/2018\/05\/pdf-e1527166728716.png\" alt=\"\" width=\"24\" height=\"24\"><\/a> <a href=\"https:\/\/www.etto.cz\/wp-content\/uploads\/2025\/06\/katalog-ohrev-kapalin_10.06.25.pdf\" target=\"_blank\" rel=\"noopener noreferrer\">Katal\u00f3g telies na ohrev kvapal\u00edn k stiahnutiu tu.<\/a><\/p>\n","protected":false},"excerpt":{"rendered":"<p>Katal\u00f3g telies na ohrev kvapal\u00edn k stiahnutiu tu.<\/p>\n","protected":false},"author":3,"featured_media":0,"parent":3843,"menu_order":0,"comment_status":"closed","ping_status":"closed","template":"_page-menu.php","meta":{"_acf_changed":false,"ngg_post_thumbnail":0,"footnotes":"","_links_to":"","_links_to_target":""},"class_list":["post-3818","page","type-page","status-publish","hentry"],"acf":[],"yoast_head":"<!-- This site is optimized with the Yoast SEO plugin v27.3 - https:\/\/yoast.com\/product\/yoast-seo-wordpress\/ -->\n<title>Katal\u00f3g telies na ohrev kvapal\u00edn | ELEKTRON-ETTO<\/title>\n<meta name=\"description\" content=\"Katal\u00f3g vyhrievac\u00edch telies pre ohrev kvapal\u00edn. Ponorn\u00e9 a prietokov\u00e9 teles\u00e1 v r\u00f4znych prevedeniach. ELEKTRON-ETTO.\" \/>\n<meta name=\"robots\" content=\"index, follow, max-snippet:-1, max-image-preview:large, max-video-preview:-1\" \/>\n<link rel=\"canonical\" href=\"https:\/\/www.etto.cz\/sk\/ohrev-latek\/ohrev-kvapalin\/katalog-teles-na-ohrev-kapalin\/\" \/>\n<meta property=\"og:locale\" content=\"sk_SK\" \/>\n<meta property=\"og:type\" content=\"article\" \/>\n<meta property=\"og:title\" content=\"Katal\u00f3g telies na ohrev kvapal\u00edn | ELEKTRON-ETTO\" \/>\n<meta property=\"og:description\" content=\"Katal\u00f3g vyhrievac\u00edch telies pre ohrev kvapal\u00edn. Ponorn\u00e9 a prietokov\u00e9 teles\u00e1 v r\u00f4znych prevedeniach. ELEKTRON-ETTO.\" \/>\n<meta property=\"og:url\" content=\"https:\/\/www.etto.cz\/sk\/ohrev-latek\/ohrev-kvapalin\/katalog-teles-na-ohrev-kapalin\/\" \/>\n<meta property=\"og:site_name\" content=\"ETTO\" \/>\n<meta property=\"article:modified_time\" content=\"2025-06-10T07:37:09+00:00\" \/>\n<meta property=\"og:image\" content=\"https:\/\/www.etto.cz\/wp-content\/uploads\/2018\/05\/pdf-e1527166728716.png\" \/>\n\t<meta property=\"og:image:width\" content=\"24\" \/>\n\t<meta property=\"og:image:height\" content=\"24\" \/>\n\t<meta property=\"og:image:type\" content=\"image\/png\" \/>\n<meta name=\"twitter:card\" content=\"summary_large_image\" \/>\n<script type=\"application\/ld+json\" class=\"yoast-schema-graph\">{\"@context\":\"https:\\\/\\\/schema.org\",\"@graph\":[{\"@type\":\"WebPage\",\"@id\":\"https:\\\/\\\/www.etto.cz\\\/ohrev-latek\\\/ohrev-kapalin\\\/katalog-teles-ohrev-kapalin\\\/\",\"url\":\"https:\\\/\\\/www.etto.cz\\\/ohrev-latek\\\/ohrev-kapalin\\\/katalog-teles-ohrev-kapalin\\\/\",\"name\":\"Katal\u00f3g telies na ohrev kvapal\u00edn | ELEKTRON-ETTO\",\"isPartOf\":{\"@id\":\"https:\\\/\\\/www.etto.cz\\\/#website\"},\"primaryImageOfPage\":{\"@id\":\"https:\\\/\\\/www.etto.cz\\\/ohrev-latek\\\/ohrev-kapalin\\\/katalog-teles-ohrev-kapalin\\\/#primaryimage\"},\"image\":{\"@id\":\"https:\\\/\\\/www.etto.cz\\\/ohrev-latek\\\/ohrev-kapalin\\\/katalog-teles-ohrev-kapalin\\\/#primaryimage\"},\"thumbnailUrl\":\"http:\\\/\\\/www.etto.cz\\\/wp-content\\\/uploads\\\/2018\\\/05\\\/pdf-e1527166728716.png\",\"datePublished\":\"2018-08-24T12:22:14+00:00\",\"dateModified\":\"2025-06-10T07:37:09+00:00\",\"description\":\"Katal\u00f3g vyhrievac\u00edch telies pre ohrev kvapal\u00edn. Ponorn\u00e9 a prietokov\u00e9 teles\u00e1 v r\u00f4znych prevedeniach. ELEKTRON-ETTO.\",\"breadcrumb\":{\"@id\":\"https:\\\/\\\/www.etto.cz\\\/ohrev-latek\\\/ohrev-kapalin\\\/katalog-teles-ohrev-kapalin\\\/#breadcrumb\"},\"inLanguage\":\"sk-SK\",\"potentialAction\":[{\"@type\":\"ReadAction\",\"target\":[\"https:\\\/\\\/www.etto.cz\\\/ohrev-latek\\\/ohrev-kapalin\\\/katalog-teles-ohrev-kapalin\\\/\"]}]},{\"@type\":\"ImageObject\",\"inLanguage\":\"sk-SK\",\"@id\":\"https:\\\/\\\/www.etto.cz\\\/ohrev-latek\\\/ohrev-kapalin\\\/katalog-teles-ohrev-kapalin\\\/#primaryimage\",\"url\":\"http:\\\/\\\/www.etto.cz\\\/wp-content\\\/uploads\\\/2018\\\/05\\\/pdf-e1527166728716.png\",\"contentUrl\":\"http:\\\/\\\/www.etto.cz\\\/wp-content\\\/uploads\\\/2018\\\/05\\\/pdf-e1527166728716.png\"},{\"@type\":\"BreadcrumbList\",\"@id\":\"https:\\\/\\\/www.etto.cz\\\/ohrev-latek\\\/ohrev-kapalin\\\/katalog-teles-ohrev-kapalin\\\/#breadcrumb\",\"itemListElement\":[{\"@type\":\"ListItem\",\"position\":1,\"name\":\"Dom\u016f\",\"item\":\"https:\\\/\\\/www.etto.cz\\\/\"},{\"@type\":\"ListItem\",\"position\":2,\"name\":\"ohrev l\u00e1tok\",\"item\":\"https:\\\/\\\/www.etto.cz\\\/ohrev-latek\\\/\"},{\"@type\":\"ListItem\",\"position\":3,\"name\":\"Ohrev kvapal\u00edn\",\"item\":\"https:\\\/\\\/www.etto.cz\\\/ohrev-latek\\\/ohrev-kapalin\\\/\"},{\"@type\":\"ListItem\",\"position\":4,\"name\":\"Katal\u00f3g telies na ohrev kvapal\u00edn\"}]},{\"@type\":\"WebSite\",\"@id\":\"https:\\\/\\\/www.etto.cz\\\/#website\",\"url\":\"https:\\\/\\\/www.etto.cz\\\/\",\"name\":\"ETTO\",\"description\":\"V\u00fdroba elektrick\u00fdch topn\u00fdch t\u011bles\",\"potentialAction\":[{\"@type\":\"SearchAction\",\"target\":{\"@type\":\"EntryPoint\",\"urlTemplate\":\"https:\\\/\\\/www.etto.cz\\\/?s={search_term_string}\"},\"query-input\":{\"@type\":\"PropertyValueSpecification\",\"valueRequired\":true,\"valueName\":\"search_term_string\"}}],\"inLanguage\":\"sk-SK\"}]}<\/script>\n<!-- \/ Yoast SEO plugin. -->","yoast_head_json":{"title":"Katal\u00f3g telies na ohrev kvapal\u00edn | ELEKTRON-ETTO","description":"Katal\u00f3g vyhrievac\u00edch telies pre ohrev kvapal\u00edn. Ponorn\u00e9 a prietokov\u00e9 teles\u00e1 v r\u00f4znych prevedeniach. ELEKTRON-ETTO.","robots":{"index":"index","follow":"follow","max-snippet":"max-snippet:-1","max-image-preview":"max-image-preview:large","max-video-preview":"max-video-preview:-1"},"canonical":"https:\/\/www.etto.cz\/sk\/ohrev-latek\/ohrev-kvapalin\/katalog-teles-na-ohrev-kapalin\/","og_locale":"sk_SK","og_type":"article","og_title":"Katal\u00f3g telies na ohrev kvapal\u00edn | ELEKTRON-ETTO","og_description":"Katal\u00f3g vyhrievac\u00edch telies pre ohrev kvapal\u00edn. Ponorn\u00e9 a prietokov\u00e9 teles\u00e1 v r\u00f4znych prevedeniach. ELEKTRON-ETTO.","og_url":"https:\/\/www.etto.cz\/sk\/ohrev-latek\/ohrev-kvapalin\/katalog-teles-na-ohrev-kapalin\/","og_site_name":"ETTO","article_modified_time":"2025-06-10T07:37:09+00:00","og_image":[{"width":24,"height":24,"url":"https:\/\/www.etto.cz\/wp-content\/uploads\/2018\/05\/pdf-e1527166728716.png","type":"image\/png"}],"twitter_card":"summary_large_image","schema":{"@context":"https:\/\/schema.org","@graph":[{"@type":"WebPage","@id":"https:\/\/www.etto.cz\/ohrev-latek\/ohrev-kapalin\/katalog-teles-ohrev-kapalin\/","url":"https:\/\/www.etto.cz\/ohrev-latek\/ohrev-kapalin\/katalog-teles-ohrev-kapalin\/","name":"Katal\u00f3g telies na ohrev kvapal\u00edn | ELEKTRON-ETTO","isPartOf":{"@id":"https:\/\/www.etto.cz\/#website"},"primaryImageOfPage":{"@id":"https:\/\/www.etto.cz\/ohrev-latek\/ohrev-kapalin\/katalog-teles-ohrev-kapalin\/#primaryimage"},"image":{"@id":"https:\/\/www.etto.cz\/ohrev-latek\/ohrev-kapalin\/katalog-teles-ohrev-kapalin\/#primaryimage"},"thumbnailUrl":"http:\/\/www.etto.cz\/wp-content\/uploads\/2018\/05\/pdf-e1527166728716.png","datePublished":"2018-08-24T12:22:14+00:00","dateModified":"2025-06-10T07:37:09+00:00","description":"Katal\u00f3g vyhrievac\u00edch telies pre ohrev kvapal\u00edn. Ponorn\u00e9 a prietokov\u00e9 teles\u00e1 v r\u00f4znych prevedeniach. ELEKTRON-ETTO.","breadcrumb":{"@id":"https:\/\/www.etto.cz\/ohrev-latek\/ohrev-kapalin\/katalog-teles-ohrev-kapalin\/#breadcrumb"},"inLanguage":"sk-SK","potentialAction":[{"@type":"ReadAction","target":["https:\/\/www.etto.cz\/ohrev-latek\/ohrev-kapalin\/katalog-teles-ohrev-kapalin\/"]}]},{"@type":"ImageObject","inLanguage":"sk-SK","@id":"https:\/\/www.etto.cz\/ohrev-latek\/ohrev-kapalin\/katalog-teles-ohrev-kapalin\/#primaryimage","url":"http:\/\/www.etto.cz\/wp-content\/uploads\/2018\/05\/pdf-e1527166728716.png","contentUrl":"http:\/\/www.etto.cz\/wp-content\/uploads\/2018\/05\/pdf-e1527166728716.png"},{"@type":"BreadcrumbList","@id":"https:\/\/www.etto.cz\/ohrev-latek\/ohrev-kapalin\/katalog-teles-ohrev-kapalin\/#breadcrumb","itemListElement":[{"@type":"ListItem","position":1,"name":"Dom\u016f","item":"https:\/\/www.etto.cz\/"},{"@type":"ListItem","position":2,"name":"ohrev l\u00e1tok","item":"https:\/\/www.etto.cz\/ohrev-latek\/"},{"@type":"ListItem","position":3,"name":"Ohrev kvapal\u00edn","item":"https:\/\/www.etto.cz\/ohrev-latek\/ohrev-kapalin\/"},{"@type":"ListItem","position":4,"name":"Katal\u00f3g telies na ohrev kvapal\u00edn"}]},{"@type":"WebSite","@id":"https:\/\/www.etto.cz\/#website","url":"https:\/\/www.etto.cz\/","name":"ETTO","description":"V\u00fdroba elektrick\u00fdch topn\u00fdch t\u011bles","potentialAction":[{"@type":"SearchAction","target":{"@type":"EntryPoint","urlTemplate":"https:\/\/www.etto.cz\/?s={search_term_string}"},"query-input":{"@type":"PropertyValueSpecification","valueRequired":true,"valueName":"search_term_string"}}],"inLanguage":"sk-SK"}]}},"_links":{"self":[{"href":"https:\/\/www.etto.cz\/sk\/wp-json\/wp\/v2\/pages\/3818","targetHints":{"allow":["GET"]}}],"collection":[{"href":"https:\/\/www.etto.cz\/sk\/wp-json\/wp\/v2\/pages"}],"about":[{"href":"https:\/\/www.etto.cz\/sk\/wp-json\/wp\/v2\/types\/page"}],"author":[{"embeddable":true,"href":"https:\/\/www.etto.cz\/sk\/wp-json\/wp\/v2\/users\/3"}],"replies":[{"embeddable":true,"href":"https:\/\/www.etto.cz\/sk\/wp-json\/wp\/v2\/comments?post=3818"}],"version-history":[{"count":2,"href":"https:\/\/www.etto.cz\/sk\/wp-json\/wp\/v2\/pages\/3818\/revisions"}],"predecessor-version":[{"id":5654,"href":"https:\/\/www.etto.cz\/sk\/wp-json\/wp\/v2\/pages\/3818\/revisions\/5654"}],"up":[{"embeddable":true,"href":"https:\/\/www.etto.cz\/sk\/wp-json\/wp\/v2\/pages\/3843"}],"wp:attachment":[{"href":"https:\/\/www.etto.cz\/sk\/wp-json\/wp\/v2\/media?parent=3818"}],"curies":[{"name":"wp","href":"https:\/\/api.w.org\/{rel}","templated":true}]}}