{"id":3819,"date":"2018-08-24T13:22:42","date_gmt":"2018-08-24T12:22:42","guid":{"rendered":"http:\/\/www.etto.cz\/topna-telesa-do-koupelnovych-radiatoru\/"},"modified":"2026-05-11T14:05:02","modified_gmt":"2026-05-11T13:05:02","slug":"vyhrievacie-telesa-do-kupelnovych-radiatorov","status":"publish","type":"page","link":"https:\/\/www.etto.cz\/sk\/telesa-podla-ucelu\/vyhrievacie-telesa-do-kupelnovych-radiatorov\/","title":{"rendered":"Vyhrievacie teles\u00e1 do k\u00fape\u013e\u0148ov\u00fdch radi\u00e1torov"},"content":{"rendered":"<div id=\"gt-res-content\">\n<div class=\"trans-verified-button-small\" id=\"gt-res-dir-ctr\" dir=\"ltr\"><span tabindex=\"-1\" id=\"result_box\" lang=\"sk\">Vyr\u00e1bame ohrievacie teles\u00e1 na ohrev vody v k\u00fape\u013e\u0148ov\u00fdch radi\u00e1toroch. Vn\u00fatri vyhrievacie ty\u010de je zabudovan\u00fd tepeln\u00fd obmedzova\u010d a nevratn\u00e1 bezpe\u010dnostn\u00e1 teplotn\u00e1 poistka. Vyhrievacie ty\u010de do k\u00fape\u013e\u0148ov\u00fdch radi\u00e1torov musia by\u0165 umiestnen\u00e9 v dolnej \u010dasti radi\u00e1tora vo vodorovnej alebo zvislej polohe. Doporu\u010den\u00fd elektrick\u00fd pr\u00edkon telesa by mal by\u0165 70% tepeln\u00e9ho v\u00fdkonu radi\u00e1tora. K telesu je mo\u017en\u00e9 si objedna\u0165 odbo\u010dku (T-kus) alebo priestorov\u00fd termostat (pre verziu bez priestorove regul\u00e1cie teploty).<\/span><\/div>\n<\/div>\n","protected":false},"excerpt":{"rendered":"<p>Vyr\u00e1bame ohrievacie teles\u00e1 na ohrev vody v k\u00fape\u013e\u0148ov\u00fdch radi\u00e1toroch. Vn\u00fatri vyhrievacie ty\u010de je zabudovan\u00fd tepeln\u00fd obmedzova\u010d a nevratn\u00e1 bezpe\u010dnostn\u00e1 teplotn\u00e1 poistka. Vyhrievacie ty\u010de do k\u00fape\u013e\u0148ov\u00fdch &#8230;<\/p>\n","protected":false},"author":3,"featured_media":2579,"parent":3839,"menu_order":0,"comment_status":"closed","ping_status":"closed","template":"_page-menu.php","meta":{"_acf_changed":false,"ngg_post_thumbnail":0,"footnotes":"","_links_to":"","_links_to_target":""},"class_list":["post-3819","page","type-page","status-publish","has-post-thumbnail","hentry"],"acf":[],"yoast_head":"<!-- This site is optimized with the Yoast SEO plugin v27.6 - https:\/\/yoast.com\/product\/yoast-seo-wordpress\/ -->\n<title>Teles\u00e1 do k\u00fape\u013e\u0148ov\u00fdch radi\u00e1torov | ELEKTRON-ETTO<\/title>\n<meta name=\"description\" content=\"Elektrick\u00e9 vyhrievacie teles\u00e1 do k\u00fape\u013e\u0148ov\u00fdch radi\u00e1torov. Jednoduch\u00e1 in\u0161tal\u00e1cia a spo\u013eahliv\u00fd ohrev. ELEKTRON-ETTO.\" \/>\n<meta name=\"robots\" content=\"index, follow, max-snippet:-1, max-image-preview:large, max-video-preview:-1\" \/>\n<link rel=\"canonical\" href=\"https:\/\/www.etto.cz\/sk\/telesa-podla-ucelu\/vyhrievacie-telesa-do-kupelnovych-radiatorov\/\" \/>\n<meta property=\"og:locale\" content=\"sk_SK\" \/>\n<meta property=\"og:type\" content=\"article\" \/>\n<meta property=\"og:title\" content=\"Teles\u00e1 do k\u00fape\u013e\u0148ov\u00fdch radi\u00e1torov | ELEKTRON-ETTO\" \/>\n<meta property=\"og:description\" content=\"Elektrick\u00e9 vyhrievacie teles\u00e1 do k\u00fape\u013e\u0148ov\u00fdch radi\u00e1torov. Jednoduch\u00e1 in\u0161tal\u00e1cia a spo\u013eahliv\u00fd ohrev. ELEKTRON-ETTO.\" \/>\n<meta property=\"og:url\" content=\"https:\/\/www.etto.cz\/sk\/telesa-podla-ucelu\/vyhrievacie-telesa-do-kupelnovych-radiatorov\/\" \/>\n<meta property=\"og:site_name\" content=\"ETTO\" \/>\n<meta property=\"article:modified_time\" content=\"2026-05-11T13:05:02+00:00\" \/>\n<meta property=\"og:image\" content=\"https:\/\/www.etto.cz\/wp-content\/uploads\/2016\/12\/z1.png\" \/>\n\t<meta property=\"og:image:width\" content=\"640\" \/>\n\t<meta property=\"og:image:height\" content=\"640\" \/>\n\t<meta property=\"og:image:type\" content=\"image\/png\" \/>\n<meta name=\"twitter:card\" content=\"summary_large_image\" \/>\n<script type=\"application\/ld+json\" class=\"yoast-schema-graph\">{\"@context\":\"https:\\\/\\\/schema.org\",\"@graph\":[{\"@type\":\"WebPage\",\"@id\":\"https:\\\/\\\/www.etto.cz\\\/telesa-podle-ucelu\\\/topna-telesa-do-koupelnovych-radiatoru\\\/\",\"url\":\"https:\\\/\\\/www.etto.cz\\\/telesa-podle-ucelu\\\/topna-telesa-do-koupelnovych-radiatoru\\\/\",\"name\":\"Teles\u00e1 do k\u00fape\u013e\u0148ov\u00fdch radi\u00e1torov | ELEKTRON-ETTO\",\"isPartOf\":{\"@id\":\"https:\\\/\\\/www.etto.cz\\\/#website\"},\"primaryImageOfPage\":{\"@id\":\"https:\\\/\\\/www.etto.cz\\\/telesa-podle-ucelu\\\/topna-telesa-do-koupelnovych-radiatoru\\\/#primaryimage\"},\"image\":{\"@id\":\"https:\\\/\\\/www.etto.cz\\\/telesa-podle-ucelu\\\/topna-telesa-do-koupelnovych-radiatoru\\\/#primaryimage\"},\"thumbnailUrl\":\"https:\\\/\\\/www.etto.cz\\\/wp-content\\\/uploads\\\/2016\\\/12\\\/z1.png\",\"datePublished\":\"2018-08-24T12:22:42+00:00\",\"dateModified\":\"2026-05-11T13:05:02+00:00\",\"description\":\"Elektrick\u00e9 vyhrievacie teles\u00e1 do k\u00fape\u013e\u0148ov\u00fdch radi\u00e1torov. Jednoduch\u00e1 in\u0161tal\u00e1cia a spo\u013eahliv\u00fd ohrev. ELEKTRON-ETTO.\",\"breadcrumb\":{\"@id\":\"https:\\\/\\\/www.etto.cz\\\/telesa-podle-ucelu\\\/topna-telesa-do-koupelnovych-radiatoru\\\/#breadcrumb\"},\"inLanguage\":\"sk-SK\",\"potentialAction\":[{\"@type\":\"ReadAction\",\"target\":[\"https:\\\/\\\/www.etto.cz\\\/telesa-podle-ucelu\\\/topna-telesa-do-koupelnovych-radiatoru\\\/\"]}]},{\"@type\":\"ImageObject\",\"inLanguage\":\"sk-SK\",\"@id\":\"https:\\\/\\\/www.etto.cz\\\/telesa-podle-ucelu\\\/topna-telesa-do-koupelnovych-radiatoru\\\/#primaryimage\",\"url\":\"https:\\\/\\\/www.etto.cz\\\/wp-content\\\/uploads\\\/2016\\\/12\\\/z1.png\",\"contentUrl\":\"https:\\\/\\\/www.etto.cz\\\/wp-content\\\/uploads\\\/2016\\\/12\\\/z1.png\",\"width\":640,\"height\":640},{\"@type\":\"BreadcrumbList\",\"@id\":\"https:\\\/\\\/www.etto.cz\\\/telesa-podle-ucelu\\\/topna-telesa-do-koupelnovych-radiatoru\\\/#breadcrumb\",\"itemListElement\":[{\"@type\":\"ListItem\",\"position\":1,\"name\":\"Dom\u016f\",\"item\":\"https:\\\/\\\/www.etto.cz\\\/\"},{\"@type\":\"ListItem\",\"position\":2,\"name\":\"Teles\u00e1 pod\u013ea \u00fa\u010delu\",\"item\":\"https:\\\/\\\/www.etto.cz\\\/telesa-podle-ucelu\\\/\"},{\"@type\":\"ListItem\",\"position\":3,\"name\":\"Vyhrievacie teles\u00e1 do k\u00fape\u013e\u0148ov\u00fdch radi\u00e1torov\"}]},{\"@type\":\"WebSite\",\"@id\":\"https:\\\/\\\/www.etto.cz\\\/#website\",\"url\":\"https:\\\/\\\/www.etto.cz\\\/\",\"name\":\"ETTO\",\"description\":\"V\u00fdroba elektrick\u00fdch topn\u00fdch t\u011bles\",\"potentialAction\":[{\"@type\":\"SearchAction\",\"target\":{\"@type\":\"EntryPoint\",\"urlTemplate\":\"https:\\\/\\\/www.etto.cz\\\/?s={search_term_string}\"},\"query-input\":{\"@type\":\"PropertyValueSpecification\",\"valueRequired\":true,\"valueName\":\"search_term_string\"}}],\"inLanguage\":\"sk-SK\"}]}<\/script>\n<!-- \/ Yoast SEO plugin. -->","yoast_head_json":{"title":"Teles\u00e1 do k\u00fape\u013e\u0148ov\u00fdch radi\u00e1torov | ELEKTRON-ETTO","description":"Elektrick\u00e9 vyhrievacie teles\u00e1 do k\u00fape\u013e\u0148ov\u00fdch radi\u00e1torov. Jednoduch\u00e1 in\u0161tal\u00e1cia a spo\u013eahliv\u00fd ohrev. ELEKTRON-ETTO.","robots":{"index":"index","follow":"follow","max-snippet":"max-snippet:-1","max-image-preview":"max-image-preview:large","max-video-preview":"max-video-preview:-1"},"canonical":"https:\/\/www.etto.cz\/sk\/telesa-podla-ucelu\/vyhrievacie-telesa-do-kupelnovych-radiatorov\/","og_locale":"sk_SK","og_type":"article","og_title":"Teles\u00e1 do k\u00fape\u013e\u0148ov\u00fdch radi\u00e1torov | ELEKTRON-ETTO","og_description":"Elektrick\u00e9 vyhrievacie teles\u00e1 do k\u00fape\u013e\u0148ov\u00fdch radi\u00e1torov. Jednoduch\u00e1 in\u0161tal\u00e1cia a spo\u013eahliv\u00fd ohrev. ELEKTRON-ETTO.","og_url":"https:\/\/www.etto.cz\/sk\/telesa-podla-ucelu\/vyhrievacie-telesa-do-kupelnovych-radiatorov\/","og_site_name":"ETTO","article_modified_time":"2026-05-11T13:05:02+00:00","og_image":[{"width":640,"height":640,"url":"https:\/\/www.etto.cz\/wp-content\/uploads\/2016\/12\/z1.png","type":"image\/png"}],"twitter_card":"summary_large_image","schema":{"@context":"https:\/\/schema.org","@graph":[{"@type":"WebPage","@id":"https:\/\/www.etto.cz\/telesa-podle-ucelu\/topna-telesa-do-koupelnovych-radiatoru\/","url":"https:\/\/www.etto.cz\/telesa-podle-ucelu\/topna-telesa-do-koupelnovych-radiatoru\/","name":"Teles\u00e1 do k\u00fape\u013e\u0148ov\u00fdch radi\u00e1torov | ELEKTRON-ETTO","isPartOf":{"@id":"https:\/\/www.etto.cz\/#website"},"primaryImageOfPage":{"@id":"https:\/\/www.etto.cz\/telesa-podle-ucelu\/topna-telesa-do-koupelnovych-radiatoru\/#primaryimage"},"image":{"@id":"https:\/\/www.etto.cz\/telesa-podle-ucelu\/topna-telesa-do-koupelnovych-radiatoru\/#primaryimage"},"thumbnailUrl":"https:\/\/www.etto.cz\/wp-content\/uploads\/2016\/12\/z1.png","datePublished":"2018-08-24T12:22:42+00:00","dateModified":"2026-05-11T13:05:02+00:00","description":"Elektrick\u00e9 vyhrievacie teles\u00e1 do k\u00fape\u013e\u0148ov\u00fdch radi\u00e1torov. Jednoduch\u00e1 in\u0161tal\u00e1cia a spo\u013eahliv\u00fd ohrev. ELEKTRON-ETTO.","breadcrumb":{"@id":"https:\/\/www.etto.cz\/telesa-podle-ucelu\/topna-telesa-do-koupelnovych-radiatoru\/#breadcrumb"},"inLanguage":"sk-SK","potentialAction":[{"@type":"ReadAction","target":["https:\/\/www.etto.cz\/telesa-podle-ucelu\/topna-telesa-do-koupelnovych-radiatoru\/"]}]},{"@type":"ImageObject","inLanguage":"sk-SK","@id":"https:\/\/www.etto.cz\/telesa-podle-ucelu\/topna-telesa-do-koupelnovych-radiatoru\/#primaryimage","url":"https:\/\/www.etto.cz\/wp-content\/uploads\/2016\/12\/z1.png","contentUrl":"https:\/\/www.etto.cz\/wp-content\/uploads\/2016\/12\/z1.png","width":640,"height":640},{"@type":"BreadcrumbList","@id":"https:\/\/www.etto.cz\/telesa-podle-ucelu\/topna-telesa-do-koupelnovych-radiatoru\/#breadcrumb","itemListElement":[{"@type":"ListItem","position":1,"name":"Dom\u016f","item":"https:\/\/www.etto.cz\/"},{"@type":"ListItem","position":2,"name":"Teles\u00e1 pod\u013ea \u00fa\u010delu","item":"https:\/\/www.etto.cz\/telesa-podle-ucelu\/"},{"@type":"ListItem","position":3,"name":"Vyhrievacie teles\u00e1 do k\u00fape\u013e\u0148ov\u00fdch radi\u00e1torov"}]},{"@type":"WebSite","@id":"https:\/\/www.etto.cz\/#website","url":"https:\/\/www.etto.cz\/","name":"ETTO","description":"V\u00fdroba elektrick\u00fdch topn\u00fdch t\u011bles","potentialAction":[{"@type":"SearchAction","target":{"@type":"EntryPoint","urlTemplate":"https:\/\/www.etto.cz\/?s={search_term_string}"},"query-input":{"@type":"PropertyValueSpecification","valueRequired":true,"valueName":"search_term_string"}}],"inLanguage":"sk-SK"}]}},"_links":{"self":[{"href":"https:\/\/www.etto.cz\/sk\/wp-json\/wp\/v2\/pages\/3819","targetHints":{"allow":["GET"]}}],"collection":[{"href":"https:\/\/www.etto.cz\/sk\/wp-json\/wp\/v2\/pages"}],"about":[{"href":"https:\/\/www.etto.cz\/sk\/wp-json\/wp\/v2\/types\/page"}],"author":[{"embeddable":true,"href":"https:\/\/www.etto.cz\/sk\/wp-json\/wp\/v2\/users\/3"}],"replies":[{"embeddable":true,"href":"https:\/\/www.etto.cz\/sk\/wp-json\/wp\/v2\/comments?post=3819"}],"version-history":[{"count":3,"href":"https:\/\/www.etto.cz\/sk\/wp-json\/wp\/v2\/pages\/3819\/revisions"}],"predecessor-version":[{"id":4880,"href":"https:\/\/www.etto.cz\/sk\/wp-json\/wp\/v2\/pages\/3819\/revisions\/4880"}],"up":[{"embeddable":true,"href":"https:\/\/www.etto.cz\/sk\/wp-json\/wp\/v2\/pages\/3839"}],"wp:featuredmedia":[{"embeddable":true,"href":"https:\/\/www.etto.cz\/sk\/wp-json\/wp\/v2\/media\/2579"}],"wp:attachment":[{"href":"https:\/\/www.etto.cz\/sk\/wp-json\/wp\/v2\/media?parent=3819"}],"curies":[{"name":"wp","href":"https:\/\/api.w.org\/{rel}","templated":true}]}}