{"id":3824,"date":"2018-08-24T13:24:54","date_gmt":"2018-08-24T12:24:54","guid":{"rendered":"http:\/\/www.etto.cz\/tabulka-doporucenych-parametru\/"},"modified":"2018-09-19T07:39:32","modified_gmt":"2018-09-19T06:39:32","slug":"tabulka-odporucanych-parametrov","status":"publish","type":"page","link":"https:\/\/www.etto.cz\/sk\/produkty\/vyhrievacie-patrony\/tabulka-odporucanych-parametrov\/","title":{"rendered":"Tabu\u013eka odpor\u00fa\u010dan\u00fdch parametrov"},"content":{"rendered":"<ul>\n<li><a href=\"\/wp-content\/uploads\/2015\/05\/doporuceni-pro-uzivani-topnych-patron.pdf\" target=\"_blank\" rel=\"noopener noreferrer\">Odpor\u00fa\u010dania pre u\u017e\u00edvanie vyhrievac\u00edch patr\u00f3n<\/a><\/li>\n<li><a href=\"\/wp-content\/uploads\/2015\/05\/standardni-elektricke-pripojen-patron.pdf\" target=\"_blank\" rel=\"noopener noreferrer\">\u0160tandardn\u00e9 elektrick\u00e9 pripojenie vyhrievac\u00edch patr\u00f3n<\/a><\/li>\n<li><a href=\"\/wp-content\/uploads\/2015\/05\/standardni-zpusoby-uchynceni-patron-priruby.pdf\" target=\"_blank\" rel=\"noopener noreferrer\">\u0160tandardn\u00e9 sp\u00f4soby uchytenia vyhrievac\u00edch patr\u00f3n (pr\u00edruby)<\/a><\/li>\n<\/ul>\n","protected":false},"excerpt":{"rendered":"<p>Odpor\u00fa\u010dania pre u\u017e\u00edvanie vyhrievac\u00edch patr\u00f3n \u0160tandardn\u00e9 elektrick\u00e9 pripojenie vyhrievac\u00edch patr\u00f3n \u0160tandardn\u00e9 sp\u00f4soby uchytenia vyhrievac\u00edch patr\u00f3n (pr\u00edruby)<\/p>\n","protected":false},"author":1,"featured_media":0,"parent":3852,"menu_order":0,"comment_status":"open","ping_status":"open","template":"_page-menu.php","meta":{"_acf_changed":false,"ngg_post_thumbnail":0,"footnotes":"","_links_to":"","_links_to_target":""},"class_list":["post-3824","page","type-page","status-publish","hentry"],"acf":[],"yoast_head":"<!-- This site is optimized with the Yoast SEO plugin v27.3 - https:\/\/yoast.com\/product\/yoast-seo-wordpress\/ -->\n<title>Tabu\u013eka odpor\u00fa\u010dan\u00fdch parametrov | ELEKTRON-ETTO<\/title>\n<meta name=\"description\" content=\"Tabu\u013eka odpor\u00fa\u010dan\u00fdch parametrov pre vyhrievacie patr\u00f3ny a teles\u00e1. Technick\u00e9 \u0161pecifik\u00e1cie a v\u00fdberov\u00e9 krit\u00e9ri\u00e1. ELEKTRON-ETTO.\" \/>\n<meta name=\"robots\" content=\"index, follow, max-snippet:-1, max-image-preview:large, max-video-preview:-1\" \/>\n<link rel=\"canonical\" href=\"https:\/\/www.etto.cz\/sk\/produkty\/vyhrievacie-patrony\/tabulka-odporucanych-parametrov\/\" \/>\n<meta property=\"og:locale\" content=\"sk_SK\" \/>\n<meta property=\"og:type\" content=\"article\" \/>\n<meta property=\"og:title\" content=\"Tabu\u013eka odpor\u00fa\u010dan\u00fdch parametrov | ELEKTRON-ETTO\" \/>\n<meta property=\"og:description\" content=\"Tabu\u013eka odpor\u00fa\u010dan\u00fdch parametrov pre vyhrievacie patr\u00f3ny a teles\u00e1. Technick\u00e9 \u0161pecifik\u00e1cie a v\u00fdberov\u00e9 krit\u00e9ri\u00e1. ELEKTRON-ETTO.\" \/>\n<meta property=\"og:url\" content=\"https:\/\/www.etto.cz\/sk\/produkty\/vyhrievacie-patrony\/tabulka-odporucanych-parametrov\/\" \/>\n<meta property=\"og:site_name\" content=\"ETTO\" \/>\n<meta property=\"article:modified_time\" content=\"2018-09-19T06:39:32+00:00\" \/>\n<meta property=\"og:image\" content=\"https:\/\/www.etto.cz\/sk\/wp-content\/gallery\/prumyslova-telesa\/teleso-kotel.jpg\" \/>\n<meta name=\"twitter:card\" content=\"summary_large_image\" \/>\n<script type=\"application\/ld+json\" class=\"yoast-schema-graph\">{\"@context\":\"https:\\\/\\\/schema.org\",\"@graph\":[{\"@type\":\"WebPage\",\"@id\":\"https:\\\/\\\/www.etto.cz\\\/elektricka-topna-telesa\\\/topne-patrony\\\/tabulka-doporucenych-parametru\\\/\",\"url\":\"https:\\\/\\\/www.etto.cz\\\/elektricka-topna-telesa\\\/topne-patrony\\\/tabulka-doporucenych-parametru\\\/\",\"name\":\"Tabu\u013eka odpor\u00fa\u010dan\u00fdch parametrov | ELEKTRON-ETTO\",\"isPartOf\":{\"@id\":\"https:\\\/\\\/www.etto.cz\\\/#website\"},\"datePublished\":\"2018-08-24T12:24:54+00:00\",\"dateModified\":\"2018-09-19T06:39:32+00:00\",\"description\":\"Tabu\u013eka odpor\u00fa\u010dan\u00fdch parametrov pre vyhrievacie patr\u00f3ny a teles\u00e1. Technick\u00e9 \u0161pecifik\u00e1cie a v\u00fdberov\u00e9 krit\u00e9ri\u00e1. ELEKTRON-ETTO.\",\"breadcrumb\":{\"@id\":\"https:\\\/\\\/www.etto.cz\\\/elektricka-topna-telesa\\\/topne-patrony\\\/tabulka-doporucenych-parametru\\\/#breadcrumb\"},\"inLanguage\":\"sk-SK\",\"potentialAction\":[{\"@type\":\"ReadAction\",\"target\":[\"https:\\\/\\\/www.etto.cz\\\/elektricka-topna-telesa\\\/topne-patrony\\\/tabulka-doporucenych-parametru\\\/\"]}]},{\"@type\":\"BreadcrumbList\",\"@id\":\"https:\\\/\\\/www.etto.cz\\\/elektricka-topna-telesa\\\/topne-patrony\\\/tabulka-doporucenych-parametru\\\/#breadcrumb\",\"itemListElement\":[{\"@type\":\"ListItem\",\"position\":1,\"name\":\"Dom\u016f\",\"item\":\"https:\\\/\\\/www.etto.cz\\\/\"},{\"@type\":\"ListItem\",\"position\":2,\"name\":\"V\u00fdroba elektrick\u00fdch vyhrievac\u00edch telies &#8211; produkty\",\"item\":\"https:\\\/\\\/www.etto.cz\\\/elektricka-topna-telesa\\\/\"},{\"@type\":\"ListItem\",\"position\":3,\"name\":\"Vyhrievacie patr\u00f3ny\",\"item\":\"https:\\\/\\\/www.etto.cz\\\/elektricka-topna-telesa\\\/topne-patrony\\\/\"},{\"@type\":\"ListItem\",\"position\":4,\"name\":\"Tabu\u013eka odpor\u00fa\u010dan\u00fdch parametrov\"}]},{\"@type\":\"WebSite\",\"@id\":\"https:\\\/\\\/www.etto.cz\\\/#website\",\"url\":\"https:\\\/\\\/www.etto.cz\\\/\",\"name\":\"ETTO\",\"description\":\"V\u00fdroba elektrick\u00fdch topn\u00fdch t\u011bles\",\"potentialAction\":[{\"@type\":\"SearchAction\",\"target\":{\"@type\":\"EntryPoint\",\"urlTemplate\":\"https:\\\/\\\/www.etto.cz\\\/?s={search_term_string}\"},\"query-input\":{\"@type\":\"PropertyValueSpecification\",\"valueRequired\":true,\"valueName\":\"search_term_string\"}}],\"inLanguage\":\"sk-SK\"}]}<\/script>\n<!-- \/ Yoast SEO plugin. -->","yoast_head_json":{"title":"Tabu\u013eka odpor\u00fa\u010dan\u00fdch parametrov | ELEKTRON-ETTO","description":"Tabu\u013eka odpor\u00fa\u010dan\u00fdch parametrov pre vyhrievacie patr\u00f3ny a teles\u00e1. Technick\u00e9 \u0161pecifik\u00e1cie a v\u00fdberov\u00e9 krit\u00e9ri\u00e1. ELEKTRON-ETTO.","robots":{"index":"index","follow":"follow","max-snippet":"max-snippet:-1","max-image-preview":"max-image-preview:large","max-video-preview":"max-video-preview:-1"},"canonical":"https:\/\/www.etto.cz\/sk\/produkty\/vyhrievacie-patrony\/tabulka-odporucanych-parametrov\/","og_locale":"sk_SK","og_type":"article","og_title":"Tabu\u013eka odpor\u00fa\u010dan\u00fdch parametrov | ELEKTRON-ETTO","og_description":"Tabu\u013eka odpor\u00fa\u010dan\u00fdch parametrov pre vyhrievacie patr\u00f3ny a teles\u00e1. Technick\u00e9 \u0161pecifik\u00e1cie a v\u00fdberov\u00e9 krit\u00e9ri\u00e1. ELEKTRON-ETTO.","og_url":"https:\/\/www.etto.cz\/sk\/produkty\/vyhrievacie-patrony\/tabulka-odporucanych-parametrov\/","og_site_name":"ETTO","article_modified_time":"2018-09-19T06:39:32+00:00","og_image":[{"url":"https:\/\/www.etto.cz\/sk\/wp-content\/gallery\/prumyslova-telesa\/teleso-kotel.jpg","type":"","width":"","height":""}],"twitter_card":"summary_large_image","schema":{"@context":"https:\/\/schema.org","@graph":[{"@type":"WebPage","@id":"https:\/\/www.etto.cz\/elektricka-topna-telesa\/topne-patrony\/tabulka-doporucenych-parametru\/","url":"https:\/\/www.etto.cz\/elektricka-topna-telesa\/topne-patrony\/tabulka-doporucenych-parametru\/","name":"Tabu\u013eka odpor\u00fa\u010dan\u00fdch parametrov | ELEKTRON-ETTO","isPartOf":{"@id":"https:\/\/www.etto.cz\/#website"},"datePublished":"2018-08-24T12:24:54+00:00","dateModified":"2018-09-19T06:39:32+00:00","description":"Tabu\u013eka odpor\u00fa\u010dan\u00fdch parametrov pre vyhrievacie patr\u00f3ny a teles\u00e1. Technick\u00e9 \u0161pecifik\u00e1cie a v\u00fdberov\u00e9 krit\u00e9ri\u00e1. ELEKTRON-ETTO.","breadcrumb":{"@id":"https:\/\/www.etto.cz\/elektricka-topna-telesa\/topne-patrony\/tabulka-doporucenych-parametru\/#breadcrumb"},"inLanguage":"sk-SK","potentialAction":[{"@type":"ReadAction","target":["https:\/\/www.etto.cz\/elektricka-topna-telesa\/topne-patrony\/tabulka-doporucenych-parametru\/"]}]},{"@type":"BreadcrumbList","@id":"https:\/\/www.etto.cz\/elektricka-topna-telesa\/topne-patrony\/tabulka-doporucenych-parametru\/#breadcrumb","itemListElement":[{"@type":"ListItem","position":1,"name":"Dom\u016f","item":"https:\/\/www.etto.cz\/"},{"@type":"ListItem","position":2,"name":"V\u00fdroba elektrick\u00fdch vyhrievac\u00edch telies &#8211; produkty","item":"https:\/\/www.etto.cz\/elektricka-topna-telesa\/"},{"@type":"ListItem","position":3,"name":"Vyhrievacie patr\u00f3ny","item":"https:\/\/www.etto.cz\/elektricka-topna-telesa\/topne-patrony\/"},{"@type":"ListItem","position":4,"name":"Tabu\u013eka odpor\u00fa\u010dan\u00fdch parametrov"}]},{"@type":"WebSite","@id":"https:\/\/www.etto.cz\/#website","url":"https:\/\/www.etto.cz\/","name":"ETTO","description":"V\u00fdroba elektrick\u00fdch topn\u00fdch t\u011bles","potentialAction":[{"@type":"SearchAction","target":{"@type":"EntryPoint","urlTemplate":"https:\/\/www.etto.cz\/?s={search_term_string}"},"query-input":{"@type":"PropertyValueSpecification","valueRequired":true,"valueName":"search_term_string"}}],"inLanguage":"sk-SK"}]}},"_links":{"self":[{"href":"https:\/\/www.etto.cz\/sk\/wp-json\/wp\/v2\/pages\/3824","targetHints":{"allow":["GET"]}}],"collection":[{"href":"https:\/\/www.etto.cz\/sk\/wp-json\/wp\/v2\/pages"}],"about":[{"href":"https:\/\/www.etto.cz\/sk\/wp-json\/wp\/v2\/types\/page"}],"author":[{"embeddable":true,"href":"https:\/\/www.etto.cz\/sk\/wp-json\/wp\/v2\/users\/1"}],"replies":[{"embeddable":true,"href":"https:\/\/www.etto.cz\/sk\/wp-json\/wp\/v2\/comments?post=3824"}],"version-history":[{"count":0,"href":"https:\/\/www.etto.cz\/sk\/wp-json\/wp\/v2\/pages\/3824\/revisions"}],"up":[{"embeddable":true,"href":"https:\/\/www.etto.cz\/sk\/wp-json\/wp\/v2\/pages\/3852"}],"wp:attachment":[{"href":"https:\/\/www.etto.cz\/sk\/wp-json\/wp\/v2\/media?parent=3824"}],"curies":[{"name":"wp","href":"https:\/\/api.w.org\/{rel}","templated":true}]}}