{"id":3825,"date":"2018-08-24T13:25:14","date_gmt":"2018-08-24T12:25:14","guid":{"rendered":"http:\/\/www.etto.cz\/produkty\/"},"modified":"2025-04-10T08:09:37","modified_gmt":"2025-04-10T07:09:37","slug":"produkty","status":"publish","type":"page","link":"https:\/\/www.etto.cz\/sk\/produkty\/","title":{"rendered":"V\u00fdroba elektrick\u00fdch vyhrievac\u00edch telies &#8211; produkty"},"content":{"rendered":"<p style=\"font-size: 16px;\">ELEKTRON-Etto, s.r.o.. projektuje a vyr\u00e1ba elektrick\u00e9 vyhrievacie teles\u00e1 pre priemyseln\u00e9, komer\u010dn\u00e9 a \u0161peci\u00e1lne aplik\u00e1cie.<\/p>\n<div class=\"sub-menu\">            <a href=\"https:\/\/www.etto.cz\/sk\/produkty\/vyhrievacie-patrony\/\" class=\"subitem\">\n                <span class=\"img\">\n                    <img decoding=\"async\" src=\"https:\/\/www.etto.cz\/wp-content\/uploads\/2015\/05\/topne-patrony-153x153.jpg\" alt=\"Vyhrievacie patr\u00f3ny\" loading=\"lazy\" \/>\n                    <span><em>Vyhrievacie patr\u00f3ny<\/em><\/span>\n                <\/span>\n                <strong>Vyhrievacie patr\u00f3ny<\/strong>\n            <\/a>\n                        <a href=\"https:\/\/www.etto.cz\/sk\/produkty\/vyhrievacie-telesa-rurkova\/\" class=\"subitem\">\n                <span class=\"img\">\n                    <img decoding=\"async\" src=\"https:\/\/www.etto.cz\/wp-content\/uploads\/2015\/05\/trubkova-topna-telesa-153x153.jpg\" alt=\"Vyhrievacie teles\u00e1 r\u00farkov\u00e1\" loading=\"lazy\" \/>\n                    <span><em>Vyhrievacie teles\u00e1 r\u00farkov\u00e1<\/em><\/span>\n                <\/span>\n                <strong>Vyhrievacie teles\u00e1 r\u00farkov\u00e1<\/strong>\n            <\/a>\n                        <a href=\"https:\/\/www.etto.cz\/sk\/produkty\/vyhrievacie-telesa-rurkova-plocha\/\" class=\"subitem\">\n                <span class=\"img\">\n                    <img decoding=\"async\" src=\"https:\/\/www.etto.cz\/wp-content\/uploads\/2016\/12\/maximka_b2-153x153.jpg\" alt=\"Vyhrievacie teles\u00e1 r\u00farkov\u00e1 ploch\u00e1\" loading=\"lazy\" \/>\n                    <span><em>Vyhrievacie teles\u00e1 r\u00farkov\u00e1 ploch\u00e1<\/em><\/span>\n                <\/span>\n                <strong>Vyhrievacie teles\u00e1 r\u00farkov\u00e1 ploch\u00e1<\/strong>\n            <\/a>\n                        <a href=\"https:\/\/www.etto.cz\/sk\/telesa-podla-ucelu\/technologie-horuceho-vzduchu-serpentine\/\" class=\"subitem\">\n                <span class=\"img\">\n                    <img decoding=\"async\" src=\"https:\/\/www.etto.cz\/wp-content\/uploads\/2025\/04\/closedloopintelligentairheaters_360_267_int_s-1-153x136.png\" alt=\"Tutco SureHeat &#8211; technol\u00f3gie hor\u00faceho vzduchu\" loading=\"lazy\" \/>\n                    <span><em>Tutco SureHeat &#8211; technol\u00f3gie hor\u00faceho vzduchu<\/em><\/span>\n                <\/span>\n                <strong>Tutco SureHeat &#8211; technol\u00f3gie hor\u00faceho vzduchu<\/strong>\n            <\/a>\n                        <a href=\"https:\/\/www.etto.cz\/sk\/produkty\/vyhrievacie-pasy-objimky\/\" class=\"subitem\">\n                <span class=\"img\">\n                    <img decoding=\"async\" src=\"https:\/\/www.etto.cz\/wp-content\/uploads\/2016\/12\/topne_pasy-153x127.jpg\" alt=\"Vyhrievacie p\u00e1sy (obj\u00edmky)\" loading=\"lazy\" \/>\n                    <span><em>Vyhrievacie p\u00e1sy (obj\u00edmky)<\/em><\/span>\n                <\/span>\n                <strong>Vyhrievacie p\u00e1sy (obj\u00edmky)<\/strong>\n            <\/a>\n                        <a href=\"https:\/\/www.etto.cz\/sk\/telesa-podla-ucelu\/rozpustanie-medu\/\" class=\"subitem\">\n                <span class=\"img\">\n                    <img decoding=\"async\" src=\"https:\/\/www.etto.cz\/wp-content\/uploads\/2016\/12\/tm1-153x135.jpg\" alt=\"Rozp\u00fa\u0161\u0165anie medu\" loading=\"lazy\" \/>\n                    <span><em>Rozp\u00fa\u0161\u0165anie medu<\/em><\/span>\n                <\/span>\n                <strong>Rozp\u00fa\u0161\u0165anie medu<\/strong>\n            <\/a>\n                        <a href=\"https:\/\/www.etto.cz\/sk\/ohrev-latok\/infra-ohrev\/\" class=\"subitem\">\n                <span class=\"img\">\n                    <img decoding=\"async\" src=\"https:\/\/www.etto.cz\/wp-content\/uploads\/2020\/02\/infra_panel-153x153.png\" alt=\"Infra ohrev\" loading=\"lazy\" \/>\n                    <span><em>Infra ohrev<\/em><\/span>\n                <\/span>\n                <strong>Infra ohrev<\/strong>\n            <\/a>\n                        <a href=\"https:\/\/www.etto.cz\/sk\/produkty\/ohrievaci-telesa-s-otvorenym-drotom\/\" class=\"subitem\">\n                <span class=\"img\">\n                    <img decoding=\"async\" src=\"https:\/\/www.etto.cz\/wp-content\/uploads\/2016\/12\/spirala-3-153x124.jpg\" alt=\"Ohrievac\u00ed teles\u00e1 s otvoren\u00fdm dr\u00f4tom (keramick\u00e1, s\u013eudov\u00e1)\" loading=\"lazy\" \/>\n                    <span><em>Ohrievac\u00ed teles\u00e1 s otvoren\u00fdm dr\u00f4tom (keramick\u00e1, s\u013eudov\u00e1)<\/em><\/span>\n                <\/span>\n                <strong>Ohrievac\u00ed teles\u00e1 s otvoren\u00fdm dr\u00f4tom (keramick\u00e1, s\u013eudov\u00e1)<\/strong>\n            <\/a>\n                        <a href=\"https:\/\/www.etto.cz\/sk\/telesa-podla-ucelu\/vyhrievacie-telesa-pre-priemyselne-aplikacie\/\" class=\"subitem\">\n                <span class=\"img\">\n                    <img decoding=\"async\" src=\"https:\/\/www.etto.cz\/wp-content\/uploads\/2016\/12\/ohrev_vzduchu_potrubi-153x153.jpg\" alt=\"Vyhrievacie teles\u00e1 pre priemyseln\u00e9 aplik\u00e1cie\" loading=\"lazy\" \/>\n                    <span><em>Vyhrievacie teles\u00e1 pre priemyseln\u00e9 aplik\u00e1cie<\/em><\/span>\n                <\/span>\n                <strong>Vyhrievacie teles\u00e1 pre priemyseln\u00e9 aplik\u00e1cie<\/strong>\n            <\/a>\n                        <a href=\"https:\/\/www.etto.cz\/sk\/telesa-podla-ucelu\/vyhrievacie-telesa-do-kupelnovych-radiatorov\/\" class=\"subitem\">\n                <span class=\"img\">\n                    <img decoding=\"async\" src=\"https:\/\/www.etto.cz\/wp-content\/uploads\/2016\/12\/z1-153x153.png\" alt=\"Vyhrievacie teles\u00e1 do k\u00fape\u013e\u0148ov\u00fdch radi\u00e1torov\" loading=\"lazy\" \/>\n                    <span><em>Vyhrievacie teles\u00e1 do k\u00fape\u013e\u0148ov\u00fdch radi\u00e1torov<\/em><\/span>\n                <\/span>\n                <strong>Vyhrievacie teles\u00e1 do k\u00fape\u013e\u0148ov\u00fdch radi\u00e1torov<\/strong>\n            <\/a>\n                        <a href=\"https:\/\/www.etto.cz\/sk\/ukazky-z-vyroby\/\" class=\"subitem\">\n                <span class=\"img\">\n                    <img decoding=\"async\" src=\"https:\/\/www.etto.cz\/wp-content\/uploads\/2020\/02\/vyroba-153x153.jpg\" alt=\"Uk\u00e1\u017eky z v\u00fdroby\" loading=\"lazy\" \/>\n                    <span><em>Uk\u00e1\u017eky z v\u00fdroby<\/em><\/span>\n                <\/span>\n                <strong>Uk\u00e1\u017eky z v\u00fdroby<\/strong>\n            <\/a>\n                        <a href=\"https:\/\/www.etto.cz\/sk\/telesa-podla-ucelu\/ohrev-chemickych-roztokov\/\" class=\"subitem\">\n                <span class=\"img\">\n                    <img decoding=\"async\" src=\"https:\/\/www.etto.cz\/wp-content\/uploads\/2025\/04\/popular_3kw-153x96.jpg\" alt=\"Ohrev chemick\u00fdch roztokov (galvanick\u00fdch k\u00fape\u013eov)\" loading=\"lazy\" \/>\n                    <span><em>Ohrev chemick\u00fdch roztokov (galvanick\u00fdch k\u00fape\u013eov)<\/em><\/span>\n                <\/span>\n                <strong>Ohrev chemick\u00fdch roztokov (galvanick\u00fdch k\u00fape\u013eov)<\/strong>\n            <\/a>\n            <\/div>\n","protected":false},"excerpt":{"rendered":"<p>ELEKTRON-Etto, s.r.o.. projektuje a vyr\u00e1ba elektrick\u00e9 vyhrievacie teles\u00e1 pre priemyseln\u00e9, komer\u010dn\u00e9 a \u0161peci\u00e1lne aplik\u00e1cie. &nbsp;<\/p>\n","protected":false},"author":1,"featured_media":0,"parent":0,"menu_order":0,"comment_status":"open","ping_status":"open","template":"_page-menu.php","meta":{"_acf_changed":false,"ngg_post_thumbnail":0,"footnotes":"","_links_to":"","_links_to_target":""},"class_list":["post-3825","page","type-page","status-publish","hentry"],"acf":[],"yoast_head":"<!-- This site is optimized with the Yoast SEO plugin v27.3 - https:\/\/yoast.com\/product\/yoast-seo-wordpress\/ -->\n<title>Elektrick\u00e9 vyhrievacie teles\u00e1 \u2013 produkty | ELEKTRON-ETTO<\/title>\n<meta name=\"description\" content=\"Kompletn\u00e1 ponuka elektrick\u00fdch vyhrievac\u00edch telies. Patr\u00f3ny, trubkov\u00e9 teles\u00e1, vyhrievacie p\u00e1sy a \u010fal\u0161ie produkty ELEKTRON-ETTO.\" \/>\n<meta name=\"robots\" content=\"index, follow, max-snippet:-1, max-image-preview:large, max-video-preview:-1\" \/>\n<link rel=\"canonical\" href=\"https:\/\/www.etto.cz\/sk\/telesa-podla-ucelu\/ohrev-chemickych-roztokov\/\" \/>\n<meta property=\"og:locale\" content=\"sk_SK\" \/>\n<meta property=\"og:type\" content=\"article\" \/>\n<meta property=\"og:title\" content=\"Elektrick\u00e9 vyhrievacie teles\u00e1 \u2013 produkty | ELEKTRON-ETTO\" \/>\n<meta property=\"og:description\" content=\"Kompletn\u00e1 ponuka elektrick\u00fdch vyhrievac\u00edch telies. Patr\u00f3ny, trubkov\u00e9 teles\u00e1, vyhrievacie p\u00e1sy a \u010fal\u0161ie produkty ELEKTRON-ETTO.\" \/>\n<meta property=\"og:url\" content=\"https:\/\/www.etto.cz\/sk\/telesa-podla-ucelu\/ohrev-chemickych-roztokov\/\" \/>\n<meta property=\"og:site_name\" content=\"ETTO\" \/>\n<meta property=\"article:modified_time\" content=\"2025-04-10T07:09:37+00:00\" \/>\n<meta property=\"og:image\" content=\"https:\/\/www.etto.cz\/sk\/wp-content\/gallery\/prumyslova-telesa\/teleso-kotel.jpg\" \/>\n<meta name=\"twitter:card\" content=\"summary_large_image\" \/>\n<script type=\"application\/ld+json\" class=\"yoast-schema-graph\">{\"@context\":\"https:\\\/\\\/schema.org\",\"@graph\":[{\"@type\":\"WebPage\",\"@id\":\"https:\\\/\\\/www.etto.cz\\\/elektricka-topna-telesa\\\/\",\"url\":\"https:\\\/\\\/www.etto.cz\\\/elektricka-topna-telesa\\\/\",\"name\":\"Elektrick\u00e9 vyhrievacie teles\u00e1 \u2013 produkty | ELEKTRON-ETTO\",\"isPartOf\":{\"@id\":\"https:\\\/\\\/www.etto.cz\\\/#website\"},\"datePublished\":\"2018-08-24T12:25:14+00:00\",\"dateModified\":\"2025-04-10T07:09:37+00:00\",\"description\":\"Kompletn\u00e1 ponuka elektrick\u00fdch vyhrievac\u00edch telies. Patr\u00f3ny, trubkov\u00e9 teles\u00e1, vyhrievacie p\u00e1sy a \u010fal\u0161ie produkty ELEKTRON-ETTO.\",\"breadcrumb\":{\"@id\":\"https:\\\/\\\/www.etto.cz\\\/elektricka-topna-telesa\\\/#breadcrumb\"},\"inLanguage\":\"sk-SK\",\"potentialAction\":[{\"@type\":\"ReadAction\",\"target\":[\"https:\\\/\\\/www.etto.cz\\\/elektricka-topna-telesa\\\/\"]}]},{\"@type\":\"BreadcrumbList\",\"@id\":\"https:\\\/\\\/www.etto.cz\\\/elektricka-topna-telesa\\\/#breadcrumb\",\"itemListElement\":[{\"@type\":\"ListItem\",\"position\":1,\"name\":\"Dom\u016f\",\"item\":\"https:\\\/\\\/www.etto.cz\\\/\"},{\"@type\":\"ListItem\",\"position\":2,\"name\":\"V\u00fdroba elektrick\u00fdch vyhrievac\u00edch telies &#8211; produkty\"}]},{\"@type\":\"WebSite\",\"@id\":\"https:\\\/\\\/www.etto.cz\\\/#website\",\"url\":\"https:\\\/\\\/www.etto.cz\\\/\",\"name\":\"ETTO\",\"description\":\"V\u00fdroba elektrick\u00fdch topn\u00fdch t\u011bles\",\"potentialAction\":[{\"@type\":\"SearchAction\",\"target\":{\"@type\":\"EntryPoint\",\"urlTemplate\":\"https:\\\/\\\/www.etto.cz\\\/?s={search_term_string}\"},\"query-input\":{\"@type\":\"PropertyValueSpecification\",\"valueRequired\":true,\"valueName\":\"search_term_string\"}}],\"inLanguage\":\"sk-SK\"}]}<\/script>\n<!-- \/ Yoast SEO plugin. -->","yoast_head_json":{"title":"Elektrick\u00e9 vyhrievacie teles\u00e1 \u2013 produkty | ELEKTRON-ETTO","description":"Kompletn\u00e1 ponuka elektrick\u00fdch vyhrievac\u00edch telies. Patr\u00f3ny, trubkov\u00e9 teles\u00e1, vyhrievacie p\u00e1sy a \u010fal\u0161ie produkty ELEKTRON-ETTO.","robots":{"index":"index","follow":"follow","max-snippet":"max-snippet:-1","max-image-preview":"max-image-preview:large","max-video-preview":"max-video-preview:-1"},"canonical":"https:\/\/www.etto.cz\/sk\/telesa-podla-ucelu\/ohrev-chemickych-roztokov\/","og_locale":"sk_SK","og_type":"article","og_title":"Elektrick\u00e9 vyhrievacie teles\u00e1 \u2013 produkty | ELEKTRON-ETTO","og_description":"Kompletn\u00e1 ponuka elektrick\u00fdch vyhrievac\u00edch telies. Patr\u00f3ny, trubkov\u00e9 teles\u00e1, vyhrievacie p\u00e1sy a \u010fal\u0161ie produkty ELEKTRON-ETTO.","og_url":"https:\/\/www.etto.cz\/sk\/telesa-podla-ucelu\/ohrev-chemickych-roztokov\/","og_site_name":"ETTO","article_modified_time":"2025-04-10T07:09:37+00:00","og_image":[{"url":"https:\/\/www.etto.cz\/sk\/wp-content\/gallery\/prumyslova-telesa\/teleso-kotel.jpg","type":"","width":"","height":""}],"twitter_card":"summary_large_image","schema":{"@context":"https:\/\/schema.org","@graph":[{"@type":"WebPage","@id":"https:\/\/www.etto.cz\/elektricka-topna-telesa\/","url":"https:\/\/www.etto.cz\/elektricka-topna-telesa\/","name":"Elektrick\u00e9 vyhrievacie teles\u00e1 \u2013 produkty | ELEKTRON-ETTO","isPartOf":{"@id":"https:\/\/www.etto.cz\/#website"},"datePublished":"2018-08-24T12:25:14+00:00","dateModified":"2025-04-10T07:09:37+00:00","description":"Kompletn\u00e1 ponuka elektrick\u00fdch vyhrievac\u00edch telies. Patr\u00f3ny, trubkov\u00e9 teles\u00e1, vyhrievacie p\u00e1sy a \u010fal\u0161ie produkty ELEKTRON-ETTO.","breadcrumb":{"@id":"https:\/\/www.etto.cz\/elektricka-topna-telesa\/#breadcrumb"},"inLanguage":"sk-SK","potentialAction":[{"@type":"ReadAction","target":["https:\/\/www.etto.cz\/elektricka-topna-telesa\/"]}]},{"@type":"BreadcrumbList","@id":"https:\/\/www.etto.cz\/elektricka-topna-telesa\/#breadcrumb","itemListElement":[{"@type":"ListItem","position":1,"name":"Dom\u016f","item":"https:\/\/www.etto.cz\/"},{"@type":"ListItem","position":2,"name":"V\u00fdroba elektrick\u00fdch vyhrievac\u00edch telies &#8211; produkty"}]},{"@type":"WebSite","@id":"https:\/\/www.etto.cz\/#website","url":"https:\/\/www.etto.cz\/","name":"ETTO","description":"V\u00fdroba elektrick\u00fdch topn\u00fdch t\u011bles","potentialAction":[{"@type":"SearchAction","target":{"@type":"EntryPoint","urlTemplate":"https:\/\/www.etto.cz\/?s={search_term_string}"},"query-input":{"@type":"PropertyValueSpecification","valueRequired":true,"valueName":"search_term_string"}}],"inLanguage":"sk-SK"}]}},"_links":{"self":[{"href":"https:\/\/www.etto.cz\/sk\/wp-json\/wp\/v2\/pages\/3825","targetHints":{"allow":["GET"]}}],"collection":[{"href":"https:\/\/www.etto.cz\/sk\/wp-json\/wp\/v2\/pages"}],"about":[{"href":"https:\/\/www.etto.cz\/sk\/wp-json\/wp\/v2\/types\/page"}],"author":[{"embeddable":true,"href":"https:\/\/www.etto.cz\/sk\/wp-json\/wp\/v2\/users\/1"}],"replies":[{"embeddable":true,"href":"https:\/\/www.etto.cz\/sk\/wp-json\/wp\/v2\/comments?post=3825"}],"version-history":[{"count":6,"href":"https:\/\/www.etto.cz\/sk\/wp-json\/wp\/v2\/pages\/3825\/revisions"}],"predecessor-version":[{"id":5524,"href":"https:\/\/www.etto.cz\/sk\/wp-json\/wp\/v2\/pages\/3825\/revisions\/5524"}],"wp:attachment":[{"href":"https:\/\/www.etto.cz\/sk\/wp-json\/wp\/v2\/media?parent=3825"}],"curies":[{"name":"wp","href":"https:\/\/api.w.org\/{rel}","templated":true}]}}