{"id":3826,"date":"2018-08-24T13:25:39","date_gmt":"2018-08-24T12:25:39","guid":{"rendered":"http:\/\/www.etto.cz\/vysokozatizene-topne-patrony-s-termoclankem\/"},"modified":"2025-02-04T13:29:35","modified_gmt":"2025-02-04T12:29:35","slug":"vysokozatizene-vyhrievacie-patrony-s-termoclankom","status":"publish","type":"page","link":"https:\/\/www.etto.cz\/sk\/produkty\/vyhrievacie-patrony\/vysokozatizene-vyhrievacie-patrony-s-termoclankom\/","title":{"rendered":"Vysokozat\u00ed\u017een\u00e9 vyhrievacie patr\u00f3ny s termo\u010dl\u00e1nkom a PT100"},"content":{"rendered":"<p style=\"text-align: justify;\">Ak je termo\u010dl\u00e1nok izolovan\u00fd od pl\u00e1\u0161\u0165a vyhrievacie patr\u00f3ny je nutn\u00e9 uzemnenie vyhrievacie patr\u00f3ny na strane regul\u00e1cie. \u0160tandardn\u00e9 sp\u00f4soby umiestnenia termo\u010dl\u00e1nku u vysoko-za\u0165a\u017een\u00fdch patr\u00f3n je zn\u00e1zornen\u00e9 na obr\u00e1zku.<\/p>\n<p>Vykurovacie patr\u00f3ny s priemerom <strong>10 mm alebo viac<\/strong> sa m\u00f4\u017eu vyr\u00e1ba\u0165 so sn\u00edma\u010dom teploty <strong>PT100 umiestnen\u00fdm na za\u010diatku alebo na konci patr\u00f3ny<\/strong>.<\/p>\n<p style=\"text-align: justify;\"><div class='content-column four_fifth'><p style=\"text-align: justify;\"><strong>\u0160tandardn\u00e9 typy termo\u010dl\u00e1nkov:<\/strong><\/p>\n<table>\n<tbody>\n<tr>\n<td>J &#8211;<\/td>\n<td>-20 \u00b0C \u2013 750 \u00b0C<\/td>\n<td>\u017delezo &#8211; magnetick\u00fd&nbsp; \u2013 kladn\u00fd p\u00f3l.<br \/>\nM\u011b\u010f\/nikl &#8211; nemagnetick\u00fd&nbsp; \u2013 z\u00e1porn\u00fd p\u00f3l.<\/td>\n<\/tr>\n<tr>\n<td>K &#8211;<\/td>\n<td>-20 \u00b0C \u2013 1&nbsp;250 \u00b0C<\/td>\n<td>Nikl\/chrom&nbsp;&#8211; nemagnetick\u00fd \u2013&nbsp;&nbsp; kladn\u00fd p\u00f3l.<br \/>\nNikl\/hlin\u00edk&nbsp;&#8211; magnetick\u00fd \u2013 z\u00e1porn\u00fd p\u00f3l.<\/td>\n<\/tr>\n<\/tbody>\n<\/table><\/div><\/p>\n<p>&nbsp;<\/p>\n","protected":false},"excerpt":{"rendered":"<p>Ak je termo\u010dl\u00e1nok izolovan\u00fd od pl\u00e1\u0161\u0165a vyhrievacie patr\u00f3ny je nutn\u00e9 uzemnenie vyhrievacie patr\u00f3ny na strane regul\u00e1cie. \u0160tandardn\u00e9 sp\u00f4soby umiestnenia termo\u010dl\u00e1nku u vysoko-za\u0165a\u017een\u00fdch patr\u00f3n je zn\u00e1zornen\u00e9 &#8230;<\/p>\n","protected":false},"author":1,"featured_media":2408,"parent":3852,"menu_order":0,"comment_status":"open","ping_status":"closed","template":"_page-menu.php","meta":{"_acf_changed":false,"ngg_post_thumbnail":0,"footnotes":"","_links_to":"","_links_to_target":""},"class_list":["post-3826","page","type-page","status-publish","has-post-thumbnail","hentry"],"acf":[],"yoast_head":"<!-- This site is optimized with the Yoast SEO plugin v27.4 - https:\/\/yoast.com\/product\/yoast-seo-wordpress\/ -->\n<title>Patr\u00f3ny s termo\u010dl\u00e1nkom a PT100 | ELEKTRON-ETTO<\/title>\n<meta name=\"description\" content=\"Vysokoza\u0165a\u017een\u00e9 vyhrievacie patr\u00f3ny s integrovan\u00fdm termo\u010dl\u00e1nkom alebo PT100. Presn\u00e1 regul\u00e1cia teploty. ELEKTRON-ETTO.\" \/>\n<meta name=\"robots\" content=\"index, follow, max-snippet:-1, max-image-preview:large, max-video-preview:-1\" \/>\n<link rel=\"canonical\" href=\"https:\/\/www.etto.cz\/sk\/produkty\/vyhrievacie-patrony\/vysokozatizene-vyhrievacie-patrony-s-termoclankom\/\" \/>\n<meta property=\"og:locale\" content=\"sk_SK\" \/>\n<meta property=\"og:type\" content=\"article\" \/>\n<meta property=\"og:title\" content=\"Patr\u00f3ny s termo\u010dl\u00e1nkom a PT100 | ELEKTRON-ETTO\" \/>\n<meta property=\"og:description\" content=\"Vysokoza\u0165a\u017een\u00e9 vyhrievacie patr\u00f3ny s integrovan\u00fdm termo\u010dl\u00e1nkom alebo PT100. Presn\u00e1 regul\u00e1cia teploty. ELEKTRON-ETTO.\" \/>\n<meta property=\"og:url\" content=\"https:\/\/www.etto.cz\/sk\/produkty\/vyhrievacie-patrony\/vysokozatizene-vyhrievacie-patrony-s-termoclankom\/\" \/>\n<meta property=\"og:site_name\" content=\"ETTO\" \/>\n<meta property=\"article:modified_time\" content=\"2025-02-04T12:29:35+00:00\" \/>\n<meta property=\"og:image\" content=\"https:\/\/www.etto.cz\/wp-content\/uploads\/2015\/05\/vysokozatizene-patrony-s-termoclankem.jpg\" \/>\n\t<meta property=\"og:image:width\" content=\"794\" \/>\n\t<meta property=\"og:image:height\" content=\"973\" \/>\n\t<meta property=\"og:image:type\" content=\"image\/jpeg\" \/>\n<meta name=\"twitter:card\" content=\"summary_large_image\" \/>\n<meta name=\"twitter:label1\" content=\"Predpokladan\u00fd \u010das \u010d\u00edtania\" \/>\n\t<meta name=\"twitter:data1\" content=\"1 min\u00fata\" \/>\n<script type=\"application\/ld+json\" class=\"yoast-schema-graph\">{\"@context\":\"https:\\\/\\\/schema.org\",\"@graph\":[{\"@type\":\"WebPage\",\"@id\":\"https:\\\/\\\/www.etto.cz\\\/elektricka-topna-telesa\\\/topne-patrony\\\/vysocezatizene-topne-patrony-s-termoclankem\\\/\",\"url\":\"https:\\\/\\\/www.etto.cz\\\/elektricka-topna-telesa\\\/topne-patrony\\\/vysocezatizene-topne-patrony-s-termoclankem\\\/\",\"name\":\"Patr\u00f3ny s termo\u010dl\u00e1nkom a PT100 | ELEKTRON-ETTO\",\"isPartOf\":{\"@id\":\"https:\\\/\\\/www.etto.cz\\\/#website\"},\"primaryImageOfPage\":{\"@id\":\"https:\\\/\\\/www.etto.cz\\\/elektricka-topna-telesa\\\/topne-patrony\\\/vysocezatizene-topne-patrony-s-termoclankem\\\/#primaryimage\"},\"image\":{\"@id\":\"https:\\\/\\\/www.etto.cz\\\/elektricka-topna-telesa\\\/topne-patrony\\\/vysocezatizene-topne-patrony-s-termoclankem\\\/#primaryimage\"},\"thumbnailUrl\":\"https:\\\/\\\/www.etto.cz\\\/wp-content\\\/uploads\\\/2015\\\/05\\\/vysokozatizene-patrony-s-termoclankem.jpg\",\"datePublished\":\"2018-08-24T12:25:39+00:00\",\"dateModified\":\"2025-02-04T12:29:35+00:00\",\"description\":\"Vysokoza\u0165a\u017een\u00e9 vyhrievacie patr\u00f3ny s integrovan\u00fdm termo\u010dl\u00e1nkom alebo PT100. Presn\u00e1 regul\u00e1cia teploty. ELEKTRON-ETTO.\",\"breadcrumb\":{\"@id\":\"https:\\\/\\\/www.etto.cz\\\/elektricka-topna-telesa\\\/topne-patrony\\\/vysocezatizene-topne-patrony-s-termoclankem\\\/#breadcrumb\"},\"inLanguage\":\"sk-SK\",\"potentialAction\":[{\"@type\":\"ReadAction\",\"target\":[\"https:\\\/\\\/www.etto.cz\\\/elektricka-topna-telesa\\\/topne-patrony\\\/vysocezatizene-topne-patrony-s-termoclankem\\\/\"]}]},{\"@type\":\"ImageObject\",\"inLanguage\":\"sk-SK\",\"@id\":\"https:\\\/\\\/www.etto.cz\\\/elektricka-topna-telesa\\\/topne-patrony\\\/vysocezatizene-topne-patrony-s-termoclankem\\\/#primaryimage\",\"url\":\"https:\\\/\\\/www.etto.cz\\\/wp-content\\\/uploads\\\/2015\\\/05\\\/vysokozatizene-patrony-s-termoclankem.jpg\",\"contentUrl\":\"https:\\\/\\\/www.etto.cz\\\/wp-content\\\/uploads\\\/2015\\\/05\\\/vysokozatizene-patrony-s-termoclankem.jpg\",\"width\":794,\"height\":973},{\"@type\":\"BreadcrumbList\",\"@id\":\"https:\\\/\\\/www.etto.cz\\\/elektricka-topna-telesa\\\/topne-patrony\\\/vysocezatizene-topne-patrony-s-termoclankem\\\/#breadcrumb\",\"itemListElement\":[{\"@type\":\"ListItem\",\"position\":1,\"name\":\"Dom\u016f\",\"item\":\"https:\\\/\\\/www.etto.cz\\\/\"},{\"@type\":\"ListItem\",\"position\":2,\"name\":\"V\u00fdroba elektrick\u00fdch vyhrievac\u00edch telies &#8211; produkty\",\"item\":\"https:\\\/\\\/www.etto.cz\\\/elektricka-topna-telesa\\\/\"},{\"@type\":\"ListItem\",\"position\":3,\"name\":\"Vyhrievacie patr\u00f3ny\",\"item\":\"https:\\\/\\\/www.etto.cz\\\/elektricka-topna-telesa\\\/topne-patrony\\\/\"},{\"@type\":\"ListItem\",\"position\":4,\"name\":\"Vysokozat\u00ed\u017een\u00e9 vyhrievacie patr\u00f3ny s termo\u010dl\u00e1nkom a PT100\"}]},{\"@type\":\"WebSite\",\"@id\":\"https:\\\/\\\/www.etto.cz\\\/#website\",\"url\":\"https:\\\/\\\/www.etto.cz\\\/\",\"name\":\"ETTO\",\"description\":\"V\u00fdroba elektrick\u00fdch topn\u00fdch t\u011bles\",\"potentialAction\":[{\"@type\":\"SearchAction\",\"target\":{\"@type\":\"EntryPoint\",\"urlTemplate\":\"https:\\\/\\\/www.etto.cz\\\/?s={search_term_string}\"},\"query-input\":{\"@type\":\"PropertyValueSpecification\",\"valueRequired\":true,\"valueName\":\"search_term_string\"}}],\"inLanguage\":\"sk-SK\"}]}<\/script>\n<!-- \/ Yoast SEO plugin. -->","yoast_head_json":{"title":"Patr\u00f3ny s termo\u010dl\u00e1nkom a PT100 | ELEKTRON-ETTO","description":"Vysokoza\u0165a\u017een\u00e9 vyhrievacie patr\u00f3ny s integrovan\u00fdm termo\u010dl\u00e1nkom alebo PT100. Presn\u00e1 regul\u00e1cia teploty. ELEKTRON-ETTO.","robots":{"index":"index","follow":"follow","max-snippet":"max-snippet:-1","max-image-preview":"max-image-preview:large","max-video-preview":"max-video-preview:-1"},"canonical":"https:\/\/www.etto.cz\/sk\/produkty\/vyhrievacie-patrony\/vysokozatizene-vyhrievacie-patrony-s-termoclankom\/","og_locale":"sk_SK","og_type":"article","og_title":"Patr\u00f3ny s termo\u010dl\u00e1nkom a PT100 | ELEKTRON-ETTO","og_description":"Vysokoza\u0165a\u017een\u00e9 vyhrievacie patr\u00f3ny s integrovan\u00fdm termo\u010dl\u00e1nkom alebo PT100. Presn\u00e1 regul\u00e1cia teploty. ELEKTRON-ETTO.","og_url":"https:\/\/www.etto.cz\/sk\/produkty\/vyhrievacie-patrony\/vysokozatizene-vyhrievacie-patrony-s-termoclankom\/","og_site_name":"ETTO","article_modified_time":"2025-02-04T12:29:35+00:00","og_image":[{"width":794,"height":973,"url":"https:\/\/www.etto.cz\/wp-content\/uploads\/2015\/05\/vysokozatizene-patrony-s-termoclankem.jpg","type":"image\/jpeg"}],"twitter_card":"summary_large_image","twitter_misc":{"Predpokladan\u00fd \u010das \u010d\u00edtania":"1 min\u00fata"},"schema":{"@context":"https:\/\/schema.org","@graph":[{"@type":"WebPage","@id":"https:\/\/www.etto.cz\/elektricka-topna-telesa\/topne-patrony\/vysocezatizene-topne-patrony-s-termoclankem\/","url":"https:\/\/www.etto.cz\/elektricka-topna-telesa\/topne-patrony\/vysocezatizene-topne-patrony-s-termoclankem\/","name":"Patr\u00f3ny s termo\u010dl\u00e1nkom a PT100 | ELEKTRON-ETTO","isPartOf":{"@id":"https:\/\/www.etto.cz\/#website"},"primaryImageOfPage":{"@id":"https:\/\/www.etto.cz\/elektricka-topna-telesa\/topne-patrony\/vysocezatizene-topne-patrony-s-termoclankem\/#primaryimage"},"image":{"@id":"https:\/\/www.etto.cz\/elektricka-topna-telesa\/topne-patrony\/vysocezatizene-topne-patrony-s-termoclankem\/#primaryimage"},"thumbnailUrl":"https:\/\/www.etto.cz\/wp-content\/uploads\/2015\/05\/vysokozatizene-patrony-s-termoclankem.jpg","datePublished":"2018-08-24T12:25:39+00:00","dateModified":"2025-02-04T12:29:35+00:00","description":"Vysokoza\u0165a\u017een\u00e9 vyhrievacie patr\u00f3ny s integrovan\u00fdm termo\u010dl\u00e1nkom alebo PT100. Presn\u00e1 regul\u00e1cia teploty. ELEKTRON-ETTO.","breadcrumb":{"@id":"https:\/\/www.etto.cz\/elektricka-topna-telesa\/topne-patrony\/vysocezatizene-topne-patrony-s-termoclankem\/#breadcrumb"},"inLanguage":"sk-SK","potentialAction":[{"@type":"ReadAction","target":["https:\/\/www.etto.cz\/elektricka-topna-telesa\/topne-patrony\/vysocezatizene-topne-patrony-s-termoclankem\/"]}]},{"@type":"ImageObject","inLanguage":"sk-SK","@id":"https:\/\/www.etto.cz\/elektricka-topna-telesa\/topne-patrony\/vysocezatizene-topne-patrony-s-termoclankem\/#primaryimage","url":"https:\/\/www.etto.cz\/wp-content\/uploads\/2015\/05\/vysokozatizene-patrony-s-termoclankem.jpg","contentUrl":"https:\/\/www.etto.cz\/wp-content\/uploads\/2015\/05\/vysokozatizene-patrony-s-termoclankem.jpg","width":794,"height":973},{"@type":"BreadcrumbList","@id":"https:\/\/www.etto.cz\/elektricka-topna-telesa\/topne-patrony\/vysocezatizene-topne-patrony-s-termoclankem\/#breadcrumb","itemListElement":[{"@type":"ListItem","position":1,"name":"Dom\u016f","item":"https:\/\/www.etto.cz\/"},{"@type":"ListItem","position":2,"name":"V\u00fdroba elektrick\u00fdch vyhrievac\u00edch telies &#8211; produkty","item":"https:\/\/www.etto.cz\/elektricka-topna-telesa\/"},{"@type":"ListItem","position":3,"name":"Vyhrievacie patr\u00f3ny","item":"https:\/\/www.etto.cz\/elektricka-topna-telesa\/topne-patrony\/"},{"@type":"ListItem","position":4,"name":"Vysokozat\u00ed\u017een\u00e9 vyhrievacie patr\u00f3ny s termo\u010dl\u00e1nkom a PT100"}]},{"@type":"WebSite","@id":"https:\/\/www.etto.cz\/#website","url":"https:\/\/www.etto.cz\/","name":"ETTO","description":"V\u00fdroba elektrick\u00fdch topn\u00fdch t\u011bles","potentialAction":[{"@type":"SearchAction","target":{"@type":"EntryPoint","urlTemplate":"https:\/\/www.etto.cz\/?s={search_term_string}"},"query-input":{"@type":"PropertyValueSpecification","valueRequired":true,"valueName":"search_term_string"}}],"inLanguage":"sk-SK"}]}},"_links":{"self":[{"href":"https:\/\/www.etto.cz\/sk\/wp-json\/wp\/v2\/pages\/3826","targetHints":{"allow":["GET"]}}],"collection":[{"href":"https:\/\/www.etto.cz\/sk\/wp-json\/wp\/v2\/pages"}],"about":[{"href":"https:\/\/www.etto.cz\/sk\/wp-json\/wp\/v2\/types\/page"}],"author":[{"embeddable":true,"href":"https:\/\/www.etto.cz\/sk\/wp-json\/wp\/v2\/users\/1"}],"replies":[{"embeddable":true,"href":"https:\/\/www.etto.cz\/sk\/wp-json\/wp\/v2\/comments?post=3826"}],"version-history":[{"count":2,"href":"https:\/\/www.etto.cz\/sk\/wp-json\/wp\/v2\/pages\/3826\/revisions"}],"predecessor-version":[{"id":5237,"href":"https:\/\/www.etto.cz\/sk\/wp-json\/wp\/v2\/pages\/3826\/revisions\/5237"}],"up":[{"embeddable":true,"href":"https:\/\/www.etto.cz\/sk\/wp-json\/wp\/v2\/pages\/3852"}],"wp:featuredmedia":[{"embeddable":true,"href":"https:\/\/www.etto.cz\/sk\/wp-json\/wp\/v2\/media\/2408"}],"wp:attachment":[{"href":"https:\/\/www.etto.cz\/sk\/wp-json\/wp\/v2\/media?parent=3826"}],"curies":[{"name":"wp","href":"https:\/\/api.w.org\/{rel}","templated":true}]}}