{"id":3827,"date":"2018-08-24T13:25:58","date_gmt":"2018-08-24T12:25:58","guid":{"rendered":"http:\/\/www.etto.cz\/ke-stazeni\/"},"modified":"2025-06-19T12:14:02","modified_gmt":"2025-06-19T11:14:02","slug":"na-stiahnutie","status":"publish","type":"page","link":"https:\/\/www.etto.cz\/sk\/na-stiahnutie\/","title":{"rendered":"Na stiahnutie"},"content":{"rendered":"<h2>Obchodn\u00ed podm\u00ednky<\/h2>\n<p><a href=\"https:\/\/www.etto.cz\/wp-content\/uploads\/2018\/06\/etto_vseobecne_obchodni_podminky.pdf\" target=\"_blank\" rel=\"noopener noreferrer\"><img loading=\"lazy\" decoding=\"async\" class=\"alignnone wp-image-3254 size-full\" src=\"http:\/\/www.etto.cz\/wp-content\/uploads\/2018\/05\/pdf-e1527166728716.png\" alt=\"\" width=\"24\" height=\"24\"><\/a> <a href=\"https:\/\/www.etto.cz\/wp-content\/uploads\/2018\/06\/etto_vseobecne_obchodni_podminky.pdf\" target=\"_blank\" rel=\"noopener noreferrer\">V\u0161eobecn\u00e9 obchodn\u00ed podm\u00ednky &#8211; 01.06.2018 <\/a><\/p>\n<h2>Certifik\u00e1ty<\/h2>\n<p><a href=\"https:\/\/www.etto.cz\/wp-content\/uploads\/2015\/10\/statni-zkusebna-zemedelskych-potravinarskych-a-lesnickych-strojum-a.s.-certifikat-na-elektricke-topne-teleso-typ-1373xxx-100-1500w.pdf\" target=\"_blank\" rel=\"noopener noreferrer\"><img loading=\"lazy\" decoding=\"async\" class=\"alignnone wp-image-3254 size-full\" src=\"http:\/\/www.etto.cz\/wp-content\/uploads\/2018\/05\/pdf-e1527166728716.png\" alt=\"\" width=\"24\" height=\"24\"><\/a>&nbsp;<a href=\"https:\/\/www.etto.cz\/wp-content\/uploads\/2015\/10\/statni-zkusebna-zemedelskych-potravinarskych-a-lesnickych-strojum-a.s.-certifikat-na-elektricke-topne-teleso-typ-1373xxx-100-1500w.pdf\" target=\"_blank\" rel=\"noopener noreferrer\">Certifik\u00e1t na Elektrick\u00e9 topn\u00e9 t\u011bleso typ 1373\/xxx (100-1500w) <\/a><br \/>\n<a href=\"https:\/\/www.etto.cz\/wp-content\/uploads\/2015\/10\/statni-zkusebna-zemedelskych-potravinarskych-a-lesnickych-strojum-a.s.-elektricke-topne-teleso-s-termostatem-typ-24-12-kw.pdf\" target=\"_blank\" rel=\"noopener noreferrer\"><img loading=\"lazy\" decoding=\"async\" class=\"alignnone wp-image-3254 size-full\" src=\"http:\/\/www.etto.cz\/wp-content\/uploads\/2018\/05\/pdf-e1527166728716.png\" alt=\"\" width=\"24\" height=\"24\"><\/a> <a href=\"https:\/\/www.etto.cz\/wp-content\/uploads\/2015\/10\/statni-zkusebna-zemedelskych-potravinarskych-a-lesnickych-strojum-a.s.-elektricke-topne-teleso-s-termostatem-typ-24-12-kw.pdf\" target=\"_blank\" rel=\"noopener noreferrer\">Elektrick\u00e9 topn\u00e9 t\u011bleso s termostatem typ 2,4 &#8211; 12 kW <\/a><br \/>\n<a href=\"https:\/\/www.etto.cz\/wp-content\/uploads\/2015\/10\/protokol-o-zkousce.pdf\" target=\"_blank\" rel=\"noopener noreferrer\"><img loading=\"lazy\" decoding=\"async\" class=\"alignnone wp-image-3254 size-full\" src=\"http:\/\/www.etto.cz\/wp-content\/uploads\/2018\/05\/pdf-e1527166728716.png\" alt=\"\" width=\"24\" height=\"24\"><\/a> <a href=\"https:\/\/www.etto.cz\/wp-content\/uploads\/2015\/10\/protokol-o-zkousce.pdf\" target=\"_blank\" rel=\"noopener noreferrer\">Protokol o zkou\u0161ce \u010d. 39-10015\/A\/IP <\/a><br \/>\n<a href=\"http:\/\/www.etto.cz\/wp-content\/uploads\/2015\/05\/iso-etto-9001.pdf\" target=\"_blank\" rel=\"noopener noreferrer\"><img loading=\"lazy\" decoding=\"async\" class=\"alignnone wp-image-3254 size-full\" src=\"http:\/\/www.etto.cz\/wp-content\/uploads\/2018\/05\/pdf-e1527166728716.png\" alt=\"\" width=\"24\" height=\"24\"><\/a> <a href=\"https:\/\/www.etto.cz\/wp-content\/uploads\/2023\/11\/iso-9001_elektron-etto-s.r.o._2023_en.pdf\" target=\"_blank\" rel=\"noopener noreferrer\">Certifik\u00e1t ISO 9001<\/a><br \/>\n<a href=\"https:\/\/www.etto.cz\/wp-content\/uploads\/2017\/09\/kryt-ip-65.pdf\" target=\"_blank\" rel=\"noopener noreferrer\"><img loading=\"lazy\" decoding=\"async\" class=\"alignnone wp-image-3254 size-full\" src=\"http:\/\/www.etto.cz\/wp-content\/uploads\/2018\/05\/pdf-e1527166728716.png\" alt=\"\" width=\"24\" height=\"24\"><\/a> <a href=\"https:\/\/www.etto.cz\/wp-content\/uploads\/2017\/09\/kryt-ip-65.pdf\" target=\"_blank\" rel=\"noopener noreferrer\">Certifik\u00e1t krytu IP 65 &#8211; CZ<\/a><br \/>\n<a href=\"https:\/\/www.etto.cz\/wp-content\/uploads\/2017\/10\/kryt-ip-65-en.pdf\" target=\"_blank\" rel=\"noopener noreferrer\"><img loading=\"lazy\" decoding=\"async\" class=\"alignnone wp-image-3254 size-full\" src=\"http:\/\/www.etto.cz\/wp-content\/uploads\/2018\/05\/pdf-e1527166728716.png\" alt=\"\" width=\"24\" height=\"24\"><\/a> <a href=\"https:\/\/www.etto.cz\/wp-content\/uploads\/2017\/10\/kryt-ip-65-en.pdf\">Certifik\u00e1t krytu IP 65 &#8211; EN<\/a><br \/>\n<a href=\"https:\/\/www.etto.cz\/wp-content\/uploads\/2017\/10\/kryt-ip-65-de.pdf\" target=\"_blank\" rel=\"noopener noreferrer\"><img loading=\"lazy\" decoding=\"async\" class=\"alignnone wp-image-3254 size-full\" src=\"http:\/\/www.etto.cz\/wp-content\/uploads\/2018\/05\/pdf-e1527166728716.png\" alt=\"\" width=\"24\" height=\"24\"><\/a> <a href=\"https:\/\/www.etto.cz\/wp-content\/uploads\/2017\/10\/kryt-ip-65-de.pdf\">Certifik\u00e1t krytu IP 65 &#8211; DE<\/a><br \/>\n<a href=\"http:\/\/www.etto.cz\/wp-content\/uploads\/2020\/01\/ceske_drahy_osvedceni.pdf\" target=\"_blank\" rel=\"noopener noreferrer\"><img loading=\"lazy\" decoding=\"async\" class=\"alignnone wp-image-3254 size-full\" src=\"http:\/\/www.etto.cz\/wp-content\/uploads\/2018\/05\/pdf-e1527166728716.png\" alt=\"\" width=\"24\" height=\"24\"><\/a> <a href=\"https:\/\/www.etto.cz\/wp-content\/uploads\/2023\/11\/cd_osvedceni_2022.pdf\" target=\"_blank\" rel=\"noopener noreferrer\">\u010cesk\u00e9 dr\u00e1hy &#8211; osv\u011bd\u010den\u00ed <\/a><br \/>\n<a href=\"http:\/\/www.etto.cz\/wp-content\/uploads\/2020\/01\/zeleznicna-spolecnost-sk_potvrdenie.pdf\" target=\"_blank\" rel=\"noopener noreferrer\"><img loading=\"lazy\" decoding=\"async\" class=\"alignnone wp-image-3254 size-full\" src=\"http:\/\/www.etto.cz\/wp-content\/uploads\/2018\/05\/pdf-e1527166728716.png\" alt=\"\" width=\"24\" height=\"24\"><\/a> <a href=\"https:\/\/www.etto.cz\/wp-content\/uploads\/2025\/06\/zs_sk_2024.pdf\" target=\"_blank\" rel=\"noopener noreferrer\">\u017delezni\u010dn\u00e1 spolo\u010dnos\u0165 &#8211; potvrdenie<\/a><\/p>\n<h2>Ostatn\u00ed<\/h2>\n<p><a href=\"https:\/\/www.etto.cz\/wp-content\/uploads\/2018\/05\/doporuceni-pro-uzivani-topnych-patron-1.pdf\" target=\"_blank\" rel=\"noopener noreferrer\"><img loading=\"lazy\" decoding=\"async\" class=\"alignnone wp-image-3254 size-full\" src=\"http:\/\/www.etto.cz\/wp-content\/uploads\/2018\/05\/pdf-e1527166728716.png\" alt=\"\" width=\"24\" height=\"24\"><\/a> <a href=\"https:\/\/www.etto.cz\/wp-content\/uploads\/2018\/05\/doporuceni-pro-uzivani-topnych-patron-1.pdf\" target=\"_blank\" rel=\"noopener noreferrer\">Doporu\u010den\u00ed pro u\u017e\u00edv\u00e1n\u00ed topn\u00fdch patron<\/a><br \/>\n<a href=\"http:\/\/www.etto.cz\/wp-content\/uploads\/2015\/05\/elektricke-ukonceni-trubkovych-topnych-tyci.pdf\" target=\"_blank\" rel=\"noopener noreferrer\"><img loading=\"lazy\" decoding=\"async\" class=\"alignnone wp-image-3254 size-full\" src=\"http:\/\/www.etto.cz\/wp-content\/uploads\/2018\/05\/pdf-e1527166728716.png\" alt=\"\" width=\"24\" height=\"24\"><\/a> <a href=\"https:\/\/www.etto.cz\/wp-content\/uploads\/2020\/01\/el.ukonceni_19.12.2019.pdf\" target=\"_blank\" rel=\"noopener noreferrer\">Elektrick\u00e9 ukon\u010den\u00ed trubkov\u00fdch topn\u00fdch ty\u010d\u00ed<\/a><br \/>\n<a href=\"https:\/\/www.etto.cz\/wp-content\/uploads\/2017\/06\/katalog_ohrev_plynu.pdf\" target=\"_blank\" rel=\"noopener noreferrer\"><img loading=\"lazy\" decoding=\"async\" class=\"alignnone wp-image-3254 size-full\" src=\"http:\/\/www.etto.cz\/wp-content\/uploads\/2018\/05\/pdf-e1527166728716.png\" alt=\"\" width=\"24\" height=\"24\"><\/a> <a href=\"https:\/\/www.etto.cz\/wp-content\/uploads\/2017\/06\/katalog_ohrev_plynu.pdf\" target=\"_blank\" rel=\"noopener noreferrer\">Katalog t\u011bles na oh\u0159ev plyn\u016f<\/a><br \/>\n<a href=\"http:\/\/www.etto.cz\/wp-content\/uploads\/2017\/06\/katalog_ohrev_kapalin.pdf\" target=\"_blank\" rel=\"noopener noreferrer\"><img loading=\"lazy\" decoding=\"async\" class=\"alignnone wp-image-3254 size-full\" src=\"http:\/\/www.etto.cz\/wp-content\/uploads\/2018\/05\/pdf-e1527166728716.png\" alt=\"\" width=\"24\" height=\"24\"><\/a> <a href=\"https:\/\/www.etto.cz\/wp-content\/uploads\/2018\/10\/katalog_ohrev_kapalin_17.10.2018.pdf\" target=\"_blank\" rel=\"noopener noreferrer\">Katalog t\u011bles na oh\u0159ev&nbsp;kapalin<\/a><br \/>\n<a href=\"https:\/\/www.etto.cz\/wp-content\/uploads\/2016\/12\/doporuceni-ohledne-regulace-teploty-.pdf\" target=\"_blank\" rel=\"noopener noreferrer\"><img loading=\"lazy\" decoding=\"async\" class=\"alignnone wp-image-3254 size-full\" src=\"http:\/\/www.etto.cz\/wp-content\/uploads\/2018\/05\/pdf-e1527166728716.png\" alt=\"\" width=\"24\" height=\"24\"> <\/a><a href=\"https:\/\/www.etto.cz\/wp-content\/uploads\/2016\/12\/doporuceni-ohledne-regulace-teploty-.pdf\" target=\"_blank\" rel=\"noopener noreferrer\">Doporu\u010den\u00ed ohledn\u011b regulace teploty<\/a><br \/>\n<a href=\"https:\/\/www.etto.cz\/wp-content\/uploads\/2018\/08\/chranime-vase-udaje-gdpr.pdf\" target=\"_blank\" rel=\"noopener noreferrer\"><img loading=\"lazy\" decoding=\"async\" class=\"alignnone wp-image-3254 size-full\" src=\"http:\/\/www.etto.cz\/wp-content\/uploads\/2018\/05\/pdf-e1527166728716.png\" alt=\"\" width=\"24\" height=\"24\"> <\/a><a href=\"https:\/\/www.etto.cz\/wp-content\/uploads\/2018\/08\/chranime-vase-udaje-gdpr.pdf\" target=\"_blank\" rel=\"noopener noreferrer\">Chr\u00e1n\u00edme va\u0161e \u00fadaje &#8211; GDPR<\/a><\/p>\n","protected":false},"excerpt":{"rendered":"<p>Obchodn\u00ed podm\u00ednky V\u0161eobecn\u00e9 obchodn\u00ed podm\u00ednky &#8211; 01.06.2018 Certifik\u00e1ty &nbsp;Certifik\u00e1t na Elektrick\u00e9 topn\u00e9 t\u011bleso typ 1373\/xxx (100-1500w) Elektrick\u00e9 topn\u00e9 t\u011bleso s termostatem typ 2,4 &#8211; 12 &#8230;<\/p>\n","protected":false},"author":1,"featured_media":0,"parent":0,"menu_order":0,"comment_status":"open","ping_status":"open","template":"","meta":{"_acf_changed":false,"ngg_post_thumbnail":0,"footnotes":"","_links_to":"","_links_to_target":""},"class_list":["post-3827","page","type-page","status-publish","hentry"],"acf":[],"yoast_head":"<!-- This site is optimized with the Yoast SEO plugin v27.5 - https:\/\/yoast.com\/product\/yoast-seo-wordpress\/ -->\n<title>Na stiahnutie \u2013 katal\u00f3gy a dokumenty | ELEKTRON-ETTO<\/title>\n<meta name=\"description\" content=\"Stiahnite si katal\u00f3gy a technick\u00e9 dokumenty k vyhrievac\u00edm teles\u00e1m ELEKTRON-ETTO. Patr\u00f3ny, trubkov\u00e9 teles\u00e1, p\u00e1sy.\" \/>\n<meta name=\"robots\" content=\"index, follow, max-snippet:-1, max-image-preview:large, max-video-preview:-1\" \/>\n<link rel=\"canonical\" href=\"https:\/\/www.etto.cz\/sk\/na-stiahnutie\/\" \/>\n<meta property=\"og:locale\" content=\"sk_SK\" \/>\n<meta property=\"og:type\" content=\"article\" \/>\n<meta property=\"og:title\" content=\"Na stiahnutie \u2013 katal\u00f3gy a dokumenty | ELEKTRON-ETTO\" \/>\n<meta property=\"og:description\" content=\"Stiahnite si katal\u00f3gy a technick\u00e9 dokumenty k vyhrievac\u00edm teles\u00e1m ELEKTRON-ETTO. Patr\u00f3ny, trubkov\u00e9 teles\u00e1, p\u00e1sy.\" \/>\n<meta property=\"og:url\" content=\"https:\/\/www.etto.cz\/sk\/na-stiahnutie\/\" \/>\n<meta property=\"og:site_name\" content=\"ETTO\" \/>\n<meta property=\"article:modified_time\" content=\"2025-06-19T11:14:02+00:00\" \/>\n<meta property=\"og:image\" content=\"https:\/\/www.etto.cz\/wp-content\/uploads\/2018\/05\/pdf-e1527166728716.png\" \/>\n\t<meta property=\"og:image:width\" content=\"24\" \/>\n\t<meta property=\"og:image:height\" content=\"24\" \/>\n\t<meta property=\"og:image:type\" content=\"image\/png\" \/>\n<meta name=\"twitter:card\" content=\"summary_large_image\" \/>\n<meta name=\"twitter:label1\" content=\"Predpokladan\u00fd \u010das \u010d\u00edtania\" \/>\n\t<meta name=\"twitter:data1\" content=\"4 min\u00faty\" \/>\n<script type=\"application\/ld+json\" class=\"yoast-schema-graph\">{\"@context\":\"https:\\\/\\\/schema.org\",\"@graph\":[{\"@type\":\"WebPage\",\"@id\":\"https:\\\/\\\/www.etto.cz\\\/ke-stazeni\\\/\",\"url\":\"https:\\\/\\\/www.etto.cz\\\/ke-stazeni\\\/\",\"name\":\"Na stiahnutie \u2013 katal\u00f3gy a dokumenty | ELEKTRON-ETTO\",\"isPartOf\":{\"@id\":\"https:\\\/\\\/www.etto.cz\\\/#website\"},\"primaryImageOfPage\":{\"@id\":\"https:\\\/\\\/www.etto.cz\\\/ke-stazeni\\\/#primaryimage\"},\"image\":{\"@id\":\"https:\\\/\\\/www.etto.cz\\\/ke-stazeni\\\/#primaryimage\"},\"thumbnailUrl\":\"http:\\\/\\\/www.etto.cz\\\/wp-content\\\/uploads\\\/2018\\\/05\\\/pdf-e1527166728716.png\",\"datePublished\":\"2018-08-24T12:25:58+00:00\",\"dateModified\":\"2025-06-19T11:14:02+00:00\",\"description\":\"Stiahnite si katal\u00f3gy a technick\u00e9 dokumenty k vyhrievac\u00edm teles\u00e1m ELEKTRON-ETTO. Patr\u00f3ny, trubkov\u00e9 teles\u00e1, p\u00e1sy.\",\"breadcrumb\":{\"@id\":\"https:\\\/\\\/www.etto.cz\\\/ke-stazeni\\\/#breadcrumb\"},\"inLanguage\":\"sk-SK\",\"potentialAction\":[{\"@type\":\"ReadAction\",\"target\":[\"https:\\\/\\\/www.etto.cz\\\/ke-stazeni\\\/\"]}]},{\"@type\":\"ImageObject\",\"inLanguage\":\"sk-SK\",\"@id\":\"https:\\\/\\\/www.etto.cz\\\/ke-stazeni\\\/#primaryimage\",\"url\":\"http:\\\/\\\/www.etto.cz\\\/wp-content\\\/uploads\\\/2018\\\/05\\\/pdf-e1527166728716.png\",\"contentUrl\":\"http:\\\/\\\/www.etto.cz\\\/wp-content\\\/uploads\\\/2018\\\/05\\\/pdf-e1527166728716.png\"},{\"@type\":\"BreadcrumbList\",\"@id\":\"https:\\\/\\\/www.etto.cz\\\/ke-stazeni\\\/#breadcrumb\",\"itemListElement\":[{\"@type\":\"ListItem\",\"position\":1,\"name\":\"Dom\u016f\",\"item\":\"https:\\\/\\\/www.etto.cz\\\/\"},{\"@type\":\"ListItem\",\"position\":2,\"name\":\"Na stiahnutie\"}]},{\"@type\":\"WebSite\",\"@id\":\"https:\\\/\\\/www.etto.cz\\\/#website\",\"url\":\"https:\\\/\\\/www.etto.cz\\\/\",\"name\":\"ETTO\",\"description\":\"V\u00fdroba elektrick\u00fdch topn\u00fdch t\u011bles\",\"potentialAction\":[{\"@type\":\"SearchAction\",\"target\":{\"@type\":\"EntryPoint\",\"urlTemplate\":\"https:\\\/\\\/www.etto.cz\\\/?s={search_term_string}\"},\"query-input\":{\"@type\":\"PropertyValueSpecification\",\"valueRequired\":true,\"valueName\":\"search_term_string\"}}],\"inLanguage\":\"sk-SK\"}]}<\/script>\n<!-- \/ Yoast SEO plugin. -->","yoast_head_json":{"title":"Na stiahnutie \u2013 katal\u00f3gy a dokumenty | ELEKTRON-ETTO","description":"Stiahnite si katal\u00f3gy a technick\u00e9 dokumenty k vyhrievac\u00edm teles\u00e1m ELEKTRON-ETTO. Patr\u00f3ny, trubkov\u00e9 teles\u00e1, p\u00e1sy.","robots":{"index":"index","follow":"follow","max-snippet":"max-snippet:-1","max-image-preview":"max-image-preview:large","max-video-preview":"max-video-preview:-1"},"canonical":"https:\/\/www.etto.cz\/sk\/na-stiahnutie\/","og_locale":"sk_SK","og_type":"article","og_title":"Na stiahnutie \u2013 katal\u00f3gy a dokumenty | ELEKTRON-ETTO","og_description":"Stiahnite si katal\u00f3gy a technick\u00e9 dokumenty k vyhrievac\u00edm teles\u00e1m ELEKTRON-ETTO. Patr\u00f3ny, trubkov\u00e9 teles\u00e1, p\u00e1sy.","og_url":"https:\/\/www.etto.cz\/sk\/na-stiahnutie\/","og_site_name":"ETTO","article_modified_time":"2025-06-19T11:14:02+00:00","og_image":[{"width":24,"height":24,"url":"https:\/\/www.etto.cz\/wp-content\/uploads\/2018\/05\/pdf-e1527166728716.png","type":"image\/png"}],"twitter_card":"summary_large_image","twitter_misc":{"Predpokladan\u00fd \u010das \u010d\u00edtania":"4 min\u00faty"},"schema":{"@context":"https:\/\/schema.org","@graph":[{"@type":"WebPage","@id":"https:\/\/www.etto.cz\/ke-stazeni\/","url":"https:\/\/www.etto.cz\/ke-stazeni\/","name":"Na stiahnutie \u2013 katal\u00f3gy a dokumenty | ELEKTRON-ETTO","isPartOf":{"@id":"https:\/\/www.etto.cz\/#website"},"primaryImageOfPage":{"@id":"https:\/\/www.etto.cz\/ke-stazeni\/#primaryimage"},"image":{"@id":"https:\/\/www.etto.cz\/ke-stazeni\/#primaryimage"},"thumbnailUrl":"http:\/\/www.etto.cz\/wp-content\/uploads\/2018\/05\/pdf-e1527166728716.png","datePublished":"2018-08-24T12:25:58+00:00","dateModified":"2025-06-19T11:14:02+00:00","description":"Stiahnite si katal\u00f3gy a technick\u00e9 dokumenty k vyhrievac\u00edm teles\u00e1m ELEKTRON-ETTO. Patr\u00f3ny, trubkov\u00e9 teles\u00e1, p\u00e1sy.","breadcrumb":{"@id":"https:\/\/www.etto.cz\/ke-stazeni\/#breadcrumb"},"inLanguage":"sk-SK","potentialAction":[{"@type":"ReadAction","target":["https:\/\/www.etto.cz\/ke-stazeni\/"]}]},{"@type":"ImageObject","inLanguage":"sk-SK","@id":"https:\/\/www.etto.cz\/ke-stazeni\/#primaryimage","url":"http:\/\/www.etto.cz\/wp-content\/uploads\/2018\/05\/pdf-e1527166728716.png","contentUrl":"http:\/\/www.etto.cz\/wp-content\/uploads\/2018\/05\/pdf-e1527166728716.png"},{"@type":"BreadcrumbList","@id":"https:\/\/www.etto.cz\/ke-stazeni\/#breadcrumb","itemListElement":[{"@type":"ListItem","position":1,"name":"Dom\u016f","item":"https:\/\/www.etto.cz\/"},{"@type":"ListItem","position":2,"name":"Na stiahnutie"}]},{"@type":"WebSite","@id":"https:\/\/www.etto.cz\/#website","url":"https:\/\/www.etto.cz\/","name":"ETTO","description":"V\u00fdroba elektrick\u00fdch topn\u00fdch t\u011bles","potentialAction":[{"@type":"SearchAction","target":{"@type":"EntryPoint","urlTemplate":"https:\/\/www.etto.cz\/?s={search_term_string}"},"query-input":{"@type":"PropertyValueSpecification","valueRequired":true,"valueName":"search_term_string"}}],"inLanguage":"sk-SK"}]}},"_links":{"self":[{"href":"https:\/\/www.etto.cz\/sk\/wp-json\/wp\/v2\/pages\/3827","targetHints":{"allow":["GET"]}}],"collection":[{"href":"https:\/\/www.etto.cz\/sk\/wp-json\/wp\/v2\/pages"}],"about":[{"href":"https:\/\/www.etto.cz\/sk\/wp-json\/wp\/v2\/types\/page"}],"author":[{"embeddable":true,"href":"https:\/\/www.etto.cz\/sk\/wp-json\/wp\/v2\/users\/1"}],"replies":[{"embeddable":true,"href":"https:\/\/www.etto.cz\/sk\/wp-json\/wp\/v2\/comments?post=3827"}],"version-history":[{"count":7,"href":"https:\/\/www.etto.cz\/sk\/wp-json\/wp\/v2\/pages\/3827\/revisions"}],"predecessor-version":[{"id":5675,"href":"https:\/\/www.etto.cz\/sk\/wp-json\/wp\/v2\/pages\/3827\/revisions\/5675"}],"wp:attachment":[{"href":"https:\/\/www.etto.cz\/sk\/wp-json\/wp\/v2\/media?parent=3827"}],"curies":[{"name":"wp","href":"https:\/\/api.w.org\/{rel}","templated":true}]}}