{"id":3833,"date":"2018-08-24T13:27:53","date_gmt":"2018-08-24T12:27:53","guid":{"rendered":"http:\/\/www.etto.cz\/kontakt\/"},"modified":"2025-01-22T08:41:08","modified_gmt":"2025-01-22T07:41:08","slug":"kontakt","status":"publish","type":"page","link":"https:\/\/www.etto.cz\/sk\/kontakt\/","title":{"rendered":"Kontakt"},"content":{"rendered":"<div class='content-column one_fourth'><h3>ELEKTRON-ETTO, s.r.o.<\/h3>\n<p>\u0160koln\u00ed 185<br \/>\n753 66&nbsp; Hustope\u010de nad Be\u010dvou<\/p>\n<p><strong>Telefon:<\/strong> +420 581 626 366<br \/>\n<strong>E-mail<\/strong>: <a href=\"mailto:info@etto.cz\" target=\"_blank\" rel=\"noopener\">info@etto.cz<\/a><\/p>\n<p><strong>ELEKTRON-ETTO, s.r.o.<\/strong><br \/>\nI\u010cO: 26906040<br \/>\nDI\u010c: cz26906040<\/p>\n<h3>Mapa<\/h3>\n<p><iframe loading=\"lazy\" style=\"border: none;\" src=\"https:\/\/frame.mapy.cz\/s\/puvefebade\" width=\"450\" height=\"280\" frameborder=\"0\"><\/iframe><\/p>\n<p><a href=\"https:\/\/mapy.cz\/zakladni?planovani-trasy&amp;x=17.8682389&amp;y=49.5307299&amp;z=18&amp;rc=9oqnPxU7ff&amp;rs=&amp;rs=addr&amp;ri=&amp;ri=10136216&amp;mrp=&amp;mrp=%7B%22c%22%3A1%2C%22tt%22%3A1%7D&amp;rt=&amp;rt=\" target=\"_blank\" rel=\"noopener\">Tu si m\u00f4\u017eete napl\u00e1nova\u0165 trasu k n\u00e1m.<\/a><\/p><\/div>\n<div class='content-column one_fourth'><p>&nbsp;<\/p><\/div>\n<div class='content-column one_half'><h3 style=\"color: #d91c14;\">N\u00e1vrh a v\u00fdroba topn\u00fdch t\u011bles<\/h3>\n<p>&nbsp; &nbsp; &nbsp; Na z\u00e1klade va\u0161ich podkladov, v\u00fdkresovej dokument\u00e1cie, dodan\u00e9ho aj nefunk\u010dn\u00e9ho vzorky pre v\u00e1s navrhneme a vyrob\u00edme vykurovacie teles\u00e1 presne na mieru. Kontaktujte n\u00e1s cez webov\u00fd formul\u00e1r, e-mailom alebo telefonicky na \u010d\u00edsle +420 581 626 366.<\/p>\n<h3>Kontaktn\u00fd formul\u00e1r<\/h3>\n\n<div class=\"wpcf7 no-js\" id=\"wpcf7-f5051-o1\" lang=\"\" dir=\"ltr\" data-wpcf7-id=\"5051\">\n<div class=\"screen-reader-response\"><p role=\"status\" aria-live=\"polite\" aria-atomic=\"true\"><\/p> <ul><\/ul><\/div>\n<form action=\"\/sk\/wp-json\/wp\/v2\/pages\/3833#wpcf7-f5051-o1\" method=\"post\" class=\"wpcf7-form init\" aria-label=\"Kontaktn\u00fd formul\u00e1r\" novalidate=\"novalidate\" data-status=\"init\">\n<fieldset class=\"hidden-fields-container\"><input type=\"hidden\" name=\"_wpcf7\" value=\"5051\" \/><input type=\"hidden\" name=\"_wpcf7_version\" value=\"6.1.5\" \/><input type=\"hidden\" name=\"_wpcf7_locale\" value=\"\" \/><input type=\"hidden\" name=\"_wpcf7_unit_tag\" value=\"wpcf7-f5051-o1\" \/><input type=\"hidden\" name=\"_wpcf7_container_post\" value=\"0\" \/><input type=\"hidden\" name=\"_wpcf7_posted_data_hash\" value=\"\" \/><input type=\"hidden\" name=\"_wpcf7_recaptcha_response\" value=\"\" \/>\n<\/fieldset>\n<p><label> Va\u0161e meno<br \/>\n<span class=\"wpcf7-form-control-wrap\" data-name=\"your-name\"><input size=\"40\" maxlength=\"400\" class=\"wpcf7-form-control wpcf7-text wpcf7-validates-as-required\" aria-required=\"true\" aria-invalid=\"false\" value=\"\" type=\"text\" name=\"your-name\" \/><\/span> <\/label>\n<\/p>\n<p><label> V\u00e1\u0161 e-mail<br \/>\n<span class=\"wpcf7-form-control-wrap\" data-name=\"your-email\"><input size=\"40\" maxlength=\"400\" class=\"wpcf7-form-control wpcf7-email wpcf7-validates-as-required wpcf7-text wpcf7-validates-as-email\" aria-required=\"true\" aria-invalid=\"false\" value=\"\" type=\"email\" name=\"your-email\" \/><\/span> <\/label>\n<\/p>\n<p><label> Telef\u00f3nne \u010d\u00edslo<br \/>\n<span class=\"wpcf7-form-control-wrap\" data-name=\"tel-521\"><input size=\"40\" maxlength=\"400\" class=\"wpcf7-form-control wpcf7-tel wpcf7-validates-as-required wpcf7-text wpcf7-validates-as-tel\" aria-required=\"true\" aria-invalid=\"false\" value=\"\" type=\"tel\" name=\"tel-521\" \/><\/span> <\/label>\n<\/p>\n<p><label> Predmet<br \/>\n<span class=\"wpcf7-form-control-wrap\" data-name=\"your-subject\"><input size=\"40\" maxlength=\"400\" class=\"wpcf7-form-control wpcf7-text wpcf7-validates-as-required\" aria-required=\"true\" aria-invalid=\"false\" value=\"\" type=\"text\" name=\"your-subject\" \/><\/span> <\/label>\n<\/p>\n<p><label> Va\u0161a spr\u00e1va<br \/>\n<span class=\"wpcf7-form-control-wrap\" data-name=\"your-message\"><textarea cols=\"40\" rows=\"10\" maxlength=\"2000\" class=\"wpcf7-form-control wpcf7-textarea\" aria-invalid=\"false\" name=\"your-message\"><\/textarea><\/span> <\/label>\n<\/p>\n<span class=\"wpcf7-form-control-wrap recaptcha\" data-name=\"recaptcha\"><span data-sitekey=\"6LclDDoeAAAAAJyoSQ1NWCMMgJXjoHqr3Vat8dqf\" class=\"wpcf7-form-control wpcf7-recaptcha g-recaptcha\"><\/span>\r\n<noscript>\r\n\t<div class=\"grecaptcha-noscript\">\r\n\t\t<iframe loading=\"lazy\" src=\"https:\/\/www.google.com\/recaptcha\/api\/fallback?k=6LclDDoeAAAAAJyoSQ1NWCMMgJXjoHqr3Vat8dqf\" frameborder=\"0\" scrolling=\"no\" width=\"310\" height=\"430\">\r\n\t\t<\/iframe>\r\n\t\t<textarea name=\"g-recaptcha-response\" rows=\"3\" cols=\"40\" placeholder=\"reCaptcha Response Here\">\r\n\t\t<\/textarea>\r\n\t<\/div>\r\n<\/noscript>\r\n<\/span>\n<p><input class=\"wpcf7-form-control wpcf7-submit has-spinner\" type=\"submit\" value=\"Odeslat\" \/>\n<\/p><div class=\"wpcf7-response-output\" aria-hidden=\"true\"><\/div>\n<\/form>\n<\/div>\n<\/div>\n","protected":false},"excerpt":{"rendered":"","protected":false},"author":1,"featured_media":0,"parent":0,"menu_order":0,"comment_status":"open","ping_status":"open","template":"_page-full.php","meta":{"_acf_changed":false,"ngg_post_thumbnail":0,"footnotes":"","_links_to":"","_links_to_target":""},"class_list":["post-3833","page","type-page","status-publish","hentry"],"acf":[],"yoast_head":"<!-- This site is optimized with the Yoast SEO plugin v27.3 - https:\/\/yoast.com\/product\/yoast-seo-wordpress\/ -->\n<title>Kontakt | ELEKTRON-ETTO<\/title>\n<meta name=\"description\" content=\"Kontaktujte ELEKTRON-ETTO pre n\u00e1vrh a v\u00fdrobu vyhrievac\u00edch telies na mieru. Radi v\u00e1m pom\u00f4\u017eeme s v\u00fdberom spr\u00e1vneho rie\u0161enia.\" \/>\n<meta name=\"robots\" content=\"index, follow, max-snippet:-1, max-image-preview:large, max-video-preview:-1\" \/>\n<link rel=\"canonical\" href=\"https:\/\/www.etto.cz\/sk\/kontakt\/\" \/>\n<meta property=\"og:locale\" content=\"sk_SK\" \/>\n<meta property=\"og:type\" content=\"article\" \/>\n<meta property=\"og:title\" content=\"Kontakt | ELEKTRON-ETTO\" \/>\n<meta property=\"og:description\" content=\"Kontaktujte ELEKTRON-ETTO pre n\u00e1vrh a v\u00fdrobu vyhrievac\u00edch telies na mieru. Radi v\u00e1m pom\u00f4\u017eeme s v\u00fdberom spr\u00e1vneho rie\u0161enia.\" \/>\n<meta property=\"og:url\" content=\"https:\/\/www.etto.cz\/sk\/kontakt\/\" \/>\n<meta property=\"og:site_name\" content=\"ETTO\" \/>\n<meta property=\"article:modified_time\" content=\"2025-01-22T07:41:08+00:00\" \/>\n<meta property=\"og:image\" content=\"https:\/\/www.etto.cz\/sk\/wp-content\/gallery\/prumyslova-telesa\/teleso-kotel.jpg\" \/>\n<meta name=\"twitter:card\" content=\"summary_large_image\" \/>\n<meta name=\"twitter:label1\" content=\"Predpokladan\u00fd \u010das \u010d\u00edtania\" \/>\n\t<meta name=\"twitter:data1\" content=\"1 min\u00fata\" \/>\n<script type=\"application\/ld+json\" class=\"yoast-schema-graph\">{\"@context\":\"https:\\\/\\\/schema.org\",\"@graph\":[{\"@type\":\"WebPage\",\"@id\":\"https:\\\/\\\/www.etto.cz\\\/kontakt\\\/\",\"url\":\"https:\\\/\\\/www.etto.cz\\\/kontakt\\\/\",\"name\":\"Kontakt | ELEKTRON-ETTO\",\"isPartOf\":{\"@id\":\"https:\\\/\\\/www.etto.cz\\\/#website\"},\"datePublished\":\"2018-08-24T12:27:53+00:00\",\"dateModified\":\"2025-01-22T07:41:08+00:00\",\"description\":\"Kontaktujte ELEKTRON-ETTO pre n\u00e1vrh a v\u00fdrobu vyhrievac\u00edch telies na mieru. Radi v\u00e1m pom\u00f4\u017eeme s v\u00fdberom spr\u00e1vneho rie\u0161enia.\",\"breadcrumb\":{\"@id\":\"https:\\\/\\\/www.etto.cz\\\/kontakt\\\/#breadcrumb\"},\"inLanguage\":\"sk-SK\",\"potentialAction\":[{\"@type\":\"ReadAction\",\"target\":[\"https:\\\/\\\/www.etto.cz\\\/kontakt\\\/\"]}]},{\"@type\":\"BreadcrumbList\",\"@id\":\"https:\\\/\\\/www.etto.cz\\\/kontakt\\\/#breadcrumb\",\"itemListElement\":[{\"@type\":\"ListItem\",\"position\":1,\"name\":\"Dom\u016f\",\"item\":\"https:\\\/\\\/www.etto.cz\\\/\"},{\"@type\":\"ListItem\",\"position\":2,\"name\":\"Kontakt\"}]},{\"@type\":\"WebSite\",\"@id\":\"https:\\\/\\\/www.etto.cz\\\/#website\",\"url\":\"https:\\\/\\\/www.etto.cz\\\/\",\"name\":\"ETTO\",\"description\":\"V\u00fdroba elektrick\u00fdch topn\u00fdch t\u011bles\",\"potentialAction\":[{\"@type\":\"SearchAction\",\"target\":{\"@type\":\"EntryPoint\",\"urlTemplate\":\"https:\\\/\\\/www.etto.cz\\\/?s={search_term_string}\"},\"query-input\":{\"@type\":\"PropertyValueSpecification\",\"valueRequired\":true,\"valueName\":\"search_term_string\"}}],\"inLanguage\":\"sk-SK\"}]}<\/script>\n<!-- \/ Yoast SEO plugin. -->","yoast_head_json":{"title":"Kontakt | ELEKTRON-ETTO","description":"Kontaktujte ELEKTRON-ETTO pre n\u00e1vrh a v\u00fdrobu vyhrievac\u00edch telies na mieru. Radi v\u00e1m pom\u00f4\u017eeme s v\u00fdberom spr\u00e1vneho rie\u0161enia.","robots":{"index":"index","follow":"follow","max-snippet":"max-snippet:-1","max-image-preview":"max-image-preview:large","max-video-preview":"max-video-preview:-1"},"canonical":"https:\/\/www.etto.cz\/sk\/kontakt\/","og_locale":"sk_SK","og_type":"article","og_title":"Kontakt | ELEKTRON-ETTO","og_description":"Kontaktujte ELEKTRON-ETTO pre n\u00e1vrh a v\u00fdrobu vyhrievac\u00edch telies na mieru. Radi v\u00e1m pom\u00f4\u017eeme s v\u00fdberom spr\u00e1vneho rie\u0161enia.","og_url":"https:\/\/www.etto.cz\/sk\/kontakt\/","og_site_name":"ETTO","article_modified_time":"2025-01-22T07:41:08+00:00","og_image":[{"url":"https:\/\/www.etto.cz\/sk\/wp-content\/gallery\/prumyslova-telesa\/teleso-kotel.jpg","type":"","width":"","height":""}],"twitter_card":"summary_large_image","twitter_misc":{"Predpokladan\u00fd \u010das \u010d\u00edtania":"1 min\u00fata"},"schema":{"@context":"https:\/\/schema.org","@graph":[{"@type":"WebPage","@id":"https:\/\/www.etto.cz\/kontakt\/","url":"https:\/\/www.etto.cz\/kontakt\/","name":"Kontakt | ELEKTRON-ETTO","isPartOf":{"@id":"https:\/\/www.etto.cz\/#website"},"datePublished":"2018-08-24T12:27:53+00:00","dateModified":"2025-01-22T07:41:08+00:00","description":"Kontaktujte ELEKTRON-ETTO pre n\u00e1vrh a v\u00fdrobu vyhrievac\u00edch telies na mieru. Radi v\u00e1m pom\u00f4\u017eeme s v\u00fdberom spr\u00e1vneho rie\u0161enia.","breadcrumb":{"@id":"https:\/\/www.etto.cz\/kontakt\/#breadcrumb"},"inLanguage":"sk-SK","potentialAction":[{"@type":"ReadAction","target":["https:\/\/www.etto.cz\/kontakt\/"]}]},{"@type":"BreadcrumbList","@id":"https:\/\/www.etto.cz\/kontakt\/#breadcrumb","itemListElement":[{"@type":"ListItem","position":1,"name":"Dom\u016f","item":"https:\/\/www.etto.cz\/"},{"@type":"ListItem","position":2,"name":"Kontakt"}]},{"@type":"WebSite","@id":"https:\/\/www.etto.cz\/#website","url":"https:\/\/www.etto.cz\/","name":"ETTO","description":"V\u00fdroba elektrick\u00fdch topn\u00fdch t\u011bles","potentialAction":[{"@type":"SearchAction","target":{"@type":"EntryPoint","urlTemplate":"https:\/\/www.etto.cz\/?s={search_term_string}"},"query-input":{"@type":"PropertyValueSpecification","valueRequired":true,"valueName":"search_term_string"}}],"inLanguage":"sk-SK"}]}},"_links":{"self":[{"href":"https:\/\/www.etto.cz\/sk\/wp-json\/wp\/v2\/pages\/3833","targetHints":{"allow":["GET"]}}],"collection":[{"href":"https:\/\/www.etto.cz\/sk\/wp-json\/wp\/v2\/pages"}],"about":[{"href":"https:\/\/www.etto.cz\/sk\/wp-json\/wp\/v2\/types\/page"}],"author":[{"embeddable":true,"href":"https:\/\/www.etto.cz\/sk\/wp-json\/wp\/v2\/users\/1"}],"replies":[{"embeddable":true,"href":"https:\/\/www.etto.cz\/sk\/wp-json\/wp\/v2\/comments?post=3833"}],"version-history":[{"count":2,"href":"https:\/\/www.etto.cz\/sk\/wp-json\/wp\/v2\/pages\/3833\/revisions"}],"predecessor-version":[{"id":5345,"href":"https:\/\/www.etto.cz\/sk\/wp-json\/wp\/v2\/pages\/3833\/revisions\/5345"}],"wp:attachment":[{"href":"https:\/\/www.etto.cz\/sk\/wp-json\/wp\/v2\/media?parent=3833"}],"curies":[{"name":"wp","href":"https:\/\/api.w.org\/{rel}","templated":true}]}}