{"id":3834,"date":"2018-08-24T13:28:20","date_gmt":"2018-08-24T12:28:20","guid":{"rendered":"http:\/\/www.etto.cz\/topna-telesa-do-vybusneho-prostredi\/"},"modified":"2025-02-04T13:24:49","modified_gmt":"2025-02-04T12:24:49","slug":"vyhrievacie-telesa-do-vybusneho-prostredia","status":"publish","type":"page","link":"https:\/\/www.etto.cz\/sk\/telesa-podla-ucelu\/vyhrievacie-telesa-do-vybusneho-prostredia\/","title":{"rendered":"Vyhrievacie teles\u00e1 do v\u00fdbu\u0161n\u00e9ho prostredia"},"content":{"rendered":"<p style=\"text-align: justify;\">U aplik\u00e1ci\u00ed pre prostredie s nebezpe\u010denstvom v\u00fdbuchu musia by\u0165 vyhrievacie teleso zabudovan\u00e9 do svorkovnicovej skrine s pevn\u00fdm z\u00e1verom (Ex d) pod\u013ea STN EN 60079-1. Ka\u017ed\u00e9 nov\u00e9 jednotliv\u00e9 zariadenia, tj. Svorkovnicov\u00e1 skri\u0148a vr\u00e1tane zabudovan\u00fdch vyhrievac\u00edch telies, mus\u00ed by\u0165 v\u017edy schv\u00e1len\u00e9 certifikovan\u00fa sk\u00fa\u0161ob\u0148ou (FYZIK\u00c1LNO TECHNICK\u00dd SK\u00da\u0160OBN\u00dd \u00daSTAV, \u0161t\u00e1tny podnik).<\/p>\n<p>Pre priamy ohrev miestnost\u00ed a r\u00f4znych typov priestorov (medzisklad, su\u0161iare\u0148 &#8230;) pon\u00fakame hotov\u00e9 rie\u0161enia priemyseln\u00fdch priamotopov vi\u010f. z\u00e1lo\u017eka.<\/p>\n","protected":false},"excerpt":{"rendered":"<p>U aplik\u00e1ci\u00ed pre prostredie s nebezpe\u010denstvom v\u00fdbuchu musia by\u0165 vyhrievacie teleso zabudovan\u00e9 do svorkovnicovej skrine s pevn\u00fdm z\u00e1verom (Ex d) pod\u013ea STN EN 60079-1. Ka\u017ed\u00e9 &#8230;<\/p>\n","protected":false},"author":1,"featured_media":0,"parent":3839,"menu_order":0,"comment_status":"open","ping_status":"open","template":"_page-menu.php","meta":{"_acf_changed":false,"ngg_post_thumbnail":0,"footnotes":"","_links_to":"","_links_to_target":""},"class_list":["post-3834","page","type-page","status-publish","hentry"],"acf":[],"yoast_head":"<!-- This site is optimized with the Yoast SEO plugin v27.5 - https:\/\/yoast.com\/product\/yoast-seo-wordpress\/ -->\n<title>Teles\u00e1 do v\u00fdbu\u0161n\u00e9ho prostredia | ELEKTRON-ETTO<\/title>\n<meta name=\"description\" content=\"Vyhrievacie teles\u00e1 certifikovan\u00e9 pre v\u00fdbu\u0161n\u00e9 prostredie (ATEX). Bezpe\u010dn\u00e9 rie\u0161enia pre nebezpe\u010dn\u00e9 z\u00f3ny. ELEKTRON-ETTO.\" \/>\n<meta name=\"robots\" content=\"index, follow, max-snippet:-1, max-image-preview:large, max-video-preview:-1\" \/>\n<link rel=\"canonical\" href=\"https:\/\/www.etto.cz\/sk\/telesa-podla-ucelu\/vyhrievacie-telesa-do-vybusneho-prostredia\/\" \/>\n<meta property=\"og:locale\" content=\"sk_SK\" \/>\n<meta property=\"og:type\" content=\"article\" \/>\n<meta property=\"og:title\" content=\"Teles\u00e1 do v\u00fdbu\u0161n\u00e9ho prostredia | ELEKTRON-ETTO\" \/>\n<meta property=\"og:description\" content=\"Vyhrievacie teles\u00e1 certifikovan\u00e9 pre v\u00fdbu\u0161n\u00e9 prostredie (ATEX). Bezpe\u010dn\u00e9 rie\u0161enia pre nebezpe\u010dn\u00e9 z\u00f3ny. ELEKTRON-ETTO.\" \/>\n<meta property=\"og:url\" content=\"https:\/\/www.etto.cz\/sk\/telesa-podla-ucelu\/vyhrievacie-telesa-do-vybusneho-prostredia\/\" \/>\n<meta property=\"og:site_name\" content=\"ETTO\" \/>\n<meta property=\"article:modified_time\" content=\"2025-02-04T12:24:49+00:00\" \/>\n<meta property=\"og:image\" content=\"https:\/\/www.etto.cz\/sk\/wp-content\/gallery\/prumyslova-telesa\/teleso-kotel.jpg\" \/>\n<meta name=\"twitter:card\" content=\"summary_large_image\" \/>\n<script type=\"application\/ld+json\" class=\"yoast-schema-graph\">{\"@context\":\"https:\\\/\\\/schema.org\",\"@graph\":[{\"@type\":\"WebPage\",\"@id\":\"https:\\\/\\\/www.etto.cz\\\/telesa-podle-ucelu\\\/topna-telesa-do-vybusneho-prostredi\\\/\",\"url\":\"https:\\\/\\\/www.etto.cz\\\/telesa-podle-ucelu\\\/topna-telesa-do-vybusneho-prostredi\\\/\",\"name\":\"Teles\u00e1 do v\u00fdbu\u0161n\u00e9ho prostredia | ELEKTRON-ETTO\",\"isPartOf\":{\"@id\":\"https:\\\/\\\/www.etto.cz\\\/#website\"},\"datePublished\":\"2018-08-24T12:28:20+00:00\",\"dateModified\":\"2025-02-04T12:24:49+00:00\",\"description\":\"Vyhrievacie teles\u00e1 certifikovan\u00e9 pre v\u00fdbu\u0161n\u00e9 prostredie (ATEX). Bezpe\u010dn\u00e9 rie\u0161enia pre nebezpe\u010dn\u00e9 z\u00f3ny. ELEKTRON-ETTO.\",\"breadcrumb\":{\"@id\":\"https:\\\/\\\/www.etto.cz\\\/telesa-podle-ucelu\\\/topna-telesa-do-vybusneho-prostredi\\\/#breadcrumb\"},\"inLanguage\":\"sk-SK\",\"potentialAction\":[{\"@type\":\"ReadAction\",\"target\":[\"https:\\\/\\\/www.etto.cz\\\/telesa-podle-ucelu\\\/topna-telesa-do-vybusneho-prostredi\\\/\"]}]},{\"@type\":\"BreadcrumbList\",\"@id\":\"https:\\\/\\\/www.etto.cz\\\/telesa-podle-ucelu\\\/topna-telesa-do-vybusneho-prostredi\\\/#breadcrumb\",\"itemListElement\":[{\"@type\":\"ListItem\",\"position\":1,\"name\":\"Dom\u016f\",\"item\":\"https:\\\/\\\/www.etto.cz\\\/\"},{\"@type\":\"ListItem\",\"position\":2,\"name\":\"Teles\u00e1 pod\u013ea \u00fa\u010delu\",\"item\":\"https:\\\/\\\/www.etto.cz\\\/telesa-podle-ucelu\\\/\"},{\"@type\":\"ListItem\",\"position\":3,\"name\":\"Vyhrievacie teles\u00e1 do v\u00fdbu\u0161n\u00e9ho prostredia\"}]},{\"@type\":\"WebSite\",\"@id\":\"https:\\\/\\\/www.etto.cz\\\/#website\",\"url\":\"https:\\\/\\\/www.etto.cz\\\/\",\"name\":\"ETTO\",\"description\":\"V\u00fdroba elektrick\u00fdch topn\u00fdch t\u011bles\",\"potentialAction\":[{\"@type\":\"SearchAction\",\"target\":{\"@type\":\"EntryPoint\",\"urlTemplate\":\"https:\\\/\\\/www.etto.cz\\\/?s={search_term_string}\"},\"query-input\":{\"@type\":\"PropertyValueSpecification\",\"valueRequired\":true,\"valueName\":\"search_term_string\"}}],\"inLanguage\":\"sk-SK\"}]}<\/script>\n<!-- \/ Yoast SEO plugin. -->","yoast_head_json":{"title":"Teles\u00e1 do v\u00fdbu\u0161n\u00e9ho prostredia | ELEKTRON-ETTO","description":"Vyhrievacie teles\u00e1 certifikovan\u00e9 pre v\u00fdbu\u0161n\u00e9 prostredie (ATEX). Bezpe\u010dn\u00e9 rie\u0161enia pre nebezpe\u010dn\u00e9 z\u00f3ny. ELEKTRON-ETTO.","robots":{"index":"index","follow":"follow","max-snippet":"max-snippet:-1","max-image-preview":"max-image-preview:large","max-video-preview":"max-video-preview:-1"},"canonical":"https:\/\/www.etto.cz\/sk\/telesa-podla-ucelu\/vyhrievacie-telesa-do-vybusneho-prostredia\/","og_locale":"sk_SK","og_type":"article","og_title":"Teles\u00e1 do v\u00fdbu\u0161n\u00e9ho prostredia | ELEKTRON-ETTO","og_description":"Vyhrievacie teles\u00e1 certifikovan\u00e9 pre v\u00fdbu\u0161n\u00e9 prostredie (ATEX). Bezpe\u010dn\u00e9 rie\u0161enia pre nebezpe\u010dn\u00e9 z\u00f3ny. ELEKTRON-ETTO.","og_url":"https:\/\/www.etto.cz\/sk\/telesa-podla-ucelu\/vyhrievacie-telesa-do-vybusneho-prostredia\/","og_site_name":"ETTO","article_modified_time":"2025-02-04T12:24:49+00:00","og_image":[{"url":"https:\/\/www.etto.cz\/sk\/wp-content\/gallery\/prumyslova-telesa\/teleso-kotel.jpg","type":"","width":"","height":""}],"twitter_card":"summary_large_image","schema":{"@context":"https:\/\/schema.org","@graph":[{"@type":"WebPage","@id":"https:\/\/www.etto.cz\/telesa-podle-ucelu\/topna-telesa-do-vybusneho-prostredi\/","url":"https:\/\/www.etto.cz\/telesa-podle-ucelu\/topna-telesa-do-vybusneho-prostredi\/","name":"Teles\u00e1 do v\u00fdbu\u0161n\u00e9ho prostredia | ELEKTRON-ETTO","isPartOf":{"@id":"https:\/\/www.etto.cz\/#website"},"datePublished":"2018-08-24T12:28:20+00:00","dateModified":"2025-02-04T12:24:49+00:00","description":"Vyhrievacie teles\u00e1 certifikovan\u00e9 pre v\u00fdbu\u0161n\u00e9 prostredie (ATEX). Bezpe\u010dn\u00e9 rie\u0161enia pre nebezpe\u010dn\u00e9 z\u00f3ny. ELEKTRON-ETTO.","breadcrumb":{"@id":"https:\/\/www.etto.cz\/telesa-podle-ucelu\/topna-telesa-do-vybusneho-prostredi\/#breadcrumb"},"inLanguage":"sk-SK","potentialAction":[{"@type":"ReadAction","target":["https:\/\/www.etto.cz\/telesa-podle-ucelu\/topna-telesa-do-vybusneho-prostredi\/"]}]},{"@type":"BreadcrumbList","@id":"https:\/\/www.etto.cz\/telesa-podle-ucelu\/topna-telesa-do-vybusneho-prostredi\/#breadcrumb","itemListElement":[{"@type":"ListItem","position":1,"name":"Dom\u016f","item":"https:\/\/www.etto.cz\/"},{"@type":"ListItem","position":2,"name":"Teles\u00e1 pod\u013ea \u00fa\u010delu","item":"https:\/\/www.etto.cz\/telesa-podle-ucelu\/"},{"@type":"ListItem","position":3,"name":"Vyhrievacie teles\u00e1 do v\u00fdbu\u0161n\u00e9ho prostredia"}]},{"@type":"WebSite","@id":"https:\/\/www.etto.cz\/#website","url":"https:\/\/www.etto.cz\/","name":"ETTO","description":"V\u00fdroba elektrick\u00fdch topn\u00fdch t\u011bles","potentialAction":[{"@type":"SearchAction","target":{"@type":"EntryPoint","urlTemplate":"https:\/\/www.etto.cz\/?s={search_term_string}"},"query-input":{"@type":"PropertyValueSpecification","valueRequired":true,"valueName":"search_term_string"}}],"inLanguage":"sk-SK"}]}},"_links":{"self":[{"href":"https:\/\/www.etto.cz\/sk\/wp-json\/wp\/v2\/pages\/3834","targetHints":{"allow":["GET"]}}],"collection":[{"href":"https:\/\/www.etto.cz\/sk\/wp-json\/wp\/v2\/pages"}],"about":[{"href":"https:\/\/www.etto.cz\/sk\/wp-json\/wp\/v2\/types\/page"}],"author":[{"embeddable":true,"href":"https:\/\/www.etto.cz\/sk\/wp-json\/wp\/v2\/users\/1"}],"replies":[{"embeddable":true,"href":"https:\/\/www.etto.cz\/sk\/wp-json\/wp\/v2\/comments?post=3834"}],"version-history":[{"count":1,"href":"https:\/\/www.etto.cz\/sk\/wp-json\/wp\/v2\/pages\/3834\/revisions"}],"predecessor-version":[{"id":5368,"href":"https:\/\/www.etto.cz\/sk\/wp-json\/wp\/v2\/pages\/3834\/revisions\/5368"}],"up":[{"embeddable":true,"href":"https:\/\/www.etto.cz\/sk\/wp-json\/wp\/v2\/pages\/3839"}],"wp:attachment":[{"href":"https:\/\/www.etto.cz\/sk\/wp-json\/wp\/v2\/media?parent=3834"}],"curies":[{"name":"wp","href":"https:\/\/api.w.org\/{rel}","templated":true}]}}