{"id":3835,"date":"2018-08-24T13:29:09","date_gmt":"2018-08-24T12:29:09","guid":{"rendered":"http:\/\/www.etto.cz\/topna-telesa-pro-prumyslove-aplikace\/"},"modified":"2019-02-21T09:31:18","modified_gmt":"2019-02-21T08:31:18","slug":"vyhrievacie-telesa-pre-priemyselne-aplikacie","status":"publish","type":"page","link":"https:\/\/www.etto.cz\/sk\/telesa-podla-ucelu\/vyhrievacie-telesa-pre-priemyselne-aplikacie\/","title":{"rendered":"Vyhrievacie teles\u00e1 pre priemyseln\u00e9 aplik\u00e1cie"},"content":{"rendered":"<p>Pre priemyseln\u00e9 aplik\u00e1cie pon\u00fakame z\u00e1kazkov\u00fa v\u00fdrobu vyhrievac\u00edch telies pod\u013ea \u0161pecifik\u00e1cie z\u00e1kazn\u00edka.<br \/>\nVyr\u00e1bame teles\u00e1 pre ohrev kvapal\u00edn plynov a in\u00fdch l\u00e1tok s v\u00fdkonmi od nieko\u013ek\u00fdch W a\u017e po MW.<\/p>\nngg_shortcode_0_placeholder\n<p>&nbsp;<\/p>\n<p><u>Priemyseln\u00e1 vyhrievacie teles\u00e1 &#8211; hotov\u00e1 rie\u0161enie<\/u><br \/>\n&#8211; Mobiln\u00e9 gener\u00e1tor hor\u00faceho vzduchu<br \/>\n&#8211; Elektrick\u00e9 teplovzdu\u0161n\u00e9 agreg\u00e1ty (priamotopy)<br \/>\n&#8211; Infra \u017eiari\u010d<br \/>\n&#8211; Priemyseln\u00e1 gamatky (k\u00farenie do kab\u00edn)<\/p>\n","protected":false},"excerpt":{"rendered":"<p>Pre priemyseln\u00e9 aplik\u00e1cie pon\u00fakame z\u00e1kazkov\u00fa v\u00fdrobu vyhrievac\u00edch telies pod\u013ea \u0161pecifik\u00e1cie z\u00e1kazn\u00edka. Vyr\u00e1bame teles\u00e1 pre ohrev kvapal\u00edn plynov a in\u00fdch l\u00e1tok s v\u00fdkonmi od nieko\u013ek\u00fdch W &#8230;<\/p>\n","protected":false},"author":1,"featured_media":2594,"parent":3839,"menu_order":0,"comment_status":"open","ping_status":"open","template":"_page-menu.php","meta":{"_acf_changed":false,"ngg_post_thumbnail":0,"footnotes":"","_links_to":"","_links_to_target":""},"class_list":["post-3835","page","type-page","status-publish","has-post-thumbnail","hentry"],"acf":[],"yoast_head":"<!-- This site is optimized with the Yoast SEO plugin v27.3 - https:\/\/yoast.com\/product\/yoast-seo-wordpress\/ -->\n<title>Teles\u00e1 pre priemyseln\u00e9 aplik\u00e1cie | ELEKTRON-ETTO<\/title>\n<meta name=\"description\" content=\"Vyhrievacie teles\u00e1 pre priemyseln\u00e9 aplik\u00e1cie. Z\u00e1kazkov\u00e1 v\u00fdroba pre r\u00f4zne odvetvia od ELEKTRON-ETTO.\" \/>\n<meta name=\"robots\" content=\"index, follow, max-snippet:-1, max-image-preview:large, max-video-preview:-1\" \/>\n<link rel=\"canonical\" href=\"https:\/\/www.etto.cz\/sk\/telesa-podla-ucelu\/vyhrievacie-telesa-pre-priemyselne-aplikacie\/\" \/>\n<meta property=\"og:locale\" content=\"sk_SK\" \/>\n<meta property=\"og:type\" content=\"article\" \/>\n<meta property=\"og:title\" content=\"Teles\u00e1 pre priemyseln\u00e9 aplik\u00e1cie | ELEKTRON-ETTO\" \/>\n<meta property=\"og:description\" content=\"Vyhrievacie teles\u00e1 pre priemyseln\u00e9 aplik\u00e1cie. Z\u00e1kazkov\u00e1 v\u00fdroba pre r\u00f4zne odvetvia od ELEKTRON-ETTO.\" \/>\n<meta property=\"og:url\" content=\"https:\/\/www.etto.cz\/sk\/telesa-podla-ucelu\/vyhrievacie-telesa-pre-priemyselne-aplikacie\/\" \/>\n<meta property=\"og:site_name\" content=\"ETTO\" \/>\n<meta property=\"article:modified_time\" content=\"2019-02-21T08:31:18+00:00\" \/>\n<meta property=\"og:image\" content=\"https:\/\/www.etto.cz\/wp-content\/uploads\/2016\/12\/ohrev_vzduchu_potrubi.jpg\" \/>\n\t<meta property=\"og:image:width\" content=\"710\" \/>\n\t<meta property=\"og:image:height\" content=\"710\" \/>\n\t<meta property=\"og:image:type\" content=\"image\/jpeg\" \/>\n<meta name=\"twitter:card\" content=\"summary_large_image\" \/>\n<meta name=\"twitter:label1\" content=\"Predpokladan\u00fd \u010das \u010d\u00edtania\" \/>\n\t<meta name=\"twitter:data1\" content=\"1 min\u00fata\" \/>\n<script type=\"application\/ld+json\" class=\"yoast-schema-graph\">{\"@context\":\"https:\\\/\\\/schema.org\",\"@graph\":[{\"@type\":\"WebPage\",\"@id\":\"https:\\\/\\\/www.etto.cz\\\/telesa-podle-ucelu\\\/topna-telesa-pro-prumyslove-aplikace\\\/\",\"url\":\"https:\\\/\\\/www.etto.cz\\\/telesa-podle-ucelu\\\/topna-telesa-pro-prumyslove-aplikace\\\/\",\"name\":\"Teles\u00e1 pre priemyseln\u00e9 aplik\u00e1cie | ELEKTRON-ETTO\",\"isPartOf\":{\"@id\":\"https:\\\/\\\/www.etto.cz\\\/#website\"},\"primaryImageOfPage\":{\"@id\":\"https:\\\/\\\/www.etto.cz\\\/telesa-podle-ucelu\\\/topna-telesa-pro-prumyslove-aplikace\\\/#primaryimage\"},\"image\":{\"@id\":\"https:\\\/\\\/www.etto.cz\\\/telesa-podle-ucelu\\\/topna-telesa-pro-prumyslove-aplikace\\\/#primaryimage\"},\"thumbnailUrl\":\"https:\\\/\\\/www.etto.cz\\\/wp-content\\\/uploads\\\/2016\\\/12\\\/ohrev_vzduchu_potrubi.jpg\",\"datePublished\":\"2018-08-24T12:29:09+00:00\",\"dateModified\":\"2019-02-21T08:31:18+00:00\",\"description\":\"Vyhrievacie teles\u00e1 pre priemyseln\u00e9 aplik\u00e1cie. Z\u00e1kazkov\u00e1 v\u00fdroba pre r\u00f4zne odvetvia od ELEKTRON-ETTO.\",\"breadcrumb\":{\"@id\":\"https:\\\/\\\/www.etto.cz\\\/telesa-podle-ucelu\\\/topna-telesa-pro-prumyslove-aplikace\\\/#breadcrumb\"},\"inLanguage\":\"sk-SK\",\"potentialAction\":[{\"@type\":\"ReadAction\",\"target\":[\"https:\\\/\\\/www.etto.cz\\\/telesa-podle-ucelu\\\/topna-telesa-pro-prumyslove-aplikace\\\/\"]}]},{\"@type\":\"ImageObject\",\"inLanguage\":\"sk-SK\",\"@id\":\"https:\\\/\\\/www.etto.cz\\\/telesa-podle-ucelu\\\/topna-telesa-pro-prumyslove-aplikace\\\/#primaryimage\",\"url\":\"https:\\\/\\\/www.etto.cz\\\/wp-content\\\/uploads\\\/2016\\\/12\\\/ohrev_vzduchu_potrubi.jpg\",\"contentUrl\":\"https:\\\/\\\/www.etto.cz\\\/wp-content\\\/uploads\\\/2016\\\/12\\\/ohrev_vzduchu_potrubi.jpg\",\"width\":710,\"height\":710},{\"@type\":\"BreadcrumbList\",\"@id\":\"https:\\\/\\\/www.etto.cz\\\/telesa-podle-ucelu\\\/topna-telesa-pro-prumyslove-aplikace\\\/#breadcrumb\",\"itemListElement\":[{\"@type\":\"ListItem\",\"position\":1,\"name\":\"Dom\u016f\",\"item\":\"https:\\\/\\\/www.etto.cz\\\/\"},{\"@type\":\"ListItem\",\"position\":2,\"name\":\"Teles\u00e1 pod\u013ea \u00fa\u010delu\",\"item\":\"https:\\\/\\\/www.etto.cz\\\/telesa-podle-ucelu\\\/\"},{\"@type\":\"ListItem\",\"position\":3,\"name\":\"Vyhrievacie teles\u00e1 pre priemyseln\u00e9 aplik\u00e1cie\"}]},{\"@type\":\"WebSite\",\"@id\":\"https:\\\/\\\/www.etto.cz\\\/#website\",\"url\":\"https:\\\/\\\/www.etto.cz\\\/\",\"name\":\"ETTO\",\"description\":\"V\u00fdroba elektrick\u00fdch topn\u00fdch t\u011bles\",\"potentialAction\":[{\"@type\":\"SearchAction\",\"target\":{\"@type\":\"EntryPoint\",\"urlTemplate\":\"https:\\\/\\\/www.etto.cz\\\/?s={search_term_string}\"},\"query-input\":{\"@type\":\"PropertyValueSpecification\",\"valueRequired\":true,\"valueName\":\"search_term_string\"}}],\"inLanguage\":\"sk-SK\"}]}<\/script>\n<!-- \/ Yoast SEO plugin. -->","yoast_head_json":{"title":"Teles\u00e1 pre priemyseln\u00e9 aplik\u00e1cie | ELEKTRON-ETTO","description":"Vyhrievacie teles\u00e1 pre priemyseln\u00e9 aplik\u00e1cie. Z\u00e1kazkov\u00e1 v\u00fdroba pre r\u00f4zne odvetvia od ELEKTRON-ETTO.","robots":{"index":"index","follow":"follow","max-snippet":"max-snippet:-1","max-image-preview":"max-image-preview:large","max-video-preview":"max-video-preview:-1"},"canonical":"https:\/\/www.etto.cz\/sk\/telesa-podla-ucelu\/vyhrievacie-telesa-pre-priemyselne-aplikacie\/","og_locale":"sk_SK","og_type":"article","og_title":"Teles\u00e1 pre priemyseln\u00e9 aplik\u00e1cie | ELEKTRON-ETTO","og_description":"Vyhrievacie teles\u00e1 pre priemyseln\u00e9 aplik\u00e1cie. Z\u00e1kazkov\u00e1 v\u00fdroba pre r\u00f4zne odvetvia od ELEKTRON-ETTO.","og_url":"https:\/\/www.etto.cz\/sk\/telesa-podla-ucelu\/vyhrievacie-telesa-pre-priemyselne-aplikacie\/","og_site_name":"ETTO","article_modified_time":"2019-02-21T08:31:18+00:00","og_image":[{"width":710,"height":710,"url":"https:\/\/www.etto.cz\/wp-content\/uploads\/2016\/12\/ohrev_vzduchu_potrubi.jpg","type":"image\/jpeg"}],"twitter_card":"summary_large_image","twitter_misc":{"Predpokladan\u00fd \u010das \u010d\u00edtania":"1 min\u00fata"},"schema":{"@context":"https:\/\/schema.org","@graph":[{"@type":"WebPage","@id":"https:\/\/www.etto.cz\/telesa-podle-ucelu\/topna-telesa-pro-prumyslove-aplikace\/","url":"https:\/\/www.etto.cz\/telesa-podle-ucelu\/topna-telesa-pro-prumyslove-aplikace\/","name":"Teles\u00e1 pre priemyseln\u00e9 aplik\u00e1cie | ELEKTRON-ETTO","isPartOf":{"@id":"https:\/\/www.etto.cz\/#website"},"primaryImageOfPage":{"@id":"https:\/\/www.etto.cz\/telesa-podle-ucelu\/topna-telesa-pro-prumyslove-aplikace\/#primaryimage"},"image":{"@id":"https:\/\/www.etto.cz\/telesa-podle-ucelu\/topna-telesa-pro-prumyslove-aplikace\/#primaryimage"},"thumbnailUrl":"https:\/\/www.etto.cz\/wp-content\/uploads\/2016\/12\/ohrev_vzduchu_potrubi.jpg","datePublished":"2018-08-24T12:29:09+00:00","dateModified":"2019-02-21T08:31:18+00:00","description":"Vyhrievacie teles\u00e1 pre priemyseln\u00e9 aplik\u00e1cie. Z\u00e1kazkov\u00e1 v\u00fdroba pre r\u00f4zne odvetvia od ELEKTRON-ETTO.","breadcrumb":{"@id":"https:\/\/www.etto.cz\/telesa-podle-ucelu\/topna-telesa-pro-prumyslove-aplikace\/#breadcrumb"},"inLanguage":"sk-SK","potentialAction":[{"@type":"ReadAction","target":["https:\/\/www.etto.cz\/telesa-podle-ucelu\/topna-telesa-pro-prumyslove-aplikace\/"]}]},{"@type":"ImageObject","inLanguage":"sk-SK","@id":"https:\/\/www.etto.cz\/telesa-podle-ucelu\/topna-telesa-pro-prumyslove-aplikace\/#primaryimage","url":"https:\/\/www.etto.cz\/wp-content\/uploads\/2016\/12\/ohrev_vzduchu_potrubi.jpg","contentUrl":"https:\/\/www.etto.cz\/wp-content\/uploads\/2016\/12\/ohrev_vzduchu_potrubi.jpg","width":710,"height":710},{"@type":"BreadcrumbList","@id":"https:\/\/www.etto.cz\/telesa-podle-ucelu\/topna-telesa-pro-prumyslove-aplikace\/#breadcrumb","itemListElement":[{"@type":"ListItem","position":1,"name":"Dom\u016f","item":"https:\/\/www.etto.cz\/"},{"@type":"ListItem","position":2,"name":"Teles\u00e1 pod\u013ea \u00fa\u010delu","item":"https:\/\/www.etto.cz\/telesa-podle-ucelu\/"},{"@type":"ListItem","position":3,"name":"Vyhrievacie teles\u00e1 pre priemyseln\u00e9 aplik\u00e1cie"}]},{"@type":"WebSite","@id":"https:\/\/www.etto.cz\/#website","url":"https:\/\/www.etto.cz\/","name":"ETTO","description":"V\u00fdroba elektrick\u00fdch topn\u00fdch t\u011bles","potentialAction":[{"@type":"SearchAction","target":{"@type":"EntryPoint","urlTemplate":"https:\/\/www.etto.cz\/?s={search_term_string}"},"query-input":{"@type":"PropertyValueSpecification","valueRequired":true,"valueName":"search_term_string"}}],"inLanguage":"sk-SK"}]}},"_links":{"self":[{"href":"https:\/\/www.etto.cz\/sk\/wp-json\/wp\/v2\/pages\/3835","targetHints":{"allow":["GET"]}}],"collection":[{"href":"https:\/\/www.etto.cz\/sk\/wp-json\/wp\/v2\/pages"}],"about":[{"href":"https:\/\/www.etto.cz\/sk\/wp-json\/wp\/v2\/types\/page"}],"author":[{"embeddable":true,"href":"https:\/\/www.etto.cz\/sk\/wp-json\/wp\/v2\/users\/1"}],"replies":[{"embeddable":true,"href":"https:\/\/www.etto.cz\/sk\/wp-json\/wp\/v2\/comments?post=3835"}],"version-history":[{"count":0,"href":"https:\/\/www.etto.cz\/sk\/wp-json\/wp\/v2\/pages\/3835\/revisions"}],"up":[{"embeddable":true,"href":"https:\/\/www.etto.cz\/sk\/wp-json\/wp\/v2\/pages\/3839"}],"wp:featuredmedia":[{"embeddable":true,"href":"https:\/\/www.etto.cz\/sk\/wp-json\/wp\/v2\/media\/2594"}],"wp:attachment":[{"href":"https:\/\/www.etto.cz\/sk\/wp-json\/wp\/v2\/media?parent=3835"}],"curies":[{"name":"wp","href":"https:\/\/api.w.org\/{rel}","templated":true}]}}