{"id":3836,"date":"2018-08-24T13:29:44","date_gmt":"2018-08-24T12:29:44","guid":{"rendered":"http:\/\/www.etto.cz\/topna-telesa-a-komponenty-pro-zeleznice\/"},"modified":"2019-02-21T09:33:06","modified_gmt":"2019-02-21T08:33:06","slug":"vyhrievacie-telesa-a-komponenty-pre-zeleznice","status":"publish","type":"page","link":"https:\/\/www.etto.cz\/sk\/telesa-podla-ucelu\/vyhrievacie-telesa-a-komponenty-pre-zeleznice\/","title":{"rendered":"Vyhrievacie teles\u00e1 a komponenty pre \u017eeleznice"},"content":{"rendered":"ngg_shortcode_0_placeholder\n<p>&nbsp;<\/p>\n","protected":false},"excerpt":{"rendered":"<p>&#8220; order_by=&#8220;filename&#8220; order_direction=&#8220;ASC&#8220; returns=&#8220;included&#8220; maximum_entity_count=&#8220;500&#8243;] &nbsp;<\/p>\n","protected":false},"author":1,"featured_media":0,"parent":3839,"menu_order":0,"comment_status":"open","ping_status":"open","template":"_page-menu.php","meta":{"_acf_changed":false,"ngg_post_thumbnail":0,"footnotes":"","_links_to":"","_links_to_target":""},"class_list":["post-3836","page","type-page","status-publish","hentry"],"acf":[],"yoast_head":"<!-- This site is optimized with the Yoast SEO plugin v27.6 - https:\/\/yoast.com\/product\/yoast-seo-wordpress\/ -->\n<title>Vyhrievacie teles\u00e1 pre \u017eeleznice | ELEKTRON-ETTO<\/title>\n<meta name=\"description\" content=\"Vyhrievacie teles\u00e1 a komponenty pre \u017eelezni\u010dn\u00fd priemysel. Spo\u013eahliv\u00e9 rie\u0161enia pre vykurovanie vlakov. ELEKTRON-ETTO.\" \/>\n<meta name=\"robots\" content=\"index, follow, max-snippet:-1, max-image-preview:large, max-video-preview:-1\" \/>\n<link rel=\"canonical\" href=\"https:\/\/www.etto.cz\/sk\/telesa-podla-ucelu\/vyhrievacie-telesa-a-komponenty-pre-zeleznice\/\" \/>\n<meta property=\"og:locale\" content=\"sk_SK\" \/>\n<meta property=\"og:type\" content=\"article\" \/>\n<meta property=\"og:title\" content=\"Vyhrievacie teles\u00e1 pre \u017eeleznice | ELEKTRON-ETTO\" \/>\n<meta property=\"og:description\" content=\"Vyhrievacie teles\u00e1 a komponenty pre \u017eelezni\u010dn\u00fd priemysel. Spo\u013eahliv\u00e9 rie\u0161enia pre vykurovanie vlakov. ELEKTRON-ETTO.\" \/>\n<meta property=\"og:url\" content=\"https:\/\/www.etto.cz\/sk\/telesa-podla-ucelu\/vyhrievacie-telesa-a-komponenty-pre-zeleznice\/\" \/>\n<meta property=\"og:site_name\" content=\"ETTO\" \/>\n<meta property=\"article:modified_time\" content=\"2019-02-21T08:33:06+00:00\" \/>\n<meta property=\"og:image\" content=\"https:\/\/www.etto.cz\/sk\/wp-content\/gallery\/prumyslova-telesa\/teleso-kotel.jpg\" \/>\n<meta name=\"twitter:card\" content=\"summary_large_image\" \/>\n<script type=\"application\/ld+json\" class=\"yoast-schema-graph\">{\"@context\":\"https:\\\/\\\/schema.org\",\"@graph\":[{\"@type\":\"WebPage\",\"@id\":\"https:\\\/\\\/www.etto.cz\\\/telesa-podle-ucelu\\\/topna-telesa-a-komponenty-pro-zeleznice\\\/\",\"url\":\"https:\\\/\\\/www.etto.cz\\\/telesa-podle-ucelu\\\/topna-telesa-a-komponenty-pro-zeleznice\\\/\",\"name\":\"Vyhrievacie teles\u00e1 pre \u017eeleznice | ELEKTRON-ETTO\",\"isPartOf\":{\"@id\":\"https:\\\/\\\/www.etto.cz\\\/#website\"},\"datePublished\":\"2018-08-24T12:29:44+00:00\",\"dateModified\":\"2019-02-21T08:33:06+00:00\",\"description\":\"Vyhrievacie teles\u00e1 a komponenty pre \u017eelezni\u010dn\u00fd priemysel. Spo\u013eahliv\u00e9 rie\u0161enia pre vykurovanie vlakov. ELEKTRON-ETTO.\",\"breadcrumb\":{\"@id\":\"https:\\\/\\\/www.etto.cz\\\/telesa-podle-ucelu\\\/topna-telesa-a-komponenty-pro-zeleznice\\\/#breadcrumb\"},\"inLanguage\":\"sk-SK\",\"potentialAction\":[{\"@type\":\"ReadAction\",\"target\":[\"https:\\\/\\\/www.etto.cz\\\/telesa-podle-ucelu\\\/topna-telesa-a-komponenty-pro-zeleznice\\\/\"]}]},{\"@type\":\"BreadcrumbList\",\"@id\":\"https:\\\/\\\/www.etto.cz\\\/telesa-podle-ucelu\\\/topna-telesa-a-komponenty-pro-zeleznice\\\/#breadcrumb\",\"itemListElement\":[{\"@type\":\"ListItem\",\"position\":1,\"name\":\"Dom\u016f\",\"item\":\"https:\\\/\\\/www.etto.cz\\\/\"},{\"@type\":\"ListItem\",\"position\":2,\"name\":\"Teles\u00e1 pod\u013ea \u00fa\u010delu\",\"item\":\"https:\\\/\\\/www.etto.cz\\\/telesa-podle-ucelu\\\/\"},{\"@type\":\"ListItem\",\"position\":3,\"name\":\"Vyhrievacie teles\u00e1 a komponenty pre \u017eeleznice\"}]},{\"@type\":\"WebSite\",\"@id\":\"https:\\\/\\\/www.etto.cz\\\/#website\",\"url\":\"https:\\\/\\\/www.etto.cz\\\/\",\"name\":\"ETTO\",\"description\":\"V\u00fdroba elektrick\u00fdch topn\u00fdch t\u011bles\",\"potentialAction\":[{\"@type\":\"SearchAction\",\"target\":{\"@type\":\"EntryPoint\",\"urlTemplate\":\"https:\\\/\\\/www.etto.cz\\\/?s={search_term_string}\"},\"query-input\":{\"@type\":\"PropertyValueSpecification\",\"valueRequired\":true,\"valueName\":\"search_term_string\"}}],\"inLanguage\":\"sk-SK\"}]}<\/script>\n<!-- \/ Yoast SEO plugin. -->","yoast_head_json":{"title":"Vyhrievacie teles\u00e1 pre \u017eeleznice | ELEKTRON-ETTO","description":"Vyhrievacie teles\u00e1 a komponenty pre \u017eelezni\u010dn\u00fd priemysel. Spo\u013eahliv\u00e9 rie\u0161enia pre vykurovanie vlakov. ELEKTRON-ETTO.","robots":{"index":"index","follow":"follow","max-snippet":"max-snippet:-1","max-image-preview":"max-image-preview:large","max-video-preview":"max-video-preview:-1"},"canonical":"https:\/\/www.etto.cz\/sk\/telesa-podla-ucelu\/vyhrievacie-telesa-a-komponenty-pre-zeleznice\/","og_locale":"sk_SK","og_type":"article","og_title":"Vyhrievacie teles\u00e1 pre \u017eeleznice | ELEKTRON-ETTO","og_description":"Vyhrievacie teles\u00e1 a komponenty pre \u017eelezni\u010dn\u00fd priemysel. Spo\u013eahliv\u00e9 rie\u0161enia pre vykurovanie vlakov. ELEKTRON-ETTO.","og_url":"https:\/\/www.etto.cz\/sk\/telesa-podla-ucelu\/vyhrievacie-telesa-a-komponenty-pre-zeleznice\/","og_site_name":"ETTO","article_modified_time":"2019-02-21T08:33:06+00:00","og_image":[{"url":"https:\/\/www.etto.cz\/sk\/wp-content\/gallery\/prumyslova-telesa\/teleso-kotel.jpg","type":"","width":"","height":""}],"twitter_card":"summary_large_image","schema":{"@context":"https:\/\/schema.org","@graph":[{"@type":"WebPage","@id":"https:\/\/www.etto.cz\/telesa-podle-ucelu\/topna-telesa-a-komponenty-pro-zeleznice\/","url":"https:\/\/www.etto.cz\/telesa-podle-ucelu\/topna-telesa-a-komponenty-pro-zeleznice\/","name":"Vyhrievacie teles\u00e1 pre \u017eeleznice | ELEKTRON-ETTO","isPartOf":{"@id":"https:\/\/www.etto.cz\/#website"},"datePublished":"2018-08-24T12:29:44+00:00","dateModified":"2019-02-21T08:33:06+00:00","description":"Vyhrievacie teles\u00e1 a komponenty pre \u017eelezni\u010dn\u00fd priemysel. Spo\u013eahliv\u00e9 rie\u0161enia pre vykurovanie vlakov. ELEKTRON-ETTO.","breadcrumb":{"@id":"https:\/\/www.etto.cz\/telesa-podle-ucelu\/topna-telesa-a-komponenty-pro-zeleznice\/#breadcrumb"},"inLanguage":"sk-SK","potentialAction":[{"@type":"ReadAction","target":["https:\/\/www.etto.cz\/telesa-podle-ucelu\/topna-telesa-a-komponenty-pro-zeleznice\/"]}]},{"@type":"BreadcrumbList","@id":"https:\/\/www.etto.cz\/telesa-podle-ucelu\/topna-telesa-a-komponenty-pro-zeleznice\/#breadcrumb","itemListElement":[{"@type":"ListItem","position":1,"name":"Dom\u016f","item":"https:\/\/www.etto.cz\/"},{"@type":"ListItem","position":2,"name":"Teles\u00e1 pod\u013ea \u00fa\u010delu","item":"https:\/\/www.etto.cz\/telesa-podle-ucelu\/"},{"@type":"ListItem","position":3,"name":"Vyhrievacie teles\u00e1 a komponenty pre \u017eeleznice"}]},{"@type":"WebSite","@id":"https:\/\/www.etto.cz\/#website","url":"https:\/\/www.etto.cz\/","name":"ETTO","description":"V\u00fdroba elektrick\u00fdch topn\u00fdch t\u011bles","potentialAction":[{"@type":"SearchAction","target":{"@type":"EntryPoint","urlTemplate":"https:\/\/www.etto.cz\/?s={search_term_string}"},"query-input":{"@type":"PropertyValueSpecification","valueRequired":true,"valueName":"search_term_string"}}],"inLanguage":"sk-SK"}]}},"_links":{"self":[{"href":"https:\/\/www.etto.cz\/sk\/wp-json\/wp\/v2\/pages\/3836","targetHints":{"allow":["GET"]}}],"collection":[{"href":"https:\/\/www.etto.cz\/sk\/wp-json\/wp\/v2\/pages"}],"about":[{"href":"https:\/\/www.etto.cz\/sk\/wp-json\/wp\/v2\/types\/page"}],"author":[{"embeddable":true,"href":"https:\/\/www.etto.cz\/sk\/wp-json\/wp\/v2\/users\/1"}],"replies":[{"embeddable":true,"href":"https:\/\/www.etto.cz\/sk\/wp-json\/wp\/v2\/comments?post=3836"}],"version-history":[{"count":0,"href":"https:\/\/www.etto.cz\/sk\/wp-json\/wp\/v2\/pages\/3836\/revisions"}],"up":[{"embeddable":true,"href":"https:\/\/www.etto.cz\/sk\/wp-json\/wp\/v2\/pages\/3839"}],"wp:attachment":[{"href":"https:\/\/www.etto.cz\/sk\/wp-json\/wp\/v2\/media?parent=3836"}],"curies":[{"name":"wp","href":"https:\/\/api.w.org\/{rel}","templated":true}]}}