{"id":3838,"date":"2018-08-24T13:30:38","date_gmt":"2018-08-24T12:30:38","guid":{"rendered":"http:\/\/www.etto.cz\/topna-telesa-s-napojenim-kabelu-vulkanizaci\/"},"modified":"2020-02-13T08:54:31","modified_gmt":"2020-02-13T07:54:31","slug":"vyhrievacie-telesa-s-napojenim-kabla-vulkanizaciou","status":"publish","type":"page","link":"https:\/\/www.etto.cz\/sk\/telesa-podla-ucelu\/vyhrievacie-telesa-s-napojenim-kabla-vulkanizaciou\/","title":{"rendered":"Vyhrievacie teles\u00e1 s napojen\u00edm k\u00e1bla vulkaniz\u00e1ciou"},"content":{"rendered":"<p>Pou\u017e\u00edvaj\u00fa sa pri aplik\u00e1ci\u00e1ch s po\u017eiadavkou dokonal\u00e9ho utesnen\u00e9 napojenie k\u00e1bla na vyhrievaciu ty\u010d, alebo s po\u017eiadavkou odolnosti napojenia k\u00e1bla na vyhrievaciu ty\u010d proti po\u0161kodeniu \u010dast\u00fdm oh\u00fdban\u00edm. Spoj k\u00e1bla a vyhrievacieho telesa je chr\u00e1nen\u00fd vulkanizovanou vrstvou gumy.<\/p>\n<p><strong>Vyu\u017eitie:&nbsp;<\/strong> vyhrievacie teles\u00e1 pre rozmrazovanie, vyhrievacie teles\u00e1 pre vonkaj\u0161ie pou\u017eitie a pod.<\/p>\n","protected":false},"excerpt":{"rendered":"<p>Pou\u017e\u00edvaj\u00fa sa pri aplik\u00e1ci\u00e1ch s po\u017eiadavkou dokonal\u00e9ho utesnen\u00e9 napojenie k\u00e1bla na vyhrievaciu ty\u010d, alebo s po\u017eiadavkou odolnosti napojenia k\u00e1bla na vyhrievaciu ty\u010d proti po\u0161kodeniu \u010dast\u00fdm &#8230;<\/p>\n","protected":false},"author":1,"featured_media":4708,"parent":3839,"menu_order":0,"comment_status":"open","ping_status":"open","template":"_page-menu.php","meta":{"_acf_changed":false,"ngg_post_thumbnail":0,"footnotes":"","_links_to":"","_links_to_target":""},"class_list":["post-3838","page","type-page","status-publish","has-post-thumbnail","hentry"],"acf":[],"yoast_head":"<!-- This site is optimized with the Yoast SEO plugin v27.3 - https:\/\/yoast.com\/product\/yoast-seo-wordpress\/ -->\n<title>Teles\u00e1 s napojen\u00edm k\u00e1bla vulkaniz\u00e1ciou | ELEKTRON-ETTO<\/title>\n<meta name=\"description\" content=\"Vyhrievacie teles\u00e1 s vulkanizovan\u00fdm napojen\u00edm k\u00e1bla pre n\u00e1ro\u010dn\u00e9 podmienky. Vodotesn\u00e9 prevedenie od ELEKTRON-ETTO.\" \/>\n<meta name=\"robots\" content=\"index, follow, max-snippet:-1, max-image-preview:large, max-video-preview:-1\" \/>\n<link rel=\"canonical\" href=\"https:\/\/www.etto.cz\/sk\/telesa-podla-ucelu\/vyhrievacie-telesa-s-napojenim-kabla-vulkanizaciou\/\" \/>\n<meta property=\"og:locale\" content=\"sk_SK\" \/>\n<meta property=\"og:type\" content=\"article\" \/>\n<meta property=\"og:title\" content=\"Teles\u00e1 s napojen\u00edm k\u00e1bla vulkaniz\u00e1ciou | ELEKTRON-ETTO\" \/>\n<meta property=\"og:description\" content=\"Vyhrievacie teles\u00e1 s vulkanizovan\u00fdm napojen\u00edm k\u00e1bla pre n\u00e1ro\u010dn\u00e9 podmienky. Vodotesn\u00e9 prevedenie od ELEKTRON-ETTO.\" \/>\n<meta property=\"og:url\" content=\"https:\/\/www.etto.cz\/sk\/telesa-podla-ucelu\/vyhrievacie-telesa-s-napojenim-kabla-vulkanizaciou\/\" \/>\n<meta property=\"og:site_name\" content=\"ETTO\" \/>\n<meta property=\"article:modified_time\" content=\"2020-02-13T07:54:31+00:00\" \/>\n<meta property=\"og:image\" content=\"https:\/\/www.etto.cz\/wp-content\/uploads\/2020\/02\/topne-teleso-vulkanizovane.jpg\" \/>\n\t<meta property=\"og:image:width\" content=\"630\" \/>\n\t<meta property=\"og:image:height\" content=\"630\" \/>\n\t<meta property=\"og:image:type\" content=\"image\/jpeg\" \/>\n<meta name=\"twitter:card\" content=\"summary_large_image\" \/>\n<script type=\"application\/ld+json\" class=\"yoast-schema-graph\">{\"@context\":\"https:\\\/\\\/schema.org\",\"@graph\":[{\"@type\":\"WebPage\",\"@id\":\"https:\\\/\\\/www.etto.cz\\\/telesa-podle-ucelu\\\/topna-telesa-s-napojenim-kabelu-vulkanizaci\\\/\",\"url\":\"https:\\\/\\\/www.etto.cz\\\/telesa-podle-ucelu\\\/topna-telesa-s-napojenim-kabelu-vulkanizaci\\\/\",\"name\":\"Teles\u00e1 s napojen\u00edm k\u00e1bla vulkaniz\u00e1ciou | ELEKTRON-ETTO\",\"isPartOf\":{\"@id\":\"https:\\\/\\\/www.etto.cz\\\/#website\"},\"primaryImageOfPage\":{\"@id\":\"https:\\\/\\\/www.etto.cz\\\/telesa-podle-ucelu\\\/topna-telesa-s-napojenim-kabelu-vulkanizaci\\\/#primaryimage\"},\"image\":{\"@id\":\"https:\\\/\\\/www.etto.cz\\\/telesa-podle-ucelu\\\/topna-telesa-s-napojenim-kabelu-vulkanizaci\\\/#primaryimage\"},\"thumbnailUrl\":\"https:\\\/\\\/www.etto.cz\\\/wp-content\\\/uploads\\\/2020\\\/02\\\/topne-teleso-vulkanizovane.jpg\",\"datePublished\":\"2018-08-24T12:30:38+00:00\",\"dateModified\":\"2020-02-13T07:54:31+00:00\",\"description\":\"Vyhrievacie teles\u00e1 s vulkanizovan\u00fdm napojen\u00edm k\u00e1bla pre n\u00e1ro\u010dn\u00e9 podmienky. Vodotesn\u00e9 prevedenie od ELEKTRON-ETTO.\",\"breadcrumb\":{\"@id\":\"https:\\\/\\\/www.etto.cz\\\/telesa-podle-ucelu\\\/topna-telesa-s-napojenim-kabelu-vulkanizaci\\\/#breadcrumb\"},\"inLanguage\":\"sk-SK\",\"potentialAction\":[{\"@type\":\"ReadAction\",\"target\":[\"https:\\\/\\\/www.etto.cz\\\/telesa-podle-ucelu\\\/topna-telesa-s-napojenim-kabelu-vulkanizaci\\\/\"]}]},{\"@type\":\"ImageObject\",\"inLanguage\":\"sk-SK\",\"@id\":\"https:\\\/\\\/www.etto.cz\\\/telesa-podle-ucelu\\\/topna-telesa-s-napojenim-kabelu-vulkanizaci\\\/#primaryimage\",\"url\":\"https:\\\/\\\/www.etto.cz\\\/wp-content\\\/uploads\\\/2020\\\/02\\\/topne-teleso-vulkanizovane.jpg\",\"contentUrl\":\"https:\\\/\\\/www.etto.cz\\\/wp-content\\\/uploads\\\/2020\\\/02\\\/topne-teleso-vulkanizovane.jpg\",\"width\":630,\"height\":630},{\"@type\":\"BreadcrumbList\",\"@id\":\"https:\\\/\\\/www.etto.cz\\\/telesa-podle-ucelu\\\/topna-telesa-s-napojenim-kabelu-vulkanizaci\\\/#breadcrumb\",\"itemListElement\":[{\"@type\":\"ListItem\",\"position\":1,\"name\":\"Dom\u016f\",\"item\":\"https:\\\/\\\/www.etto.cz\\\/\"},{\"@type\":\"ListItem\",\"position\":2,\"name\":\"Teles\u00e1 pod\u013ea \u00fa\u010delu\",\"item\":\"https:\\\/\\\/www.etto.cz\\\/telesa-podle-ucelu\\\/\"},{\"@type\":\"ListItem\",\"position\":3,\"name\":\"Vyhrievacie teles\u00e1 s napojen\u00edm k\u00e1bla vulkaniz\u00e1ciou\"}]},{\"@type\":\"WebSite\",\"@id\":\"https:\\\/\\\/www.etto.cz\\\/#website\",\"url\":\"https:\\\/\\\/www.etto.cz\\\/\",\"name\":\"ETTO\",\"description\":\"V\u00fdroba elektrick\u00fdch topn\u00fdch t\u011bles\",\"potentialAction\":[{\"@type\":\"SearchAction\",\"target\":{\"@type\":\"EntryPoint\",\"urlTemplate\":\"https:\\\/\\\/www.etto.cz\\\/?s={search_term_string}\"},\"query-input\":{\"@type\":\"PropertyValueSpecification\",\"valueRequired\":true,\"valueName\":\"search_term_string\"}}],\"inLanguage\":\"sk-SK\"}]}<\/script>\n<!-- \/ Yoast SEO plugin. -->","yoast_head_json":{"title":"Teles\u00e1 s napojen\u00edm k\u00e1bla vulkaniz\u00e1ciou | ELEKTRON-ETTO","description":"Vyhrievacie teles\u00e1 s vulkanizovan\u00fdm napojen\u00edm k\u00e1bla pre n\u00e1ro\u010dn\u00e9 podmienky. Vodotesn\u00e9 prevedenie od ELEKTRON-ETTO.","robots":{"index":"index","follow":"follow","max-snippet":"max-snippet:-1","max-image-preview":"max-image-preview:large","max-video-preview":"max-video-preview:-1"},"canonical":"https:\/\/www.etto.cz\/sk\/telesa-podla-ucelu\/vyhrievacie-telesa-s-napojenim-kabla-vulkanizaciou\/","og_locale":"sk_SK","og_type":"article","og_title":"Teles\u00e1 s napojen\u00edm k\u00e1bla vulkaniz\u00e1ciou | ELEKTRON-ETTO","og_description":"Vyhrievacie teles\u00e1 s vulkanizovan\u00fdm napojen\u00edm k\u00e1bla pre n\u00e1ro\u010dn\u00e9 podmienky. Vodotesn\u00e9 prevedenie od ELEKTRON-ETTO.","og_url":"https:\/\/www.etto.cz\/sk\/telesa-podla-ucelu\/vyhrievacie-telesa-s-napojenim-kabla-vulkanizaciou\/","og_site_name":"ETTO","article_modified_time":"2020-02-13T07:54:31+00:00","og_image":[{"width":630,"height":630,"url":"https:\/\/www.etto.cz\/wp-content\/uploads\/2020\/02\/topne-teleso-vulkanizovane.jpg","type":"image\/jpeg"}],"twitter_card":"summary_large_image","schema":{"@context":"https:\/\/schema.org","@graph":[{"@type":"WebPage","@id":"https:\/\/www.etto.cz\/telesa-podle-ucelu\/topna-telesa-s-napojenim-kabelu-vulkanizaci\/","url":"https:\/\/www.etto.cz\/telesa-podle-ucelu\/topna-telesa-s-napojenim-kabelu-vulkanizaci\/","name":"Teles\u00e1 s napojen\u00edm k\u00e1bla vulkaniz\u00e1ciou | ELEKTRON-ETTO","isPartOf":{"@id":"https:\/\/www.etto.cz\/#website"},"primaryImageOfPage":{"@id":"https:\/\/www.etto.cz\/telesa-podle-ucelu\/topna-telesa-s-napojenim-kabelu-vulkanizaci\/#primaryimage"},"image":{"@id":"https:\/\/www.etto.cz\/telesa-podle-ucelu\/topna-telesa-s-napojenim-kabelu-vulkanizaci\/#primaryimage"},"thumbnailUrl":"https:\/\/www.etto.cz\/wp-content\/uploads\/2020\/02\/topne-teleso-vulkanizovane.jpg","datePublished":"2018-08-24T12:30:38+00:00","dateModified":"2020-02-13T07:54:31+00:00","description":"Vyhrievacie teles\u00e1 s vulkanizovan\u00fdm napojen\u00edm k\u00e1bla pre n\u00e1ro\u010dn\u00e9 podmienky. Vodotesn\u00e9 prevedenie od ELEKTRON-ETTO.","breadcrumb":{"@id":"https:\/\/www.etto.cz\/telesa-podle-ucelu\/topna-telesa-s-napojenim-kabelu-vulkanizaci\/#breadcrumb"},"inLanguage":"sk-SK","potentialAction":[{"@type":"ReadAction","target":["https:\/\/www.etto.cz\/telesa-podle-ucelu\/topna-telesa-s-napojenim-kabelu-vulkanizaci\/"]}]},{"@type":"ImageObject","inLanguage":"sk-SK","@id":"https:\/\/www.etto.cz\/telesa-podle-ucelu\/topna-telesa-s-napojenim-kabelu-vulkanizaci\/#primaryimage","url":"https:\/\/www.etto.cz\/wp-content\/uploads\/2020\/02\/topne-teleso-vulkanizovane.jpg","contentUrl":"https:\/\/www.etto.cz\/wp-content\/uploads\/2020\/02\/topne-teleso-vulkanizovane.jpg","width":630,"height":630},{"@type":"BreadcrumbList","@id":"https:\/\/www.etto.cz\/telesa-podle-ucelu\/topna-telesa-s-napojenim-kabelu-vulkanizaci\/#breadcrumb","itemListElement":[{"@type":"ListItem","position":1,"name":"Dom\u016f","item":"https:\/\/www.etto.cz\/"},{"@type":"ListItem","position":2,"name":"Teles\u00e1 pod\u013ea \u00fa\u010delu","item":"https:\/\/www.etto.cz\/telesa-podle-ucelu\/"},{"@type":"ListItem","position":3,"name":"Vyhrievacie teles\u00e1 s napojen\u00edm k\u00e1bla vulkaniz\u00e1ciou"}]},{"@type":"WebSite","@id":"https:\/\/www.etto.cz\/#website","url":"https:\/\/www.etto.cz\/","name":"ETTO","description":"V\u00fdroba elektrick\u00fdch topn\u00fdch t\u011bles","potentialAction":[{"@type":"SearchAction","target":{"@type":"EntryPoint","urlTemplate":"https:\/\/www.etto.cz\/?s={search_term_string}"},"query-input":{"@type":"PropertyValueSpecification","valueRequired":true,"valueName":"search_term_string"}}],"inLanguage":"sk-SK"}]}},"_links":{"self":[{"href":"https:\/\/www.etto.cz\/sk\/wp-json\/wp\/v2\/pages\/3838","targetHints":{"allow":["GET"]}}],"collection":[{"href":"https:\/\/www.etto.cz\/sk\/wp-json\/wp\/v2\/pages"}],"about":[{"href":"https:\/\/www.etto.cz\/sk\/wp-json\/wp\/v2\/types\/page"}],"author":[{"embeddable":true,"href":"https:\/\/www.etto.cz\/sk\/wp-json\/wp\/v2\/users\/1"}],"replies":[{"embeddable":true,"href":"https:\/\/www.etto.cz\/sk\/wp-json\/wp\/v2\/comments?post=3838"}],"version-history":[{"count":1,"href":"https:\/\/www.etto.cz\/sk\/wp-json\/wp\/v2\/pages\/3838\/revisions"}],"predecessor-version":[{"id":4712,"href":"https:\/\/www.etto.cz\/sk\/wp-json\/wp\/v2\/pages\/3838\/revisions\/4712"}],"up":[{"embeddable":true,"href":"https:\/\/www.etto.cz\/sk\/wp-json\/wp\/v2\/pages\/3839"}],"wp:featuredmedia":[{"embeddable":true,"href":"https:\/\/www.etto.cz\/sk\/wp-json\/wp\/v2\/media\/4708"}],"wp:attachment":[{"href":"https:\/\/www.etto.cz\/sk\/wp-json\/wp\/v2\/media?parent=3838"}],"curies":[{"name":"wp","href":"https:\/\/api.w.org\/{rel}","templated":true}]}}