{"id":3839,"date":"2018-08-24T13:31:05","date_gmt":"2018-08-24T12:31:05","guid":{"rendered":"http:\/\/www.etto.cz\/telesa-podle-ucelu\/"},"modified":"2018-09-19T08:05:31","modified_gmt":"2018-09-19T07:05:31","slug":"telesa-podla-ucelu","status":"publish","type":"page","link":"https:\/\/www.etto.cz\/sk\/telesa-podla-ucelu\/","title":{"rendered":"Teles\u00e1 pod\u013ea \u00fa\u010delu"},"content":{"rendered":"<p><span style=\"display: inline !important; float: none; background-color: transparent; color: #333333; cursor: text; font-family: Georgia,'Times New Roman','Bitstream Charter',Times,serif; font-size: 16px; font-style: normal; font-variant: normal; font-weight: 400; letter-spacing: normal; orphans: 2; text-align: left; text-decoration: none; text-indent: 0px; text-transform: none; -webkit-text-stroke-width: 0px; white-space: normal; word-spacing: 0px;\"><div class=\"sub-menu\">            <a href=\"https:\/\/www.etto.cz\/sk\/telesa-podla-ucelu\/technologie-horuceho-vzduchu-serpentine\/\" class=\"subitem\">\n                <span class=\"img\">\n                    <img decoding=\"async\" src=\"https:\/\/www.etto.cz\/wp-content\/uploads\/2025\/04\/closedloopintelligentairheaters_360_267_int_s-1-153x136.png\" alt=\"Tutco SureHeat &#8211; technol\u00f3gie hor\u00faceho vzduchu\" loading=\"lazy\" \/>\n                    <span><em>Tutco SureHeat &#8211; technol\u00f3gie hor\u00faceho vzduchu<\/em><\/span>\n                <\/span>\n                <strong>Tutco SureHeat &#8211; technol\u00f3gie hor\u00faceho vzduchu<\/strong>\n            <\/a>\n                        <a href=\"https:\/\/www.etto.cz\/sk\/telesa-podla-ucelu\/vyhrievacie-telesa-pre-priemyselne-aplikacie\/\" class=\"subitem\">\n                <span class=\"img\">\n                    <img decoding=\"async\" src=\"https:\/\/www.etto.cz\/wp-content\/uploads\/2016\/12\/ohrev_vzduchu_potrubi-153x153.jpg\" alt=\"Vyhrievacie teles\u00e1 pre priemyseln\u00e9 aplik\u00e1cie\" loading=\"lazy\" \/>\n                    <span><em>Vyhrievacie teles\u00e1 pre priemyseln\u00e9 aplik\u00e1cie<\/em><\/span>\n                <\/span>\n                <strong>Vyhrievacie teles\u00e1 pre priemyseln\u00e9 aplik\u00e1cie<\/strong>\n            <\/a>\n                        <a href=\"https:\/\/www.etto.cz\/sk\/telesa-podla-ucelu\/vyhrievacie-telesa-do-kupelnovych-radiatorov\/\" class=\"subitem\">\n                <span class=\"img\">\n                    <img decoding=\"async\" src=\"https:\/\/www.etto.cz\/wp-content\/uploads\/2016\/12\/z1-153x153.png\" alt=\"Vyhrievacie teles\u00e1 do k\u00fape\u013e\u0148ov\u00fdch radi\u00e1torov\" loading=\"lazy\" \/>\n                    <span><em>Vyhrievacie teles\u00e1 do k\u00fape\u013e\u0148ov\u00fdch radi\u00e1torov<\/em><\/span>\n                <\/span>\n                <strong>Vyhrievacie teles\u00e1 do k\u00fape\u013e\u0148ov\u00fdch radi\u00e1torov<\/strong>\n            <\/a>\n                        <a href=\"https:\/\/www.etto.cz\/sk\/telesa-podla-ucelu\/rozpustanie-medu\/\" class=\"subitem\">\n                <span class=\"img\">\n                    <img decoding=\"async\" src=\"https:\/\/www.etto.cz\/wp-content\/uploads\/2016\/12\/tm1-153x135.jpg\" alt=\"Rozp\u00fa\u0161\u0165anie medu\" loading=\"lazy\" \/>\n                    <span><em>Rozp\u00fa\u0161\u0165anie medu<\/em><\/span>\n                <\/span>\n                <strong>Rozp\u00fa\u0161\u0165anie medu<\/strong>\n            <\/a>\n                        <a href=\"https:\/\/www.etto.cz\/sk\/telesa-podla-ucelu\/ohrev-chemickych-roztokov\/\" class=\"subitem\">\n                <span class=\"img\">\n                    <img decoding=\"async\" src=\"https:\/\/www.etto.cz\/wp-content\/uploads\/2025\/04\/popular_3kw-153x96.jpg\" alt=\"Ohrev chemick\u00fdch roztokov (galvanick\u00fdch k\u00fape\u013eov)\" loading=\"lazy\" \/>\n                    <span><em>Ohrev chemick\u00fdch roztokov (galvanick\u00fdch k\u00fape\u013eov)<\/em><\/span>\n                <\/span>\n                <strong>Ohrev chemick\u00fdch roztokov (galvanick\u00fdch k\u00fape\u013eov)<\/strong>\n            <\/a>\n                        <a href=\"https:\/\/www.etto.cz\/sk\/telesa-podla-ucelu\/vyhrievacie-telesa-s-napojenim-kabla-vulkanizaciou\/\" class=\"subitem\">\n                <span class=\"img\">\n                    <img decoding=\"async\" src=\"https:\/\/www.etto.cz\/wp-content\/uploads\/2020\/02\/topne-teleso-vulkanizovane-153x153.jpg\" alt=\"Vyhrievacie teles\u00e1 s napojen\u00edm k\u00e1bla vulkaniz\u00e1ciou\" loading=\"lazy\" \/>\n                    <span><em>Vyhrievacie teles\u00e1 s napojen\u00edm k\u00e1bla vulkaniz\u00e1ciou<\/em><\/span>\n                <\/span>\n                <strong>Vyhrievacie teles\u00e1 s napojen\u00edm k\u00e1bla vulkaniz\u00e1ciou<\/strong>\n            <\/a>\n                        <a href=\"https:\/\/www.etto.cz\/sk\/telesa-podla-ucelu\/vyhrievacie-telesa-do-vybusneho-prostredia\/\" class=\"subitem\">\n                <span class=\"img\">\n                    <img decoding=\"async\" src=\"\" alt=\"Vyhrievacie teles\u00e1 do v\u00fdbu\u0161n\u00e9ho prostredia\" loading=\"lazy\" \/>\n                    <span><em>Vyhrievacie teles\u00e1 do v\u00fdbu\u0161n\u00e9ho prostredia<\/em><\/span>\n                <\/span>\n                <strong>Vyhrievacie teles\u00e1 do v\u00fdbu\u0161n\u00e9ho prostredia<\/strong>\n            <\/a>\n                        <a href=\"https:\/\/www.etto.cz\/sk\/telesa-podla-ucelu\/susic-topanok\/\" class=\"subitem\">\n                <span class=\"img\">\n                    <img decoding=\"async\" src=\"\" alt=\"Su\u0161i\u010d top\u00e1nok\" loading=\"lazy\" \/>\n                    <span><em>Su\u0161i\u010d top\u00e1nok<\/em><\/span>\n                <\/span>\n                <strong>Su\u0161i\u010d top\u00e1nok<\/strong>\n            <\/a>\n            <\/div><\/span><\/p>\n","protected":false},"excerpt":{"rendered":"","protected":false},"author":1,"featured_media":0,"parent":0,"menu_order":0,"comment_status":"open","ping_status":"open","template":"_page-menu.php","meta":{"_acf_changed":false,"ngg_post_thumbnail":0,"footnotes":"","_links_to":"","_links_to_target":""},"class_list":["post-3839","page","type-page","status-publish","hentry"],"acf":[],"yoast_head":"<!-- This site is optimized with the Yoast SEO plugin v27.5 - https:\/\/yoast.com\/product\/yoast-seo-wordpress\/ -->\n<title>Teles\u00e1 pod\u013ea \u00fa\u010delu pou\u017eitia | ELEKTRON-ETTO<\/title>\n<meta name=\"description\" content=\"Vyhrievacie teles\u00e1 rozdelen\u00e9 pod\u013ea \u00fa\u010delu pou\u017eitia. N\u00e1jdite spr\u00e1vne rie\u0161enie pre va\u0161u aplik\u00e1ciu. ELEKTRON-ETTO.\" \/>\n<meta name=\"robots\" content=\"index, follow, max-snippet:-1, max-image-preview:large, max-video-preview:-1\" \/>\n<link rel=\"canonical\" href=\"https:\/\/www.etto.cz\/sk\/telesa-podla-ucelu\/susic-topanok\/\" \/>\n<meta property=\"og:locale\" content=\"sk_SK\" \/>\n<meta property=\"og:type\" content=\"article\" \/>\n<meta property=\"og:title\" content=\"Teles\u00e1 pod\u013ea \u00fa\u010delu pou\u017eitia | ELEKTRON-ETTO\" \/>\n<meta property=\"og:description\" content=\"Vyhrievacie teles\u00e1 rozdelen\u00e9 pod\u013ea \u00fa\u010delu pou\u017eitia. N\u00e1jdite spr\u00e1vne rie\u0161enie pre va\u0161u aplik\u00e1ciu. ELEKTRON-ETTO.\" \/>\n<meta property=\"og:url\" content=\"https:\/\/www.etto.cz\/sk\/telesa-podla-ucelu\/susic-topanok\/\" \/>\n<meta property=\"og:site_name\" content=\"ETTO\" \/>\n<meta property=\"article:modified_time\" content=\"2018-09-19T07:05:31+00:00\" \/>\n<meta property=\"og:image\" content=\"https:\/\/www.etto.cz\/sk\/wp-content\/gallery\/prumyslova-telesa\/teleso-kotel.jpg\" \/>\n<meta name=\"twitter:card\" content=\"summary_large_image\" \/>\n<script type=\"application\/ld+json\" class=\"yoast-schema-graph\">{\"@context\":\"https:\\\/\\\/schema.org\",\"@graph\":[{\"@type\":\"WebPage\",\"@id\":\"https:\\\/\\\/www.etto.cz\\\/telesa-podle-ucelu\\\/\",\"url\":\"https:\\\/\\\/www.etto.cz\\\/telesa-podle-ucelu\\\/\",\"name\":\"Teles\u00e1 pod\u013ea \u00fa\u010delu pou\u017eitia | ELEKTRON-ETTO\",\"isPartOf\":{\"@id\":\"https:\\\/\\\/www.etto.cz\\\/#website\"},\"datePublished\":\"2018-08-24T12:31:05+00:00\",\"dateModified\":\"2018-09-19T07:05:31+00:00\",\"description\":\"Vyhrievacie teles\u00e1 rozdelen\u00e9 pod\u013ea \u00fa\u010delu pou\u017eitia. N\u00e1jdite spr\u00e1vne rie\u0161enie pre va\u0161u aplik\u00e1ciu. ELEKTRON-ETTO.\",\"breadcrumb\":{\"@id\":\"https:\\\/\\\/www.etto.cz\\\/telesa-podle-ucelu\\\/#breadcrumb\"},\"inLanguage\":\"sk-SK\",\"potentialAction\":[{\"@type\":\"ReadAction\",\"target\":[\"https:\\\/\\\/www.etto.cz\\\/telesa-podle-ucelu\\\/\"]}]},{\"@type\":\"BreadcrumbList\",\"@id\":\"https:\\\/\\\/www.etto.cz\\\/telesa-podle-ucelu\\\/#breadcrumb\",\"itemListElement\":[{\"@type\":\"ListItem\",\"position\":1,\"name\":\"Dom\u016f\",\"item\":\"https:\\\/\\\/www.etto.cz\\\/\"},{\"@type\":\"ListItem\",\"position\":2,\"name\":\"Teles\u00e1 pod\u013ea \u00fa\u010delu\"}]},{\"@type\":\"WebSite\",\"@id\":\"https:\\\/\\\/www.etto.cz\\\/#website\",\"url\":\"https:\\\/\\\/www.etto.cz\\\/\",\"name\":\"ETTO\",\"description\":\"V\u00fdroba elektrick\u00fdch topn\u00fdch t\u011bles\",\"potentialAction\":[{\"@type\":\"SearchAction\",\"target\":{\"@type\":\"EntryPoint\",\"urlTemplate\":\"https:\\\/\\\/www.etto.cz\\\/?s={search_term_string}\"},\"query-input\":{\"@type\":\"PropertyValueSpecification\",\"valueRequired\":true,\"valueName\":\"search_term_string\"}}],\"inLanguage\":\"sk-SK\"}]}<\/script>\n<!-- \/ Yoast SEO plugin. -->","yoast_head_json":{"title":"Teles\u00e1 pod\u013ea \u00fa\u010delu pou\u017eitia | ELEKTRON-ETTO","description":"Vyhrievacie teles\u00e1 rozdelen\u00e9 pod\u013ea \u00fa\u010delu pou\u017eitia. N\u00e1jdite spr\u00e1vne rie\u0161enie pre va\u0161u aplik\u00e1ciu. ELEKTRON-ETTO.","robots":{"index":"index","follow":"follow","max-snippet":"max-snippet:-1","max-image-preview":"max-image-preview:large","max-video-preview":"max-video-preview:-1"},"canonical":"https:\/\/www.etto.cz\/sk\/telesa-podla-ucelu\/susic-topanok\/","og_locale":"sk_SK","og_type":"article","og_title":"Teles\u00e1 pod\u013ea \u00fa\u010delu pou\u017eitia | ELEKTRON-ETTO","og_description":"Vyhrievacie teles\u00e1 rozdelen\u00e9 pod\u013ea \u00fa\u010delu pou\u017eitia. N\u00e1jdite spr\u00e1vne rie\u0161enie pre va\u0161u aplik\u00e1ciu. ELEKTRON-ETTO.","og_url":"https:\/\/www.etto.cz\/sk\/telesa-podla-ucelu\/susic-topanok\/","og_site_name":"ETTO","article_modified_time":"2018-09-19T07:05:31+00:00","og_image":[{"url":"https:\/\/www.etto.cz\/sk\/wp-content\/gallery\/prumyslova-telesa\/teleso-kotel.jpg","type":"","width":"","height":""}],"twitter_card":"summary_large_image","schema":{"@context":"https:\/\/schema.org","@graph":[{"@type":"WebPage","@id":"https:\/\/www.etto.cz\/telesa-podle-ucelu\/","url":"https:\/\/www.etto.cz\/telesa-podle-ucelu\/","name":"Teles\u00e1 pod\u013ea \u00fa\u010delu pou\u017eitia | ELEKTRON-ETTO","isPartOf":{"@id":"https:\/\/www.etto.cz\/#website"},"datePublished":"2018-08-24T12:31:05+00:00","dateModified":"2018-09-19T07:05:31+00:00","description":"Vyhrievacie teles\u00e1 rozdelen\u00e9 pod\u013ea \u00fa\u010delu pou\u017eitia. N\u00e1jdite spr\u00e1vne rie\u0161enie pre va\u0161u aplik\u00e1ciu. ELEKTRON-ETTO.","breadcrumb":{"@id":"https:\/\/www.etto.cz\/telesa-podle-ucelu\/#breadcrumb"},"inLanguage":"sk-SK","potentialAction":[{"@type":"ReadAction","target":["https:\/\/www.etto.cz\/telesa-podle-ucelu\/"]}]},{"@type":"BreadcrumbList","@id":"https:\/\/www.etto.cz\/telesa-podle-ucelu\/#breadcrumb","itemListElement":[{"@type":"ListItem","position":1,"name":"Dom\u016f","item":"https:\/\/www.etto.cz\/"},{"@type":"ListItem","position":2,"name":"Teles\u00e1 pod\u013ea \u00fa\u010delu"}]},{"@type":"WebSite","@id":"https:\/\/www.etto.cz\/#website","url":"https:\/\/www.etto.cz\/","name":"ETTO","description":"V\u00fdroba elektrick\u00fdch topn\u00fdch t\u011bles","potentialAction":[{"@type":"SearchAction","target":{"@type":"EntryPoint","urlTemplate":"https:\/\/www.etto.cz\/?s={search_term_string}"},"query-input":{"@type":"PropertyValueSpecification","valueRequired":true,"valueName":"search_term_string"}}],"inLanguage":"sk-SK"}]}},"_links":{"self":[{"href":"https:\/\/www.etto.cz\/sk\/wp-json\/wp\/v2\/pages\/3839","targetHints":{"allow":["GET"]}}],"collection":[{"href":"https:\/\/www.etto.cz\/sk\/wp-json\/wp\/v2\/pages"}],"about":[{"href":"https:\/\/www.etto.cz\/sk\/wp-json\/wp\/v2\/types\/page"}],"author":[{"embeddable":true,"href":"https:\/\/www.etto.cz\/sk\/wp-json\/wp\/v2\/users\/1"}],"replies":[{"embeddable":true,"href":"https:\/\/www.etto.cz\/sk\/wp-json\/wp\/v2\/comments?post=3839"}],"version-history":[{"count":0,"href":"https:\/\/www.etto.cz\/sk\/wp-json\/wp\/v2\/pages\/3839\/revisions"}],"wp:attachment":[{"href":"https:\/\/www.etto.cz\/sk\/wp-json\/wp\/v2\/media?parent=3839"}],"curies":[{"name":"wp","href":"https:\/\/api.w.org\/{rel}","templated":true}]}}