{"id":3844,"date":"2018-08-24T13:34:34","date_gmt":"2018-08-24T12:34:34","guid":{"rendered":"http:\/\/www.etto.cz\/ohrev-plynu\/"},"modified":"2024-11-21T08:42:32","modified_gmt":"2024-11-21T07:42:32","slug":"ohrev-plynov","status":"publish","type":"page","link":"https:\/\/www.etto.cz\/sk\/ohrev-latok\/ohrev-plynov\/","title":{"rendered":"Ohrev plynov"},"content":{"rendered":"<p style=\"text-align: justify;\"><span id=\"result_box\" class=\"short_text\" lang=\"sk\">V praxi sa jedn\u00e1 naj\u010dastej\u0161ie o ohrev vzduchu.<\/span><\/p>\n<p style=\"text-align: justify;\"><strong>Inform\u00e1cie potrebn\u00e9 pre stanovenie pr\u00edkonu ohrevn\u00fdch telies sl\u00fa\u017eiacich k ohrevov plynn\u00fdch l\u00e1tok:<\/strong><\/p>\n<ul style=\"text-align: justify;\">\n<li>\u0160pecifik\u00e1cie plynu.<\/li>\n<li>R\u00fdchlosti pr\u00fadenia (m \/ s).<\/li>\n<li>Hustota plynu (kg\/m<sup>3<\/sup>) (V pr\u00edpade, \u017ee sa jedn\u00e1 o stla\u010den\u00fd plyn).<\/li>\n<li>Vstupn\u00e9 a cie\u013eov\u00e1 teplota plynu.<\/li>\n<li>Inform\u00e1cie oh\u013eadom okolia (parametre potrubia, izol\u00e1cie a pod.).<\/li>\n<\/ul>\n<p style=\"text-align: justify;\">Pro n\u00e1vrh konkr\u00e9tneho tvaru telies je nutn\u00e9 \u010falej pozna\u0165:<\/p>\n<ul style=\"text-align: justify;\">\n<li>Rozmery vyhrievacieho priestoru, d\u013a\u017eku nev\u00fdhrevnej \u010dast\u00ed ty\u010d\u00ed, miesto pre uchytenie ty\u010d\u00ed a priestor pre svorkovnicu pod.<\/li>\n<li>Prostredie a obmedzuj\u00face faktory v mieste elektrick\u00e9ho ukon\u010denie (napr. Vibr\u00e1cie, pohyb dielov, vlhkos\u0165, ohyb v\u00fdvodov v mieste v\u00fdstupu z dielu, riziko mechanick\u00e9ho po\u0161kodenia, riziko kontamin\u00e1cie olejom alebo inou kvapalinou, v\u00fdbu\u0161nos\u0165 prostredia at\u010f.<\/li>\n<li>Predpokladan\u00fd sp\u00f4sob regul\u00e1cie teploty.<\/li>\n<li>Mern\u00e9 za\u0165a\u017eenie ty\u010d\u00ed sa stanovuje na z\u00e1klade teploty a r\u00fdchlosti pr\u00fadenia plynu.<\/li>\n<\/ul>\n<p>Pre viac inform\u00e1ci\u00ed alebo pomoc pri rie\u0161en\u00ed konkr\u00e9tnych vyhrievac\u00edch situ\u00e1ci\u00ed n\u00e1s kontaktujte.<\/p>\n<p>Naj\u010dastej\u0161ie pou\u017e\u00edvan\u00e1 teles\u00e1 pre ohrev plynov si m\u00f4\u017eete pozrie\u0165 v na\u0161om katal\u00f3gu:<\/p>\n<p><a href=\"http:\/\/www.etto.cz\/wp-content\/uploads\/2017\/06\/katalog_ohrev_plynu.pdf\" target=\"_blank\" rel=\"noopener\"><img loading=\"lazy\" decoding=\"async\" class=\"alignnone wp-image-3254 size-full\" src=\"http:\/\/www.etto.cz\/wp-content\/uploads\/2018\/05\/pdf-e1527166728716.png\" alt=\"\" width=\"24\" height=\"24\"><\/a> <a href=\"https:\/\/www.etto.cz\/wp-content\/uploads\/2023\/11\/katalog_ohrev_plynu.pdf\" target=\"_blank\" rel=\"noopener\">Katal\u00f3g telies pre ohrev plynov na stiahnutie tu.<\/a><\/p>\n<p>Pre ohrev plynov na vysok\u00e9 teploty, viac aj na:&nbsp; <a href=\"https:\/\/www.etto.cz\/sk\/telesa-podla-ucelu\/technologie-horuceho-vzduchu-serpentine\/\">Technol\u00f3gie hor\u00faceho vzduchu SERPENTINE\u2122<\/a><\/p>\n","protected":false},"excerpt":{"rendered":"<p>V praxi sa jedn\u00e1 naj\u010dastej\u0161ie o ohrev vzduchu. Inform\u00e1cie potrebn\u00e9 pre stanovenie pr\u00edkonu ohrevn\u00fdch telies sl\u00fa\u017eiacich k ohrevov plynn\u00fdch l\u00e1tok: \u0160pecifik\u00e1cie plynu. R\u00fdchlosti pr\u00fadenia (m &#8230;<\/p>\n","protected":false},"author":1,"featured_media":0,"parent":3845,"menu_order":0,"comment_status":"open","ping_status":"open","template":"_page-menu.php","meta":{"_acf_changed":false,"ngg_post_thumbnail":0,"footnotes":"","_links_to":"","_links_to_target":""},"class_list":["post-3844","page","type-page","status-publish","hentry"],"acf":[],"yoast_head":"<!-- This site is optimized with the Yoast SEO plugin v27.3 - https:\/\/yoast.com\/product\/yoast-seo-wordpress\/ -->\n<title>Ohrev plynov \u2013 vyhrievacie teles\u00e1 | ELEKTRON-ETTO<\/title>\n<meta name=\"description\" content=\"Elektrick\u00e9 vyhrievacie teles\u00e1 pre ohrev vzduchu a plynov. Trubkov\u00e9 teles\u00e1 a teles\u00e1 s otvoren\u00fdm dr\u00f4tom. ELEKTRON-ETTO.\" \/>\n<meta name=\"robots\" content=\"index, follow, max-snippet:-1, max-image-preview:large, max-video-preview:-1\" \/>\n<link rel=\"canonical\" href=\"https:\/\/www.etto.cz\/sk\/ohrev-latok\/ohrev-plynov\/\" \/>\n<meta property=\"og:locale\" content=\"sk_SK\" \/>\n<meta property=\"og:type\" content=\"article\" \/>\n<meta property=\"og:title\" content=\"Ohrev plynov \u2013 vyhrievacie teles\u00e1 | ELEKTRON-ETTO\" \/>\n<meta property=\"og:description\" content=\"Elektrick\u00e9 vyhrievacie teles\u00e1 pre ohrev vzduchu a plynov. Trubkov\u00e9 teles\u00e1 a teles\u00e1 s otvoren\u00fdm dr\u00f4tom. ELEKTRON-ETTO.\" \/>\n<meta property=\"og:url\" content=\"https:\/\/www.etto.cz\/sk\/ohrev-latok\/ohrev-plynov\/\" \/>\n<meta property=\"og:site_name\" content=\"ETTO\" \/>\n<meta property=\"article:modified_time\" content=\"2024-11-21T07:42:32+00:00\" \/>\n<meta property=\"og:image\" content=\"https:\/\/www.etto.cz\/wp-content\/uploads\/2018\/05\/pdf-e1527166728716.png\" \/>\n\t<meta property=\"og:image:width\" content=\"24\" \/>\n\t<meta property=\"og:image:height\" content=\"24\" \/>\n\t<meta property=\"og:image:type\" content=\"image\/png\" \/>\n<meta name=\"twitter:card\" content=\"summary_large_image\" \/>\n<meta name=\"twitter:label1\" content=\"Predpokladan\u00fd \u010das \u010d\u00edtania\" \/>\n\t<meta name=\"twitter:data1\" content=\"2 min\u00faty\" \/>\n<script type=\"application\/ld+json\" class=\"yoast-schema-graph\">{\"@context\":\"https:\\\/\\\/schema.org\",\"@graph\":[{\"@type\":\"WebPage\",\"@id\":\"https:\\\/\\\/www.etto.cz\\\/ohrev-latek\\\/ohrev-plynu\\\/\",\"url\":\"https:\\\/\\\/www.etto.cz\\\/ohrev-latek\\\/ohrev-plynu\\\/\",\"name\":\"Ohrev plynov \u2013 vyhrievacie teles\u00e1 | ELEKTRON-ETTO\",\"isPartOf\":{\"@id\":\"https:\\\/\\\/www.etto.cz\\\/#website\"},\"primaryImageOfPage\":{\"@id\":\"https:\\\/\\\/www.etto.cz\\\/ohrev-latek\\\/ohrev-plynu\\\/#primaryimage\"},\"image\":{\"@id\":\"https:\\\/\\\/www.etto.cz\\\/ohrev-latek\\\/ohrev-plynu\\\/#primaryimage\"},\"thumbnailUrl\":\"http:\\\/\\\/www.etto.cz\\\/wp-content\\\/uploads\\\/2018\\\/05\\\/pdf-e1527166728716.png\",\"datePublished\":\"2018-08-24T12:34:34+00:00\",\"dateModified\":\"2024-11-21T07:42:32+00:00\",\"description\":\"Elektrick\u00e9 vyhrievacie teles\u00e1 pre ohrev vzduchu a plynov. Trubkov\u00e9 teles\u00e1 a teles\u00e1 s otvoren\u00fdm dr\u00f4tom. ELEKTRON-ETTO.\",\"breadcrumb\":{\"@id\":\"https:\\\/\\\/www.etto.cz\\\/ohrev-latek\\\/ohrev-plynu\\\/#breadcrumb\"},\"inLanguage\":\"sk-SK\",\"potentialAction\":[{\"@type\":\"ReadAction\",\"target\":[\"https:\\\/\\\/www.etto.cz\\\/ohrev-latek\\\/ohrev-plynu\\\/\"]}]},{\"@type\":\"ImageObject\",\"inLanguage\":\"sk-SK\",\"@id\":\"https:\\\/\\\/www.etto.cz\\\/ohrev-latek\\\/ohrev-plynu\\\/#primaryimage\",\"url\":\"http:\\\/\\\/www.etto.cz\\\/wp-content\\\/uploads\\\/2018\\\/05\\\/pdf-e1527166728716.png\",\"contentUrl\":\"http:\\\/\\\/www.etto.cz\\\/wp-content\\\/uploads\\\/2018\\\/05\\\/pdf-e1527166728716.png\"},{\"@type\":\"BreadcrumbList\",\"@id\":\"https:\\\/\\\/www.etto.cz\\\/ohrev-latek\\\/ohrev-plynu\\\/#breadcrumb\",\"itemListElement\":[{\"@type\":\"ListItem\",\"position\":1,\"name\":\"Dom\u016f\",\"item\":\"https:\\\/\\\/www.etto.cz\\\/\"},{\"@type\":\"ListItem\",\"position\":2,\"name\":\"ohrev l\u00e1tok\",\"item\":\"https:\\\/\\\/www.etto.cz\\\/ohrev-latek\\\/\"},{\"@type\":\"ListItem\",\"position\":3,\"name\":\"Ohrev plynov\"}]},{\"@type\":\"WebSite\",\"@id\":\"https:\\\/\\\/www.etto.cz\\\/#website\",\"url\":\"https:\\\/\\\/www.etto.cz\\\/\",\"name\":\"ETTO\",\"description\":\"V\u00fdroba elektrick\u00fdch topn\u00fdch t\u011bles\",\"potentialAction\":[{\"@type\":\"SearchAction\",\"target\":{\"@type\":\"EntryPoint\",\"urlTemplate\":\"https:\\\/\\\/www.etto.cz\\\/?s={search_term_string}\"},\"query-input\":{\"@type\":\"PropertyValueSpecification\",\"valueRequired\":true,\"valueName\":\"search_term_string\"}}],\"inLanguage\":\"sk-SK\"}]}<\/script>\n<!-- \/ Yoast SEO plugin. -->","yoast_head_json":{"title":"Ohrev plynov \u2013 vyhrievacie teles\u00e1 | ELEKTRON-ETTO","description":"Elektrick\u00e9 vyhrievacie teles\u00e1 pre ohrev vzduchu a plynov. Trubkov\u00e9 teles\u00e1 a teles\u00e1 s otvoren\u00fdm dr\u00f4tom. ELEKTRON-ETTO.","robots":{"index":"index","follow":"follow","max-snippet":"max-snippet:-1","max-image-preview":"max-image-preview:large","max-video-preview":"max-video-preview:-1"},"canonical":"https:\/\/www.etto.cz\/sk\/ohrev-latok\/ohrev-plynov\/","og_locale":"sk_SK","og_type":"article","og_title":"Ohrev plynov \u2013 vyhrievacie teles\u00e1 | ELEKTRON-ETTO","og_description":"Elektrick\u00e9 vyhrievacie teles\u00e1 pre ohrev vzduchu a plynov. Trubkov\u00e9 teles\u00e1 a teles\u00e1 s otvoren\u00fdm dr\u00f4tom. ELEKTRON-ETTO.","og_url":"https:\/\/www.etto.cz\/sk\/ohrev-latok\/ohrev-plynov\/","og_site_name":"ETTO","article_modified_time":"2024-11-21T07:42:32+00:00","og_image":[{"width":24,"height":24,"url":"https:\/\/www.etto.cz\/wp-content\/uploads\/2018\/05\/pdf-e1527166728716.png","type":"image\/png"}],"twitter_card":"summary_large_image","twitter_misc":{"Predpokladan\u00fd \u010das \u010d\u00edtania":"2 min\u00faty"},"schema":{"@context":"https:\/\/schema.org","@graph":[{"@type":"WebPage","@id":"https:\/\/www.etto.cz\/ohrev-latek\/ohrev-plynu\/","url":"https:\/\/www.etto.cz\/ohrev-latek\/ohrev-plynu\/","name":"Ohrev plynov \u2013 vyhrievacie teles\u00e1 | ELEKTRON-ETTO","isPartOf":{"@id":"https:\/\/www.etto.cz\/#website"},"primaryImageOfPage":{"@id":"https:\/\/www.etto.cz\/ohrev-latek\/ohrev-plynu\/#primaryimage"},"image":{"@id":"https:\/\/www.etto.cz\/ohrev-latek\/ohrev-plynu\/#primaryimage"},"thumbnailUrl":"http:\/\/www.etto.cz\/wp-content\/uploads\/2018\/05\/pdf-e1527166728716.png","datePublished":"2018-08-24T12:34:34+00:00","dateModified":"2024-11-21T07:42:32+00:00","description":"Elektrick\u00e9 vyhrievacie teles\u00e1 pre ohrev vzduchu a plynov. Trubkov\u00e9 teles\u00e1 a teles\u00e1 s otvoren\u00fdm dr\u00f4tom. ELEKTRON-ETTO.","breadcrumb":{"@id":"https:\/\/www.etto.cz\/ohrev-latek\/ohrev-plynu\/#breadcrumb"},"inLanguage":"sk-SK","potentialAction":[{"@type":"ReadAction","target":["https:\/\/www.etto.cz\/ohrev-latek\/ohrev-plynu\/"]}]},{"@type":"ImageObject","inLanguage":"sk-SK","@id":"https:\/\/www.etto.cz\/ohrev-latek\/ohrev-plynu\/#primaryimage","url":"http:\/\/www.etto.cz\/wp-content\/uploads\/2018\/05\/pdf-e1527166728716.png","contentUrl":"http:\/\/www.etto.cz\/wp-content\/uploads\/2018\/05\/pdf-e1527166728716.png"},{"@type":"BreadcrumbList","@id":"https:\/\/www.etto.cz\/ohrev-latek\/ohrev-plynu\/#breadcrumb","itemListElement":[{"@type":"ListItem","position":1,"name":"Dom\u016f","item":"https:\/\/www.etto.cz\/"},{"@type":"ListItem","position":2,"name":"ohrev l\u00e1tok","item":"https:\/\/www.etto.cz\/ohrev-latek\/"},{"@type":"ListItem","position":3,"name":"Ohrev plynov"}]},{"@type":"WebSite","@id":"https:\/\/www.etto.cz\/#website","url":"https:\/\/www.etto.cz\/","name":"ETTO","description":"V\u00fdroba elektrick\u00fdch topn\u00fdch t\u011bles","potentialAction":[{"@type":"SearchAction","target":{"@type":"EntryPoint","urlTemplate":"https:\/\/www.etto.cz\/?s={search_term_string}"},"query-input":{"@type":"PropertyValueSpecification","valueRequired":true,"valueName":"search_term_string"}}],"inLanguage":"sk-SK"}]}},"_links":{"self":[{"href":"https:\/\/www.etto.cz\/sk\/wp-json\/wp\/v2\/pages\/3844","targetHints":{"allow":["GET"]}}],"collection":[{"href":"https:\/\/www.etto.cz\/sk\/wp-json\/wp\/v2\/pages"}],"about":[{"href":"https:\/\/www.etto.cz\/sk\/wp-json\/wp\/v2\/types\/page"}],"author":[{"embeddable":true,"href":"https:\/\/www.etto.cz\/sk\/wp-json\/wp\/v2\/users\/1"}],"replies":[{"embeddable":true,"href":"https:\/\/www.etto.cz\/sk\/wp-json\/wp\/v2\/comments?post=3844"}],"version-history":[{"count":2,"href":"https:\/\/www.etto.cz\/sk\/wp-json\/wp\/v2\/pages\/3844\/revisions"}],"predecessor-version":[{"id":5294,"href":"https:\/\/www.etto.cz\/sk\/wp-json\/wp\/v2\/pages\/3844\/revisions\/5294"}],"up":[{"embeddable":true,"href":"https:\/\/www.etto.cz\/sk\/wp-json\/wp\/v2\/pages\/3845"}],"wp:attachment":[{"href":"https:\/\/www.etto.cz\/sk\/wp-json\/wp\/v2\/media?parent=3844"}],"curies":[{"name":"wp","href":"https:\/\/api.w.org\/{rel}","templated":true}]}}