{"id":3845,"date":"2018-08-24T13:34:52","date_gmt":"2018-08-24T12:34:52","guid":{"rendered":"http:\/\/www.etto.cz\/ohrev-latek\/"},"modified":"2025-02-04T13:24:00","modified_gmt":"2025-02-04T12:24:00","slug":"ohrev-latek","status":"publish","type":"page","link":"https:\/\/www.etto.cz\/sk\/ohrev-latek\/","title":{"rendered":"ohrev l\u00e1tok"},"content":{"rendered":"<p>Dle druhu oh\u0159\u00edvan\u00e9 l\u00e1tky (media):<\/p>\n<ul class=\"sub-menu\">\n<li><a href=\"https:\/\/www.etto.cz\/sk\/ohrev-latek\/ohrev-plynov\/\">Oh\u0159ev plyn\u016f<\/a><\/li>\n<li><a href=\"http:\/\/www.etto.cz\/ohrev-latek\/kontaktni-ohrev-teplych-latek\/\">Kontaktn\u00ed oh\u0159ev tepl\u00fdch l\u00e1tek<\/a><\/li>\n<li><a href=\"https:\/\/www.etto.cz\/sk\/ohrev-latek\/ohrev-kvapalin\/\">Oh\u0159ev kapalin<\/a><\/li>\n<li><a href=\"https:\/\/www.etto.cz\/sk\/ohrev-latek\/infra-ohrev\/\">Infra oh\u0159ev<\/a><\/li>\n<\/ul>\n","protected":false},"excerpt":{"rendered":"<p>Dle druhu oh\u0159\u00edvan\u00e9 l\u00e1tky (media): Oh\u0159ev plyn\u016f Kontaktn\u00ed oh\u0159ev tepl\u00fdch l\u00e1tek Oh\u0159ev kapalin Infra oh\u0159ev<\/p>\n","protected":false},"author":1,"featured_media":0,"parent":0,"menu_order":0,"comment_status":"open","ping_status":"open","template":"_page-menu.php","meta":{"_acf_changed":false,"ngg_post_thumbnail":0,"footnotes":"","_links_to":"","_links_to_target":""},"class_list":["post-3845","page","type-page","status-publish","hentry"],"acf":[],"yoast_head":"<!-- This site is optimized with the Yoast SEO plugin v27.3 - https:\/\/yoast.com\/product\/yoast-seo-wordpress\/ -->\n<title>Ohrev l\u00e1tok \u2013 aplik\u00e1cie telies | ELEKTRON-ETTO<\/title>\n<meta name=\"description\" content=\"Elektrick\u00fd ohrev kvapal\u00edn, plynov a pevn\u00fdch l\u00e1tok. Vyhrievacie teles\u00e1 na mieru pre r\u00f4zne aplik\u00e1cie od ELEKTRON-ETTO.\" \/>\n<meta name=\"robots\" content=\"index, follow, max-snippet:-1, max-image-preview:large, max-video-preview:-1\" \/>\n<link rel=\"canonical\" href=\"https:\/\/www.etto.cz\/sk\/ohrev-latek\/\" \/>\n<meta property=\"og:locale\" content=\"sk_SK\" \/>\n<meta property=\"og:type\" content=\"article\" \/>\n<meta property=\"og:title\" content=\"Ohrev l\u00e1tok \u2013 aplik\u00e1cie telies | ELEKTRON-ETTO\" \/>\n<meta property=\"og:description\" content=\"Elektrick\u00fd ohrev kvapal\u00edn, plynov a pevn\u00fdch l\u00e1tok. Vyhrievacie teles\u00e1 na mieru pre r\u00f4zne aplik\u00e1cie od ELEKTRON-ETTO.\" \/>\n<meta property=\"og:url\" content=\"https:\/\/www.etto.cz\/sk\/ohrev-latek\/\" \/>\n<meta property=\"og:site_name\" content=\"ETTO\" \/>\n<meta property=\"article:modified_time\" content=\"2025-02-04T12:24:00+00:00\" \/>\n<meta property=\"og:image\" content=\"https:\/\/www.etto.cz\/sk\/wp-content\/gallery\/prumyslova-telesa\/teleso-kotel.jpg\" \/>\n<meta name=\"twitter:card\" content=\"summary_large_image\" \/>\n<script type=\"application\/ld+json\" class=\"yoast-schema-graph\">{\"@context\":\"https:\\\/\\\/schema.org\",\"@graph\":[{\"@type\":\"WebPage\",\"@id\":\"https:\\\/\\\/www.etto.cz\\\/ohrev-latek\\\/\",\"url\":\"https:\\\/\\\/www.etto.cz\\\/ohrev-latek\\\/\",\"name\":\"Ohrev l\u00e1tok \u2013 aplik\u00e1cie telies | ELEKTRON-ETTO\",\"isPartOf\":{\"@id\":\"https:\\\/\\\/www.etto.cz\\\/#website\"},\"datePublished\":\"2018-08-24T12:34:52+00:00\",\"dateModified\":\"2025-02-04T12:24:00+00:00\",\"description\":\"Elektrick\u00fd ohrev kvapal\u00edn, plynov a pevn\u00fdch l\u00e1tok. Vyhrievacie teles\u00e1 na mieru pre r\u00f4zne aplik\u00e1cie od ELEKTRON-ETTO.\",\"breadcrumb\":{\"@id\":\"https:\\\/\\\/www.etto.cz\\\/ohrev-latek\\\/#breadcrumb\"},\"inLanguage\":\"sk-SK\",\"potentialAction\":[{\"@type\":\"ReadAction\",\"target\":[\"https:\\\/\\\/www.etto.cz\\\/ohrev-latek\\\/\"]}]},{\"@type\":\"BreadcrumbList\",\"@id\":\"https:\\\/\\\/www.etto.cz\\\/ohrev-latek\\\/#breadcrumb\",\"itemListElement\":[{\"@type\":\"ListItem\",\"position\":1,\"name\":\"Dom\u016f\",\"item\":\"https:\\\/\\\/www.etto.cz\\\/\"},{\"@type\":\"ListItem\",\"position\":2,\"name\":\"ohrev l\u00e1tok\"}]},{\"@type\":\"WebSite\",\"@id\":\"https:\\\/\\\/www.etto.cz\\\/#website\",\"url\":\"https:\\\/\\\/www.etto.cz\\\/\",\"name\":\"ETTO\",\"description\":\"V\u00fdroba elektrick\u00fdch topn\u00fdch t\u011bles\",\"potentialAction\":[{\"@type\":\"SearchAction\",\"target\":{\"@type\":\"EntryPoint\",\"urlTemplate\":\"https:\\\/\\\/www.etto.cz\\\/?s={search_term_string}\"},\"query-input\":{\"@type\":\"PropertyValueSpecification\",\"valueRequired\":true,\"valueName\":\"search_term_string\"}}],\"inLanguage\":\"sk-SK\"}]}<\/script>\n<!-- \/ Yoast SEO plugin. -->","yoast_head_json":{"title":"Ohrev l\u00e1tok \u2013 aplik\u00e1cie telies | ELEKTRON-ETTO","description":"Elektrick\u00fd ohrev kvapal\u00edn, plynov a pevn\u00fdch l\u00e1tok. Vyhrievacie teles\u00e1 na mieru pre r\u00f4zne aplik\u00e1cie od ELEKTRON-ETTO.","robots":{"index":"index","follow":"follow","max-snippet":"max-snippet:-1","max-image-preview":"max-image-preview:large","max-video-preview":"max-video-preview:-1"},"canonical":"https:\/\/www.etto.cz\/sk\/ohrev-latek\/","og_locale":"sk_SK","og_type":"article","og_title":"Ohrev l\u00e1tok \u2013 aplik\u00e1cie telies | ELEKTRON-ETTO","og_description":"Elektrick\u00fd ohrev kvapal\u00edn, plynov a pevn\u00fdch l\u00e1tok. Vyhrievacie teles\u00e1 na mieru pre r\u00f4zne aplik\u00e1cie od ELEKTRON-ETTO.","og_url":"https:\/\/www.etto.cz\/sk\/ohrev-latek\/","og_site_name":"ETTO","article_modified_time":"2025-02-04T12:24:00+00:00","og_image":[{"url":"https:\/\/www.etto.cz\/sk\/wp-content\/gallery\/prumyslova-telesa\/teleso-kotel.jpg","type":"","width":"","height":""}],"twitter_card":"summary_large_image","schema":{"@context":"https:\/\/schema.org","@graph":[{"@type":"WebPage","@id":"https:\/\/www.etto.cz\/ohrev-latek\/","url":"https:\/\/www.etto.cz\/ohrev-latek\/","name":"Ohrev l\u00e1tok \u2013 aplik\u00e1cie telies | ELEKTRON-ETTO","isPartOf":{"@id":"https:\/\/www.etto.cz\/#website"},"datePublished":"2018-08-24T12:34:52+00:00","dateModified":"2025-02-04T12:24:00+00:00","description":"Elektrick\u00fd ohrev kvapal\u00edn, plynov a pevn\u00fdch l\u00e1tok. Vyhrievacie teles\u00e1 na mieru pre r\u00f4zne aplik\u00e1cie od ELEKTRON-ETTO.","breadcrumb":{"@id":"https:\/\/www.etto.cz\/ohrev-latek\/#breadcrumb"},"inLanguage":"sk-SK","potentialAction":[{"@type":"ReadAction","target":["https:\/\/www.etto.cz\/ohrev-latek\/"]}]},{"@type":"BreadcrumbList","@id":"https:\/\/www.etto.cz\/ohrev-latek\/#breadcrumb","itemListElement":[{"@type":"ListItem","position":1,"name":"Dom\u016f","item":"https:\/\/www.etto.cz\/"},{"@type":"ListItem","position":2,"name":"ohrev l\u00e1tok"}]},{"@type":"WebSite","@id":"https:\/\/www.etto.cz\/#website","url":"https:\/\/www.etto.cz\/","name":"ETTO","description":"V\u00fdroba elektrick\u00fdch topn\u00fdch t\u011bles","potentialAction":[{"@type":"SearchAction","target":{"@type":"EntryPoint","urlTemplate":"https:\/\/www.etto.cz\/?s={search_term_string}"},"query-input":{"@type":"PropertyValueSpecification","valueRequired":true,"valueName":"search_term_string"}}],"inLanguage":"sk-SK"}]}},"_links":{"self":[{"href":"https:\/\/www.etto.cz\/sk\/wp-json\/wp\/v2\/pages\/3845","targetHints":{"allow":["GET"]}}],"collection":[{"href":"https:\/\/www.etto.cz\/sk\/wp-json\/wp\/v2\/pages"}],"about":[{"href":"https:\/\/www.etto.cz\/sk\/wp-json\/wp\/v2\/types\/page"}],"author":[{"embeddable":true,"href":"https:\/\/www.etto.cz\/sk\/wp-json\/wp\/v2\/users\/1"}],"replies":[{"embeddable":true,"href":"https:\/\/www.etto.cz\/sk\/wp-json\/wp\/v2\/comments?post=3845"}],"version-history":[{"count":1,"href":"https:\/\/www.etto.cz\/sk\/wp-json\/wp\/v2\/pages\/3845\/revisions"}],"predecessor-version":[{"id":5355,"href":"https:\/\/www.etto.cz\/sk\/wp-json\/wp\/v2\/pages\/3845\/revisions\/5355"}],"wp:attachment":[{"href":"https:\/\/www.etto.cz\/sk\/wp-json\/wp\/v2\/media?parent=3845"}],"curies":[{"name":"wp","href":"https:\/\/api.w.org\/{rel}","templated":true}]}}