{"id":3850,"date":"2018-08-24T13:38:08","date_gmt":"2018-08-24T12:38:08","guid":{"rendered":"http:\/\/www.etto.cz\/topne-pasy-keramicke\/"},"modified":"2020-02-18T08:41:45","modified_gmt":"2020-02-18T07:41:45","slug":"vyhrievaci-pasy-keramicke","status":"publish","type":"page","link":"https:\/\/www.etto.cz\/sk\/produkty\/vyhrievacie-pasy-objimky\/vyhrievaci-pasy-keramicke\/","title":{"rendered":"Vyhrievac\u00ed p\u00e1sy keramick\u00e9"},"content":{"rendered":"<p style=\"text-align: justify;\">Ohrev l\u00e1tekVyr\u00e1b\u00edme keramick\u00e9 v\u00fdhrevn\u00e9 p\u00e1sy na ohrev valcov\u00fdch pl\u00f4ch, alebo &amp; nbsp; pl\u00f4ch in\u00fdch ako kruhov\u00fdch profilov, pod\u013ea po\u017eiadaviek z\u00e1kazn\u00edka.<\/p>\n<p style=\"text-align: justify;\">Ak je rozmerovo \u010di z&nbsp;h\u013eadiska nap\u00e4tia a v\u00fdkonu vyrobite\u013en\u00fd, je t\u00e1to technol\u00f3gia pou\u017eite\u013en\u00e1 pri vy\u0161\u0161\u00edch pracovn\u00fdch teplot\u00e1ch a mernom &amp; nbsp; za\u0165a\u017eenie oproti s\u013eudov\u00fdm vyhrievac\u00edm p\u00e1som. \u00da\u010dinnos\u0165 p\u00e1su sa o cca 15 &#8211; 20% zv\u00fd\u0161i pridan\u00edm miner\u00e1lnej izola\u010dnej vrstvy medzi kovov\u00fd obvodov\u00fd pl\u00e1\u0161\u0165 a keramickou vykurovaciu vlo\u017eku. &amp; Nbsp; Pod\u013ea ve\u013ekosti valcov\u00e9 plochy m\u00f4\u017eu by\u0165 jednodielne alebo dvojdielne.<\/p>\nngg_shortcode_0_placeholder\n<p>&nbsp;<\/p>\n","protected":false},"excerpt":{"rendered":"<p>Ohrev l\u00e1tekVyr\u00e1b\u00edme keramick\u00e9 v\u00fdhrevn\u00e9 p\u00e1sy na ohrev valcov\u00fdch pl\u00f4ch, alebo &amp; nbsp; pl\u00f4ch in\u00fdch ako kruhov\u00fdch profilov, pod\u013ea po\u017eiadaviek z\u00e1kazn\u00edka. Ak je rozmerovo \u010di z&nbsp;h\u013eadiska &#8230;<\/p>\n","protected":false},"author":1,"featured_media":2609,"parent":3862,"menu_order":0,"comment_status":"open","ping_status":"open","template":"_page-menu.php","meta":{"_acf_changed":false,"ngg_post_thumbnail":0,"footnotes":"","_links_to":"","_links_to_target":""},"class_list":["post-3850","page","type-page","status-publish","has-post-thumbnail","hentry"],"acf":[],"yoast_head":"<!-- This site is optimized with the Yoast SEO plugin v27.4 - https:\/\/yoast.com\/product\/yoast-seo-wordpress\/ -->\n<title>Vyhrievacie p\u00e1sy keramick\u00e9 | ELEKTRON-ETTO<\/title>\n<meta name=\"description\" content=\"Keramick\u00e9 vyhrievacie p\u00e1sy pre vysok\u00e9 teploty. Odoln\u00e9 a v\u00fdkonn\u00e9 rie\u0161enie pre priemyseln\u00e9 aplik\u00e1cie. ELEKTRON-ETTO.\" \/>\n<meta name=\"robots\" content=\"index, follow, max-snippet:-1, max-image-preview:large, max-video-preview:-1\" \/>\n<link rel=\"canonical\" href=\"https:\/\/www.etto.cz\/sk\/produkty\/vyhrievacie-pasy-objimky\/vyhrievaci-pasy-keramicke\/\" \/>\n<meta property=\"og:locale\" content=\"sk_SK\" \/>\n<meta property=\"og:type\" content=\"article\" \/>\n<meta property=\"og:title\" content=\"Vyhrievacie p\u00e1sy keramick\u00e9 | ELEKTRON-ETTO\" \/>\n<meta property=\"og:description\" content=\"Keramick\u00e9 vyhrievacie p\u00e1sy pre vysok\u00e9 teploty. Odoln\u00e9 a v\u00fdkonn\u00e9 rie\u0161enie pre priemyseln\u00e9 aplik\u00e1cie. ELEKTRON-ETTO.\" \/>\n<meta property=\"og:url\" content=\"https:\/\/www.etto.cz\/sk\/produkty\/vyhrievacie-pasy-objimky\/vyhrievaci-pasy-keramicke\/\" \/>\n<meta property=\"og:site_name\" content=\"ETTO\" \/>\n<meta property=\"article:modified_time\" content=\"2020-02-18T07:41:45+00:00\" \/>\n<meta property=\"og:image\" content=\"https:\/\/www.etto.cz\/wp-content\/uploads\/2016\/12\/keramicky_pas.jpg\" \/>\n\t<meta property=\"og:image:width\" content=\"1024\" \/>\n\t<meta property=\"og:image:height\" content=\"811\" \/>\n\t<meta property=\"og:image:type\" content=\"image\/jpeg\" \/>\n<meta name=\"twitter:card\" content=\"summary_large_image\" \/>\n<meta name=\"twitter:label1\" content=\"Predpokladan\u00fd \u010das \u010d\u00edtania\" \/>\n\t<meta name=\"twitter:data1\" content=\"1 min\u00fata\" \/>\n<script type=\"application\/ld+json\" class=\"yoast-schema-graph\">{\"@context\":\"https:\\\/\\\/schema.org\",\"@graph\":[{\"@type\":\"WebPage\",\"@id\":\"https:\\\/\\\/www.etto.cz\\\/elektricka-topna-telesa\\\/topne-pasy\\\/topne-pasy-keramicke\\\/\",\"url\":\"https:\\\/\\\/www.etto.cz\\\/elektricka-topna-telesa\\\/topne-pasy\\\/topne-pasy-keramicke\\\/\",\"name\":\"Vyhrievacie p\u00e1sy keramick\u00e9 | ELEKTRON-ETTO\",\"isPartOf\":{\"@id\":\"https:\\\/\\\/www.etto.cz\\\/#website\"},\"primaryImageOfPage\":{\"@id\":\"https:\\\/\\\/www.etto.cz\\\/elektricka-topna-telesa\\\/topne-pasy\\\/topne-pasy-keramicke\\\/#primaryimage\"},\"image\":{\"@id\":\"https:\\\/\\\/www.etto.cz\\\/elektricka-topna-telesa\\\/topne-pasy\\\/topne-pasy-keramicke\\\/#primaryimage\"},\"thumbnailUrl\":\"https:\\\/\\\/www.etto.cz\\\/wp-content\\\/uploads\\\/2016\\\/12\\\/keramicky_pas.jpg\",\"datePublished\":\"2018-08-24T12:38:08+00:00\",\"dateModified\":\"2020-02-18T07:41:45+00:00\",\"description\":\"Keramick\u00e9 vyhrievacie p\u00e1sy pre vysok\u00e9 teploty. Odoln\u00e9 a v\u00fdkonn\u00e9 rie\u0161enie pre priemyseln\u00e9 aplik\u00e1cie. ELEKTRON-ETTO.\",\"breadcrumb\":{\"@id\":\"https:\\\/\\\/www.etto.cz\\\/elektricka-topna-telesa\\\/topne-pasy\\\/topne-pasy-keramicke\\\/#breadcrumb\"},\"inLanguage\":\"sk-SK\",\"potentialAction\":[{\"@type\":\"ReadAction\",\"target\":[\"https:\\\/\\\/www.etto.cz\\\/elektricka-topna-telesa\\\/topne-pasy\\\/topne-pasy-keramicke\\\/\"]}]},{\"@type\":\"ImageObject\",\"inLanguage\":\"sk-SK\",\"@id\":\"https:\\\/\\\/www.etto.cz\\\/elektricka-topna-telesa\\\/topne-pasy\\\/topne-pasy-keramicke\\\/#primaryimage\",\"url\":\"https:\\\/\\\/www.etto.cz\\\/wp-content\\\/uploads\\\/2016\\\/12\\\/keramicky_pas.jpg\",\"contentUrl\":\"https:\\\/\\\/www.etto.cz\\\/wp-content\\\/uploads\\\/2016\\\/12\\\/keramicky_pas.jpg\",\"width\":1024,\"height\":811},{\"@type\":\"BreadcrumbList\",\"@id\":\"https:\\\/\\\/www.etto.cz\\\/elektricka-topna-telesa\\\/topne-pasy\\\/topne-pasy-keramicke\\\/#breadcrumb\",\"itemListElement\":[{\"@type\":\"ListItem\",\"position\":1,\"name\":\"Dom\u016f\",\"item\":\"https:\\\/\\\/www.etto.cz\\\/\"},{\"@type\":\"ListItem\",\"position\":2,\"name\":\"V\u00fdroba elektrick\u00fdch vyhrievac\u00edch telies &#8211; produkty\",\"item\":\"https:\\\/\\\/www.etto.cz\\\/elektricka-topna-telesa\\\/\"},{\"@type\":\"ListItem\",\"position\":3,\"name\":\"Vyhrievacie p\u00e1sy (obj\u00edmky)\",\"item\":\"https:\\\/\\\/www.etto.cz\\\/elektricka-topna-telesa\\\/topne-pasy\\\/\"},{\"@type\":\"ListItem\",\"position\":4,\"name\":\"Vyhrievac\u00ed p\u00e1sy keramick\u00e9\"}]},{\"@type\":\"WebSite\",\"@id\":\"https:\\\/\\\/www.etto.cz\\\/#website\",\"url\":\"https:\\\/\\\/www.etto.cz\\\/\",\"name\":\"ETTO\",\"description\":\"V\u00fdroba elektrick\u00fdch topn\u00fdch t\u011bles\",\"potentialAction\":[{\"@type\":\"SearchAction\",\"target\":{\"@type\":\"EntryPoint\",\"urlTemplate\":\"https:\\\/\\\/www.etto.cz\\\/?s={search_term_string}\"},\"query-input\":{\"@type\":\"PropertyValueSpecification\",\"valueRequired\":true,\"valueName\":\"search_term_string\"}}],\"inLanguage\":\"sk-SK\"}]}<\/script>\n<!-- \/ Yoast SEO plugin. -->","yoast_head_json":{"title":"Vyhrievacie p\u00e1sy keramick\u00e9 | ELEKTRON-ETTO","description":"Keramick\u00e9 vyhrievacie p\u00e1sy pre vysok\u00e9 teploty. Odoln\u00e9 a v\u00fdkonn\u00e9 rie\u0161enie pre priemyseln\u00e9 aplik\u00e1cie. ELEKTRON-ETTO.","robots":{"index":"index","follow":"follow","max-snippet":"max-snippet:-1","max-image-preview":"max-image-preview:large","max-video-preview":"max-video-preview:-1"},"canonical":"https:\/\/www.etto.cz\/sk\/produkty\/vyhrievacie-pasy-objimky\/vyhrievaci-pasy-keramicke\/","og_locale":"sk_SK","og_type":"article","og_title":"Vyhrievacie p\u00e1sy keramick\u00e9 | ELEKTRON-ETTO","og_description":"Keramick\u00e9 vyhrievacie p\u00e1sy pre vysok\u00e9 teploty. Odoln\u00e9 a v\u00fdkonn\u00e9 rie\u0161enie pre priemyseln\u00e9 aplik\u00e1cie. ELEKTRON-ETTO.","og_url":"https:\/\/www.etto.cz\/sk\/produkty\/vyhrievacie-pasy-objimky\/vyhrievaci-pasy-keramicke\/","og_site_name":"ETTO","article_modified_time":"2020-02-18T07:41:45+00:00","og_image":[{"width":1024,"height":811,"url":"https:\/\/www.etto.cz\/wp-content\/uploads\/2016\/12\/keramicky_pas.jpg","type":"image\/jpeg"}],"twitter_card":"summary_large_image","twitter_misc":{"Predpokladan\u00fd \u010das \u010d\u00edtania":"1 min\u00fata"},"schema":{"@context":"https:\/\/schema.org","@graph":[{"@type":"WebPage","@id":"https:\/\/www.etto.cz\/elektricka-topna-telesa\/topne-pasy\/topne-pasy-keramicke\/","url":"https:\/\/www.etto.cz\/elektricka-topna-telesa\/topne-pasy\/topne-pasy-keramicke\/","name":"Vyhrievacie p\u00e1sy keramick\u00e9 | ELEKTRON-ETTO","isPartOf":{"@id":"https:\/\/www.etto.cz\/#website"},"primaryImageOfPage":{"@id":"https:\/\/www.etto.cz\/elektricka-topna-telesa\/topne-pasy\/topne-pasy-keramicke\/#primaryimage"},"image":{"@id":"https:\/\/www.etto.cz\/elektricka-topna-telesa\/topne-pasy\/topne-pasy-keramicke\/#primaryimage"},"thumbnailUrl":"https:\/\/www.etto.cz\/wp-content\/uploads\/2016\/12\/keramicky_pas.jpg","datePublished":"2018-08-24T12:38:08+00:00","dateModified":"2020-02-18T07:41:45+00:00","description":"Keramick\u00e9 vyhrievacie p\u00e1sy pre vysok\u00e9 teploty. Odoln\u00e9 a v\u00fdkonn\u00e9 rie\u0161enie pre priemyseln\u00e9 aplik\u00e1cie. ELEKTRON-ETTO.","breadcrumb":{"@id":"https:\/\/www.etto.cz\/elektricka-topna-telesa\/topne-pasy\/topne-pasy-keramicke\/#breadcrumb"},"inLanguage":"sk-SK","potentialAction":[{"@type":"ReadAction","target":["https:\/\/www.etto.cz\/elektricka-topna-telesa\/topne-pasy\/topne-pasy-keramicke\/"]}]},{"@type":"ImageObject","inLanguage":"sk-SK","@id":"https:\/\/www.etto.cz\/elektricka-topna-telesa\/topne-pasy\/topne-pasy-keramicke\/#primaryimage","url":"https:\/\/www.etto.cz\/wp-content\/uploads\/2016\/12\/keramicky_pas.jpg","contentUrl":"https:\/\/www.etto.cz\/wp-content\/uploads\/2016\/12\/keramicky_pas.jpg","width":1024,"height":811},{"@type":"BreadcrumbList","@id":"https:\/\/www.etto.cz\/elektricka-topna-telesa\/topne-pasy\/topne-pasy-keramicke\/#breadcrumb","itemListElement":[{"@type":"ListItem","position":1,"name":"Dom\u016f","item":"https:\/\/www.etto.cz\/"},{"@type":"ListItem","position":2,"name":"V\u00fdroba elektrick\u00fdch vyhrievac\u00edch telies &#8211; produkty","item":"https:\/\/www.etto.cz\/elektricka-topna-telesa\/"},{"@type":"ListItem","position":3,"name":"Vyhrievacie p\u00e1sy (obj\u00edmky)","item":"https:\/\/www.etto.cz\/elektricka-topna-telesa\/topne-pasy\/"},{"@type":"ListItem","position":4,"name":"Vyhrievac\u00ed p\u00e1sy keramick\u00e9"}]},{"@type":"WebSite","@id":"https:\/\/www.etto.cz\/#website","url":"https:\/\/www.etto.cz\/","name":"ETTO","description":"V\u00fdroba elektrick\u00fdch topn\u00fdch t\u011bles","potentialAction":[{"@type":"SearchAction","target":{"@type":"EntryPoint","urlTemplate":"https:\/\/www.etto.cz\/?s={search_term_string}"},"query-input":{"@type":"PropertyValueSpecification","valueRequired":true,"valueName":"search_term_string"}}],"inLanguage":"sk-SK"}]}},"_links":{"self":[{"href":"https:\/\/www.etto.cz\/sk\/wp-json\/wp\/v2\/pages\/3850","targetHints":{"allow":["GET"]}}],"collection":[{"href":"https:\/\/www.etto.cz\/sk\/wp-json\/wp\/v2\/pages"}],"about":[{"href":"https:\/\/www.etto.cz\/sk\/wp-json\/wp\/v2\/types\/page"}],"author":[{"embeddable":true,"href":"https:\/\/www.etto.cz\/sk\/wp-json\/wp\/v2\/users\/1"}],"replies":[{"embeddable":true,"href":"https:\/\/www.etto.cz\/sk\/wp-json\/wp\/v2\/comments?post=3850"}],"version-history":[{"count":3,"href":"https:\/\/www.etto.cz\/sk\/wp-json\/wp\/v2\/pages\/3850\/revisions"}],"predecessor-version":[{"id":4727,"href":"https:\/\/www.etto.cz\/sk\/wp-json\/wp\/v2\/pages\/3850\/revisions\/4727"}],"up":[{"embeddable":true,"href":"https:\/\/www.etto.cz\/sk\/wp-json\/wp\/v2\/pages\/3862"}],"wp:featuredmedia":[{"embeddable":true,"href":"https:\/\/www.etto.cz\/sk\/wp-json\/wp\/v2\/media\/2609"}],"wp:attachment":[{"href":"https:\/\/www.etto.cz\/sk\/wp-json\/wp\/v2\/media?parent=3850"}],"curies":[{"name":"wp","href":"https:\/\/api.w.org\/{rel}","templated":true}]}}