{"id":3852,"date":"2018-08-24T13:38:53","date_gmt":"2018-08-24T12:38:53","guid":{"rendered":"http:\/\/www.etto.cz\/topne-patrony\/"},"modified":"2019-02-21T08:44:03","modified_gmt":"2019-02-21T07:44:03","slug":"vyhrievacie-patrony","status":"publish","type":"page","link":"https:\/\/www.etto.cz\/sk\/produkty\/vyhrievacie-patrony\/","title":{"rendered":"Vyhrievacie patr\u00f3ny"},"content":{"rendered":"<p style=\"text-align: justify;\">Elektrick\u00e9 vyhrievacie patr\u00f3ny sa pod\u013ea kon\u0161trukcie delia do troch z\u00e1kladn\u00fdch kateg\u00f3ri\u00ed.<\/p>\n<ul>\n<li>&nbsp;Vysokozat\u00ed\u017een\u00e9 vyhrievacie patr\u00f3ny<\/li>\n<li>&nbsp;St\u0159edn\u011bzat\u00ed\u017een\u00e9 vyhrievacie patr\u00f3ny<\/li>\n<li>&nbsp;N\u00edzcezat\u00ed\u017een\u00e9 vyhrievacie patr\u00f3ny<\/li>\n<\/ul>\n<div class=\"sub-menu\">            <a href=\"https:\/\/www.etto.cz\/sk\/produkty\/vyhrievacie-patrony\/vysokozatizene-vyhrievacie-patrony\/\" class=\"subitem\">\n                <span class=\"img\">\n                    <img decoding=\"async\" src=\"https:\/\/www.etto.cz\/wp-content\/uploads\/2016\/12\/vysocezatizena_patr-153x153.jpg\" alt=\"Vysokozat\u00ed\u017een\u00e9 vyhrievacie patr\u00f3ny\" loading=\"lazy\" \/>\n                    <span><em>Vysokozat\u00ed\u017een\u00e9 vyhrievacie patr\u00f3ny<\/em><\/span>\n                <\/span>\n                <strong>Vysokozat\u00ed\u017een\u00e9 vyhrievacie patr\u00f3ny<\/strong>\n            <\/a>\n                        <a href=\"https:\/\/www.etto.cz\/sk\/produkty\/vyhrievacie-patrony\/vysokozatizene-vyhrievacie-patrony-s-termoclankom\/\" class=\"subitem\">\n                <span class=\"img\">\n                    <img decoding=\"async\" src=\"https:\/\/www.etto.cz\/wp-content\/uploads\/2015\/05\/vysokozatizene-patrony-s-termoclankem-125x153.jpg\" alt=\"Vysokozat\u00ed\u017een\u00e9 vyhrievacie patr\u00f3ny s termo\u010dl\u00e1nkom a PT100\" loading=\"lazy\" \/>\n                    <span><em>Vysokozat\u00ed\u017een\u00e9 vyhrievacie patr\u00f3ny s termo\u010dl\u00e1nkom a PT100<\/em><\/span>\n                <\/span>\n                <strong>Vysokozat\u00ed\u017een\u00e9 vyhrievacie patr\u00f3ny s termo\u010dl\u00e1nkom a PT100<\/strong>\n            <\/a>\n                        <a href=\"https:\/\/www.etto.cz\/sk\/produkty\/vyhrievacie-patrony\/strednezatizene-vyhrievacie-patrony\/\" class=\"subitem\">\n                <span class=\"img\">\n                    <img decoding=\"async\" src=\"https:\/\/www.etto.cz\/wp-content\/uploads\/2016\/12\/strednezatizena_patr-153x153.jpg\" alt=\"St\u0159edn\u011bzat\u00ed\u017een\u00e9 vyhrievacie patr\u00f3ny\" loading=\"lazy\" \/>\n                    <span><em>St\u0159edn\u011bzat\u00ed\u017een\u00e9 vyhrievacie patr\u00f3ny<\/em><\/span>\n                <\/span>\n                <strong>St\u0159edn\u011bzat\u00ed\u017een\u00e9 vyhrievacie patr\u00f3ny<\/strong>\n            <\/a>\n                        <a href=\"https:\/\/www.etto.cz\/sk\/produkty\/vyhrievacie-patrony\/nizcezatizene-vyhrievacie-patrony\/\" class=\"subitem\">\n                <span class=\"img\">\n                    <img decoding=\"async\" src=\"https:\/\/www.etto.cz\/wp-content\/uploads\/2016\/12\/strednezatizena_patr-153x153.jpg\" alt=\"N\u00edzcezat\u00ed\u017een\u00e9 vyhrievacie patr\u00f3ny\" loading=\"lazy\" \/>\n                    <span><em>N\u00edzcezat\u00ed\u017een\u00e9 vyhrievacie patr\u00f3ny<\/em><\/span>\n                <\/span>\n                <strong>N\u00edzcezat\u00ed\u017een\u00e9 vyhrievacie patr\u00f3ny<\/strong>\n            <\/a>\n                        <a href=\"https:\/\/www.etto.cz\/sk\/produkty\/vyhrievacie-patrony\/vyhrievacie-patrony-s-dvojitou-izolaciou\/\" class=\"subitem\">\n                <span class=\"img\">\n                    <img decoding=\"async\" src=\"https:\/\/www.etto.cz\/wp-content\/uploads\/2016\/12\/vysocezatizena_patr-153x153.jpg\" alt=\"Vyhrievacie patr\u00f3ny s dvojitou izol\u00e1ciou (s n\u00edzkymi \u00fanikov\u00fdmi pr\u00fadmi)\" loading=\"lazy\" \/>\n                    <span><em>Vyhrievacie patr\u00f3ny s dvojitou izol\u00e1ciou (s n\u00edzkymi \u00fanikov\u00fdmi pr\u00fadmi)<\/em><\/span>\n                <\/span>\n                <strong>Vyhrievacie patr\u00f3ny s dvojitou izol\u00e1ciou (s n\u00edzkymi \u00fanikov\u00fdmi pr\u00fadmi)<\/strong>\n            <\/a>\n                        <a href=\"https:\/\/www.etto.cz\/sk\/produkty\/vyhrievacie-patrony\/vyhrievacie-patrony-so-specifikovanymi-zonami\/\" class=\"subitem\">\n                <span class=\"img\">\n                    <img decoding=\"async\" src=\"https:\/\/www.etto.cz\/wp-content\/uploads\/2016\/12\/patrona_zony-153x147.jpg\" alt=\"V\u00fdhrevn\u00e9 patr\u00f3ny sa \u0161pecifikovan\u00fdmi vyhrievac\u00edmi z\u00f3nami\" loading=\"lazy\" \/>\n                    <span><em>V\u00fdhrevn\u00e9 patr\u00f3ny sa \u0161pecifikovan\u00fdmi vyhrievac\u00edmi z\u00f3nami<\/em><\/span>\n                <\/span>\n                <strong>V\u00fdhrevn\u00e9 patr\u00f3ny sa \u0161pecifikovan\u00fdmi vyhrievac\u00edmi z\u00f3nami<\/strong>\n            <\/a>\n            <\/div>\n","protected":false},"excerpt":{"rendered":"<p>Elektrick\u00e9 vyhrievacie patr\u00f3ny sa pod\u013ea kon\u0161trukcie delia do troch z\u00e1kladn\u00fdch kateg\u00f3ri\u00ed. &nbsp;Vysokozat\u00ed\u017een\u00e9 vyhrievacie patr\u00f3ny &nbsp;St\u0159edn\u011bzat\u00ed\u017een\u00e9 vyhrievacie patr\u00f3ny &nbsp;N\u00edzcezat\u00ed\u017een\u00e9 vyhrievacie patr\u00f3ny<\/p>\n","protected":false},"author":1,"featured_media":2255,"parent":3825,"menu_order":0,"comment_status":"open","ping_status":"closed","template":"_page-menu.php","meta":{"_acf_changed":false,"ngg_post_thumbnail":0,"footnotes":"","_links_to":"","_links_to_target":""},"class_list":["post-3852","page","type-page","status-publish","has-post-thumbnail","hentry"],"acf":[],"yoast_head":"<!-- This site is optimized with the Yoast SEO plugin v27.3 - https:\/\/yoast.com\/product\/yoast-seo-wordpress\/ -->\n<title>Vyhrievacie patr\u00f3ny | ELEKTRON-ETTO<\/title>\n<meta name=\"description\" content=\"Elektrick\u00e9 vyhrievacie patr\u00f3ny od ELEKTRON-ETTO. N\u00edzko, stredne a vysokoza\u0165a\u017een\u00e9 patr\u00f3ny na mieru. Spo\u013eahliv\u00fd priemyseln\u00fd ohrev.\" \/>\n<meta name=\"robots\" content=\"index, follow, max-snippet:-1, max-image-preview:large, max-video-preview:-1\" \/>\n<link rel=\"canonical\" href=\"https:\/\/www.etto.cz\/sk\/produkty\/vyhrievacie-patrony\/vyhrievacie-patrony-so-specifikovanymi-zonami\/\" \/>\n<meta property=\"og:locale\" content=\"sk_SK\" \/>\n<meta property=\"og:type\" content=\"article\" \/>\n<meta property=\"og:title\" content=\"Vyhrievacie patr\u00f3ny | ELEKTRON-ETTO\" \/>\n<meta property=\"og:description\" content=\"Elektrick\u00e9 vyhrievacie patr\u00f3ny od ELEKTRON-ETTO. N\u00edzko, stredne a vysokoza\u0165a\u017een\u00e9 patr\u00f3ny na mieru. Spo\u013eahliv\u00fd priemyseln\u00fd ohrev.\" \/>\n<meta property=\"og:url\" content=\"https:\/\/www.etto.cz\/sk\/produkty\/vyhrievacie-patrony\/vyhrievacie-patrony-so-specifikovanymi-zonami\/\" \/>\n<meta property=\"og:site_name\" content=\"ETTO\" \/>\n<meta property=\"article:modified_time\" content=\"2019-02-21T07:44:03+00:00\" \/>\n<meta property=\"og:image\" content=\"https:\/\/www.etto.cz\/wp-content\/uploads\/2015\/05\/topne-patrony.jpg\" \/>\n\t<meta property=\"og:image:width\" content=\"400\" \/>\n\t<meta property=\"og:image:height\" content=\"400\" \/>\n\t<meta property=\"og:image:type\" content=\"image\/jpeg\" \/>\n<meta name=\"twitter:card\" content=\"summary_large_image\" \/>\n<script type=\"application\/ld+json\" class=\"yoast-schema-graph\">{\"@context\":\"https:\\\/\\\/schema.org\",\"@graph\":[{\"@type\":\"WebPage\",\"@id\":\"https:\\\/\\\/www.etto.cz\\\/elektricka-topna-telesa\\\/topne-patrony\\\/\",\"url\":\"https:\\\/\\\/www.etto.cz\\\/elektricka-topna-telesa\\\/topne-patrony\\\/\",\"name\":\"Vyhrievacie patr\u00f3ny | ELEKTRON-ETTO\",\"isPartOf\":{\"@id\":\"https:\\\/\\\/www.etto.cz\\\/#website\"},\"primaryImageOfPage\":{\"@id\":\"https:\\\/\\\/www.etto.cz\\\/elektricka-topna-telesa\\\/topne-patrony\\\/#primaryimage\"},\"image\":{\"@id\":\"https:\\\/\\\/www.etto.cz\\\/elektricka-topna-telesa\\\/topne-patrony\\\/#primaryimage\"},\"thumbnailUrl\":\"https:\\\/\\\/www.etto.cz\\\/wp-content\\\/uploads\\\/2015\\\/05\\\/topne-patrony.jpg\",\"datePublished\":\"2018-08-24T12:38:53+00:00\",\"dateModified\":\"2019-02-21T07:44:03+00:00\",\"description\":\"Elektrick\u00e9 vyhrievacie patr\u00f3ny od ELEKTRON-ETTO. N\u00edzko, stredne a vysokoza\u0165a\u017een\u00e9 patr\u00f3ny na mieru. Spo\u013eahliv\u00fd priemyseln\u00fd ohrev.\",\"breadcrumb\":{\"@id\":\"https:\\\/\\\/www.etto.cz\\\/elektricka-topna-telesa\\\/topne-patrony\\\/#breadcrumb\"},\"inLanguage\":\"sk-SK\",\"potentialAction\":[{\"@type\":\"ReadAction\",\"target\":[\"https:\\\/\\\/www.etto.cz\\\/elektricka-topna-telesa\\\/topne-patrony\\\/\"]}]},{\"@type\":\"ImageObject\",\"inLanguage\":\"sk-SK\",\"@id\":\"https:\\\/\\\/www.etto.cz\\\/elektricka-topna-telesa\\\/topne-patrony\\\/#primaryimage\",\"url\":\"https:\\\/\\\/www.etto.cz\\\/wp-content\\\/uploads\\\/2015\\\/05\\\/topne-patrony.jpg\",\"contentUrl\":\"https:\\\/\\\/www.etto.cz\\\/wp-content\\\/uploads\\\/2015\\\/05\\\/topne-patrony.jpg\",\"width\":400,\"height\":400},{\"@type\":\"BreadcrumbList\",\"@id\":\"https:\\\/\\\/www.etto.cz\\\/elektricka-topna-telesa\\\/topne-patrony\\\/#breadcrumb\",\"itemListElement\":[{\"@type\":\"ListItem\",\"position\":1,\"name\":\"Dom\u016f\",\"item\":\"https:\\\/\\\/www.etto.cz\\\/\"},{\"@type\":\"ListItem\",\"position\":2,\"name\":\"V\u00fdroba elektrick\u00fdch vyhrievac\u00edch telies &#8211; produkty\",\"item\":\"https:\\\/\\\/www.etto.cz\\\/elektricka-topna-telesa\\\/\"},{\"@type\":\"ListItem\",\"position\":3,\"name\":\"Vyhrievacie patr\u00f3ny\"}]},{\"@type\":\"WebSite\",\"@id\":\"https:\\\/\\\/www.etto.cz\\\/#website\",\"url\":\"https:\\\/\\\/www.etto.cz\\\/\",\"name\":\"ETTO\",\"description\":\"V\u00fdroba elektrick\u00fdch topn\u00fdch t\u011bles\",\"potentialAction\":[{\"@type\":\"SearchAction\",\"target\":{\"@type\":\"EntryPoint\",\"urlTemplate\":\"https:\\\/\\\/www.etto.cz\\\/?s={search_term_string}\"},\"query-input\":{\"@type\":\"PropertyValueSpecification\",\"valueRequired\":true,\"valueName\":\"search_term_string\"}}],\"inLanguage\":\"sk-SK\"}]}<\/script>\n<!-- \/ Yoast SEO plugin. -->","yoast_head_json":{"title":"Vyhrievacie patr\u00f3ny | ELEKTRON-ETTO","description":"Elektrick\u00e9 vyhrievacie patr\u00f3ny od ELEKTRON-ETTO. N\u00edzko, stredne a vysokoza\u0165a\u017een\u00e9 patr\u00f3ny na mieru. Spo\u013eahliv\u00fd priemyseln\u00fd ohrev.","robots":{"index":"index","follow":"follow","max-snippet":"max-snippet:-1","max-image-preview":"max-image-preview:large","max-video-preview":"max-video-preview:-1"},"canonical":"https:\/\/www.etto.cz\/sk\/produkty\/vyhrievacie-patrony\/vyhrievacie-patrony-so-specifikovanymi-zonami\/","og_locale":"sk_SK","og_type":"article","og_title":"Vyhrievacie patr\u00f3ny | ELEKTRON-ETTO","og_description":"Elektrick\u00e9 vyhrievacie patr\u00f3ny od ELEKTRON-ETTO. N\u00edzko, stredne a vysokoza\u0165a\u017een\u00e9 patr\u00f3ny na mieru. Spo\u013eahliv\u00fd priemyseln\u00fd ohrev.","og_url":"https:\/\/www.etto.cz\/sk\/produkty\/vyhrievacie-patrony\/vyhrievacie-patrony-so-specifikovanymi-zonami\/","og_site_name":"ETTO","article_modified_time":"2019-02-21T07:44:03+00:00","og_image":[{"width":400,"height":400,"url":"https:\/\/www.etto.cz\/wp-content\/uploads\/2015\/05\/topne-patrony.jpg","type":"image\/jpeg"}],"twitter_card":"summary_large_image","schema":{"@context":"https:\/\/schema.org","@graph":[{"@type":"WebPage","@id":"https:\/\/www.etto.cz\/elektricka-topna-telesa\/topne-patrony\/","url":"https:\/\/www.etto.cz\/elektricka-topna-telesa\/topne-patrony\/","name":"Vyhrievacie patr\u00f3ny | ELEKTRON-ETTO","isPartOf":{"@id":"https:\/\/www.etto.cz\/#website"},"primaryImageOfPage":{"@id":"https:\/\/www.etto.cz\/elektricka-topna-telesa\/topne-patrony\/#primaryimage"},"image":{"@id":"https:\/\/www.etto.cz\/elektricka-topna-telesa\/topne-patrony\/#primaryimage"},"thumbnailUrl":"https:\/\/www.etto.cz\/wp-content\/uploads\/2015\/05\/topne-patrony.jpg","datePublished":"2018-08-24T12:38:53+00:00","dateModified":"2019-02-21T07:44:03+00:00","description":"Elektrick\u00e9 vyhrievacie patr\u00f3ny od ELEKTRON-ETTO. N\u00edzko, stredne a vysokoza\u0165a\u017een\u00e9 patr\u00f3ny na mieru. Spo\u013eahliv\u00fd priemyseln\u00fd ohrev.","breadcrumb":{"@id":"https:\/\/www.etto.cz\/elektricka-topna-telesa\/topne-patrony\/#breadcrumb"},"inLanguage":"sk-SK","potentialAction":[{"@type":"ReadAction","target":["https:\/\/www.etto.cz\/elektricka-topna-telesa\/topne-patrony\/"]}]},{"@type":"ImageObject","inLanguage":"sk-SK","@id":"https:\/\/www.etto.cz\/elektricka-topna-telesa\/topne-patrony\/#primaryimage","url":"https:\/\/www.etto.cz\/wp-content\/uploads\/2015\/05\/topne-patrony.jpg","contentUrl":"https:\/\/www.etto.cz\/wp-content\/uploads\/2015\/05\/topne-patrony.jpg","width":400,"height":400},{"@type":"BreadcrumbList","@id":"https:\/\/www.etto.cz\/elektricka-topna-telesa\/topne-patrony\/#breadcrumb","itemListElement":[{"@type":"ListItem","position":1,"name":"Dom\u016f","item":"https:\/\/www.etto.cz\/"},{"@type":"ListItem","position":2,"name":"V\u00fdroba elektrick\u00fdch vyhrievac\u00edch telies &#8211; produkty","item":"https:\/\/www.etto.cz\/elektricka-topna-telesa\/"},{"@type":"ListItem","position":3,"name":"Vyhrievacie patr\u00f3ny"}]},{"@type":"WebSite","@id":"https:\/\/www.etto.cz\/#website","url":"https:\/\/www.etto.cz\/","name":"ETTO","description":"V\u00fdroba elektrick\u00fdch topn\u00fdch t\u011bles","potentialAction":[{"@type":"SearchAction","target":{"@type":"EntryPoint","urlTemplate":"https:\/\/www.etto.cz\/?s={search_term_string}"},"query-input":{"@type":"PropertyValueSpecification","valueRequired":true,"valueName":"search_term_string"}}],"inLanguage":"sk-SK"}]}},"_links":{"self":[{"href":"https:\/\/www.etto.cz\/sk\/wp-json\/wp\/v2\/pages\/3852","targetHints":{"allow":["GET"]}}],"collection":[{"href":"https:\/\/www.etto.cz\/sk\/wp-json\/wp\/v2\/pages"}],"about":[{"href":"https:\/\/www.etto.cz\/sk\/wp-json\/wp\/v2\/types\/page"}],"author":[{"embeddable":true,"href":"https:\/\/www.etto.cz\/sk\/wp-json\/wp\/v2\/users\/1"}],"replies":[{"embeddable":true,"href":"https:\/\/www.etto.cz\/sk\/wp-json\/wp\/v2\/comments?post=3852"}],"version-history":[{"count":0,"href":"https:\/\/www.etto.cz\/sk\/wp-json\/wp\/v2\/pages\/3852\/revisions"}],"up":[{"embeddable":true,"href":"https:\/\/www.etto.cz\/sk\/wp-json\/wp\/v2\/pages\/3825"}],"wp:featuredmedia":[{"embeddable":true,"href":"https:\/\/www.etto.cz\/sk\/wp-json\/wp\/v2\/media\/2255"}],"wp:attachment":[{"href":"https:\/\/www.etto.cz\/sk\/wp-json\/wp\/v2\/media?parent=3852"}],"curies":[{"name":"wp","href":"https:\/\/api.w.org\/{rel}","templated":true}]}}