{"id":3853,"date":"2018-08-24T13:39:26","date_gmt":"2018-08-24T12:39:26","guid":{"rendered":"http:\/\/www.etto.cz\/topne-patrony\/vysokozatizene-topne-patrony\/"},"modified":"2025-02-04T13:23:10","modified_gmt":"2025-02-04T12:23:10","slug":"vysokozatizene-vyhrievacie-patrony","status":"publish","type":"page","link":"https:\/\/www.etto.cz\/sk\/produkty\/vyhrievacie-patrony\/vysokozatizene-vyhrievacie-patrony\/","title":{"rendered":"Vysokozat\u00ed\u017een\u00e9 vyhrievacie patr\u00f3ny"},"content":{"rendered":"<p style=\"text-align: justify;\">Kon\u0161truk\u010dn\u00e9 rie\u0161enie vysokozat\u00ed\u017een\u00fdch vyhrievac\u00edch patr\u00f3n umo\u017e\u0148uje ich vyu\u017eitie v extr\u00e9mnych pr\u00edpadoch &nbsp;(Vysok\u00e1 pracovn\u00e1 teplota, vysok\u00e9 mern\u00e9 za\u0165a\u017eenie &#8211; a\u017e 60 W\/cm<sup>2<\/sup> , mal\u00e9 rozmery, kr\u00e1tke nev\u00fdhrevnej konca) ohrevu pevn\u00fdch l\u00e1tok, kvapal\u00edn i plynov, kde ostatn\u00ed technol\u00f3gia vyhrievac\u00edch ty\u010d\u00ed s&nbsp;izol\u00e1ciou nevyhovuj\u00fa.<\/p>\n<p>Maxim\u00e1lna odpor\u00fa\u010dan\u00e1 prev\u00e1dzkov\u00e1 teplota na povrchu vysokozat\u00ed\u017een\u00fdch vyhrievac\u00edch patr\u00f3n je 600 \u00b0C pre pl\u00e1\u0161\u0165 ASI 304 alebo 750 \u00b0C pre pl\u00e1\u0161\u0165 AISI 309.<\/p>\n<p style=\"text-align: justify;\"><strong>Vysokozat\u00ed\u017een\u00e9 patr\u00f3ny s\u00fa naj\u010dastej\u0161ie pou\u017e\u00edvan\u00e9 u aplik\u00e1ci\u00ed:<\/strong> vstrekovanie plastov, v&nbsp;obalovej technike, liatie zinku, vyhrievanie raziacich pl\u00f4ch, na kontaktn\u00e9 ohrev kovov\u00fdch \u010dast\u00ed a i.<\/p>\n","protected":false},"excerpt":{"rendered":"<p>Kon\u0161truk\u010dn\u00e9 rie\u0161enie vysokozat\u00ed\u017een\u00fdch vyhrievac\u00edch patr\u00f3n umo\u017e\u0148uje ich vyu\u017eitie v extr\u00e9mnych pr\u00edpadoch &nbsp;(Vysok\u00e1 pracovn\u00e1 teplota, vysok\u00e9 mern\u00e9 za\u0165a\u017eenie &#8211; a\u017e 60 W\/cm2 , mal\u00e9 rozmery, kr\u00e1tke &#8230;<\/p>\n","protected":false},"author":1,"featured_media":2639,"parent":3852,"menu_order":0,"comment_status":"open","ping_status":"closed","template":"_page-menu.php","meta":{"_acf_changed":false,"ngg_post_thumbnail":0,"footnotes":"","_links_to":"","_links_to_target":""},"class_list":["post-3853","page","type-page","status-publish","has-post-thumbnail","hentry"],"acf":[],"yoast_head":"<!-- This site is optimized with the Yoast SEO plugin v27.3 - https:\/\/yoast.com\/product\/yoast-seo-wordpress\/ -->\n<title>Vysokoza\u0165a\u017een\u00e9 vyhrievacie patr\u00f3ny | ELEKTRON-ETTO<\/title>\n<meta name=\"description\" content=\"Vysokoza\u0165a\u017een\u00e9 vyhrievacie patr\u00f3ny pre n\u00e1ro\u010dn\u00e9 aplik\u00e1cie. Vysok\u00fd v\u00fdkon a dlh\u00e1 \u017eivotnos\u0165. V\u00fdroba na mieru ELEKTRON-ETTO.\" \/>\n<meta name=\"robots\" content=\"index, follow, max-snippet:-1, max-image-preview:large, max-video-preview:-1\" \/>\n<link rel=\"canonical\" href=\"https:\/\/www.etto.cz\/sk\/produkty\/vyhrievacie-patrony\/vysokozatizene-vyhrievacie-patrony\/\" \/>\n<meta property=\"og:locale\" content=\"sk_SK\" \/>\n<meta property=\"og:type\" content=\"article\" \/>\n<meta property=\"og:title\" content=\"Vysokoza\u0165a\u017een\u00e9 vyhrievacie patr\u00f3ny | ELEKTRON-ETTO\" \/>\n<meta property=\"og:description\" content=\"Vysokoza\u0165a\u017een\u00e9 vyhrievacie patr\u00f3ny pre n\u00e1ro\u010dn\u00e9 aplik\u00e1cie. Vysok\u00fd v\u00fdkon a dlh\u00e1 \u017eivotnos\u0165. V\u00fdroba na mieru ELEKTRON-ETTO.\" \/>\n<meta property=\"og:url\" content=\"https:\/\/www.etto.cz\/sk\/produkty\/vyhrievacie-patrony\/vysokozatizene-vyhrievacie-patrony\/\" \/>\n<meta property=\"og:site_name\" content=\"ETTO\" \/>\n<meta property=\"article:modified_time\" content=\"2025-02-04T12:23:10+00:00\" \/>\n<meta property=\"og:image\" content=\"https:\/\/www.etto.cz\/wp-content\/uploads\/2016\/12\/vysocezatizena_patr.jpg\" \/>\n\t<meta property=\"og:image:width\" content=\"800\" \/>\n\t<meta property=\"og:image:height\" content=\"800\" \/>\n\t<meta property=\"og:image:type\" content=\"image\/jpeg\" \/>\n<meta name=\"twitter:card\" content=\"summary_large_image\" \/>\n<meta name=\"twitter:label1\" content=\"Predpokladan\u00fd \u010das \u010d\u00edtania\" \/>\n\t<meta name=\"twitter:data1\" content=\"1 min\u00fata\" \/>\n<script type=\"application\/ld+json\" class=\"yoast-schema-graph\">{\"@context\":\"https:\\\/\\\/schema.org\",\"@graph\":[{\"@type\":\"WebPage\",\"@id\":\"https:\\\/\\\/www.etto.cz\\\/elektricka-topna-telesa\\\/topne-patrony\\\/vysocezatizene-topne-patrony\\\/\",\"url\":\"https:\\\/\\\/www.etto.cz\\\/elektricka-topna-telesa\\\/topne-patrony\\\/vysocezatizene-topne-patrony\\\/\",\"name\":\"Vysokoza\u0165a\u017een\u00e9 vyhrievacie patr\u00f3ny | ELEKTRON-ETTO\",\"isPartOf\":{\"@id\":\"https:\\\/\\\/www.etto.cz\\\/#website\"},\"primaryImageOfPage\":{\"@id\":\"https:\\\/\\\/www.etto.cz\\\/elektricka-topna-telesa\\\/topne-patrony\\\/vysocezatizene-topne-patrony\\\/#primaryimage\"},\"image\":{\"@id\":\"https:\\\/\\\/www.etto.cz\\\/elektricka-topna-telesa\\\/topne-patrony\\\/vysocezatizene-topne-patrony\\\/#primaryimage\"},\"thumbnailUrl\":\"https:\\\/\\\/www.etto.cz\\\/wp-content\\\/uploads\\\/2016\\\/12\\\/vysocezatizena_patr.jpg\",\"datePublished\":\"2018-08-24T12:39:26+00:00\",\"dateModified\":\"2025-02-04T12:23:10+00:00\",\"description\":\"Vysokoza\u0165a\u017een\u00e9 vyhrievacie patr\u00f3ny pre n\u00e1ro\u010dn\u00e9 aplik\u00e1cie. Vysok\u00fd v\u00fdkon a dlh\u00e1 \u017eivotnos\u0165. V\u00fdroba na mieru ELEKTRON-ETTO.\",\"breadcrumb\":{\"@id\":\"https:\\\/\\\/www.etto.cz\\\/elektricka-topna-telesa\\\/topne-patrony\\\/vysocezatizene-topne-patrony\\\/#breadcrumb\"},\"inLanguage\":\"sk-SK\",\"potentialAction\":[{\"@type\":\"ReadAction\",\"target\":[\"https:\\\/\\\/www.etto.cz\\\/elektricka-topna-telesa\\\/topne-patrony\\\/vysocezatizene-topne-patrony\\\/\"]}]},{\"@type\":\"ImageObject\",\"inLanguage\":\"sk-SK\",\"@id\":\"https:\\\/\\\/www.etto.cz\\\/elektricka-topna-telesa\\\/topne-patrony\\\/vysocezatizene-topne-patrony\\\/#primaryimage\",\"url\":\"https:\\\/\\\/www.etto.cz\\\/wp-content\\\/uploads\\\/2016\\\/12\\\/vysocezatizena_patr.jpg\",\"contentUrl\":\"https:\\\/\\\/www.etto.cz\\\/wp-content\\\/uploads\\\/2016\\\/12\\\/vysocezatizena_patr.jpg\",\"width\":800,\"height\":800},{\"@type\":\"BreadcrumbList\",\"@id\":\"https:\\\/\\\/www.etto.cz\\\/elektricka-topna-telesa\\\/topne-patrony\\\/vysocezatizene-topne-patrony\\\/#breadcrumb\",\"itemListElement\":[{\"@type\":\"ListItem\",\"position\":1,\"name\":\"Dom\u016f\",\"item\":\"https:\\\/\\\/www.etto.cz\\\/\"},{\"@type\":\"ListItem\",\"position\":2,\"name\":\"V\u00fdroba elektrick\u00fdch vyhrievac\u00edch telies &#8211; produkty\",\"item\":\"https:\\\/\\\/www.etto.cz\\\/elektricka-topna-telesa\\\/\"},{\"@type\":\"ListItem\",\"position\":3,\"name\":\"Vyhrievacie patr\u00f3ny\",\"item\":\"https:\\\/\\\/www.etto.cz\\\/elektricka-topna-telesa\\\/topne-patrony\\\/\"},{\"@type\":\"ListItem\",\"position\":4,\"name\":\"Vysokozat\u00ed\u017een\u00e9 vyhrievacie patr\u00f3ny\"}]},{\"@type\":\"WebSite\",\"@id\":\"https:\\\/\\\/www.etto.cz\\\/#website\",\"url\":\"https:\\\/\\\/www.etto.cz\\\/\",\"name\":\"ETTO\",\"description\":\"V\u00fdroba elektrick\u00fdch topn\u00fdch t\u011bles\",\"potentialAction\":[{\"@type\":\"SearchAction\",\"target\":{\"@type\":\"EntryPoint\",\"urlTemplate\":\"https:\\\/\\\/www.etto.cz\\\/?s={search_term_string}\"},\"query-input\":{\"@type\":\"PropertyValueSpecification\",\"valueRequired\":true,\"valueName\":\"search_term_string\"}}],\"inLanguage\":\"sk-SK\"}]}<\/script>\n<!-- \/ Yoast SEO plugin. -->","yoast_head_json":{"title":"Vysokoza\u0165a\u017een\u00e9 vyhrievacie patr\u00f3ny | ELEKTRON-ETTO","description":"Vysokoza\u0165a\u017een\u00e9 vyhrievacie patr\u00f3ny pre n\u00e1ro\u010dn\u00e9 aplik\u00e1cie. Vysok\u00fd v\u00fdkon a dlh\u00e1 \u017eivotnos\u0165. V\u00fdroba na mieru ELEKTRON-ETTO.","robots":{"index":"index","follow":"follow","max-snippet":"max-snippet:-1","max-image-preview":"max-image-preview:large","max-video-preview":"max-video-preview:-1"},"canonical":"https:\/\/www.etto.cz\/sk\/produkty\/vyhrievacie-patrony\/vysokozatizene-vyhrievacie-patrony\/","og_locale":"sk_SK","og_type":"article","og_title":"Vysokoza\u0165a\u017een\u00e9 vyhrievacie patr\u00f3ny | ELEKTRON-ETTO","og_description":"Vysokoza\u0165a\u017een\u00e9 vyhrievacie patr\u00f3ny pre n\u00e1ro\u010dn\u00e9 aplik\u00e1cie. Vysok\u00fd v\u00fdkon a dlh\u00e1 \u017eivotnos\u0165. V\u00fdroba na mieru ELEKTRON-ETTO.","og_url":"https:\/\/www.etto.cz\/sk\/produkty\/vyhrievacie-patrony\/vysokozatizene-vyhrievacie-patrony\/","og_site_name":"ETTO","article_modified_time":"2025-02-04T12:23:10+00:00","og_image":[{"width":800,"height":800,"url":"https:\/\/www.etto.cz\/wp-content\/uploads\/2016\/12\/vysocezatizena_patr.jpg","type":"image\/jpeg"}],"twitter_card":"summary_large_image","twitter_misc":{"Predpokladan\u00fd \u010das \u010d\u00edtania":"1 min\u00fata"},"schema":{"@context":"https:\/\/schema.org","@graph":[{"@type":"WebPage","@id":"https:\/\/www.etto.cz\/elektricka-topna-telesa\/topne-patrony\/vysocezatizene-topne-patrony\/","url":"https:\/\/www.etto.cz\/elektricka-topna-telesa\/topne-patrony\/vysocezatizene-topne-patrony\/","name":"Vysokoza\u0165a\u017een\u00e9 vyhrievacie patr\u00f3ny | ELEKTRON-ETTO","isPartOf":{"@id":"https:\/\/www.etto.cz\/#website"},"primaryImageOfPage":{"@id":"https:\/\/www.etto.cz\/elektricka-topna-telesa\/topne-patrony\/vysocezatizene-topne-patrony\/#primaryimage"},"image":{"@id":"https:\/\/www.etto.cz\/elektricka-topna-telesa\/topne-patrony\/vysocezatizene-topne-patrony\/#primaryimage"},"thumbnailUrl":"https:\/\/www.etto.cz\/wp-content\/uploads\/2016\/12\/vysocezatizena_patr.jpg","datePublished":"2018-08-24T12:39:26+00:00","dateModified":"2025-02-04T12:23:10+00:00","description":"Vysokoza\u0165a\u017een\u00e9 vyhrievacie patr\u00f3ny pre n\u00e1ro\u010dn\u00e9 aplik\u00e1cie. Vysok\u00fd v\u00fdkon a dlh\u00e1 \u017eivotnos\u0165. V\u00fdroba na mieru ELEKTRON-ETTO.","breadcrumb":{"@id":"https:\/\/www.etto.cz\/elektricka-topna-telesa\/topne-patrony\/vysocezatizene-topne-patrony\/#breadcrumb"},"inLanguage":"sk-SK","potentialAction":[{"@type":"ReadAction","target":["https:\/\/www.etto.cz\/elektricka-topna-telesa\/topne-patrony\/vysocezatizene-topne-patrony\/"]}]},{"@type":"ImageObject","inLanguage":"sk-SK","@id":"https:\/\/www.etto.cz\/elektricka-topna-telesa\/topne-patrony\/vysocezatizene-topne-patrony\/#primaryimage","url":"https:\/\/www.etto.cz\/wp-content\/uploads\/2016\/12\/vysocezatizena_patr.jpg","contentUrl":"https:\/\/www.etto.cz\/wp-content\/uploads\/2016\/12\/vysocezatizena_patr.jpg","width":800,"height":800},{"@type":"BreadcrumbList","@id":"https:\/\/www.etto.cz\/elektricka-topna-telesa\/topne-patrony\/vysocezatizene-topne-patrony\/#breadcrumb","itemListElement":[{"@type":"ListItem","position":1,"name":"Dom\u016f","item":"https:\/\/www.etto.cz\/"},{"@type":"ListItem","position":2,"name":"V\u00fdroba elektrick\u00fdch vyhrievac\u00edch telies &#8211; produkty","item":"https:\/\/www.etto.cz\/elektricka-topna-telesa\/"},{"@type":"ListItem","position":3,"name":"Vyhrievacie patr\u00f3ny","item":"https:\/\/www.etto.cz\/elektricka-topna-telesa\/topne-patrony\/"},{"@type":"ListItem","position":4,"name":"Vysokozat\u00ed\u017een\u00e9 vyhrievacie patr\u00f3ny"}]},{"@type":"WebSite","@id":"https:\/\/www.etto.cz\/#website","url":"https:\/\/www.etto.cz\/","name":"ETTO","description":"V\u00fdroba elektrick\u00fdch topn\u00fdch t\u011bles","potentialAction":[{"@type":"SearchAction","target":{"@type":"EntryPoint","urlTemplate":"https:\/\/www.etto.cz\/?s={search_term_string}"},"query-input":{"@type":"PropertyValueSpecification","valueRequired":true,"valueName":"search_term_string"}}],"inLanguage":"sk-SK"}]}},"_links":{"self":[{"href":"https:\/\/www.etto.cz\/sk\/wp-json\/wp\/v2\/pages\/3853","targetHints":{"allow":["GET"]}}],"collection":[{"href":"https:\/\/www.etto.cz\/sk\/wp-json\/wp\/v2\/pages"}],"about":[{"href":"https:\/\/www.etto.cz\/sk\/wp-json\/wp\/v2\/types\/page"}],"author":[{"embeddable":true,"href":"https:\/\/www.etto.cz\/sk\/wp-json\/wp\/v2\/users\/1"}],"replies":[{"embeddable":true,"href":"https:\/\/www.etto.cz\/sk\/wp-json\/wp\/v2\/comments?post=3853"}],"version-history":[{"count":4,"href":"https:\/\/www.etto.cz\/sk\/wp-json\/wp\/v2\/pages\/3853\/revisions"}],"predecessor-version":[{"id":5170,"href":"https:\/\/www.etto.cz\/sk\/wp-json\/wp\/v2\/pages\/3853\/revisions\/5170"}],"up":[{"embeddable":true,"href":"https:\/\/www.etto.cz\/sk\/wp-json\/wp\/v2\/pages\/3852"}],"wp:featuredmedia":[{"embeddable":true,"href":"https:\/\/www.etto.cz\/sk\/wp-json\/wp\/v2\/media\/2639"}],"wp:attachment":[{"href":"https:\/\/www.etto.cz\/sk\/wp-json\/wp\/v2\/media?parent=3853"}],"curies":[{"name":"wp","href":"https:\/\/api.w.org\/{rel}","templated":true}]}}