{"id":3856,"date":"2018-08-24T13:40:58","date_gmt":"2018-08-24T12:40:58","guid":{"rendered":"http:\/\/www.etto.cz\/topne-patrony\/topne-patrony-se-specifikovanymi-topnymi-zonami\/"},"modified":"2019-02-21T09:00:33","modified_gmt":"2019-02-21T08:00:33","slug":"vyhrievacie-patrony-so-specifikovanymi-zonami","status":"publish","type":"page","link":"https:\/\/www.etto.cz\/sk\/produkty\/vyhrievacie-patrony\/vyhrievacie-patrony-so-specifikovanymi-zonami\/","title":{"rendered":"V\u00fdhrevn\u00e9 patr\u00f3ny sa \u0161pecifikovan\u00fdmi vyhrievac\u00edmi z\u00f3nami"},"content":{"rendered":"<p style=\"text-align: justify;\">Jedn\u00e1 se o topn\u00e9 patrony s rozd\u00edln\u00fdm m\u011brn\u00fdm zat\u00ed\u017een\u00ed (W\/cm2) v definovan\u00fdch \u010d\u00e1stech patrony. P\u0159i objedn\u00e1vce nutn\u00e9 specifikovat v\u00fdkon a d\u00e9lku topn\u00fdch z\u00f3n (nap\u0159. konce patrony: 30mm + 10% v\u00fdkonu).<\/p>\n<p style=\"text-align: justify;\">Dal\u0161\u00ed mo\u017enost\u00ed jsou <strong>patrony, u kter\u00fdch jsou&nbsp; individu\u00e1ln\u011b \u0159\u00edzen\u00e9 dv\u011b topn\u00e9 z\u00f3ny. <\/strong>Tato varianta je mo\u017en\u00e1 u patron pr\u016fm\u011bru&nbsp; 16mm a&nbsp; 20mm. Nutn\u00e1&nbsp; konzultace p\u0159ed objedn\u00e1vkou.<\/p>\n","protected":false},"excerpt":{"rendered":"<p>Jedn\u00e1 se o topn\u00e9 patrony s rozd\u00edln\u00fdm m\u011brn\u00fdm zat\u00ed\u017een\u00ed (W\/cm2) v definovan\u00fdch \u010d\u00e1stech patrony. P\u0159i objedn\u00e1vce nutn\u00e9 specifikovat v\u00fdkon a d\u00e9lku topn\u00fdch z\u00f3n (nap\u0159. konce &#8230;<\/p>\n","protected":false},"author":1,"featured_media":2660,"parent":3852,"menu_order":0,"comment_status":"open","ping_status":"open","template":"_page-menu.php","meta":{"_acf_changed":false,"ngg_post_thumbnail":0,"footnotes":"","_links_to":"","_links_to_target":""},"class_list":["post-3856","page","type-page","status-publish","has-post-thumbnail","hentry"],"acf":[],"yoast_head":"<!-- This site is optimized with the Yoast SEO plugin v27.5 - https:\/\/yoast.com\/product\/yoast-seo-wordpress\/ -->\n<title>Patr\u00f3ny so \u0161pecif. vyhrievac\u00edmi z\u00f3nami | ELEKTRON-ETTO<\/title>\n<meta name=\"description\" content=\"Vyhrievacie patr\u00f3ny so \u0161pecifikovan\u00fdmi vyhrievac\u00edmi z\u00f3nami. Presn\u00e9 rozlo\u017eenie tepla pod\u013ea po\u017eiadaviek. ELEKTRON-ETTO.\" \/>\n<meta name=\"robots\" content=\"index, follow, max-snippet:-1, max-image-preview:large, max-video-preview:-1\" \/>\n<link rel=\"canonical\" href=\"https:\/\/www.etto.cz\/sk\/produkty\/vyhrievacie-patrony\/vyhrievacie-patrony-so-specifikovanymi-zonami\/\" \/>\n<meta property=\"og:locale\" content=\"sk_SK\" \/>\n<meta property=\"og:type\" content=\"article\" \/>\n<meta property=\"og:title\" content=\"Patr\u00f3ny so \u0161pecif. vyhrievac\u00edmi z\u00f3nami | ELEKTRON-ETTO\" \/>\n<meta property=\"og:description\" content=\"Vyhrievacie patr\u00f3ny so \u0161pecifikovan\u00fdmi vyhrievac\u00edmi z\u00f3nami. Presn\u00e9 rozlo\u017eenie tepla pod\u013ea po\u017eiadaviek. ELEKTRON-ETTO.\" \/>\n<meta property=\"og:url\" content=\"https:\/\/www.etto.cz\/sk\/produkty\/vyhrievacie-patrony\/vyhrievacie-patrony-so-specifikovanymi-zonami\/\" \/>\n<meta property=\"og:site_name\" content=\"ETTO\" \/>\n<meta property=\"article:modified_time\" content=\"2019-02-21T08:00:33+00:00\" \/>\n<meta property=\"og:image\" content=\"https:\/\/www.etto.cz\/wp-content\/uploads\/2016\/12\/patrona_zony.jpg\" \/>\n\t<meta property=\"og:image:width\" content=\"783\" \/>\n\t<meta property=\"og:image:height\" content=\"753\" \/>\n\t<meta property=\"og:image:type\" content=\"image\/jpeg\" \/>\n<meta name=\"twitter:card\" content=\"summary_large_image\" \/>\n<script type=\"application\/ld+json\" class=\"yoast-schema-graph\">{\"@context\":\"https:\\\/\\\/schema.org\",\"@graph\":[{\"@type\":\"WebPage\",\"@id\":\"https:\\\/\\\/www.etto.cz\\\/elektricka-topna-telesa\\\/topne-patrony\\\/topne-patrony-se-specifikovanymi-topnymi-zonami\\\/\",\"url\":\"https:\\\/\\\/www.etto.cz\\\/elektricka-topna-telesa\\\/topne-patrony\\\/topne-patrony-se-specifikovanymi-topnymi-zonami\\\/\",\"name\":\"Patr\u00f3ny so \u0161pecif. vyhrievac\u00edmi z\u00f3nami | ELEKTRON-ETTO\",\"isPartOf\":{\"@id\":\"https:\\\/\\\/www.etto.cz\\\/#website\"},\"primaryImageOfPage\":{\"@id\":\"https:\\\/\\\/www.etto.cz\\\/elektricka-topna-telesa\\\/topne-patrony\\\/topne-patrony-se-specifikovanymi-topnymi-zonami\\\/#primaryimage\"},\"image\":{\"@id\":\"https:\\\/\\\/www.etto.cz\\\/elektricka-topna-telesa\\\/topne-patrony\\\/topne-patrony-se-specifikovanymi-topnymi-zonami\\\/#primaryimage\"},\"thumbnailUrl\":\"https:\\\/\\\/www.etto.cz\\\/wp-content\\\/uploads\\\/2016\\\/12\\\/patrona_zony.jpg\",\"datePublished\":\"2018-08-24T12:40:58+00:00\",\"dateModified\":\"2019-02-21T08:00:33+00:00\",\"description\":\"Vyhrievacie patr\u00f3ny so \u0161pecifikovan\u00fdmi vyhrievac\u00edmi z\u00f3nami. Presn\u00e9 rozlo\u017eenie tepla pod\u013ea po\u017eiadaviek. ELEKTRON-ETTO.\",\"breadcrumb\":{\"@id\":\"https:\\\/\\\/www.etto.cz\\\/elektricka-topna-telesa\\\/topne-patrony\\\/topne-patrony-se-specifikovanymi-topnymi-zonami\\\/#breadcrumb\"},\"inLanguage\":\"sk-SK\",\"potentialAction\":[{\"@type\":\"ReadAction\",\"target\":[\"https:\\\/\\\/www.etto.cz\\\/elektricka-topna-telesa\\\/topne-patrony\\\/topne-patrony-se-specifikovanymi-topnymi-zonami\\\/\"]}]},{\"@type\":\"ImageObject\",\"inLanguage\":\"sk-SK\",\"@id\":\"https:\\\/\\\/www.etto.cz\\\/elektricka-topna-telesa\\\/topne-patrony\\\/topne-patrony-se-specifikovanymi-topnymi-zonami\\\/#primaryimage\",\"url\":\"https:\\\/\\\/www.etto.cz\\\/wp-content\\\/uploads\\\/2016\\\/12\\\/patrona_zony.jpg\",\"contentUrl\":\"https:\\\/\\\/www.etto.cz\\\/wp-content\\\/uploads\\\/2016\\\/12\\\/patrona_zony.jpg\",\"width\":783,\"height\":753},{\"@type\":\"BreadcrumbList\",\"@id\":\"https:\\\/\\\/www.etto.cz\\\/elektricka-topna-telesa\\\/topne-patrony\\\/topne-patrony-se-specifikovanymi-topnymi-zonami\\\/#breadcrumb\",\"itemListElement\":[{\"@type\":\"ListItem\",\"position\":1,\"name\":\"Dom\u016f\",\"item\":\"https:\\\/\\\/www.etto.cz\\\/\"},{\"@type\":\"ListItem\",\"position\":2,\"name\":\"V\u00fdroba elektrick\u00fdch vyhrievac\u00edch telies &#8211; produkty\",\"item\":\"https:\\\/\\\/www.etto.cz\\\/elektricka-topna-telesa\\\/\"},{\"@type\":\"ListItem\",\"position\":3,\"name\":\"Vyhrievacie patr\u00f3ny\",\"item\":\"https:\\\/\\\/www.etto.cz\\\/elektricka-topna-telesa\\\/topne-patrony\\\/\"},{\"@type\":\"ListItem\",\"position\":4,\"name\":\"V\u00fdhrevn\u00e9 patr\u00f3ny sa \u0161pecifikovan\u00fdmi vyhrievac\u00edmi z\u00f3nami\"}]},{\"@type\":\"WebSite\",\"@id\":\"https:\\\/\\\/www.etto.cz\\\/#website\",\"url\":\"https:\\\/\\\/www.etto.cz\\\/\",\"name\":\"ETTO\",\"description\":\"V\u00fdroba elektrick\u00fdch topn\u00fdch t\u011bles\",\"potentialAction\":[{\"@type\":\"SearchAction\",\"target\":{\"@type\":\"EntryPoint\",\"urlTemplate\":\"https:\\\/\\\/www.etto.cz\\\/?s={search_term_string}\"},\"query-input\":{\"@type\":\"PropertyValueSpecification\",\"valueRequired\":true,\"valueName\":\"search_term_string\"}}],\"inLanguage\":\"sk-SK\"}]}<\/script>\n<!-- \/ Yoast SEO plugin. -->","yoast_head_json":{"title":"Patr\u00f3ny so \u0161pecif. vyhrievac\u00edmi z\u00f3nami | ELEKTRON-ETTO","description":"Vyhrievacie patr\u00f3ny so \u0161pecifikovan\u00fdmi vyhrievac\u00edmi z\u00f3nami. Presn\u00e9 rozlo\u017eenie tepla pod\u013ea po\u017eiadaviek. ELEKTRON-ETTO.","robots":{"index":"index","follow":"follow","max-snippet":"max-snippet:-1","max-image-preview":"max-image-preview:large","max-video-preview":"max-video-preview:-1"},"canonical":"https:\/\/www.etto.cz\/sk\/produkty\/vyhrievacie-patrony\/vyhrievacie-patrony-so-specifikovanymi-zonami\/","og_locale":"sk_SK","og_type":"article","og_title":"Patr\u00f3ny so \u0161pecif. vyhrievac\u00edmi z\u00f3nami | ELEKTRON-ETTO","og_description":"Vyhrievacie patr\u00f3ny so \u0161pecifikovan\u00fdmi vyhrievac\u00edmi z\u00f3nami. Presn\u00e9 rozlo\u017eenie tepla pod\u013ea po\u017eiadaviek. ELEKTRON-ETTO.","og_url":"https:\/\/www.etto.cz\/sk\/produkty\/vyhrievacie-patrony\/vyhrievacie-patrony-so-specifikovanymi-zonami\/","og_site_name":"ETTO","article_modified_time":"2019-02-21T08:00:33+00:00","og_image":[{"width":783,"height":753,"url":"https:\/\/www.etto.cz\/wp-content\/uploads\/2016\/12\/patrona_zony.jpg","type":"image\/jpeg"}],"twitter_card":"summary_large_image","schema":{"@context":"https:\/\/schema.org","@graph":[{"@type":"WebPage","@id":"https:\/\/www.etto.cz\/elektricka-topna-telesa\/topne-patrony\/topne-patrony-se-specifikovanymi-topnymi-zonami\/","url":"https:\/\/www.etto.cz\/elektricka-topna-telesa\/topne-patrony\/topne-patrony-se-specifikovanymi-topnymi-zonami\/","name":"Patr\u00f3ny so \u0161pecif. vyhrievac\u00edmi z\u00f3nami | ELEKTRON-ETTO","isPartOf":{"@id":"https:\/\/www.etto.cz\/#website"},"primaryImageOfPage":{"@id":"https:\/\/www.etto.cz\/elektricka-topna-telesa\/topne-patrony\/topne-patrony-se-specifikovanymi-topnymi-zonami\/#primaryimage"},"image":{"@id":"https:\/\/www.etto.cz\/elektricka-topna-telesa\/topne-patrony\/topne-patrony-se-specifikovanymi-topnymi-zonami\/#primaryimage"},"thumbnailUrl":"https:\/\/www.etto.cz\/wp-content\/uploads\/2016\/12\/patrona_zony.jpg","datePublished":"2018-08-24T12:40:58+00:00","dateModified":"2019-02-21T08:00:33+00:00","description":"Vyhrievacie patr\u00f3ny so \u0161pecifikovan\u00fdmi vyhrievac\u00edmi z\u00f3nami. Presn\u00e9 rozlo\u017eenie tepla pod\u013ea po\u017eiadaviek. ELEKTRON-ETTO.","breadcrumb":{"@id":"https:\/\/www.etto.cz\/elektricka-topna-telesa\/topne-patrony\/topne-patrony-se-specifikovanymi-topnymi-zonami\/#breadcrumb"},"inLanguage":"sk-SK","potentialAction":[{"@type":"ReadAction","target":["https:\/\/www.etto.cz\/elektricka-topna-telesa\/topne-patrony\/topne-patrony-se-specifikovanymi-topnymi-zonami\/"]}]},{"@type":"ImageObject","inLanguage":"sk-SK","@id":"https:\/\/www.etto.cz\/elektricka-topna-telesa\/topne-patrony\/topne-patrony-se-specifikovanymi-topnymi-zonami\/#primaryimage","url":"https:\/\/www.etto.cz\/wp-content\/uploads\/2016\/12\/patrona_zony.jpg","contentUrl":"https:\/\/www.etto.cz\/wp-content\/uploads\/2016\/12\/patrona_zony.jpg","width":783,"height":753},{"@type":"BreadcrumbList","@id":"https:\/\/www.etto.cz\/elektricka-topna-telesa\/topne-patrony\/topne-patrony-se-specifikovanymi-topnymi-zonami\/#breadcrumb","itemListElement":[{"@type":"ListItem","position":1,"name":"Dom\u016f","item":"https:\/\/www.etto.cz\/"},{"@type":"ListItem","position":2,"name":"V\u00fdroba elektrick\u00fdch vyhrievac\u00edch telies &#8211; produkty","item":"https:\/\/www.etto.cz\/elektricka-topna-telesa\/"},{"@type":"ListItem","position":3,"name":"Vyhrievacie patr\u00f3ny","item":"https:\/\/www.etto.cz\/elektricka-topna-telesa\/topne-patrony\/"},{"@type":"ListItem","position":4,"name":"V\u00fdhrevn\u00e9 patr\u00f3ny sa \u0161pecifikovan\u00fdmi vyhrievac\u00edmi z\u00f3nami"}]},{"@type":"WebSite","@id":"https:\/\/www.etto.cz\/#website","url":"https:\/\/www.etto.cz\/","name":"ETTO","description":"V\u00fdroba elektrick\u00fdch topn\u00fdch t\u011bles","potentialAction":[{"@type":"SearchAction","target":{"@type":"EntryPoint","urlTemplate":"https:\/\/www.etto.cz\/?s={search_term_string}"},"query-input":{"@type":"PropertyValueSpecification","valueRequired":true,"valueName":"search_term_string"}}],"inLanguage":"sk-SK"}]}},"_links":{"self":[{"href":"https:\/\/www.etto.cz\/sk\/wp-json\/wp\/v2\/pages\/3856","targetHints":{"allow":["GET"]}}],"collection":[{"href":"https:\/\/www.etto.cz\/sk\/wp-json\/wp\/v2\/pages"}],"about":[{"href":"https:\/\/www.etto.cz\/sk\/wp-json\/wp\/v2\/types\/page"}],"author":[{"embeddable":true,"href":"https:\/\/www.etto.cz\/sk\/wp-json\/wp\/v2\/users\/1"}],"replies":[{"embeddable":true,"href":"https:\/\/www.etto.cz\/sk\/wp-json\/wp\/v2\/comments?post=3856"}],"version-history":[{"count":0,"href":"https:\/\/www.etto.cz\/sk\/wp-json\/wp\/v2\/pages\/3856\/revisions"}],"up":[{"embeddable":true,"href":"https:\/\/www.etto.cz\/sk\/wp-json\/wp\/v2\/pages\/3852"}],"wp:featuredmedia":[{"embeddable":true,"href":"https:\/\/www.etto.cz\/sk\/wp-json\/wp\/v2\/media\/2660"}],"wp:attachment":[{"href":"https:\/\/www.etto.cz\/sk\/wp-json\/wp\/v2\/media?parent=3856"}],"curies":[{"name":"wp","href":"https:\/\/api.w.org\/{rel}","templated":true}]}}