{"id":3857,"date":"2018-08-24T13:41:18","date_gmt":"2018-08-24T12:41:18","guid":{"rendered":"http:\/\/www.etto.cz\/topne-patrony\/jednopolove-topne-patrony\/"},"modified":"2025-02-04T13:25:03","modified_gmt":"2025-02-04T12:25:03","slug":"jednopolove-vyhrievacie-patrony","status":"publish","type":"page","link":"https:\/\/www.etto.cz\/sk\/produkty\/vyhrievacie-patrony\/jednopolove-vyhrievacie-patrony\/","title":{"rendered":"Jednop\u00f3lov\u00e9 vyhrievacie patr\u00f3ny"},"content":{"rendered":"<p style=\"text-align: justify;\">Jeden p\u00f3l topn\u00e9 patrony je uzemn\u011bn\u00fd&nbsp; ke&nbsp;kovov\u00e9mu pl\u00e1\u0161ti patrony. Vyu\u017eit\u00ed obvykle u aplikac\u00ed s&nbsp;n\u00edzk\u00fdm provozn\u00edm nap\u011bt\u00edm.<\/p>\n","protected":false},"excerpt":{"rendered":"<p>Jeden p\u00f3l topn\u00e9 patrony je uzemn\u011bn\u00fd&nbsp; ke&nbsp;kovov\u00e9mu pl\u00e1\u0161ti patrony. Vyu\u017eit\u00ed obvykle u aplikac\u00ed s&nbsp;n\u00edzk\u00fdm provozn\u00edm nap\u011bt\u00edm.<\/p>\n","protected":false},"author":1,"featured_media":2639,"parent":3852,"menu_order":0,"comment_status":"open","ping_status":"open","template":"_page-menu.php","meta":{"_acf_changed":false,"ngg_post_thumbnail":0,"footnotes":"","_links_to":"","_links_to_target":""},"class_list":["post-3857","page","type-page","status-publish","has-post-thumbnail","hentry"],"acf":[],"yoast_head":"<!-- This site is optimized with the Yoast SEO plugin v27.3 - https:\/\/yoast.com\/product\/yoast-seo-wordpress\/ -->\n<title>Jednop\u00f3lov\u00e9 vyhrievacie patr\u00f3ny | ELEKTRON-ETTO<\/title>\n<meta name=\"description\" content=\"Jednop\u00f3lov\u00e9 vyhrievacie patr\u00f3ny pre kompaktn\u00e9 aplik\u00e1cie. V\u00fdroba na mieru od ELEKTRON-ETTO.\" \/>\n<meta name=\"robots\" content=\"index, follow, max-snippet:-1, max-image-preview:large, max-video-preview:-1\" \/>\n<link rel=\"canonical\" href=\"https:\/\/www.etto.cz\/sk\/produkty\/vyhrievacie-patrony\/jednopolove-vyhrievacie-patrony\/\" \/>\n<meta property=\"og:locale\" content=\"sk_SK\" \/>\n<meta property=\"og:type\" content=\"article\" \/>\n<meta property=\"og:title\" content=\"Jednop\u00f3lov\u00e9 vyhrievacie patr\u00f3ny | ELEKTRON-ETTO\" \/>\n<meta property=\"og:description\" content=\"Jednop\u00f3lov\u00e9 vyhrievacie patr\u00f3ny pre kompaktn\u00e9 aplik\u00e1cie. V\u00fdroba na mieru od ELEKTRON-ETTO.\" \/>\n<meta property=\"og:url\" content=\"https:\/\/www.etto.cz\/sk\/produkty\/vyhrievacie-patrony\/jednopolove-vyhrievacie-patrony\/\" \/>\n<meta property=\"og:site_name\" content=\"ETTO\" \/>\n<meta property=\"article:modified_time\" content=\"2025-02-04T12:25:03+00:00\" \/>\n<meta property=\"og:image\" content=\"https:\/\/www.etto.cz\/wp-content\/uploads\/2016\/12\/vysocezatizena_patr.jpg\" \/>\n\t<meta property=\"og:image:width\" content=\"800\" \/>\n\t<meta property=\"og:image:height\" content=\"800\" \/>\n\t<meta property=\"og:image:type\" content=\"image\/jpeg\" \/>\n<meta name=\"twitter:card\" content=\"summary_large_image\" \/>\n<script type=\"application\/ld+json\" class=\"yoast-schema-graph\">{\"@context\":\"https:\\\/\\\/schema.org\",\"@graph\":[{\"@type\":\"WebPage\",\"@id\":\"https:\\\/\\\/www.etto.cz\\\/sk\\\/produkty\\\/vyhrievacie-patrony\\\/jednopolove-vyhrievacie-patrony\\\/\",\"url\":\"https:\\\/\\\/www.etto.cz\\\/sk\\\/produkty\\\/vyhrievacie-patrony\\\/jednopolove-vyhrievacie-patrony\\\/\",\"name\":\"Jednop\u00f3lov\u00e9 vyhrievacie patr\u00f3ny | ELEKTRON-ETTO\",\"isPartOf\":{\"@id\":\"https:\\\/\\\/www.etto.cz\\\/#website\"},\"primaryImageOfPage\":{\"@id\":\"https:\\\/\\\/www.etto.cz\\\/sk\\\/produkty\\\/vyhrievacie-patrony\\\/jednopolove-vyhrievacie-patrony\\\/#primaryimage\"},\"image\":{\"@id\":\"https:\\\/\\\/www.etto.cz\\\/sk\\\/produkty\\\/vyhrievacie-patrony\\\/jednopolove-vyhrievacie-patrony\\\/#primaryimage\"},\"thumbnailUrl\":\"https:\\\/\\\/www.etto.cz\\\/wp-content\\\/uploads\\\/2016\\\/12\\\/vysocezatizena_patr.jpg\",\"datePublished\":\"2018-08-24T12:41:18+00:00\",\"dateModified\":\"2025-02-04T12:25:03+00:00\",\"description\":\"Jednop\u00f3lov\u00e9 vyhrievacie patr\u00f3ny pre kompaktn\u00e9 aplik\u00e1cie. V\u00fdroba na mieru od ELEKTRON-ETTO.\",\"breadcrumb\":{\"@id\":\"https:\\\/\\\/www.etto.cz\\\/sk\\\/produkty\\\/vyhrievacie-patrony\\\/jednopolove-vyhrievacie-patrony\\\/#breadcrumb\"},\"inLanguage\":\"sk-SK\",\"potentialAction\":[{\"@type\":\"ReadAction\",\"target\":[\"https:\\\/\\\/www.etto.cz\\\/sk\\\/produkty\\\/vyhrievacie-patrony\\\/jednopolove-vyhrievacie-patrony\\\/\"]}]},{\"@type\":\"ImageObject\",\"inLanguage\":\"sk-SK\",\"@id\":\"https:\\\/\\\/www.etto.cz\\\/sk\\\/produkty\\\/vyhrievacie-patrony\\\/jednopolove-vyhrievacie-patrony\\\/#primaryimage\",\"url\":\"https:\\\/\\\/www.etto.cz\\\/wp-content\\\/uploads\\\/2016\\\/12\\\/vysocezatizena_patr.jpg\",\"contentUrl\":\"https:\\\/\\\/www.etto.cz\\\/wp-content\\\/uploads\\\/2016\\\/12\\\/vysocezatizena_patr.jpg\",\"width\":800,\"height\":800},{\"@type\":\"BreadcrumbList\",\"@id\":\"https:\\\/\\\/www.etto.cz\\\/sk\\\/produkty\\\/vyhrievacie-patrony\\\/jednopolove-vyhrievacie-patrony\\\/#breadcrumb\",\"itemListElement\":[{\"@type\":\"ListItem\",\"position\":1,\"name\":\"Dom\u016f\",\"item\":\"https:\\\/\\\/www.etto.cz\\\/\"},{\"@type\":\"ListItem\",\"position\":2,\"name\":\"V\u00fdroba elektrick\u00fdch vyhrievac\u00edch telies &#8211; produkty\",\"item\":\"https:\\\/\\\/www.etto.cz\\\/elektricka-topna-telesa\\\/\"},{\"@type\":\"ListItem\",\"position\":3,\"name\":\"Vyhrievacie patr\u00f3ny\",\"item\":\"https:\\\/\\\/www.etto.cz\\\/elektricka-topna-telesa\\\/topne-patrony\\\/\"},{\"@type\":\"ListItem\",\"position\":4,\"name\":\"Jednop\u00f3lov\u00e9 vyhrievacie patr\u00f3ny\"}]},{\"@type\":\"WebSite\",\"@id\":\"https:\\\/\\\/www.etto.cz\\\/#website\",\"url\":\"https:\\\/\\\/www.etto.cz\\\/\",\"name\":\"ETTO\",\"description\":\"V\u00fdroba elektrick\u00fdch topn\u00fdch t\u011bles\",\"potentialAction\":[{\"@type\":\"SearchAction\",\"target\":{\"@type\":\"EntryPoint\",\"urlTemplate\":\"https:\\\/\\\/www.etto.cz\\\/?s={search_term_string}\"},\"query-input\":{\"@type\":\"PropertyValueSpecification\",\"valueRequired\":true,\"valueName\":\"search_term_string\"}}],\"inLanguage\":\"sk-SK\"}]}<\/script>\n<!-- \/ Yoast SEO plugin. -->","yoast_head_json":{"title":"Jednop\u00f3lov\u00e9 vyhrievacie patr\u00f3ny | ELEKTRON-ETTO","description":"Jednop\u00f3lov\u00e9 vyhrievacie patr\u00f3ny pre kompaktn\u00e9 aplik\u00e1cie. V\u00fdroba na mieru od ELEKTRON-ETTO.","robots":{"index":"index","follow":"follow","max-snippet":"max-snippet:-1","max-image-preview":"max-image-preview:large","max-video-preview":"max-video-preview:-1"},"canonical":"https:\/\/www.etto.cz\/sk\/produkty\/vyhrievacie-patrony\/jednopolove-vyhrievacie-patrony\/","og_locale":"sk_SK","og_type":"article","og_title":"Jednop\u00f3lov\u00e9 vyhrievacie patr\u00f3ny | ELEKTRON-ETTO","og_description":"Jednop\u00f3lov\u00e9 vyhrievacie patr\u00f3ny pre kompaktn\u00e9 aplik\u00e1cie. V\u00fdroba na mieru od ELEKTRON-ETTO.","og_url":"https:\/\/www.etto.cz\/sk\/produkty\/vyhrievacie-patrony\/jednopolove-vyhrievacie-patrony\/","og_site_name":"ETTO","article_modified_time":"2025-02-04T12:25:03+00:00","og_image":[{"width":800,"height":800,"url":"https:\/\/www.etto.cz\/wp-content\/uploads\/2016\/12\/vysocezatizena_patr.jpg","type":"image\/jpeg"}],"twitter_card":"summary_large_image","schema":{"@context":"https:\/\/schema.org","@graph":[{"@type":"WebPage","@id":"https:\/\/www.etto.cz\/sk\/produkty\/vyhrievacie-patrony\/jednopolove-vyhrievacie-patrony\/","url":"https:\/\/www.etto.cz\/sk\/produkty\/vyhrievacie-patrony\/jednopolove-vyhrievacie-patrony\/","name":"Jednop\u00f3lov\u00e9 vyhrievacie patr\u00f3ny | ELEKTRON-ETTO","isPartOf":{"@id":"https:\/\/www.etto.cz\/#website"},"primaryImageOfPage":{"@id":"https:\/\/www.etto.cz\/sk\/produkty\/vyhrievacie-patrony\/jednopolove-vyhrievacie-patrony\/#primaryimage"},"image":{"@id":"https:\/\/www.etto.cz\/sk\/produkty\/vyhrievacie-patrony\/jednopolove-vyhrievacie-patrony\/#primaryimage"},"thumbnailUrl":"https:\/\/www.etto.cz\/wp-content\/uploads\/2016\/12\/vysocezatizena_patr.jpg","datePublished":"2018-08-24T12:41:18+00:00","dateModified":"2025-02-04T12:25:03+00:00","description":"Jednop\u00f3lov\u00e9 vyhrievacie patr\u00f3ny pre kompaktn\u00e9 aplik\u00e1cie. V\u00fdroba na mieru od ELEKTRON-ETTO.","breadcrumb":{"@id":"https:\/\/www.etto.cz\/sk\/produkty\/vyhrievacie-patrony\/jednopolove-vyhrievacie-patrony\/#breadcrumb"},"inLanguage":"sk-SK","potentialAction":[{"@type":"ReadAction","target":["https:\/\/www.etto.cz\/sk\/produkty\/vyhrievacie-patrony\/jednopolove-vyhrievacie-patrony\/"]}]},{"@type":"ImageObject","inLanguage":"sk-SK","@id":"https:\/\/www.etto.cz\/sk\/produkty\/vyhrievacie-patrony\/jednopolove-vyhrievacie-patrony\/#primaryimage","url":"https:\/\/www.etto.cz\/wp-content\/uploads\/2016\/12\/vysocezatizena_patr.jpg","contentUrl":"https:\/\/www.etto.cz\/wp-content\/uploads\/2016\/12\/vysocezatizena_patr.jpg","width":800,"height":800},{"@type":"BreadcrumbList","@id":"https:\/\/www.etto.cz\/sk\/produkty\/vyhrievacie-patrony\/jednopolove-vyhrievacie-patrony\/#breadcrumb","itemListElement":[{"@type":"ListItem","position":1,"name":"Dom\u016f","item":"https:\/\/www.etto.cz\/"},{"@type":"ListItem","position":2,"name":"V\u00fdroba elektrick\u00fdch vyhrievac\u00edch telies &#8211; produkty","item":"https:\/\/www.etto.cz\/elektricka-topna-telesa\/"},{"@type":"ListItem","position":3,"name":"Vyhrievacie patr\u00f3ny","item":"https:\/\/www.etto.cz\/elektricka-topna-telesa\/topne-patrony\/"},{"@type":"ListItem","position":4,"name":"Jednop\u00f3lov\u00e9 vyhrievacie patr\u00f3ny"}]},{"@type":"WebSite","@id":"https:\/\/www.etto.cz\/#website","url":"https:\/\/www.etto.cz\/","name":"ETTO","description":"V\u00fdroba elektrick\u00fdch topn\u00fdch t\u011bles","potentialAction":[{"@type":"SearchAction","target":{"@type":"EntryPoint","urlTemplate":"https:\/\/www.etto.cz\/?s={search_term_string}"},"query-input":{"@type":"PropertyValueSpecification","valueRequired":true,"valueName":"search_term_string"}}],"inLanguage":"sk-SK"}]}},"_links":{"self":[{"href":"https:\/\/www.etto.cz\/sk\/wp-json\/wp\/v2\/pages\/3857","targetHints":{"allow":["GET"]}}],"collection":[{"href":"https:\/\/www.etto.cz\/sk\/wp-json\/wp\/v2\/pages"}],"about":[{"href":"https:\/\/www.etto.cz\/sk\/wp-json\/wp\/v2\/types\/page"}],"author":[{"embeddable":true,"href":"https:\/\/www.etto.cz\/sk\/wp-json\/wp\/v2\/users\/1"}],"replies":[{"embeddable":true,"href":"https:\/\/www.etto.cz\/sk\/wp-json\/wp\/v2\/comments?post=3857"}],"version-history":[{"count":1,"href":"https:\/\/www.etto.cz\/sk\/wp-json\/wp\/v2\/pages\/3857\/revisions"}],"predecessor-version":[{"id":5374,"href":"https:\/\/www.etto.cz\/sk\/wp-json\/wp\/v2\/pages\/3857\/revisions\/5374"}],"up":[{"embeddable":true,"href":"https:\/\/www.etto.cz\/sk\/wp-json\/wp\/v2\/pages\/3852"}],"wp:featuredmedia":[{"embeddable":true,"href":"https:\/\/www.etto.cz\/sk\/wp-json\/wp\/v2\/media\/2639"}],"wp:attachment":[{"href":"https:\/\/www.etto.cz\/sk\/wp-json\/wp\/v2\/media?parent=3857"}],"curies":[{"name":"wp","href":"https:\/\/api.w.org\/{rel}","templated":true}]}}