{"id":3858,"date":"2018-08-24T13:41:37","date_gmt":"2018-08-24T12:41:37","guid":{"rendered":"http:\/\/www.etto.cz\/topne-patrony\/topne-patrony-s-dvojitou-izolaci-s-nizkymi-unikovymi-proudy\/"},"modified":"2019-02-21T08:55:23","modified_gmt":"2019-02-21T07:55:23","slug":"vyhrievacie-patrony-s-dvojitou-izolaciou","status":"publish","type":"page","link":"https:\/\/www.etto.cz\/sk\/produkty\/vyhrievacie-patrony\/vyhrievacie-patrony-s-dvojitou-izolaciou\/","title":{"rendered":"Vyhrievacie patr\u00f3ny s dvojitou izol\u00e1ciou (s n\u00edzkymi \u00fanikov\u00fdmi pr\u00fadmi)"},"content":{"rendered":"<p style=\"text-align: justify;\">Vyhrievacie patr\u00f3ny s dvojitou izol\u00e1ciou s\u00fa \u0161pecifick\u00e1 kon\u0161trukcia patr\u00f3n. Po\u017e\u00edva sa pri aplik\u00e1ci\u00e1ch s po\u017eiadavkou dvojitej izol\u00e1cie (bezpe\u010dnos\u0165) alebo n\u00edzkych \u00fanikov\u00fdch pr\u00fadov. Mo\u017en\u00e9 u patr\u00f3n s priemerom 10mm, 12.5mm,14mm, 16mm, 20mm.<\/p>\n","protected":false},"excerpt":{"rendered":"<p>Vyhrievacie patr\u00f3ny s dvojitou izol\u00e1ciou s\u00fa \u0161pecifick\u00e1 kon\u0161trukcia patr\u00f3n. Po\u017e\u00edva sa pri aplik\u00e1ci\u00e1ch s po\u017eiadavkou dvojitej izol\u00e1cie (bezpe\u010dnos\u0165) alebo n\u00edzkych \u00fanikov\u00fdch pr\u00fadov. Mo\u017en\u00e9 u patr\u00f3n &#8230;<\/p>\n","protected":false},"author":1,"featured_media":2639,"parent":3852,"menu_order":0,"comment_status":"open","ping_status":"open","template":"_page-menu.php","meta":{"_acf_changed":false,"ngg_post_thumbnail":0,"footnotes":"","_links_to":"","_links_to_target":""},"class_list":["post-3858","page","type-page","status-publish","has-post-thumbnail","hentry"],"acf":[],"yoast_head":"<!-- This site is optimized with the Yoast SEO plugin v27.3 - https:\/\/yoast.com\/product\/yoast-seo-wordpress\/ -->\n<title>Patr\u00f3ny s dvojitou izol\u00e1ciou | ELEKTRON-ETTO<\/title>\n<meta name=\"description\" content=\"Vyhrievacie patr\u00f3ny s dvojitou izol\u00e1ciou a n\u00edzkymi \u00fanikov\u00fdmi pr\u00fadmi. Bezpe\u010dn\u00e9 rie\u0161enie pre citliv\u00e9 aplik\u00e1cie. ELEKTRON-ETTO.\" \/>\n<meta name=\"robots\" content=\"index, follow, max-snippet:-1, max-image-preview:large, max-video-preview:-1\" \/>\n<link rel=\"canonical\" href=\"https:\/\/www.etto.cz\/sk\/produkty\/vyhrievacie-patrony\/vyhrievacie-patrony-s-dvojitou-izolaciou\/\" \/>\n<meta property=\"og:locale\" content=\"sk_SK\" \/>\n<meta property=\"og:type\" content=\"article\" \/>\n<meta property=\"og:title\" content=\"Patr\u00f3ny s dvojitou izol\u00e1ciou | ELEKTRON-ETTO\" \/>\n<meta property=\"og:description\" content=\"Vyhrievacie patr\u00f3ny s dvojitou izol\u00e1ciou a n\u00edzkymi \u00fanikov\u00fdmi pr\u00fadmi. Bezpe\u010dn\u00e9 rie\u0161enie pre citliv\u00e9 aplik\u00e1cie. ELEKTRON-ETTO.\" \/>\n<meta property=\"og:url\" content=\"https:\/\/www.etto.cz\/sk\/produkty\/vyhrievacie-patrony\/vyhrievacie-patrony-s-dvojitou-izolaciou\/\" \/>\n<meta property=\"og:site_name\" content=\"ETTO\" \/>\n<meta property=\"article:modified_time\" content=\"2019-02-21T07:55:23+00:00\" \/>\n<meta property=\"og:image\" content=\"https:\/\/www.etto.cz\/wp-content\/uploads\/2016\/12\/vysocezatizena_patr.jpg\" \/>\n\t<meta property=\"og:image:width\" content=\"800\" \/>\n\t<meta property=\"og:image:height\" content=\"800\" \/>\n\t<meta property=\"og:image:type\" content=\"image\/jpeg\" \/>\n<meta name=\"twitter:card\" content=\"summary_large_image\" \/>\n<script type=\"application\/ld+json\" class=\"yoast-schema-graph\">{\"@context\":\"https:\\\/\\\/schema.org\",\"@graph\":[{\"@type\":\"WebPage\",\"@id\":\"https:\\\/\\\/www.etto.cz\\\/elektricka-topna-telesa\\\/topne-patrony\\\/patrony-s-dvojitou-izolaci-s-nizkymi-unikovymi-proudy\\\/\",\"url\":\"https:\\\/\\\/www.etto.cz\\\/elektricka-topna-telesa\\\/topne-patrony\\\/patrony-s-dvojitou-izolaci-s-nizkymi-unikovymi-proudy\\\/\",\"name\":\"Patr\u00f3ny s dvojitou izol\u00e1ciou | ELEKTRON-ETTO\",\"isPartOf\":{\"@id\":\"https:\\\/\\\/www.etto.cz\\\/#website\"},\"primaryImageOfPage\":{\"@id\":\"https:\\\/\\\/www.etto.cz\\\/elektricka-topna-telesa\\\/topne-patrony\\\/patrony-s-dvojitou-izolaci-s-nizkymi-unikovymi-proudy\\\/#primaryimage\"},\"image\":{\"@id\":\"https:\\\/\\\/www.etto.cz\\\/elektricka-topna-telesa\\\/topne-patrony\\\/patrony-s-dvojitou-izolaci-s-nizkymi-unikovymi-proudy\\\/#primaryimage\"},\"thumbnailUrl\":\"https:\\\/\\\/www.etto.cz\\\/wp-content\\\/uploads\\\/2016\\\/12\\\/vysocezatizena_patr.jpg\",\"datePublished\":\"2018-08-24T12:41:37+00:00\",\"dateModified\":\"2019-02-21T07:55:23+00:00\",\"description\":\"Vyhrievacie patr\u00f3ny s dvojitou izol\u00e1ciou a n\u00edzkymi \u00fanikov\u00fdmi pr\u00fadmi. Bezpe\u010dn\u00e9 rie\u0161enie pre citliv\u00e9 aplik\u00e1cie. ELEKTRON-ETTO.\",\"breadcrumb\":{\"@id\":\"https:\\\/\\\/www.etto.cz\\\/elektricka-topna-telesa\\\/topne-patrony\\\/patrony-s-dvojitou-izolaci-s-nizkymi-unikovymi-proudy\\\/#breadcrumb\"},\"inLanguage\":\"sk-SK\",\"potentialAction\":[{\"@type\":\"ReadAction\",\"target\":[\"https:\\\/\\\/www.etto.cz\\\/elektricka-topna-telesa\\\/topne-patrony\\\/patrony-s-dvojitou-izolaci-s-nizkymi-unikovymi-proudy\\\/\"]}]},{\"@type\":\"ImageObject\",\"inLanguage\":\"sk-SK\",\"@id\":\"https:\\\/\\\/www.etto.cz\\\/elektricka-topna-telesa\\\/topne-patrony\\\/patrony-s-dvojitou-izolaci-s-nizkymi-unikovymi-proudy\\\/#primaryimage\",\"url\":\"https:\\\/\\\/www.etto.cz\\\/wp-content\\\/uploads\\\/2016\\\/12\\\/vysocezatizena_patr.jpg\",\"contentUrl\":\"https:\\\/\\\/www.etto.cz\\\/wp-content\\\/uploads\\\/2016\\\/12\\\/vysocezatizena_patr.jpg\",\"width\":800,\"height\":800},{\"@type\":\"BreadcrumbList\",\"@id\":\"https:\\\/\\\/www.etto.cz\\\/elektricka-topna-telesa\\\/topne-patrony\\\/patrony-s-dvojitou-izolaci-s-nizkymi-unikovymi-proudy\\\/#breadcrumb\",\"itemListElement\":[{\"@type\":\"ListItem\",\"position\":1,\"name\":\"Dom\u016f\",\"item\":\"https:\\\/\\\/www.etto.cz\\\/\"},{\"@type\":\"ListItem\",\"position\":2,\"name\":\"V\u00fdroba elektrick\u00fdch vyhrievac\u00edch telies &#8211; produkty\",\"item\":\"https:\\\/\\\/www.etto.cz\\\/elektricka-topna-telesa\\\/\"},{\"@type\":\"ListItem\",\"position\":3,\"name\":\"Vyhrievacie patr\u00f3ny\",\"item\":\"https:\\\/\\\/www.etto.cz\\\/elektricka-topna-telesa\\\/topne-patrony\\\/\"},{\"@type\":\"ListItem\",\"position\":4,\"name\":\"Vyhrievacie patr\u00f3ny s dvojitou izol\u00e1ciou (s n\u00edzkymi \u00fanikov\u00fdmi pr\u00fadmi)\"}]},{\"@type\":\"WebSite\",\"@id\":\"https:\\\/\\\/www.etto.cz\\\/#website\",\"url\":\"https:\\\/\\\/www.etto.cz\\\/\",\"name\":\"ETTO\",\"description\":\"V\u00fdroba elektrick\u00fdch topn\u00fdch t\u011bles\",\"potentialAction\":[{\"@type\":\"SearchAction\",\"target\":{\"@type\":\"EntryPoint\",\"urlTemplate\":\"https:\\\/\\\/www.etto.cz\\\/?s={search_term_string}\"},\"query-input\":{\"@type\":\"PropertyValueSpecification\",\"valueRequired\":true,\"valueName\":\"search_term_string\"}}],\"inLanguage\":\"sk-SK\"}]}<\/script>\n<!-- \/ Yoast SEO plugin. -->","yoast_head_json":{"title":"Patr\u00f3ny s dvojitou izol\u00e1ciou | ELEKTRON-ETTO","description":"Vyhrievacie patr\u00f3ny s dvojitou izol\u00e1ciou a n\u00edzkymi \u00fanikov\u00fdmi pr\u00fadmi. Bezpe\u010dn\u00e9 rie\u0161enie pre citliv\u00e9 aplik\u00e1cie. ELEKTRON-ETTO.","robots":{"index":"index","follow":"follow","max-snippet":"max-snippet:-1","max-image-preview":"max-image-preview:large","max-video-preview":"max-video-preview:-1"},"canonical":"https:\/\/www.etto.cz\/sk\/produkty\/vyhrievacie-patrony\/vyhrievacie-patrony-s-dvojitou-izolaciou\/","og_locale":"sk_SK","og_type":"article","og_title":"Patr\u00f3ny s dvojitou izol\u00e1ciou | ELEKTRON-ETTO","og_description":"Vyhrievacie patr\u00f3ny s dvojitou izol\u00e1ciou a n\u00edzkymi \u00fanikov\u00fdmi pr\u00fadmi. Bezpe\u010dn\u00e9 rie\u0161enie pre citliv\u00e9 aplik\u00e1cie. ELEKTRON-ETTO.","og_url":"https:\/\/www.etto.cz\/sk\/produkty\/vyhrievacie-patrony\/vyhrievacie-patrony-s-dvojitou-izolaciou\/","og_site_name":"ETTO","article_modified_time":"2019-02-21T07:55:23+00:00","og_image":[{"width":800,"height":800,"url":"https:\/\/www.etto.cz\/wp-content\/uploads\/2016\/12\/vysocezatizena_patr.jpg","type":"image\/jpeg"}],"twitter_card":"summary_large_image","schema":{"@context":"https:\/\/schema.org","@graph":[{"@type":"WebPage","@id":"https:\/\/www.etto.cz\/elektricka-topna-telesa\/topne-patrony\/patrony-s-dvojitou-izolaci-s-nizkymi-unikovymi-proudy\/","url":"https:\/\/www.etto.cz\/elektricka-topna-telesa\/topne-patrony\/patrony-s-dvojitou-izolaci-s-nizkymi-unikovymi-proudy\/","name":"Patr\u00f3ny s dvojitou izol\u00e1ciou | ELEKTRON-ETTO","isPartOf":{"@id":"https:\/\/www.etto.cz\/#website"},"primaryImageOfPage":{"@id":"https:\/\/www.etto.cz\/elektricka-topna-telesa\/topne-patrony\/patrony-s-dvojitou-izolaci-s-nizkymi-unikovymi-proudy\/#primaryimage"},"image":{"@id":"https:\/\/www.etto.cz\/elektricka-topna-telesa\/topne-patrony\/patrony-s-dvojitou-izolaci-s-nizkymi-unikovymi-proudy\/#primaryimage"},"thumbnailUrl":"https:\/\/www.etto.cz\/wp-content\/uploads\/2016\/12\/vysocezatizena_patr.jpg","datePublished":"2018-08-24T12:41:37+00:00","dateModified":"2019-02-21T07:55:23+00:00","description":"Vyhrievacie patr\u00f3ny s dvojitou izol\u00e1ciou a n\u00edzkymi \u00fanikov\u00fdmi pr\u00fadmi. Bezpe\u010dn\u00e9 rie\u0161enie pre citliv\u00e9 aplik\u00e1cie. ELEKTRON-ETTO.","breadcrumb":{"@id":"https:\/\/www.etto.cz\/elektricka-topna-telesa\/topne-patrony\/patrony-s-dvojitou-izolaci-s-nizkymi-unikovymi-proudy\/#breadcrumb"},"inLanguage":"sk-SK","potentialAction":[{"@type":"ReadAction","target":["https:\/\/www.etto.cz\/elektricka-topna-telesa\/topne-patrony\/patrony-s-dvojitou-izolaci-s-nizkymi-unikovymi-proudy\/"]}]},{"@type":"ImageObject","inLanguage":"sk-SK","@id":"https:\/\/www.etto.cz\/elektricka-topna-telesa\/topne-patrony\/patrony-s-dvojitou-izolaci-s-nizkymi-unikovymi-proudy\/#primaryimage","url":"https:\/\/www.etto.cz\/wp-content\/uploads\/2016\/12\/vysocezatizena_patr.jpg","contentUrl":"https:\/\/www.etto.cz\/wp-content\/uploads\/2016\/12\/vysocezatizena_patr.jpg","width":800,"height":800},{"@type":"BreadcrumbList","@id":"https:\/\/www.etto.cz\/elektricka-topna-telesa\/topne-patrony\/patrony-s-dvojitou-izolaci-s-nizkymi-unikovymi-proudy\/#breadcrumb","itemListElement":[{"@type":"ListItem","position":1,"name":"Dom\u016f","item":"https:\/\/www.etto.cz\/"},{"@type":"ListItem","position":2,"name":"V\u00fdroba elektrick\u00fdch vyhrievac\u00edch telies &#8211; produkty","item":"https:\/\/www.etto.cz\/elektricka-topna-telesa\/"},{"@type":"ListItem","position":3,"name":"Vyhrievacie patr\u00f3ny","item":"https:\/\/www.etto.cz\/elektricka-topna-telesa\/topne-patrony\/"},{"@type":"ListItem","position":4,"name":"Vyhrievacie patr\u00f3ny s dvojitou izol\u00e1ciou (s n\u00edzkymi \u00fanikov\u00fdmi pr\u00fadmi)"}]},{"@type":"WebSite","@id":"https:\/\/www.etto.cz\/#website","url":"https:\/\/www.etto.cz\/","name":"ETTO","description":"V\u00fdroba elektrick\u00fdch topn\u00fdch t\u011bles","potentialAction":[{"@type":"SearchAction","target":{"@type":"EntryPoint","urlTemplate":"https:\/\/www.etto.cz\/?s={search_term_string}"},"query-input":{"@type":"PropertyValueSpecification","valueRequired":true,"valueName":"search_term_string"}}],"inLanguage":"sk-SK"}]}},"_links":{"self":[{"href":"https:\/\/www.etto.cz\/sk\/wp-json\/wp\/v2\/pages\/3858","targetHints":{"allow":["GET"]}}],"collection":[{"href":"https:\/\/www.etto.cz\/sk\/wp-json\/wp\/v2\/pages"}],"about":[{"href":"https:\/\/www.etto.cz\/sk\/wp-json\/wp\/v2\/types\/page"}],"author":[{"embeddable":true,"href":"https:\/\/www.etto.cz\/sk\/wp-json\/wp\/v2\/users\/1"}],"replies":[{"embeddable":true,"href":"https:\/\/www.etto.cz\/sk\/wp-json\/wp\/v2\/comments?post=3858"}],"version-history":[{"count":0,"href":"https:\/\/www.etto.cz\/sk\/wp-json\/wp\/v2\/pages\/3858\/revisions"}],"up":[{"embeddable":true,"href":"https:\/\/www.etto.cz\/sk\/wp-json\/wp\/v2\/pages\/3852"}],"wp:featuredmedia":[{"embeddable":true,"href":"https:\/\/www.etto.cz\/sk\/wp-json\/wp\/v2\/media\/2639"}],"wp:attachment":[{"href":"https:\/\/www.etto.cz\/sk\/wp-json\/wp\/v2\/media?parent=3858"}],"curies":[{"name":"wp","href":"https:\/\/api.w.org\/{rel}","templated":true}]}}