{"id":3860,"date":"2018-08-24T13:42:26","date_gmt":"2018-08-24T12:42:26","guid":{"rendered":"http:\/\/www.etto.cz\/topna-telesa\/"},"modified":"2025-02-04T13:21:29","modified_gmt":"2025-02-04T12:21:29","slug":"vyhrievacie-telesa","status":"publish","type":"page","link":"https:\/\/www.etto.cz\/sk\/vyhrievacie-telesa\/","title":{"rendered":"Vyhrievacie teles\u00e1"},"content":{"rendered":"<h2>Vyhrievacie patr\u00f3ny<\/h2>\n<div class=\"sub-menu\">            <a href=\"https:\/\/www.etto.cz\/sk\/produkty\/vyhrievacie-patrony\/vysokozatizene-vyhrievacie-patrony\/\" class=\"subitem\">\n                <span class=\"img\">\n                    <img decoding=\"async\" src=\"https:\/\/www.etto.cz\/wp-content\/uploads\/2016\/12\/vysocezatizena_patr-153x153.jpg\" alt=\"Vysokozat\u00ed\u017een\u00e9 vyhrievacie patr\u00f3ny\" loading=\"lazy\" \/>\n                    <span><em>Vysokozat\u00ed\u017een\u00e9 vyhrievacie patr\u00f3ny<\/em><\/span>\n                <\/span>\n                <strong>Vysokozat\u00ed\u017een\u00e9 vyhrievacie patr\u00f3ny<\/strong>\n            <\/a>\n                        <a href=\"https:\/\/www.etto.cz\/sk\/produkty\/vyhrievacie-patrony\/vysokozatizene-vyhrievacie-patrony-s-termoclankom\/\" class=\"subitem\">\n                <span class=\"img\">\n                    <img decoding=\"async\" src=\"https:\/\/www.etto.cz\/wp-content\/uploads\/2015\/05\/vysokozatizene-patrony-s-termoclankem-125x153.jpg\" alt=\"Vysokozat\u00ed\u017een\u00e9 vyhrievacie patr\u00f3ny s termo\u010dl\u00e1nkom a PT100\" loading=\"lazy\" \/>\n                    <span><em>Vysokozat\u00ed\u017een\u00e9 vyhrievacie patr\u00f3ny s termo\u010dl\u00e1nkom a PT100<\/em><\/span>\n                <\/span>\n                <strong>Vysokozat\u00ed\u017een\u00e9 vyhrievacie patr\u00f3ny s termo\u010dl\u00e1nkom a PT100<\/strong>\n            <\/a>\n                        <a href=\"https:\/\/www.etto.cz\/sk\/produkty\/vyhrievacie-patrony\/strednezatizene-vyhrievacie-patrony\/\" class=\"subitem\">\n                <span class=\"img\">\n                    <img decoding=\"async\" src=\"https:\/\/www.etto.cz\/wp-content\/uploads\/2016\/12\/strednezatizena_patr-153x153.jpg\" alt=\"St\u0159edn\u011bzat\u00ed\u017een\u00e9 vyhrievacie patr\u00f3ny\" loading=\"lazy\" \/>\n                    <span><em>St\u0159edn\u011bzat\u00ed\u017een\u00e9 vyhrievacie patr\u00f3ny<\/em><\/span>\n                <\/span>\n                <strong>St\u0159edn\u011bzat\u00ed\u017een\u00e9 vyhrievacie patr\u00f3ny<\/strong>\n            <\/a>\n                        <a href=\"https:\/\/www.etto.cz\/sk\/produkty\/vyhrievacie-patrony\/nizcezatizene-vyhrievacie-patrony\/\" class=\"subitem\">\n                <span class=\"img\">\n                    <img decoding=\"async\" src=\"https:\/\/www.etto.cz\/wp-content\/uploads\/2016\/12\/strednezatizena_patr-153x153.jpg\" alt=\"N\u00edzcezat\u00ed\u017een\u00e9 vyhrievacie patr\u00f3ny\" loading=\"lazy\" \/>\n                    <span><em>N\u00edzcezat\u00ed\u017een\u00e9 vyhrievacie patr\u00f3ny<\/em><\/span>\n                <\/span>\n                <strong>N\u00edzcezat\u00ed\u017een\u00e9 vyhrievacie patr\u00f3ny<\/strong>\n            <\/a>\n                        <a href=\"https:\/\/www.etto.cz\/sk\/produkty\/vyhrievacie-patrony\/vyhrievacie-patrony-so-specifikovanymi-zonami\/\" class=\"subitem\">\n                <span class=\"img\">\n                    <img decoding=\"async\" src=\"https:\/\/www.etto.cz\/wp-content\/uploads\/2016\/12\/patrona_zony-153x147.jpg\" alt=\"V\u00fdhrevn\u00e9 patr\u00f3ny sa \u0161pecifikovan\u00fdmi vyhrievac\u00edmi z\u00f3nami\" loading=\"lazy\" \/>\n                    <span><em>V\u00fdhrevn\u00e9 patr\u00f3ny sa \u0161pecifikovan\u00fdmi vyhrievac\u00edmi z\u00f3nami<\/em><\/span>\n                <\/span>\n                <strong>V\u00fdhrevn\u00e9 patr\u00f3ny sa \u0161pecifikovan\u00fdmi vyhrievac\u00edmi z\u00f3nami<\/strong>\n            <\/a>\n            <\/div>\n<h2 style=\"clear: both;\">Vyhrievacie p\u00e1sy<\/h2>\n<div class=\"sub-menu\">            <a href=\"https:\/\/www.etto.cz\/sk\/produkty\/vyhrievacie-pasy-objimky\/vyhrievacie-pasy-sa-sludove-izolaciou\/\" class=\"subitem\">\n                <span class=\"img\">\n                    <img decoding=\"async\" src=\"https:\/\/www.etto.cz\/wp-content\/uploads\/2016\/12\/topny_pas_2-153x153.jpg\" alt=\"Vyhrievacie p\u00e1sy sa s\u013eudov\u00e9 izol\u00e1ciou\" loading=\"lazy\" \/>\n                    <span><em>Vyhrievacie p\u00e1sy sa s\u013eudov\u00e9 izol\u00e1ciou<\/em><\/span>\n                <\/span>\n                <strong>Vyhrievacie p\u00e1sy sa s\u013eudov\u00e9 izol\u00e1ciou<\/strong>\n            <\/a>\n                        <a href=\"https:\/\/www.etto.cz\/sk\/produkty\/vyhrievacie-pasy-objimky\/vyhrievaci-pasy-keramicke\/\" class=\"subitem\">\n                <span class=\"img\">\n                    <img decoding=\"async\" src=\"https:\/\/www.etto.cz\/wp-content\/uploads\/2016\/12\/keramicky_pas-153x121.jpg\" alt=\"Vyhrievac\u00ed p\u00e1sy keramick\u00e9\" loading=\"lazy\" \/>\n                    <span><em>Vyhrievac\u00ed p\u00e1sy keramick\u00e9<\/em><\/span>\n                <\/span>\n                <strong>Vyhrievac\u00ed p\u00e1sy keramick\u00e9<\/strong>\n            <\/a>\n                        <a href=\"https:\/\/www.etto.cz\/sk\/produkty\/vyhrievacie-pasy-objimky\/vyhrievaci-obojok-z-tyce-profilu-9-x-4\/\" class=\"subitem\">\n                <span class=\"img\">\n                    <img decoding=\"async\" src=\"https:\/\/www.etto.cz\/wp-content\/uploads\/2015\/05\/topne-pasy-153x153.jpg\" alt=\"Vyhrievac\u00ed obojok z ty\u010de profilu 7.2\u00d72.7\" loading=\"lazy\" \/>\n                    <span><em>Vyhrievac\u00ed obojok z ty\u010de profilu 7.2\u00d72.7<\/em><\/span>\n                <\/span>\n                <strong>Vyhrievac\u00ed obojok z ty\u010de profilu 7.2\u00d72.7<\/strong>\n            <\/a>\n            <\/div>\n<h2 style=\"clear: both;\">\u010eal\u0161\u00ed ohrievacie teles\u00e1<\/h2>\n<div class=\"sub-menu\">            <a href=\"https:\/\/www.etto.cz\/sk\/produkty\/vyhrievacie-telesa-rurkova\/\" class=\"subitem\">\n                <span class=\"img\">\n                    <img decoding=\"async\" src=\"https:\/\/www.etto.cz\/wp-content\/uploads\/2015\/05\/trubkova-topna-telesa-153x153.jpg\" alt=\"Vyhrievacie teles\u00e1 r\u00farkov\u00e1\" loading=\"lazy\" \/>\n                    <span><em>Vyhrievacie teles\u00e1 r\u00farkov\u00e1<\/em><\/span>\n                <\/span>\n                <strong>Vyhrievacie teles\u00e1 r\u00farkov\u00e1<\/strong>\n            <\/a>\n                        <a href=\"https:\/\/www.etto.cz\/sk\/produkty\/vyhrievacie-telesa-rurkova-plocha\/\" class=\"subitem\">\n                <span class=\"img\">\n                    <img decoding=\"async\" src=\"https:\/\/www.etto.cz\/wp-content\/uploads\/2016\/12\/maximka_b2-153x153.jpg\" alt=\"Vyhrievacie teles\u00e1 r\u00farkov\u00e1 ploch\u00e1\" loading=\"lazy\" \/>\n                    <span><em>Vyhrievacie teles\u00e1 r\u00farkov\u00e1 ploch\u00e1<\/em><\/span>\n                <\/span>\n                <strong>Vyhrievacie teles\u00e1 r\u00farkov\u00e1 ploch\u00e1<\/strong>\n            <\/a>\n                        <a href=\"https:\/\/www.etto.cz\/sk\/produkty\/plocha-vyhrievacie-telesa-sa-sludove-izolaciou\/\" class=\"subitem\">\n                <span class=\"img\">\n                    <img decoding=\"async\" src=\"https:\/\/www.etto.cz\/wp-content\/uploads\/2015\/05\/topna-telesa-se-slidovou-izolaci-153x153.jpg\" alt=\"Ploch\u00e1 vyhrievacie teles\u00e1 sa s\u013eudov\u00e9 izol\u00e1ciou\" loading=\"lazy\" \/>\n                    <span><em>Ploch\u00e1 vyhrievacie teles\u00e1 sa s\u013eudov\u00e9 izol\u00e1ciou<\/em><\/span>\n                <\/span>\n                <strong>Ploch\u00e1 vyhrievacie teles\u00e1 sa s\u013eudov\u00e9 izol\u00e1ciou<\/strong>\n            <\/a>\n                        <a href=\"https:\/\/www.etto.cz\/sk\/produkty\/ohrievaci-telesa-s-otvorenym-drotom\/\" class=\"subitem\">\n                <span class=\"img\">\n                    <img decoding=\"async\" src=\"https:\/\/www.etto.cz\/wp-content\/uploads\/2016\/12\/spirala-3-153x124.jpg\" alt=\"Ohrievac\u00ed teles\u00e1 s otvoren\u00fdm dr\u00f4tom (keramick\u00e1, s\u013eudov\u00e1)\" loading=\"lazy\" \/>\n                    <span><em>Ohrievac\u00ed teles\u00e1 s otvoren\u00fdm dr\u00f4tom (keramick\u00e1, s\u013eudov\u00e1)<\/em><\/span>\n                <\/span>\n                <strong>Ohrievac\u00ed teles\u00e1 s otvoren\u00fdm dr\u00f4tom (keramick\u00e1, s\u013eudov\u00e1)<\/strong>\n            <\/a>\n            <\/div>\n","protected":false},"excerpt":{"rendered":"<p>Vyhrievacie patr\u00f3ny Vyhrievacie p\u00e1sy \u010eal\u0161\u00ed ohrievacie teles\u00e1<\/p>\n","protected":false},"author":1,"featured_media":0,"parent":0,"menu_order":0,"comment_status":"open","ping_status":"closed","template":"_page-menu.php","meta":{"_acf_changed":false,"ngg_post_thumbnail":0,"footnotes":"","_links_to":"","_links_to_target":""},"class_list":["post-3860","page","type-page","status-publish","hentry"],"acf":[],"yoast_head":"<!-- This site is optimized with the Yoast SEO plugin v27.3 - https:\/\/yoast.com\/product\/yoast-seo-wordpress\/ -->\n<title>Vyhrievacie teles\u00e1 \u2013 preh\u013ead typov | ELEKTRON-ETTO<\/title>\n<meta name=\"description\" content=\"Preh\u013ead v\u0161etk\u00fdch typov elektrick\u00fdch vyhrievac\u00edch telies ELEKTRON-ETTO. Patr\u00f3ny, trubkov\u00e9 teles\u00e1, p\u00e1sy a \u0161peci\u00e1lne rie\u0161enia.\" \/>\n<meta name=\"robots\" content=\"index, follow, max-snippet:-1, max-image-preview:large, max-video-preview:-1\" \/>\n<link rel=\"canonical\" href=\"https:\/\/www.etto.cz\/sk\/produkty\/ohrievaci-telesa-s-otvorenym-drotom\/\" \/>\n<meta property=\"og:locale\" content=\"sk_SK\" \/>\n<meta property=\"og:type\" content=\"article\" \/>\n<meta property=\"og:title\" content=\"Vyhrievacie teles\u00e1 \u2013 preh\u013ead typov | ELEKTRON-ETTO\" \/>\n<meta property=\"og:description\" content=\"Preh\u013ead v\u0161etk\u00fdch typov elektrick\u00fdch vyhrievac\u00edch telies ELEKTRON-ETTO. Patr\u00f3ny, trubkov\u00e9 teles\u00e1, p\u00e1sy a \u0161peci\u00e1lne rie\u0161enia.\" \/>\n<meta property=\"og:url\" content=\"https:\/\/www.etto.cz\/sk\/produkty\/ohrievaci-telesa-s-otvorenym-drotom\/\" \/>\n<meta property=\"og:site_name\" content=\"ETTO\" \/>\n<meta property=\"article:modified_time\" content=\"2025-02-04T12:21:29+00:00\" \/>\n<meta property=\"og:image\" content=\"https:\/\/www.etto.cz\/sk\/wp-content\/gallery\/prumyslova-telesa\/teleso-kotel.jpg\" \/>\n<meta name=\"twitter:card\" content=\"summary_large_image\" \/>\n<script type=\"application\/ld+json\" class=\"yoast-schema-graph\">{\"@context\":\"https:\\\/\\\/schema.org\",\"@graph\":[{\"@type\":\"WebPage\",\"@id\":\"https:\\\/\\\/www.etto.cz\\\/topna-telesa\\\/\",\"url\":\"https:\\\/\\\/www.etto.cz\\\/topna-telesa\\\/\",\"name\":\"Vyhrievacie teles\u00e1 \u2013 preh\u013ead typov | ELEKTRON-ETTO\",\"isPartOf\":{\"@id\":\"https:\\\/\\\/www.etto.cz\\\/#website\"},\"datePublished\":\"2018-08-24T12:42:26+00:00\",\"dateModified\":\"2025-02-04T12:21:29+00:00\",\"description\":\"Preh\u013ead v\u0161etk\u00fdch typov elektrick\u00fdch vyhrievac\u00edch telies ELEKTRON-ETTO. Patr\u00f3ny, trubkov\u00e9 teles\u00e1, p\u00e1sy a \u0161peci\u00e1lne rie\u0161enia.\",\"breadcrumb\":{\"@id\":\"https:\\\/\\\/www.etto.cz\\\/topna-telesa\\\/#breadcrumb\"},\"inLanguage\":\"sk-SK\",\"potentialAction\":[{\"@type\":\"ReadAction\",\"target\":[\"https:\\\/\\\/www.etto.cz\\\/topna-telesa\\\/\"]}]},{\"@type\":\"BreadcrumbList\",\"@id\":\"https:\\\/\\\/www.etto.cz\\\/topna-telesa\\\/#breadcrumb\",\"itemListElement\":[{\"@type\":\"ListItem\",\"position\":1,\"name\":\"Dom\u016f\",\"item\":\"https:\\\/\\\/www.etto.cz\\\/\"},{\"@type\":\"ListItem\",\"position\":2,\"name\":\"Vyhrievacie teles\u00e1\"}]},{\"@type\":\"WebSite\",\"@id\":\"https:\\\/\\\/www.etto.cz\\\/#website\",\"url\":\"https:\\\/\\\/www.etto.cz\\\/\",\"name\":\"ETTO\",\"description\":\"V\u00fdroba elektrick\u00fdch topn\u00fdch t\u011bles\",\"potentialAction\":[{\"@type\":\"SearchAction\",\"target\":{\"@type\":\"EntryPoint\",\"urlTemplate\":\"https:\\\/\\\/www.etto.cz\\\/?s={search_term_string}\"},\"query-input\":{\"@type\":\"PropertyValueSpecification\",\"valueRequired\":true,\"valueName\":\"search_term_string\"}}],\"inLanguage\":\"sk-SK\"}]}<\/script>\n<!-- \/ Yoast SEO plugin. -->","yoast_head_json":{"title":"Vyhrievacie teles\u00e1 \u2013 preh\u013ead typov | ELEKTRON-ETTO","description":"Preh\u013ead v\u0161etk\u00fdch typov elektrick\u00fdch vyhrievac\u00edch telies ELEKTRON-ETTO. Patr\u00f3ny, trubkov\u00e9 teles\u00e1, p\u00e1sy a \u0161peci\u00e1lne rie\u0161enia.","robots":{"index":"index","follow":"follow","max-snippet":"max-snippet:-1","max-image-preview":"max-image-preview:large","max-video-preview":"max-video-preview:-1"},"canonical":"https:\/\/www.etto.cz\/sk\/produkty\/ohrievaci-telesa-s-otvorenym-drotom\/","og_locale":"sk_SK","og_type":"article","og_title":"Vyhrievacie teles\u00e1 \u2013 preh\u013ead typov | ELEKTRON-ETTO","og_description":"Preh\u013ead v\u0161etk\u00fdch typov elektrick\u00fdch vyhrievac\u00edch telies ELEKTRON-ETTO. Patr\u00f3ny, trubkov\u00e9 teles\u00e1, p\u00e1sy a \u0161peci\u00e1lne rie\u0161enia.","og_url":"https:\/\/www.etto.cz\/sk\/produkty\/ohrievaci-telesa-s-otvorenym-drotom\/","og_site_name":"ETTO","article_modified_time":"2025-02-04T12:21:29+00:00","og_image":[{"url":"https:\/\/www.etto.cz\/sk\/wp-content\/gallery\/prumyslova-telesa\/teleso-kotel.jpg","type":"","width":"","height":""}],"twitter_card":"summary_large_image","schema":{"@context":"https:\/\/schema.org","@graph":[{"@type":"WebPage","@id":"https:\/\/www.etto.cz\/topna-telesa\/","url":"https:\/\/www.etto.cz\/topna-telesa\/","name":"Vyhrievacie teles\u00e1 \u2013 preh\u013ead typov | ELEKTRON-ETTO","isPartOf":{"@id":"https:\/\/www.etto.cz\/#website"},"datePublished":"2018-08-24T12:42:26+00:00","dateModified":"2025-02-04T12:21:29+00:00","description":"Preh\u013ead v\u0161etk\u00fdch typov elektrick\u00fdch vyhrievac\u00edch telies ELEKTRON-ETTO. Patr\u00f3ny, trubkov\u00e9 teles\u00e1, p\u00e1sy a \u0161peci\u00e1lne rie\u0161enia.","breadcrumb":{"@id":"https:\/\/www.etto.cz\/topna-telesa\/#breadcrumb"},"inLanguage":"sk-SK","potentialAction":[{"@type":"ReadAction","target":["https:\/\/www.etto.cz\/topna-telesa\/"]}]},{"@type":"BreadcrumbList","@id":"https:\/\/www.etto.cz\/topna-telesa\/#breadcrumb","itemListElement":[{"@type":"ListItem","position":1,"name":"Dom\u016f","item":"https:\/\/www.etto.cz\/"},{"@type":"ListItem","position":2,"name":"Vyhrievacie teles\u00e1"}]},{"@type":"WebSite","@id":"https:\/\/www.etto.cz\/#website","url":"https:\/\/www.etto.cz\/","name":"ETTO","description":"V\u00fdroba elektrick\u00fdch topn\u00fdch t\u011bles","potentialAction":[{"@type":"SearchAction","target":{"@type":"EntryPoint","urlTemplate":"https:\/\/www.etto.cz\/?s={search_term_string}"},"query-input":{"@type":"PropertyValueSpecification","valueRequired":true,"valueName":"search_term_string"}}],"inLanguage":"sk-SK"}]}},"_links":{"self":[{"href":"https:\/\/www.etto.cz\/sk\/wp-json\/wp\/v2\/pages\/3860","targetHints":{"allow":["GET"]}}],"collection":[{"href":"https:\/\/www.etto.cz\/sk\/wp-json\/wp\/v2\/pages"}],"about":[{"href":"https:\/\/www.etto.cz\/sk\/wp-json\/wp\/v2\/types\/page"}],"author":[{"embeddable":true,"href":"https:\/\/www.etto.cz\/sk\/wp-json\/wp\/v2\/users\/1"}],"replies":[{"embeddable":true,"href":"https:\/\/www.etto.cz\/sk\/wp-json\/wp\/v2\/comments?post=3860"}],"version-history":[{"count":1,"href":"https:\/\/www.etto.cz\/sk\/wp-json\/wp\/v2\/pages\/3860\/revisions"}],"predecessor-version":[{"id":5350,"href":"https:\/\/www.etto.cz\/sk\/wp-json\/wp\/v2\/pages\/3860\/revisions\/5350"}],"wp:attachment":[{"href":"https:\/\/www.etto.cz\/sk\/wp-json\/wp\/v2\/media?parent=3860"}],"curies":[{"name":"wp","href":"https:\/\/api.w.org\/{rel}","templated":true}]}}