{"id":3861,"date":"2018-08-24T13:43:30","date_gmt":"2018-08-24T12:43:30","guid":{"rendered":"http:\/\/www.etto.cz\/topna-telesa\/topna-telesa-trubkova-plocha\/"},"modified":"2025-04-24T08:26:14","modified_gmt":"2025-04-24T07:26:14","slug":"vyhrievacie-telesa-rurkova-plocha","status":"publish","type":"page","link":"https:\/\/www.etto.cz\/sk\/produkty\/vyhrievacie-telesa-rurkova-plocha\/","title":{"rendered":"Vyhrievacie teles\u00e1 r\u00farkov\u00e1 ploch\u00e1"},"content":{"rendered":"<p>Vyhrievacie teles\u00e1 r\u00farkov\u00e9 ploch\u00e1 (ploch\u00e9 vyhrievacie ty\u010de) s\u00fa v\u010faka uskuto\u010dnite\u013enosti tvarovanie vhodn\u00e9 pre \u0161irok\u00fa \u0161k\u00e1lu aplik\u00e1ci\u00ed. Mo\u017enos\u0165 jedno aj dvoch koncov\u00e9ho ukon\u010denie ty\u010d\u00ed, alebo umiestnenie termo\u010dl\u00e1nku vn\u00fatri ty\u010de vi\u010f. varianty zapojenia pri jednotliv\u00fdch profilov ty\u010d\u00ed.<\/p>\n<p><strong>Vyr\u00e1ban\u00e9 profily: <\/strong>12&#215;6.5mm; 12&#215;6.3mm; 21&#215;6.5mm; 17.2&#215;5.5mm; 16&#215;6.5mm; 13.5x5mm; 11.5&#215;4.5; 10.5&#215;3.8mm; 7.2&#215;2.7mm; 4.2&#215;2.2mm.<\/p>\n\n\n<p><\/p>\n","protected":false},"excerpt":{"rendered":"<p>Vyhrievacie teles\u00e1 r\u00farkov\u00e9 ploch\u00e1 (ploch\u00e9 vyhrievacie ty\u010de) s\u00fa v\u010faka uskuto\u010dnite\u013enosti tvarovanie vhodn\u00e9 pre \u0161irok\u00fa \u0161k\u00e1lu aplik\u00e1ci\u00ed. Mo\u017enos\u0165 jedno aj dvoch koncov\u00e9ho ukon\u010denie ty\u010d\u00ed, alebo umiestnenie &#8230;<\/p>\n","protected":false},"author":1,"featured_media":2654,"parent":3825,"menu_order":0,"comment_status":"open","ping_status":"open","template":"_page-menu.php","meta":{"_acf_changed":false,"ngg_post_thumbnail":0,"footnotes":"","_links_to":"","_links_to_target":""},"class_list":["post-3861","page","type-page","status-publish","has-post-thumbnail","hentry"],"acf":[],"yoast_head":"<!-- This site is optimized with the Yoast SEO plugin v27.3 - https:\/\/yoast.com\/product\/yoast-seo-wordpress\/ -->\n<title>Trubkov\u00e9 ploch\u00e9 vyhrievacie teles\u00e1 | ELEKTRON-ETTO<\/title>\n<meta name=\"description\" content=\"Ploch\u00e9 trubkov\u00e9 vyhrievacie teles\u00e1 pre kontaktn\u00fd ohrev. Efekt\u00edvny prenos tepla na rovn\u00e9 plochy. ELEKTRON-ETTO.\" \/>\n<meta name=\"robots\" content=\"index, follow, max-snippet:-1, max-image-preview:large, max-video-preview:-1\" \/>\n<link rel=\"canonical\" href=\"https:\/\/www.etto.cz\/sk\/produkty\/vyhrievacie-telesa-rurkova-plocha\/\" \/>\n<meta property=\"og:locale\" content=\"sk_SK\" \/>\n<meta property=\"og:type\" content=\"article\" \/>\n<meta property=\"og:title\" content=\"Trubkov\u00e9 ploch\u00e9 vyhrievacie teles\u00e1 | ELEKTRON-ETTO\" \/>\n<meta property=\"og:description\" content=\"Ploch\u00e9 trubkov\u00e9 vyhrievacie teles\u00e1 pre kontaktn\u00fd ohrev. Efekt\u00edvny prenos tepla na rovn\u00e9 plochy. ELEKTRON-ETTO.\" \/>\n<meta property=\"og:url\" content=\"https:\/\/www.etto.cz\/sk\/produkty\/vyhrievacie-telesa-rurkova-plocha\/\" \/>\n<meta property=\"og:site_name\" content=\"ETTO\" \/>\n<meta property=\"article:modified_time\" content=\"2025-04-24T07:26:14+00:00\" \/>\n<meta property=\"og:image\" content=\"https:\/\/www.etto.cz\/wp-content\/uploads\/2016\/12\/maximka_b2.jpg\" \/>\n\t<meta property=\"og:image:width\" content=\"936\" \/>\n\t<meta property=\"og:image:height\" content=\"936\" \/>\n\t<meta property=\"og:image:type\" content=\"image\/jpeg\" \/>\n<meta name=\"twitter:card\" content=\"summary_large_image\" \/>\n<meta name=\"twitter:label1\" content=\"Predpokladan\u00fd \u010das \u010d\u00edtania\" \/>\n\t<meta name=\"twitter:data1\" content=\"1 min\u00fata\" \/>\n<script type=\"application\/ld+json\" class=\"yoast-schema-graph\">{\"@context\":\"https:\\\/\\\/schema.org\",\"@graph\":[{\"@type\":\"WebPage\",\"@id\":\"https:\\\/\\\/www.etto.cz\\\/elektricka-topna-telesa\\\/topna-telesa-trubkova-plocha\\\/\",\"url\":\"https:\\\/\\\/www.etto.cz\\\/elektricka-topna-telesa\\\/topna-telesa-trubkova-plocha\\\/\",\"name\":\"Trubkov\u00e9 ploch\u00e9 vyhrievacie teles\u00e1 | ELEKTRON-ETTO\",\"isPartOf\":{\"@id\":\"https:\\\/\\\/www.etto.cz\\\/#website\"},\"primaryImageOfPage\":{\"@id\":\"https:\\\/\\\/www.etto.cz\\\/elektricka-topna-telesa\\\/topna-telesa-trubkova-plocha\\\/#primaryimage\"},\"image\":{\"@id\":\"https:\\\/\\\/www.etto.cz\\\/elektricka-topna-telesa\\\/topna-telesa-trubkova-plocha\\\/#primaryimage\"},\"thumbnailUrl\":\"https:\\\/\\\/www.etto.cz\\\/wp-content\\\/uploads\\\/2016\\\/12\\\/maximka_b2.jpg\",\"datePublished\":\"2018-08-24T12:43:30+00:00\",\"dateModified\":\"2025-04-24T07:26:14+00:00\",\"description\":\"Ploch\u00e9 trubkov\u00e9 vyhrievacie teles\u00e1 pre kontaktn\u00fd ohrev. Efekt\u00edvny prenos tepla na rovn\u00e9 plochy. ELEKTRON-ETTO.\",\"breadcrumb\":{\"@id\":\"https:\\\/\\\/www.etto.cz\\\/elektricka-topna-telesa\\\/topna-telesa-trubkova-plocha\\\/#breadcrumb\"},\"inLanguage\":\"sk-SK\",\"potentialAction\":[{\"@type\":\"ReadAction\",\"target\":[\"https:\\\/\\\/www.etto.cz\\\/elektricka-topna-telesa\\\/topna-telesa-trubkova-plocha\\\/\"]}]},{\"@type\":\"ImageObject\",\"inLanguage\":\"sk-SK\",\"@id\":\"https:\\\/\\\/www.etto.cz\\\/elektricka-topna-telesa\\\/topna-telesa-trubkova-plocha\\\/#primaryimage\",\"url\":\"https:\\\/\\\/www.etto.cz\\\/wp-content\\\/uploads\\\/2016\\\/12\\\/maximka_b2.jpg\",\"contentUrl\":\"https:\\\/\\\/www.etto.cz\\\/wp-content\\\/uploads\\\/2016\\\/12\\\/maximka_b2.jpg\",\"width\":936,\"height\":936},{\"@type\":\"BreadcrumbList\",\"@id\":\"https:\\\/\\\/www.etto.cz\\\/elektricka-topna-telesa\\\/topna-telesa-trubkova-plocha\\\/#breadcrumb\",\"itemListElement\":[{\"@type\":\"ListItem\",\"position\":1,\"name\":\"Dom\u016f\",\"item\":\"https:\\\/\\\/www.etto.cz\\\/\"},{\"@type\":\"ListItem\",\"position\":2,\"name\":\"V\u00fdroba elektrick\u00fdch vyhrievac\u00edch telies &#8211; produkty\",\"item\":\"https:\\\/\\\/www.etto.cz\\\/elektricka-topna-telesa\\\/\"},{\"@type\":\"ListItem\",\"position\":3,\"name\":\"Vyhrievacie teles\u00e1 r\u00farkov\u00e1 ploch\u00e1\"}]},{\"@type\":\"WebSite\",\"@id\":\"https:\\\/\\\/www.etto.cz\\\/#website\",\"url\":\"https:\\\/\\\/www.etto.cz\\\/\",\"name\":\"ETTO\",\"description\":\"V\u00fdroba elektrick\u00fdch topn\u00fdch t\u011bles\",\"potentialAction\":[{\"@type\":\"SearchAction\",\"target\":{\"@type\":\"EntryPoint\",\"urlTemplate\":\"https:\\\/\\\/www.etto.cz\\\/?s={search_term_string}\"},\"query-input\":{\"@type\":\"PropertyValueSpecification\",\"valueRequired\":true,\"valueName\":\"search_term_string\"}}],\"inLanguage\":\"sk-SK\"}]}<\/script>\n<!-- \/ Yoast SEO plugin. -->","yoast_head_json":{"title":"Trubkov\u00e9 ploch\u00e9 vyhrievacie teles\u00e1 | ELEKTRON-ETTO","description":"Ploch\u00e9 trubkov\u00e9 vyhrievacie teles\u00e1 pre kontaktn\u00fd ohrev. Efekt\u00edvny prenos tepla na rovn\u00e9 plochy. ELEKTRON-ETTO.","robots":{"index":"index","follow":"follow","max-snippet":"max-snippet:-1","max-image-preview":"max-image-preview:large","max-video-preview":"max-video-preview:-1"},"canonical":"https:\/\/www.etto.cz\/sk\/produkty\/vyhrievacie-telesa-rurkova-plocha\/","og_locale":"sk_SK","og_type":"article","og_title":"Trubkov\u00e9 ploch\u00e9 vyhrievacie teles\u00e1 | ELEKTRON-ETTO","og_description":"Ploch\u00e9 trubkov\u00e9 vyhrievacie teles\u00e1 pre kontaktn\u00fd ohrev. Efekt\u00edvny prenos tepla na rovn\u00e9 plochy. ELEKTRON-ETTO.","og_url":"https:\/\/www.etto.cz\/sk\/produkty\/vyhrievacie-telesa-rurkova-plocha\/","og_site_name":"ETTO","article_modified_time":"2025-04-24T07:26:14+00:00","og_image":[{"width":936,"height":936,"url":"https:\/\/www.etto.cz\/wp-content\/uploads\/2016\/12\/maximka_b2.jpg","type":"image\/jpeg"}],"twitter_card":"summary_large_image","twitter_misc":{"Predpokladan\u00fd \u010das \u010d\u00edtania":"1 min\u00fata"},"schema":{"@context":"https:\/\/schema.org","@graph":[{"@type":"WebPage","@id":"https:\/\/www.etto.cz\/elektricka-topna-telesa\/topna-telesa-trubkova-plocha\/","url":"https:\/\/www.etto.cz\/elektricka-topna-telesa\/topna-telesa-trubkova-plocha\/","name":"Trubkov\u00e9 ploch\u00e9 vyhrievacie teles\u00e1 | ELEKTRON-ETTO","isPartOf":{"@id":"https:\/\/www.etto.cz\/#website"},"primaryImageOfPage":{"@id":"https:\/\/www.etto.cz\/elektricka-topna-telesa\/topna-telesa-trubkova-plocha\/#primaryimage"},"image":{"@id":"https:\/\/www.etto.cz\/elektricka-topna-telesa\/topna-telesa-trubkova-plocha\/#primaryimage"},"thumbnailUrl":"https:\/\/www.etto.cz\/wp-content\/uploads\/2016\/12\/maximka_b2.jpg","datePublished":"2018-08-24T12:43:30+00:00","dateModified":"2025-04-24T07:26:14+00:00","description":"Ploch\u00e9 trubkov\u00e9 vyhrievacie teles\u00e1 pre kontaktn\u00fd ohrev. Efekt\u00edvny prenos tepla na rovn\u00e9 plochy. ELEKTRON-ETTO.","breadcrumb":{"@id":"https:\/\/www.etto.cz\/elektricka-topna-telesa\/topna-telesa-trubkova-plocha\/#breadcrumb"},"inLanguage":"sk-SK","potentialAction":[{"@type":"ReadAction","target":["https:\/\/www.etto.cz\/elektricka-topna-telesa\/topna-telesa-trubkova-plocha\/"]}]},{"@type":"ImageObject","inLanguage":"sk-SK","@id":"https:\/\/www.etto.cz\/elektricka-topna-telesa\/topna-telesa-trubkova-plocha\/#primaryimage","url":"https:\/\/www.etto.cz\/wp-content\/uploads\/2016\/12\/maximka_b2.jpg","contentUrl":"https:\/\/www.etto.cz\/wp-content\/uploads\/2016\/12\/maximka_b2.jpg","width":936,"height":936},{"@type":"BreadcrumbList","@id":"https:\/\/www.etto.cz\/elektricka-topna-telesa\/topna-telesa-trubkova-plocha\/#breadcrumb","itemListElement":[{"@type":"ListItem","position":1,"name":"Dom\u016f","item":"https:\/\/www.etto.cz\/"},{"@type":"ListItem","position":2,"name":"V\u00fdroba elektrick\u00fdch vyhrievac\u00edch telies &#8211; produkty","item":"https:\/\/www.etto.cz\/elektricka-topna-telesa\/"},{"@type":"ListItem","position":3,"name":"Vyhrievacie teles\u00e1 r\u00farkov\u00e1 ploch\u00e1"}]},{"@type":"WebSite","@id":"https:\/\/www.etto.cz\/#website","url":"https:\/\/www.etto.cz\/","name":"ETTO","description":"V\u00fdroba elektrick\u00fdch topn\u00fdch t\u011bles","potentialAction":[{"@type":"SearchAction","target":{"@type":"EntryPoint","urlTemplate":"https:\/\/www.etto.cz\/?s={search_term_string}"},"query-input":{"@type":"PropertyValueSpecification","valueRequired":true,"valueName":"search_term_string"}}],"inLanguage":"sk-SK"}]}},"_links":{"self":[{"href":"https:\/\/www.etto.cz\/sk\/wp-json\/wp\/v2\/pages\/3861","targetHints":{"allow":["GET"]}}],"collection":[{"href":"https:\/\/www.etto.cz\/sk\/wp-json\/wp\/v2\/pages"}],"about":[{"href":"https:\/\/www.etto.cz\/sk\/wp-json\/wp\/v2\/types\/page"}],"author":[{"embeddable":true,"href":"https:\/\/www.etto.cz\/sk\/wp-json\/wp\/v2\/users\/1"}],"replies":[{"embeddable":true,"href":"https:\/\/www.etto.cz\/sk\/wp-json\/wp\/v2\/comments?post=3861"}],"version-history":[{"count":14,"href":"https:\/\/www.etto.cz\/sk\/wp-json\/wp\/v2\/pages\/3861\/revisions"}],"predecessor-version":[{"id":5600,"href":"https:\/\/www.etto.cz\/sk\/wp-json\/wp\/v2\/pages\/3861\/revisions\/5600"}],"up":[{"embeddable":true,"href":"https:\/\/www.etto.cz\/sk\/wp-json\/wp\/v2\/pages\/3825"}],"wp:featuredmedia":[{"embeddable":true,"href":"https:\/\/www.etto.cz\/sk\/wp-json\/wp\/v2\/media\/2654"}],"wp:attachment":[{"href":"https:\/\/www.etto.cz\/sk\/wp-json\/wp\/v2\/media?parent=3861"}],"curies":[{"name":"wp","href":"https:\/\/api.w.org\/{rel}","templated":true}]}}