{"id":3863,"date":"2018-08-24T13:44:53","date_gmt":"2018-08-24T12:44:53","guid":{"rendered":"http:\/\/www.etto.cz\/topna-telesa\/topne-pasy-objimky\/topne-pasy-se-slidovou-izolaci\/"},"modified":"2024-11-25T10:07:31","modified_gmt":"2024-11-25T09:07:31","slug":"vyhrievacie-pasy-sa-sludove-izolaciou","status":"publish","type":"page","link":"https:\/\/www.etto.cz\/sk\/produkty\/vyhrievacie-pasy-objimky\/vyhrievacie-pasy-sa-sludove-izolaciou\/","title":{"rendered":"Vyhrievacie p\u00e1sy sa s\u013eudov\u00e9 izol\u00e1ciou"},"content":{"rendered":"<p style=\"text-align: justify;\">Vyr\u00e1bame vyhrievacie s\u013eudov\u00e9 p\u00e1sy na ohrev valcov\u00fdch pl\u00f4ch, alebo&nbsp; pl\u00f4ch in\u00fdch ako kruhov\u00fdch profilov, pod\u013ea po\u017eiadaviek z\u00e1kazn\u00edka.&nbsp; vhodn\u00e9 pro&nbsp; ohrev&nbsp; ploch&nbsp; men\u0161\u00edch rozmerov, a alebo naopak ve\u013ek\u00fdch rozmerov v&nbsp;pr\u00edpadoch kombin\u00e1cie parametrov pr\u00edkon vs. nap\u00e4tia, kedy keramick\u00e9 v\u00fdhrevn\u00e9 p\u00e1sy nie s\u00fa z &amp; nbsp; technologick\u00fdch d\u00f4vodov&nbsp; vhodn\u00e9. Pod\u013ea ve\u013ekosti ohrievan\u00e9 plochy m\u00f4\u017eu by\u0165 jednodielne alebo dvojdielne. Vyhrievacie p\u00e1sy sa vyr\u00e1ba pod\u013ea povahy aplik\u00e1cie s vn\u00fatornou vyhrievacou plochou (s\u0165ahovacie), alebo s vonkaj\u0161ou vyhrievacou plochou (roz\u0165ahovacia).<\/p>\n","protected":false},"excerpt":{"rendered":"<p>Vyr\u00e1bame vyhrievacie s\u013eudov\u00e9 p\u00e1sy na ohrev valcov\u00fdch pl\u00f4ch, alebo&nbsp; pl\u00f4ch in\u00fdch ako kruhov\u00fdch profilov, pod\u013ea po\u017eiadaviek z\u00e1kazn\u00edka.&nbsp; vhodn\u00e9 pro&nbsp; ohrev&nbsp; ploch&nbsp; men\u0161\u00edch rozmerov, a alebo &#8230;<\/p>\n","protected":false},"author":1,"featured_media":2606,"parent":3862,"menu_order":0,"comment_status":"open","ping_status":"open","template":"_page-menu.php","meta":{"_acf_changed":false,"ngg_post_thumbnail":0,"footnotes":"","_links_to":"","_links_to_target":""},"class_list":["post-3863","page","type-page","status-publish","has-post-thumbnail","hentry"],"acf":[],"yoast_head":"<!-- This site is optimized with the Yoast SEO plugin v27.3 - https:\/\/yoast.com\/product\/yoast-seo-wordpress\/ -->\n<title>Vyhrievacie p\u00e1sy so s\u013eudovou izol\u00e1ciou | ELEKTRON-ETTO<\/title>\n<meta name=\"description\" content=\"S\u013eudov\u00e9 vyhrievacie p\u00e1sy pre ohrev valcov\u00fdch telies. Spo\u013eahliv\u00e9 a efekt\u00edvne rie\u0161enie od ELEKTRON-ETTO.\" \/>\n<meta name=\"robots\" content=\"index, follow, max-snippet:-1, max-image-preview:large, max-video-preview:-1\" \/>\n<link rel=\"canonical\" href=\"https:\/\/www.etto.cz\/sk\/produkty\/vyhrievacie-pasy-objimky\/vyhrievacie-pasy-sa-sludove-izolaciou\/\" \/>\n<meta property=\"og:locale\" content=\"sk_SK\" \/>\n<meta property=\"og:type\" content=\"article\" \/>\n<meta property=\"og:title\" content=\"Vyhrievacie p\u00e1sy so s\u013eudovou izol\u00e1ciou | ELEKTRON-ETTO\" \/>\n<meta property=\"og:description\" content=\"S\u013eudov\u00e9 vyhrievacie p\u00e1sy pre ohrev valcov\u00fdch telies. Spo\u013eahliv\u00e9 a efekt\u00edvne rie\u0161enie od ELEKTRON-ETTO.\" \/>\n<meta property=\"og:url\" content=\"https:\/\/www.etto.cz\/sk\/produkty\/vyhrievacie-pasy-objimky\/vyhrievacie-pasy-sa-sludove-izolaciou\/\" \/>\n<meta property=\"og:site_name\" content=\"ETTO\" \/>\n<meta property=\"article:modified_time\" content=\"2024-11-25T09:07:31+00:00\" \/>\n<meta property=\"og:image\" content=\"https:\/\/www.etto.cz\/wp-content\/uploads\/2016\/12\/topny_pas_2.jpg\" \/>\n\t<meta property=\"og:image:width\" content=\"806\" \/>\n\t<meta property=\"og:image:height\" content=\"806\" \/>\n\t<meta property=\"og:image:type\" content=\"image\/jpeg\" \/>\n<meta name=\"twitter:card\" content=\"summary_large_image\" \/>\n<meta name=\"twitter:label1\" content=\"Predpokladan\u00fd \u010das \u010d\u00edtania\" \/>\n\t<meta name=\"twitter:data1\" content=\"1 min\u00fata\" \/>\n<script type=\"application\/ld+json\" class=\"yoast-schema-graph\">{\"@context\":\"https:\\\/\\\/schema.org\",\"@graph\":[{\"@type\":\"WebPage\",\"@id\":\"https:\\\/\\\/www.etto.cz\\\/elektricka-topna-telesa\\\/topne-pasy\\\/topne-pasy-se-slidovou-izolaci\\\/\",\"url\":\"https:\\\/\\\/www.etto.cz\\\/elektricka-topna-telesa\\\/topne-pasy\\\/topne-pasy-se-slidovou-izolaci\\\/\",\"name\":\"Vyhrievacie p\u00e1sy so s\u013eudovou izol\u00e1ciou | ELEKTRON-ETTO\",\"isPartOf\":{\"@id\":\"https:\\\/\\\/www.etto.cz\\\/#website\"},\"primaryImageOfPage\":{\"@id\":\"https:\\\/\\\/www.etto.cz\\\/elektricka-topna-telesa\\\/topne-pasy\\\/topne-pasy-se-slidovou-izolaci\\\/#primaryimage\"},\"image\":{\"@id\":\"https:\\\/\\\/www.etto.cz\\\/elektricka-topna-telesa\\\/topne-pasy\\\/topne-pasy-se-slidovou-izolaci\\\/#primaryimage\"},\"thumbnailUrl\":\"https:\\\/\\\/www.etto.cz\\\/wp-content\\\/uploads\\\/2016\\\/12\\\/topny_pas_2.jpg\",\"datePublished\":\"2018-08-24T12:44:53+00:00\",\"dateModified\":\"2024-11-25T09:07:31+00:00\",\"description\":\"S\u013eudov\u00e9 vyhrievacie p\u00e1sy pre ohrev valcov\u00fdch telies. Spo\u013eahliv\u00e9 a efekt\u00edvne rie\u0161enie od ELEKTRON-ETTO.\",\"breadcrumb\":{\"@id\":\"https:\\\/\\\/www.etto.cz\\\/elektricka-topna-telesa\\\/topne-pasy\\\/topne-pasy-se-slidovou-izolaci\\\/#breadcrumb\"},\"inLanguage\":\"sk-SK\",\"potentialAction\":[{\"@type\":\"ReadAction\",\"target\":[\"https:\\\/\\\/www.etto.cz\\\/elektricka-topna-telesa\\\/topne-pasy\\\/topne-pasy-se-slidovou-izolaci\\\/\"]}]},{\"@type\":\"ImageObject\",\"inLanguage\":\"sk-SK\",\"@id\":\"https:\\\/\\\/www.etto.cz\\\/elektricka-topna-telesa\\\/topne-pasy\\\/topne-pasy-se-slidovou-izolaci\\\/#primaryimage\",\"url\":\"https:\\\/\\\/www.etto.cz\\\/wp-content\\\/uploads\\\/2016\\\/12\\\/topny_pas_2.jpg\",\"contentUrl\":\"https:\\\/\\\/www.etto.cz\\\/wp-content\\\/uploads\\\/2016\\\/12\\\/topny_pas_2.jpg\",\"width\":806,\"height\":806},{\"@type\":\"BreadcrumbList\",\"@id\":\"https:\\\/\\\/www.etto.cz\\\/elektricka-topna-telesa\\\/topne-pasy\\\/topne-pasy-se-slidovou-izolaci\\\/#breadcrumb\",\"itemListElement\":[{\"@type\":\"ListItem\",\"position\":1,\"name\":\"Dom\u016f\",\"item\":\"https:\\\/\\\/www.etto.cz\\\/\"},{\"@type\":\"ListItem\",\"position\":2,\"name\":\"V\u00fdroba elektrick\u00fdch vyhrievac\u00edch telies &#8211; produkty\",\"item\":\"https:\\\/\\\/www.etto.cz\\\/elektricka-topna-telesa\\\/\"},{\"@type\":\"ListItem\",\"position\":3,\"name\":\"Vyhrievacie p\u00e1sy (obj\u00edmky)\",\"item\":\"https:\\\/\\\/www.etto.cz\\\/elektricka-topna-telesa\\\/topne-pasy\\\/\"},{\"@type\":\"ListItem\",\"position\":4,\"name\":\"Vyhrievacie p\u00e1sy sa s\u013eudov\u00e9 izol\u00e1ciou\"}]},{\"@type\":\"WebSite\",\"@id\":\"https:\\\/\\\/www.etto.cz\\\/#website\",\"url\":\"https:\\\/\\\/www.etto.cz\\\/\",\"name\":\"ETTO\",\"description\":\"V\u00fdroba elektrick\u00fdch topn\u00fdch t\u011bles\",\"potentialAction\":[{\"@type\":\"SearchAction\",\"target\":{\"@type\":\"EntryPoint\",\"urlTemplate\":\"https:\\\/\\\/www.etto.cz\\\/?s={search_term_string}\"},\"query-input\":{\"@type\":\"PropertyValueSpecification\",\"valueRequired\":true,\"valueName\":\"search_term_string\"}}],\"inLanguage\":\"sk-SK\"}]}<\/script>\n<!-- \/ Yoast SEO plugin. -->","yoast_head_json":{"title":"Vyhrievacie p\u00e1sy so s\u013eudovou izol\u00e1ciou | ELEKTRON-ETTO","description":"S\u013eudov\u00e9 vyhrievacie p\u00e1sy pre ohrev valcov\u00fdch telies. Spo\u013eahliv\u00e9 a efekt\u00edvne rie\u0161enie od ELEKTRON-ETTO.","robots":{"index":"index","follow":"follow","max-snippet":"max-snippet:-1","max-image-preview":"max-image-preview:large","max-video-preview":"max-video-preview:-1"},"canonical":"https:\/\/www.etto.cz\/sk\/produkty\/vyhrievacie-pasy-objimky\/vyhrievacie-pasy-sa-sludove-izolaciou\/","og_locale":"sk_SK","og_type":"article","og_title":"Vyhrievacie p\u00e1sy so s\u013eudovou izol\u00e1ciou | ELEKTRON-ETTO","og_description":"S\u013eudov\u00e9 vyhrievacie p\u00e1sy pre ohrev valcov\u00fdch telies. Spo\u013eahliv\u00e9 a efekt\u00edvne rie\u0161enie od ELEKTRON-ETTO.","og_url":"https:\/\/www.etto.cz\/sk\/produkty\/vyhrievacie-pasy-objimky\/vyhrievacie-pasy-sa-sludove-izolaciou\/","og_site_name":"ETTO","article_modified_time":"2024-11-25T09:07:31+00:00","og_image":[{"width":806,"height":806,"url":"https:\/\/www.etto.cz\/wp-content\/uploads\/2016\/12\/topny_pas_2.jpg","type":"image\/jpeg"}],"twitter_card":"summary_large_image","twitter_misc":{"Predpokladan\u00fd \u010das \u010d\u00edtania":"1 min\u00fata"},"schema":{"@context":"https:\/\/schema.org","@graph":[{"@type":"WebPage","@id":"https:\/\/www.etto.cz\/elektricka-topna-telesa\/topne-pasy\/topne-pasy-se-slidovou-izolaci\/","url":"https:\/\/www.etto.cz\/elektricka-topna-telesa\/topne-pasy\/topne-pasy-se-slidovou-izolaci\/","name":"Vyhrievacie p\u00e1sy so s\u013eudovou izol\u00e1ciou | ELEKTRON-ETTO","isPartOf":{"@id":"https:\/\/www.etto.cz\/#website"},"primaryImageOfPage":{"@id":"https:\/\/www.etto.cz\/elektricka-topna-telesa\/topne-pasy\/topne-pasy-se-slidovou-izolaci\/#primaryimage"},"image":{"@id":"https:\/\/www.etto.cz\/elektricka-topna-telesa\/topne-pasy\/topne-pasy-se-slidovou-izolaci\/#primaryimage"},"thumbnailUrl":"https:\/\/www.etto.cz\/wp-content\/uploads\/2016\/12\/topny_pas_2.jpg","datePublished":"2018-08-24T12:44:53+00:00","dateModified":"2024-11-25T09:07:31+00:00","description":"S\u013eudov\u00e9 vyhrievacie p\u00e1sy pre ohrev valcov\u00fdch telies. Spo\u013eahliv\u00e9 a efekt\u00edvne rie\u0161enie od ELEKTRON-ETTO.","breadcrumb":{"@id":"https:\/\/www.etto.cz\/elektricka-topna-telesa\/topne-pasy\/topne-pasy-se-slidovou-izolaci\/#breadcrumb"},"inLanguage":"sk-SK","potentialAction":[{"@type":"ReadAction","target":["https:\/\/www.etto.cz\/elektricka-topna-telesa\/topne-pasy\/topne-pasy-se-slidovou-izolaci\/"]}]},{"@type":"ImageObject","inLanguage":"sk-SK","@id":"https:\/\/www.etto.cz\/elektricka-topna-telesa\/topne-pasy\/topne-pasy-se-slidovou-izolaci\/#primaryimage","url":"https:\/\/www.etto.cz\/wp-content\/uploads\/2016\/12\/topny_pas_2.jpg","contentUrl":"https:\/\/www.etto.cz\/wp-content\/uploads\/2016\/12\/topny_pas_2.jpg","width":806,"height":806},{"@type":"BreadcrumbList","@id":"https:\/\/www.etto.cz\/elektricka-topna-telesa\/topne-pasy\/topne-pasy-se-slidovou-izolaci\/#breadcrumb","itemListElement":[{"@type":"ListItem","position":1,"name":"Dom\u016f","item":"https:\/\/www.etto.cz\/"},{"@type":"ListItem","position":2,"name":"V\u00fdroba elektrick\u00fdch vyhrievac\u00edch telies &#8211; produkty","item":"https:\/\/www.etto.cz\/elektricka-topna-telesa\/"},{"@type":"ListItem","position":3,"name":"Vyhrievacie p\u00e1sy (obj\u00edmky)","item":"https:\/\/www.etto.cz\/elektricka-topna-telesa\/topne-pasy\/"},{"@type":"ListItem","position":4,"name":"Vyhrievacie p\u00e1sy sa s\u013eudov\u00e9 izol\u00e1ciou"}]},{"@type":"WebSite","@id":"https:\/\/www.etto.cz\/#website","url":"https:\/\/www.etto.cz\/","name":"ETTO","description":"V\u00fdroba elektrick\u00fdch topn\u00fdch t\u011bles","potentialAction":[{"@type":"SearchAction","target":{"@type":"EntryPoint","urlTemplate":"https:\/\/www.etto.cz\/?s={search_term_string}"},"query-input":{"@type":"PropertyValueSpecification","valueRequired":true,"valueName":"search_term_string"}}],"inLanguage":"sk-SK"}]}},"_links":{"self":[{"href":"https:\/\/www.etto.cz\/sk\/wp-json\/wp\/v2\/pages\/3863","targetHints":{"allow":["GET"]}}],"collection":[{"href":"https:\/\/www.etto.cz\/sk\/wp-json\/wp\/v2\/pages"}],"about":[{"href":"https:\/\/www.etto.cz\/sk\/wp-json\/wp\/v2\/types\/page"}],"author":[{"embeddable":true,"href":"https:\/\/www.etto.cz\/sk\/wp-json\/wp\/v2\/users\/1"}],"replies":[{"embeddable":true,"href":"https:\/\/www.etto.cz\/sk\/wp-json\/wp\/v2\/comments?post=3863"}],"version-history":[{"count":5,"href":"https:\/\/www.etto.cz\/sk\/wp-json\/wp\/v2\/pages\/3863\/revisions"}],"predecessor-version":[{"id":5322,"href":"https:\/\/www.etto.cz\/sk\/wp-json\/wp\/v2\/pages\/3863\/revisions\/5322"}],"up":[{"embeddable":true,"href":"https:\/\/www.etto.cz\/sk\/wp-json\/wp\/v2\/pages\/3862"}],"wp:featuredmedia":[{"embeddable":true,"href":"https:\/\/www.etto.cz\/sk\/wp-json\/wp\/v2\/media\/2606"}],"wp:attachment":[{"href":"https:\/\/www.etto.cz\/sk\/wp-json\/wp\/v2\/media?parent=3863"}],"curies":[{"name":"wp","href":"https:\/\/api.w.org\/{rel}","templated":true}]}}