{"id":6184,"date":"2026-04-21T09:02:52","date_gmt":"2026-04-21T08:02:52","guid":{"rendered":"https:\/\/www.etto.cz\/casto-kladene-otazky\/"},"modified":"2026-04-21T09:02:52","modified_gmt":"2026-04-21T08:02:52","slug":"casto-kladene-otazky","status":"publish","type":"page","link":"https:\/\/www.etto.cz\/sk\/casto-kladene-otazky\/","title":{"rendered":"\u010casto kladen\u00e9 ot\u00e1zky"},"content":{"rendered":"<p class=\"faq-intro\">Pripravili sme pre v\u00e1s odpovede na naj\u010dastej\u0161ie ot\u00e1zky t\u00fdkaj\u00face sa na\u0161ich produktov, v\u00fdroby a slu\u017eieb. Ak tu nen\u00e1jdete odpove\u010f na svoju ot\u00e1zku, nev\u00e1hajte n\u00e1s <a href=\"https:\/\/www.etto.cz\/sk\/kontakt\/\">kontaktova\u0165<\/a>.<\/p>\n<div class=\"faq-section\">\n<h2>V\u00fdroba a z\u00e1kazky<\/h2>\n<details class=\"faq-item\">\n<summary>Vyr\u00e1bate aj jeden kus?<\/summary>\n<div class=\"faq-answer\">\n<strong>\u00c1no, vyr\u00e1bame od jedn\u00e9ho kusu.<\/strong> ELEKTRON-ETTO sa \u0161pecializuje na z\u00e1kazkov\u00fa v\u00fdrobu, a preto dok\u00e1\u017eeme vyrobi\u0165 aj jednotliv\u00e9 kusy vykurovac\u00edch telies presne pod\u013ea va\u0161ich po\u017eiadaviek.\n<\/div>\n<\/details>\n<details class=\"faq-item\">\n<summary>Je dan\u00fd v\u00fdkon na meter vykurovacej ty\u010de?<\/summary>\n<div class=\"faq-answer\">\n<strong>Nie, v\u00fdkon nie je dan\u00fd pevne.<\/strong> V\u00fdkon vykurovacej ty\u010de sa stanovuje individu\u00e1lne pod\u013ea podmienok pou\u017eitia \u2014 z\u00e1vis\u00ed od ohrievanej l\u00e1tky, prostredia, rozmerov a po\u017eadovanej teploty. Vykurovacie teles\u00e1 sa vyr\u00e1baj\u00fa na z\u00e1kazku a v\u00fdkon si bu\u010f zvol\u00edte vy, alebo ho pre v\u00e1s navrhneme. <a href=\"https:\/\/www.etto.cz\/sk\/kontakt\/\">Kontaktujte n\u00e1s<\/a> s popisom va\u0161ej aplik\u00e1cie.\n<\/div>\n<\/details>\n<details class=\"faq-item\">\n<summary>Ako dlho trv\u00e1 v\u00fdroba vykurovac\u00edch telies na z\u00e1kazku?<\/summary>\n<div class=\"faq-answer\">\n\u0160tandardn\u00e1 dodacia lehota je <strong>4\u20135 t\u00fd\u017ed\u0148ov<\/strong>. Presn\u00fd term\u00edn z\u00e1vis\u00ed od zlo\u017eitosti z\u00e1kazky, po\u017eadovan\u00e9ho mno\u017estva a aktu\u00e1lnej kapacity v\u00fdroby. Pre upresnenie n\u00e1s <a href=\"https:\/\/www.etto.cz\/sk\/kontakt\/\">kontaktujte<\/a>.\n<\/div>\n<\/details>\n<details class=\"faq-item\">\n<summary>Vyr\u00e1bate vykurovacie teles\u00e1 aj pre v\u00fdbu\u0161n\u00e9 prostredie?<\/summary>\n<div class=\"faq-answer\">\nPriamo vykurovacie teles\u00e1 do v\u00fdbu\u0161n\u00e9ho prostredia nevyr\u00e1bame, ale <strong>spolupracujeme s partnermi<\/strong>, ktor\u00ed sa na t\u00fato oblas\u0165 \u0161pecializuj\u00fa. <a href=\"https:\/\/www.etto.cz\/sk\/kontakt\/\">Kontaktujte n\u00e1s<\/a> s popisom va\u0161ej aplik\u00e1cie.\n<\/div>\n<\/details>\n<\/div>\n<div class=\"faq-section\">\n<h2>Produkty a technick\u00e9 ot\u00e1zky<\/h2>\n<details class=\"faq-item\">\n<summary>Ak\u00e9 typy vykurovac\u00edch telies vyr\u00e1bate?<\/summary>\n<div class=\"faq-answer\">\nELEKTRON-ETTO vyr\u00e1ba tieto hlavn\u00e9 typy vykurovac\u00edch telies:<\/p>\n<ul>\n<li><strong>Vykurovacie patr\u00f3ny<\/strong> \u2014 valcov\u00e9 teles\u00e1 pre kontaktn\u00fd ohrev<\/li>\n<li><strong>Tr\u00fabkov\u00e9 vykurovacie teles\u00e1<\/strong> \u2014 naj\u010dastej\u0161ie pou\u017e\u00edvan\u00fd typ, tvarovate\u013en\u00e9<\/li>\n<li><strong>Vykurovacie p\u00e1sy a obj\u00edmky<\/strong> \u2014 pre ohrev valcov\u00fdch povrchov<\/li>\n<li><strong>Vykurovacie teles\u00e1 s otvoren\u00fdm dr\u00f4tom<\/strong> \u2014 keramick\u00e9 a s\u013eudov\u00e9<\/li>\n<li><strong>Infrapanely<\/strong> \u2014 priemyseln\u00e9 infra\u010derven\u00e9 panely<\/li>\n<\/ul>\n<\/div>\n<\/details>\n<details class=\"faq-item\">\n<summary>Ak\u00e9 priemery tr\u00fabkov\u00fdch vykurovac\u00edch telies pon\u00fakate?<\/summary>\n<div class=\"faq-answer\">\nNaj\u010dastej\u0161ie pou\u017e\u00edvan\u00e9 priemery s\u00fa <strong>6,5 mm a 8,5 mm<\/strong>. \u010ealej pon\u00fakame priemery 5,2 mm, <strong>8 mm<\/strong>, 10 mm, 12 mm a 16 mm.\n<\/div>\n<\/details>\n<\/div>\n<div class=\"faq-section\">\n<h2>O spolo\u010dnosti<\/h2>\n<details class=\"faq-item\">\n<summary>Ako dlho firma ELEKTRON-ETTO existuje?<\/summary>\n<div class=\"faq-answer\">\nFirma bola zalo\u017een\u00e1 v roku <strong>1992<\/strong>. Od svojho vzniku sa \u0161pecializuje na v\u00fdrobu elektrick\u00fdch odporov\u00fdch vykurovac\u00edch telies.\n<\/div>\n<\/details>\n<details class=\"faq-item\">\n<summary>Do ktor\u00fdch kraj\u00edn dod\u00e1vate?<\/summary>\n<div class=\"faq-answer\">\nDod\u00e1vame do celej Eur\u00f3py. Na\u0161i k\u013e\u00fa\u010dov\u00ed z\u00e1kazn\u00edci s\u00fa v <strong>\u010ceskej republike, Slovensku, Nemecku, Rak\u00fasku, Ma\u010farsku a Holandsku<\/strong>.\n<\/div>\n<\/details>\n<details class=\"faq-item\">\n<summary>Kde sa nach\u00e1dza v\u00fdroba?<\/summary>\n<div class=\"faq-answer\">\nV\u00fdroba aj s\u00eddlo firmy sa nach\u00e1dza v <strong>Hustope\u010diach nad Be\u010dvou<\/strong> (okres P\u0159erov), \u010cesk\u00e1 republika.\n<\/div>\n<\/details>\n<\/div>\n","protected":false},"excerpt":{"rendered":"<p>Pripravili sme pre v\u00e1s odpovede na naj\u010dastej\u0161ie ot\u00e1zky t\u00fdkaj\u00face sa na\u0161ich produktov, v\u00fdroby a slu\u017eieb. Ak tu nen\u00e1jdete odpove\u010f na svoju ot\u00e1zku, nev\u00e1hajte n\u00e1s kontaktova\u0165. &#8230;<\/p>\n","protected":false},"author":0,"featured_media":0,"parent":0,"menu_order":0,"comment_status":"closed","ping_status":"closed","template":"","meta":{"_acf_changed":false,"ngg_post_thumbnail":0,"footnotes":"","_links_to":"","_links_to_target":""},"class_list":["post-6184","page","type-page","status-publish","hentry"],"acf":[],"yoast_head":"<!-- This site is optimized with the Yoast SEO plugin v27.4 - https:\/\/yoast.com\/product\/yoast-seo-wordpress\/ -->\n<title>\u010casto kladen\u00e9 ot\u00e1zky - ETTO<\/title>\n<meta name=\"description\" content=\"Odpovede na naj\u010dastej\u0161ie ot\u00e1zky o v\u00fdrobe vykurovac\u00edch telies na z\u00e1kazku, typoch produktov a dodac\u00edch lehot\u00e1ch. ELEKTRON-ETTO \u2014 od roku 1992.\" \/>\n<meta name=\"robots\" content=\"index, follow, max-snippet:-1, max-image-preview:large, max-video-preview:-1\" \/>\n<link rel=\"canonical\" href=\"https:\/\/www.etto.cz\/sk\/casto-kladene-otazky\/\" \/>\n<meta property=\"og:locale\" content=\"sk_SK\" \/>\n<meta property=\"og:type\" content=\"article\" \/>\n<meta property=\"og:title\" content=\"\u010casto kladen\u00e9 ot\u00e1zky - ETTO\" \/>\n<meta property=\"og:description\" content=\"Odpovede na naj\u010dastej\u0161ie ot\u00e1zky o v\u00fdrobe vykurovac\u00edch telies na z\u00e1kazku, typoch produktov a dodac\u00edch lehot\u00e1ch. ELEKTRON-ETTO \u2014 od roku 1992.\" \/>\n<meta property=\"og:url\" content=\"https:\/\/www.etto.cz\/sk\/casto-kladene-otazky\/\" \/>\n<meta property=\"og:site_name\" content=\"ETTO\" \/>\n<meta property=\"og:image\" content=\"https:\/\/www.etto.cz\/sk\/wp-content\/gallery\/prumyslova-telesa\/teleso-kotel.jpg\" \/>\n<meta name=\"twitter:card\" content=\"summary_large_image\" \/>\n<meta name=\"twitter:label1\" content=\"Predpokladan\u00fd \u010das \u010d\u00edtania\" \/>\n\t<meta name=\"twitter:data1\" content=\"2 min\u00faty\" \/>\n<script type=\"application\/ld+json\" class=\"yoast-schema-graph\">{\"@context\":\"https:\\\/\\\/schema.org\",\"@graph\":[{\"@type\":\"WebPage\",\"@id\":\"https:\\\/\\\/www.etto.cz\\\/caste-dotazy\\\/\",\"url\":\"https:\\\/\\\/www.etto.cz\\\/caste-dotazy\\\/\",\"name\":\"\u010casto kladen\u00e9 ot\u00e1zky - ETTO\",\"isPartOf\":{\"@id\":\"https:\\\/\\\/www.etto.cz\\\/#website\"},\"datePublished\":\"2026-04-21T08:02:52+00:00\",\"description\":\"Odpovede na naj\u010dastej\u0161ie ot\u00e1zky o v\u00fdrobe vykurovac\u00edch telies na z\u00e1kazku, typoch produktov a dodac\u00edch lehot\u00e1ch. ELEKTRON-ETTO \u2014 od roku 1992.\",\"breadcrumb\":{\"@id\":\"https:\\\/\\\/www.etto.cz\\\/caste-dotazy\\\/#breadcrumb\"},\"inLanguage\":\"sk-SK\",\"potentialAction\":[{\"@type\":\"ReadAction\",\"target\":[\"https:\\\/\\\/www.etto.cz\\\/caste-dotazy\\\/\"]}]},{\"@type\":\"BreadcrumbList\",\"@id\":\"https:\\\/\\\/www.etto.cz\\\/caste-dotazy\\\/#breadcrumb\",\"itemListElement\":[{\"@type\":\"ListItem\",\"position\":1,\"name\":\"Dom\u016f\",\"item\":\"https:\\\/\\\/www.etto.cz\\\/\"},{\"@type\":\"ListItem\",\"position\":2,\"name\":\"\u010casto kladen\u00e9 ot\u00e1zky\"}]},{\"@type\":\"WebSite\",\"@id\":\"https:\\\/\\\/www.etto.cz\\\/#website\",\"url\":\"https:\\\/\\\/www.etto.cz\\\/\",\"name\":\"ETTO\",\"description\":\"V\u00fdroba elektrick\u00fdch topn\u00fdch t\u011bles\",\"potentialAction\":[{\"@type\":\"SearchAction\",\"target\":{\"@type\":\"EntryPoint\",\"urlTemplate\":\"https:\\\/\\\/www.etto.cz\\\/?s={search_term_string}\"},\"query-input\":{\"@type\":\"PropertyValueSpecification\",\"valueRequired\":true,\"valueName\":\"search_term_string\"}}],\"inLanguage\":\"sk-SK\"}]}<\/script>\n<!-- \/ Yoast SEO plugin. -->","yoast_head_json":{"title":"\u010casto kladen\u00e9 ot\u00e1zky - ETTO","description":"Odpovede na naj\u010dastej\u0161ie ot\u00e1zky o v\u00fdrobe vykurovac\u00edch telies na z\u00e1kazku, typoch produktov a dodac\u00edch lehot\u00e1ch. ELEKTRON-ETTO \u2014 od roku 1992.","robots":{"index":"index","follow":"follow","max-snippet":"max-snippet:-1","max-image-preview":"max-image-preview:large","max-video-preview":"max-video-preview:-1"},"canonical":"https:\/\/www.etto.cz\/sk\/casto-kladene-otazky\/","og_locale":"sk_SK","og_type":"article","og_title":"\u010casto kladen\u00e9 ot\u00e1zky - ETTO","og_description":"Odpovede na naj\u010dastej\u0161ie ot\u00e1zky o v\u00fdrobe vykurovac\u00edch telies na z\u00e1kazku, typoch produktov a dodac\u00edch lehot\u00e1ch. ELEKTRON-ETTO \u2014 od roku 1992.","og_url":"https:\/\/www.etto.cz\/sk\/casto-kladene-otazky\/","og_site_name":"ETTO","og_image":[{"url":"https:\/\/www.etto.cz\/sk\/wp-content\/gallery\/prumyslova-telesa\/teleso-kotel.jpg","type":"","width":"","height":""}],"twitter_card":"summary_large_image","twitter_misc":{"Predpokladan\u00fd \u010das \u010d\u00edtania":"2 min\u00faty"},"schema":{"@context":"https:\/\/schema.org","@graph":[{"@type":"WebPage","@id":"https:\/\/www.etto.cz\/caste-dotazy\/","url":"https:\/\/www.etto.cz\/caste-dotazy\/","name":"\u010casto kladen\u00e9 ot\u00e1zky - ETTO","isPartOf":{"@id":"https:\/\/www.etto.cz\/#website"},"datePublished":"2026-04-21T08:02:52+00:00","description":"Odpovede na naj\u010dastej\u0161ie ot\u00e1zky o v\u00fdrobe vykurovac\u00edch telies na z\u00e1kazku, typoch produktov a dodac\u00edch lehot\u00e1ch. ELEKTRON-ETTO \u2014 od roku 1992.","breadcrumb":{"@id":"https:\/\/www.etto.cz\/caste-dotazy\/#breadcrumb"},"inLanguage":"sk-SK","potentialAction":[{"@type":"ReadAction","target":["https:\/\/www.etto.cz\/caste-dotazy\/"]}]},{"@type":"BreadcrumbList","@id":"https:\/\/www.etto.cz\/caste-dotazy\/#breadcrumb","itemListElement":[{"@type":"ListItem","position":1,"name":"Dom\u016f","item":"https:\/\/www.etto.cz\/"},{"@type":"ListItem","position":2,"name":"\u010casto kladen\u00e9 ot\u00e1zky"}]},{"@type":"WebSite","@id":"https:\/\/www.etto.cz\/#website","url":"https:\/\/www.etto.cz\/","name":"ETTO","description":"V\u00fdroba elektrick\u00fdch topn\u00fdch t\u011bles","potentialAction":[{"@type":"SearchAction","target":{"@type":"EntryPoint","urlTemplate":"https:\/\/www.etto.cz\/?s={search_term_string}"},"query-input":{"@type":"PropertyValueSpecification","valueRequired":true,"valueName":"search_term_string"}}],"inLanguage":"sk-SK"}]}},"_links":{"self":[{"href":"https:\/\/www.etto.cz\/sk\/wp-json\/wp\/v2\/pages\/6184","targetHints":{"allow":["GET"]}}],"collection":[{"href":"https:\/\/www.etto.cz\/sk\/wp-json\/wp\/v2\/pages"}],"about":[{"href":"https:\/\/www.etto.cz\/sk\/wp-json\/wp\/v2\/types\/page"}],"replies":[{"embeddable":true,"href":"https:\/\/www.etto.cz\/sk\/wp-json\/wp\/v2\/comments?post=6184"}],"version-history":[{"count":0,"href":"https:\/\/www.etto.cz\/sk\/wp-json\/wp\/v2\/pages\/6184\/revisions"}],"wp:attachment":[{"href":"https:\/\/www.etto.cz\/sk\/wp-json\/wp\/v2\/media?parent=6184"}],"curies":[{"name":"wp","href":"https:\/\/api.w.org\/{rel}","templated":true}]}}