{"id":6218,"date":"2026-05-05T13:00:34","date_gmt":"2026-05-05T12:00:34","guid":{"rendered":"https:\/\/www.etto.cz\/cookies-2\/"},"modified":"2026-05-05T13:00:34","modified_gmt":"2026-05-05T12:00:34","slug":"cookies","status":"publish","type":"page","link":"https:\/\/www.etto.cz\/sk\/cookies\/","title":{"rendered":"Cookies"},"content":{"rendered":"<h2>Ak\u00e9 cookies pou\u017e\u00edvame<\/h2>\n<h3>Nevyhnutn\u00e9 cookies<\/h3>\n<p>Tieto cookies s\u00fa nutn\u00e9 pre spr\u00e1vne fungovanie webu. Nie je mo\u017en\u00e9 ich vypn\u00fa\u0165.<\/p>\n<table>\n<thead>\n<tr>\n<th>Cookie<\/th>\n<th>\u00da\u010del<\/th>\n<th>Expir\u00e1cia<\/th>\n<\/tr>\n<\/thead>\n<tbody>\n<tr>\n<td><strong>wp-wpml_current_language<\/strong><\/td>\n<td>Uchov\u00e1va zvolen\u00fa jazykov\u00fa verziu webu.<\/td>\n<td>Session<\/td>\n<\/tr>\n<tr>\n<td><strong>etto_consent<\/strong><\/td>\n<td>Zaznamen\u00e1va va\u0161u vo\u013ebu oh\u013eadom cookies.<\/td>\n<td>1 rok<\/td>\n<\/tr>\n<\/tbody>\n<\/table>\n<h3>Analytick\u00e9 cookies<\/h3>\n<p>Tieto cookies n\u00e1m pom\u00e1haj\u00fa porozumie\u0165, ako n\u00e1v\u0161tevn\u00edci web pou\u017e\u00edvaj\u00fa. D\u00e1ta s\u00fa anonymn\u00e9. Nastavuj\u00fa sa <strong>len s va\u0161\u00edm s\u00fahlasom<\/strong>.<\/p>\n<table>\n<thead>\n<tr>\n<th>Cookie<\/th>\n<th>\u00da\u010del<\/th>\n<th>Expir\u00e1cia<\/th>\n<th>Poskytovate\u013e<\/th>\n<\/tr>\n<\/thead>\n<tbody>\n<tr>\n<td><strong>_ga<\/strong><\/td>\n<td>Rozli\u0161uje unik\u00e1tnych n\u00e1v\u0161tevn\u00edkov.<\/td>\n<td>2 roky<\/td>\n<td>Google Analytics<\/td>\n<\/tr>\n<tr>\n<td><strong>_gid<\/strong><\/td>\n<td>Rozli\u0161uje n\u00e1v\u0161tevn\u00edkov v r\u00e1mci jedn\u00e9ho d\u0148a.<\/td>\n<td>24 hod\u00edn<\/td>\n<td>Google Analytics<\/td>\n<\/tr>\n<tr>\n<td><strong>_ga_*<\/strong><\/td>\n<td>Uchov\u00e1va stav session GA4.<\/td>\n<td>2 roky<\/td>\n<td>Google Analytics<\/td>\n<\/tr>\n<\/tbody>\n<\/table>\n<h3>Reklamn\u00e9 cookies<\/h3>\n<p>\u017diadne reklamn\u00e9 cookies nepou\u017e\u00edvame.<\/p>\n<h2>Ako zmeni\u0165 nastavenie<\/h2>\n<p>Svoju vo\u013ebu m\u00f4\u017eete kedyko\u013evek zmeni\u0165 vymazan\u00edm cookies vo svojom prehliada\u010di \u2014 pri \u010fal\u0161ej n\u00e1v\u0161teve sa v\u00e1m banner zobraz\u00ed znova.<\/p>\n<h2>\u010eal\u0161ie inform\u00e1cie<\/h2>\n<p>Podrobnosti o spracovan\u00ed osobn\u00fdch \u00fadajov n\u00e1jdete v dokumente <a href=\"\/wp-content\/uploads\/2026\/05\/GDPR_05.05.2026_SK.pdf\" target=\"_blank\" rel=\"noopener\">Ochrana osobn\u00fdch \u00fadajov (GDPR)<\/a>.<\/p>\n<p>M\u00e1te ot\u00e1zky? Kontaktujte n\u00e1s na <a href=\"mailto:info@etto.cz\">info@etto.cz<\/a>.<\/p>\n","protected":false},"excerpt":{"rendered":"<p>Ak\u00e9 cookies pou\u017e\u00edvame Nevyhnutn\u00e9 cookies Tieto cookies s\u00fa nutn\u00e9 pre spr\u00e1vne fungovanie webu. Nie je mo\u017en\u00e9 ich vypn\u00fa\u0165. Cookie \u00da\u010del Expir\u00e1cia wp-wpml_current_language Uchov\u00e1va zvolen\u00fa jazykov\u00fa &#8230;<\/p>\n","protected":false},"author":1,"featured_media":0,"parent":0,"menu_order":0,"comment_status":"closed","ping_status":"closed","template":"","meta":{"_acf_changed":false,"ngg_post_thumbnail":0,"footnotes":"","_links_to":"","_links_to_target":""},"class_list":["post-6218","page","type-page","status-publish","hentry"],"acf":[],"yoast_head":"<!-- This site is optimized with the Yoast SEO plugin v27.6 - https:\/\/yoast.com\/product\/yoast-seo-wordpress\/ -->\n<title>Cookies - ETTO<\/title>\n<meta name=\"robots\" content=\"index, follow, max-snippet:-1, max-image-preview:large, max-video-preview:-1\" \/>\n<link rel=\"canonical\" href=\"https:\/\/www.etto.cz\/sk\/cookies\/\" \/>\n<meta property=\"og:locale\" content=\"sk_SK\" \/>\n<meta property=\"og:type\" content=\"article\" \/>\n<meta property=\"og:title\" content=\"Cookies - ETTO\" \/>\n<meta property=\"og:description\" content=\"Ak\u00e9 cookies pou\u017e\u00edvame Nevyhnutn\u00e9 cookies Tieto cookies s\u00fa nutn\u00e9 pre spr\u00e1vne fungovanie webu. Nie je mo\u017en\u00e9 ich vypn\u00fa\u0165. Cookie \u00da\u010del Expir\u00e1cia wp-wpml_current_language Uchov\u00e1va zvolen\u00fa jazykov\u00fa ...\" \/>\n<meta property=\"og:url\" content=\"https:\/\/www.etto.cz\/sk\/cookies\/\" \/>\n<meta property=\"og:site_name\" content=\"ETTO\" \/>\n<meta property=\"og:image\" content=\"https:\/\/www.etto.cz\/sk\/wp-content\/gallery\/prumyslova-telesa\/teleso-kotel.jpg\" \/>\n<meta name=\"twitter:card\" content=\"summary_large_image\" \/>\n<meta name=\"twitter:label1\" content=\"Predpokladan\u00fd \u010das \u010d\u00edtania\" \/>\n\t<meta name=\"twitter:data1\" content=\"1 min\u00fata\" \/>\n<script type=\"application\/ld+json\" class=\"yoast-schema-graph\">{\"@context\":\"https:\\\/\\\/schema.org\",\"@graph\":[{\"@type\":\"WebPage\",\"@id\":\"https:\\\/\\\/www.etto.cz\\\/cookies-2\\\/\",\"url\":\"https:\\\/\\\/www.etto.cz\\\/cookies-2\\\/\",\"name\":\"Cookies - ETTO\",\"isPartOf\":{\"@id\":\"https:\\\/\\\/www.etto.cz\\\/#website\"},\"datePublished\":\"2026-05-05T12:00:34+00:00\",\"breadcrumb\":{\"@id\":\"https:\\\/\\\/www.etto.cz\\\/cookies-2\\\/#breadcrumb\"},\"inLanguage\":\"sk-SK\",\"potentialAction\":[{\"@type\":\"ReadAction\",\"target\":[\"https:\\\/\\\/www.etto.cz\\\/cookies-2\\\/\"]}]},{\"@type\":\"BreadcrumbList\",\"@id\":\"https:\\\/\\\/www.etto.cz\\\/cookies-2\\\/#breadcrumb\",\"itemListElement\":[{\"@type\":\"ListItem\",\"position\":1,\"name\":\"Dom\u016f\",\"item\":\"https:\\\/\\\/www.etto.cz\\\/\"},{\"@type\":\"ListItem\",\"position\":2,\"name\":\"Cookies\"}]},{\"@type\":\"WebSite\",\"@id\":\"https:\\\/\\\/www.etto.cz\\\/#website\",\"url\":\"https:\\\/\\\/www.etto.cz\\\/\",\"name\":\"ETTO\",\"description\":\"V\u00fdroba elektrick\u00fdch topn\u00fdch t\u011bles\",\"potentialAction\":[{\"@type\":\"SearchAction\",\"target\":{\"@type\":\"EntryPoint\",\"urlTemplate\":\"https:\\\/\\\/www.etto.cz\\\/?s={search_term_string}\"},\"query-input\":{\"@type\":\"PropertyValueSpecification\",\"valueRequired\":true,\"valueName\":\"search_term_string\"}}],\"inLanguage\":\"sk-SK\"}]}<\/script>\n<!-- \/ Yoast SEO plugin. -->","yoast_head_json":{"title":"Cookies - ETTO","robots":{"index":"index","follow":"follow","max-snippet":"max-snippet:-1","max-image-preview":"max-image-preview:large","max-video-preview":"max-video-preview:-1"},"canonical":"https:\/\/www.etto.cz\/sk\/cookies\/","og_locale":"sk_SK","og_type":"article","og_title":"Cookies - ETTO","og_description":"Ak\u00e9 cookies pou\u017e\u00edvame Nevyhnutn\u00e9 cookies Tieto cookies s\u00fa nutn\u00e9 pre spr\u00e1vne fungovanie webu. Nie je mo\u017en\u00e9 ich vypn\u00fa\u0165. Cookie \u00da\u010del Expir\u00e1cia wp-wpml_current_language Uchov\u00e1va zvolen\u00fa jazykov\u00fa ...","og_url":"https:\/\/www.etto.cz\/sk\/cookies\/","og_site_name":"ETTO","og_image":[{"url":"https:\/\/www.etto.cz\/sk\/wp-content\/gallery\/prumyslova-telesa\/teleso-kotel.jpg","type":"","width":"","height":""}],"twitter_card":"summary_large_image","twitter_misc":{"Predpokladan\u00fd \u010das \u010d\u00edtania":"1 min\u00fata"},"schema":{"@context":"https:\/\/schema.org","@graph":[{"@type":"WebPage","@id":"https:\/\/www.etto.cz\/cookies-2\/","url":"https:\/\/www.etto.cz\/cookies-2\/","name":"Cookies - ETTO","isPartOf":{"@id":"https:\/\/www.etto.cz\/#website"},"datePublished":"2026-05-05T12:00:34+00:00","breadcrumb":{"@id":"https:\/\/www.etto.cz\/cookies-2\/#breadcrumb"},"inLanguage":"sk-SK","potentialAction":[{"@type":"ReadAction","target":["https:\/\/www.etto.cz\/cookies-2\/"]}]},{"@type":"BreadcrumbList","@id":"https:\/\/www.etto.cz\/cookies-2\/#breadcrumb","itemListElement":[{"@type":"ListItem","position":1,"name":"Dom\u016f","item":"https:\/\/www.etto.cz\/"},{"@type":"ListItem","position":2,"name":"Cookies"}]},{"@type":"WebSite","@id":"https:\/\/www.etto.cz\/#website","url":"https:\/\/www.etto.cz\/","name":"ETTO","description":"V\u00fdroba elektrick\u00fdch topn\u00fdch t\u011bles","potentialAction":[{"@type":"SearchAction","target":{"@type":"EntryPoint","urlTemplate":"https:\/\/www.etto.cz\/?s={search_term_string}"},"query-input":{"@type":"PropertyValueSpecification","valueRequired":true,"valueName":"search_term_string"}}],"inLanguage":"sk-SK"}]}},"_links":{"self":[{"href":"https:\/\/www.etto.cz\/sk\/wp-json\/wp\/v2\/pages\/6218","targetHints":{"allow":["GET"]}}],"collection":[{"href":"https:\/\/www.etto.cz\/sk\/wp-json\/wp\/v2\/pages"}],"about":[{"href":"https:\/\/www.etto.cz\/sk\/wp-json\/wp\/v2\/types\/page"}],"author":[{"embeddable":true,"href":"https:\/\/www.etto.cz\/sk\/wp-json\/wp\/v2\/users\/1"}],"replies":[{"embeddable":true,"href":"https:\/\/www.etto.cz\/sk\/wp-json\/wp\/v2\/comments?post=6218"}],"version-history":[{"count":0,"href":"https:\/\/www.etto.cz\/sk\/wp-json\/wp\/v2\/pages\/6218\/revisions"}],"wp:attachment":[{"href":"https:\/\/www.etto.cz\/sk\/wp-json\/wp\/v2\/media?parent=6218"}],"curies":[{"name":"wp","href":"https:\/\/api.w.org\/{rel}","templated":true}]}}